{"id":2143,"date":"2024-05-06T12:04:41","date_gmt":"2024-05-06T10:04:41","guid":{"rendered":"https:\/\/kishamozaik.al\/kisha-mosaik-saver\/kisha-mosaik-saver-diakonische-arbeit\/"},"modified":"2025-03-15T14:59:08","modified_gmt":"2025-03-15T13:59:08","slug":"kisha-mosaik-saver-diakonische-arbeit","status":"publish","type":"page","link":"https:\/\/kishamozaik.al\/de\/kisha-mosaik-saver\/kisha-mosaik-saver-diakonische-arbeit\/","title":{"rendered":"Kisha Mosaik Sav\u00ebr Diakonische Arbeit"},"content":{"rendered":"<p>[et_pb_section fb_built=&#8220;1&#8243; admin_label=&#8220;section&#8220; _builder_version=&#8220;4.21.0&#8243; background_color=&#8220;rgba(26,26,26,0.58)&#8220; background_image=&#8220;https:\/\/kishamozaik.al\/wp-content\/uploads\/2023\/04\/diaconal_ministry_01-1.jpg&#8220; background_position=&#8220;top_center&#8220; background_vertical_offset=&#8220;46%&#8220; background_blend=&#8220;multiply&#8220; custom_margin=&#8220;0px||||false|false&#8220; custom_padding=&#8220;0px||0px||false|false&#8220; top_divider_color=&#8220;#ffffff&#8220; top_divider_height=&#8220;24px&#8220; top_divider_arrangement=&#8220;above_content&#8220; bottom_divider_style=&#8220;curve&#8220; bottom_divider_color=&#8220;#1A1A1A&#8220; bottom_divider_height=&#8220;36px&#8220; bottom_divider_flip=&#8220;vertical&#8220; bottom_divider_arrangement=&#8220;above_content&#8220; bottom_divider_height_tablet=&#8220;36px&#8220; bottom_divider_height_phone=&#8220;24px&#8220; bottom_divider_height_last_edited=&#8220;on|phone&#8220; global_colors_info=&#8220;{}&#8220;][et_pb_row make_equal=&#8220;on&#8220; admin_label=&#8220;row&#8220; _builder_version=&#8220;4.21.0&#8243; background_enable_image=&#8220;off&#8220; background_position=&#8220;top_left&#8220; background_vertical_offset=&#8220;18%&#8220; background_repeat=&#8220;repeat&#8220; width=&#8220;100%&#8220; max_width=&#8220;2560px&#8220; height=&#8220;70vh&#8220; height_tablet=&#8220;35vh&#8220; height_phone=&#8220;35vh&#8220; height_last_edited=&#8220;on|phone&#8220; custom_margin=&#8220;0px||0px||false|false&#8220; custom_padding=&#8220;0px||||false|false&#8220; background_last_edited=&#8220;on|phone&#8220; background_position_phone=&#8220;center&#8220; custom_css_main_element=&#8220;display: flex;||flex-direction: column;||justify-content: center;&#8220; global_colors_info=&#8220;{}&#8220;][et_pb_column type=&#8220;4_4&#8243; _builder_version=&#8220;4.21.0&#8243; custom_padding=&#8220;|||&#8220; global_colors_info=&#8220;{}&#8220; custom_padding__hover=&#8220;|||&#8220;][et_pb_text _builder_version=&#8220;4.21.0&#8243; _module_preset=&#8220;default&#8220; header_font=&#8220;|700||on|||||&#8220; header_text_align=&#8220;center&#8220; header_text_color=&#8220;#FFFFFF&#8220; header_font_size=&#8220;6vw&#8220; custom_margin=&#8220;||||false|false&#8220; custom_margin_tablet=&#8220;||||false|false&#8220; custom_margin_phone=&#8220;||||false|false&#8220; custom_margin_last_edited=&#8220;off|desktop&#8220; custom_padding=&#8220;||||false|false&#8220; custom_padding_tablet=&#8220;||||false|false&#8220; custom_padding_phone=&#8220;||||false|false&#8220; custom_padding_last_edited=&#8220;on|phone&#8220; animation_style=&#8220;slide&#8220; animation_direction=&#8220;top&#8220; header_font_size_tablet=&#8220;6vw&#8220; header_font_size_phone=&#8220;14vw&#8220; header_font_size_last_edited=&#8220;on|phone&#8220; header_letter_spacing_tablet=&#8220;&#8220; header_letter_spacing_phone=&#8220;&#8220; header_letter_spacing_last_edited=&#8220;on|phone&#8220; header_text_shadow_style=&#8220;preset4&#8243; locked=&#8220;off&#8220; global_colors_info=&#8220;{}&#8220;]<\/p>\n<h1>Diakonische Arbeit<\/h1>\n<p>[\/et_pb_text][\/et_pb_column][\/et_pb_row][\/et_pb_section][et_pb_section fb_built=&#8220;1&#8243; _builder_version=&#8220;4.20.4&#8243; _module_preset=&#8220;default&#8220; background_color=&#8220;#1A1A1A&#8220; custom_padding=&#8220;0px||20px||false|false&#8220; global_colors_info=&#8220;{}&#8220;][et_pb_row _builder_version=&#8220;4.20.4&#8243; _module_preset=&#8220;default&#8220; width=&#8220;50%&#8220; width_tablet=&#8220;50%&#8220; width_phone=&#8220;85%&#8220; width_last_edited=&#8220;on|phone&#8220; global_colors_info=&#8220;{}&#8220;][et_pb_column type=&#8220;4_4&#8243; _builder_version=&#8220;4.20.4&#8243; _module_preset=&#8220;default&#8220; global_colors_info=&#8220;{}&#8220;][et_pb_text _builder_version=&#8220;4.21.0&#8243; _module_preset=&#8220;default&#8220; header_3_font=&#8220;|700||on|||||&#8220; header_3_text_align=&#8220;center&#8220; header_3_text_color=&#8220;#FFFFFF&#8220; header_3_font_size=&#8220;2vw&#8220; header_3_line_height=&#8220;1.3em&#8220; animation_style=&#8220;slide&#8220; animation_direction=&#8220;bottom&#8220; header_3_font_size_tablet=&#8220;3vw&#8220; header_3_font_size_phone=&#8220;5vw&#8220; header_3_font_size_last_edited=&#8220;on|phone&#8220; global_colors_info=&#8220;{}&#8220;]<\/p>\n<h3>legt den Schwerpunkt auf den Dienst am N\u00e4chsten und die Erf\u00fcllung der praktischen Bed\u00fcrfnisse der Gemeinschaft<\/h3>\n<p>[\/et_pb_text][\/et_pb_column][\/et_pb_row][\/et_pb_section][et_pb_section fb_built=&#8220;1&#8243; _builder_version=&#8220;4.20.4&#8243; _module_preset=&#8220;default&#8220; background_color=&#8220;#FFFFFF&#8220; custom_padding=&#8220;50px||50px||true|false&#8220; global_colors_info=&#8220;{}&#8220;][et_pb_row _builder_version=&#8220;4.20.4&#8243; _module_preset=&#8220;default&#8220; width=&#8220;50%&#8220; width_tablet=&#8220;80%&#8220; width_phone=&#8220;85%&#8220; width_last_edited=&#8220;on|phone&#8220; global_colors_info=&#8220;{}&#8220;][et_pb_column type=&#8220;4_4&#8243; _builder_version=&#8220;4.20.4&#8243; _module_preset=&#8220;default&#8220; global_colors_info=&#8220;{}&#8220;][et_pb_text _builder_version=&#8220;4.23.1&#8243; _module_preset=&#8220;default&#8220; text_text_color=&#8220;#6D4933&#8243; text_orientation=&#8220;center&#8220; global_colors_info=&#8220;{}&#8220;]<\/p>\n<p>Der diakonische Dienst ist eine Form des Dienstes in unserer Kirche, die sich darauf konzentriert, anderen zu dienen und die praktischen Bed\u00fcrfnisse der Gemeinschaft zu erf\u00fcllen. Sie basiert auf dem Beispiel der biblischen Diakone, die von den Aposteln eingesetzt wurden, um den Bed\u00fcrfnissen der fr\u00fchen Kirche zu dienen. <\/p>\n<p>Dieser Dienst umfasst Aktivit\u00e4ten wie die Bereitstellung von Nahrungsmitteln und Unterk\u00fcnften f\u00fcr Bed\u00fcrftige, Kranken- und Altenbesuche, Schulbildung, Beratung f\u00fcr Menschen in Schwierigkeiten und das Eintreten f\u00fcr soziale Gerechtigkeit. Es ist ein wichtiger Teil des Auftrags der Kirche, den Bed\u00fcrftigen die Liebe Gottes auf praktische Weise zu zeigen. <\/p>\n<p>Das Ziel unseres diakonischen Dienstes ist es, anderen zu dienen, wie Christus es getan hat, und ein greifbarer Ausdruck der Liebe und des Mitgef\u00fchls Gottes f\u00fcr Menschen in Not zu sein.<\/p>\n<p>[\/et_pb_text][\/et_pb_column][\/et_pb_row][\/et_pb_section][et_pb_section fb_built=&#8220;1&#8243; _builder_version=&#8220;4.25.0&#8243; _module_preset=&#8220;default&#8220; background_color=&#8220;#F3ECE2&#8243; custom_padding=&#8220;||||false|false&#8220; global_colors_info=&#8220;{}&#8220; global_module=&#8220;2076&#8243; theme_builder_area=&#8220;post_content&#8220;][et_pb_row column_structure=&#8220;2_5,3_5&#8243; make_equal=&#8220;on&#8220; _builder_version=&#8220;4.25.0&#8243; _module_preset=&#8220;default&#8220; custom_margin=&#8220;||||false|false&#8220; global_colors_info=&#8220;{}&#8220; theme_builder_area=&#8220;post_content&#8220;][et_pb_column type=&#8220;2_5&#8243; module_class=&#8220;vertikal-zentrieren&#8220; _builder_version=&#8220;4.25.0&#8243; _module_preset=&#8220;default&#8220; global_colors_info=&#8220;{}&#8220; theme_builder_area=&#8220;post_content&#8220;][et_pb_image src=&#8220;https:\/\/kishamozaik.al\/wp-content\/uploads\/2023\/04\/Erind-shallari.jpg&#8220; alt=&#8220;Erind and Karla Shallari&#8220; title_text=&#8220;Erind and Karla Shallari&#8220; _builder_version=&#8220;4.25.0&#8243; _module_preset=&#8220;default&#8220; width=&#8220;300px&#8220; module_alignment=&#8220;center&#8220; border_radii=&#8220;on|500px|500px|500px|500px&#8220; global_colors_info=&#8220;{}&#8220; theme_builder_area=&#8220;post_content&#8220;][\/et_pb_image][\/et_pb_column][et_pb_column type=&#8220;3_5&#8243; _builder_version=&#8220;4.21.0&#8243; _module_preset=&#8220;default&#8220; global_colors_info=&#8220;{}&#8220; theme_builder_area=&#8220;post_content&#8220;][et_pb_text _builder_version=&#8220;4.21.0&#8243; _module_preset=&#8220;default&#8220; header_3_font=&#8220;|||on|||||&#8220; custom_padding=&#8220;||0px|||&#8220; global_colors_info=&#8220;{}&#8220; theme_builder_area=&#8220;post_content&#8220;]<\/p>\n<h3>Noch Fragen?<\/h3>\n<p>Z\u00f6gere nicht! Tauche tiefer ein und entdecke die Geschichten, die unser Projekt zum Leben erwecken. Deine Neugierde begeistert uns, und gemeinsam k\u00f6nnen wir den Kindern Albaniens eine bessere Zukunft sichern. Nimm jetzt Kontakt auf. Wir freuen uns, von dir zu h\u00f6ren![\/et_pb_text][et_pb_blurb title=&#8220;Karla &amp; Erind Shallari&#8220; url=&#8220;tel:00355696534570&#8243; use_icon=&#8220;on&#8220; font_icon=&#8220;&#xe08b;||divi||400&#8243; icon_color=&#8220;#A46F20&#8243; icon_placement=&#8220;left&#8220; image_icon_width=&#8220;50px&#8220; _builder_version=&#8220;4.25.0&#8243; _module_preset=&#8220;default&#8220; image_icon_custom_margin=&#8220;-20px||||false|false&#8220; custom_margin=&#8220;50px||||false|false&#8220; global_colors_info=&#8220;{}&#8220; theme_builder_area=&#8220;post_content&#8220;][\/et_pb_blurb][et_pb_blurb title=&#8220;+355 69 3602947&#8243; url=&#8220;tel:00355696534570&#8243; use_icon=&#8220;on&#8220; font_icon=&#8220;&#xe066;||divi||400&#8243; icon_color=&#8220;#A46F20&#8243; icon_placement=&#8220;left&#8220; image_icon_width=&#8220;50px&#8220; _builder_version=&#8220;4.25.0&#8243; _module_preset=&#8220;default&#8220; image_icon_custom_margin=&#8220;-20px||||false|false&#8220; custom_margin=&#8220;50px||||false|false&#8220; global_colors_info=&#8220;{}&#8220; theme_builder_area=&#8220;post_content&#8220;][\/et_pb_blurb][et_pb_blurb title=&#8220;+506 72904890&#8243; url=&#8220;tel:00355696534570&#8243; use_icon=&#8220;on&#8220; font_icon=&#8220;&#xf40c;||fa||400&#8243; icon_color=&#8220;#A46F20&#8243; icon_placement=&#8220;left&#8220; image_icon_width=&#8220;50px&#8220; _builder_version=&#8220;4.25.0&#8243; _module_preset=&#8220;default&#8220; image_icon_custom_margin=&#8220;-20px||||false|false&#8220; custom_margin=&#8220;50px||||false|false&#8220; global_colors_info=&#8220;{}&#8220; theme_builder_area=&#8220;post_content&#8220;][\/et_pb_blurb][et_pb_blurb title=&#8220;mora.karla0595@gmail.com&#8220; url=&#8220;mailto:mozaiklushnje@yahoo.com&#8220; use_icon=&#8220;on&#8220; font_icon=&#8220;&#xf658;||fa||900&#8243; icon_color=&#8220;#A46F20&#8243; icon_placement=&#8220;left&#8220; image_icon_width=&#8220;50px&#8220; _builder_version=&#8220;4.25.0&#8243; _module_preset=&#8220;default&#8220; image_icon_custom_margin=&#8220;-20px||||false|false&#8220; custom_margin=&#8220;50px||||false|false&#8220; global_colors_info=&#8220;{}&#8220; theme_builder_area=&#8220;post_content&#8220;][\/et_pb_blurb][\/et_pb_column][\/et_pb_row][\/et_pb_section][et_pb_section fb_built=&#8220;1&#8243; _builder_version=&#8220;4.20.4&#8243; _module_preset=&#8220;default&#8220; background_color=&#8220;#1A1A1A&#8220; custom_margin=&#8220;||||false|false&#8220; custom_padding=&#8220;120px||100px||false|false&#8220; global_colors_info=&#8220;{}&#8220;][et_pb_row _builder_version=&#8220;4.20.4&#8243; _module_preset=&#8220;default&#8220; width=&#8220;90%&#8220; max_width=&#8220;2560px&#8220; global_colors_info=&#8220;{}&#8220;][et_pb_column type=&#8220;4_4&#8243; _builder_version=&#8220;4.20.4&#8243; _module_preset=&#8220;default&#8220; global_colors_info=&#8220;{}&#8220;][wdc_image_carousel autoplay_speed=&#8220;4000ms&#8220; nav_pagi=&#8220;nav_pagi&#8220; is_auto_height=&#8220;on&#8220; is_center=&#8220;on&#8220; center_mode_type=&#8220;highlighted&#8220; arrow_color=&#8220;#F3ECE2&#8243; arrow_bg=&#8220;#D3702C&#8220; pagi_color=&#8220;#F3ECE2&#8243; pagi_color_active=&#8220;#F98C18&#8243; tab_bg=&#8220;gcid-e3211a67-ed9d-4713-83eb-466946dcd66b&#8220; tab_item_bg=&#8220;gcid-e3211a67-ed9d-4713-83eb-466946dcd66b&#8220; tab_active_bg=&#8220;gcid-0518e2ae-6166-4ef3-9751-6496273606d9&#8243; thumb_radius=&#8220;5px&#8220; use_lightbox=&#8220;on&#8220; nav_pagi_tablet=&#8220;nav_pagi&#8220; nav_pagi_phone=&#8220;nav&#8220; nav_pagi_last_edited=&#8220;on|phone&#8220; slide_count_tablet=&#8220;&#8220; slide_count_phone=&#8220;1&#8243; slide_count_last_edited=&#8220;on|phone&#8220; slide_to_scroll_phone=&#8220;1&#8243; slide_to_scroll_last_edited=&#8220;off|phone&#8220; _builder_version=&#8220;4.21.0&#8243; _module_preset=&#8220;default&#8220; background_enable_color=&#8220;off&#8220; width=&#8220;90%&#8220; width_tablet=&#8220;100%&#8220; width_phone=&#8220;80%&#8220; width_last_edited=&#8220;on|phone&#8220; module_alignment=&#8220;center&#8220; custom_margin=&#8220;-5vw||||false|false&#8220; global_colors_info=&#8220;{%22gcid-e3211a67-ed9d-4713-83eb-466946dcd66b%22:%91%22tab_bg%22,%22tab_item_bg%22,%22tab_bg%22,%22tab_item_bg%22,%22pagi_color%22,%22tab_bg%22,%22tab_item_bg%22%93,%22gcid-0518e2ae-6166-4ef3-9751-6496273606d9%22:%91%22tab_active_bg%22,%22tab_active_bg%22,%22pagi_color_active%22,%22tab_active_bg%22%93}&#8220;][wdc_image_carousel_child photo=&#8220;https:\/\/kishamozaik.al\/wp-content\/uploads\/2023\/04\/diaconal_ministry_01.jpg&#8220; _builder_version=&#8220;4.20.4&#8243; _module_preset=&#8220;default&#8220; global_colors_info=&#8220;{}&#8220;][\/wdc_image_carousel_child][wdc_image_carousel_child photo=&#8220;https:\/\/kishamozaik.al\/wp-content\/uploads\/2023\/04\/diaconal_ministry_04.jpg&#8220; _builder_version=&#8220;4.20.4&#8243; _module_preset=&#8220;default&#8220; global_colors_info=&#8220;{}&#8220;][\/wdc_image_carousel_child][wdc_image_carousel_child photo=&#8220;https:\/\/kishamozaik.al\/wp-content\/uploads\/2023\/04\/diaconal_ministry_03.jpg&#8220; _builder_version=&#8220;4.20.4&#8243; _module_preset=&#8220;default&#8220; global_colors_info=&#8220;{}&#8220;][\/wdc_image_carousel_child][wdc_image_carousel_child photo=&#8220;https:\/\/kishamozaik.al\/wp-content\/uploads\/2023\/04\/diaconal_ministry_02.jpg&#8220; _builder_version=&#8220;4.20.4&#8243; _module_preset=&#8220;default&#8220; global_colors_info=&#8220;{}&#8220;][\/wdc_image_carousel_child][\/wdc_image_carousel][\/et_pb_column][\/et_pb_row][\/et_pb_section][et_pb_section fb_built=&#8220;1&#8243; _builder_version=&#8220;4.21.0&#8243; _module_preset=&#8220;default&#8220; background_color=&#8220;#1A1A1A&#8220; custom_margin=&#8220;||||false|false&#8220; custom_padding=&#8220;20px||||false|false&#8220; global_module=&#8220;767&#8243; saved_tabs=&#8220;all&#8220; global_colors_info=&#8220;{}&#8220;][et_pb_row _builder_version=&#8220;4.21.0&#8243; _module_preset=&#8220;default&#8220; custom_margin=&#8220;50px||50px||false|false&#8220; custom_margin_tablet=&#8220;&#8220; custom_margin_phone=&#8220;50px||0px||false|false&#8220; custom_margin_last_edited=&#8220;on|phone&#8220; global_colors_info=&#8220;{}&#8220;][et_pb_column type=&#8220;4_4&#8243; _builder_version=&#8220;4.20.4&#8243; _module_preset=&#8220;default&#8220; global_colors_info=&#8220;{}&#8220;][et_pb_text _builder_version=&#8220;4.21.0&#8243; _module_preset=&#8220;default&#8220; header_3_font=&#8220;|||on|||||&#8220; header_3_text_align=&#8220;center&#8220; header_3_text_color=&#8220;#FFFFFF&#8220; header_3_line_height=&#8220;1.3em&#8220; global_colors_info=&#8220;{}&#8220;]<\/p>\n<h3>Folge uns auf Social Media<br \/>oder kontaktiere uns<\/h3>\n<p>[\/et_pb_text][et_pb_social_media_follow use_icon_font_size=&#8220;on&#8220; icon_font_size=&#8220;40px&#8220; icon_font_size_tablet=&#8220;40px&#8220; icon_font_size_phone=&#8220;30px&#8220; icon_font_size_last_edited=&#8220;on|phone&#8220; _builder_version=&#8220;4.21.0&#8243; _module_preset=&#8220;default&#8220; text_orientation=&#8220;center&#8220; height=&#8220;50px&#8220; custom_margin=&#8220;||||false|false&#8220; custom_padding=&#8220;||||false|false&#8220; border_radii=&#8220;on|100px|100px|100px|100px&#8220; global_colors_info=&#8220;{}&#8220; icon_font_size__hover_enabled=&#8220;on|desktop&#8220; icon_font_size__hover=&#8220;45px&#8220;][et_pb_social_media_follow_network social_network=&#8220;instagram&#8220; url=&#8220;https:\/\/www.instagram.com\/mozaiklushnje\/&#8220; _builder_version=&#8220;4.20.4&#8243; _module_preset=&#8220;default&#8220; background_color=&#8220;#ea2c59&#8243; border_radii=&#8220;on|100px|100px|100px|100px&#8220; global_colors_info=&#8220;{}&#8220; follow_button=&#8220;off&#8220; url_new_window=&#8220;on&#8220;]instagram[\/et_pb_social_media_follow_network][et_pb_social_media_follow_network social_network=&#8220;facebook&#8220; url=&#8220;https:\/\/www.facebook.com\/mozaiklushnje&#8220; _builder_version=&#8220;4.20.4&#8243; _module_preset=&#8220;default&#8220; background_color=&#8220;#3b5998&#8243; custom_margin=&#8220;|40px||40px|false|true&#8220; custom_margin_tablet=&#8220;|40px||40px|false|true&#8220; custom_margin_phone=&#8220;|20px||20px|false|true&#8220; custom_margin_last_edited=&#8220;on|phone&#8220; global_colors_info=&#8220;{}&#8220; follow_button=&#8220;off&#8220; url_new_window=&#8220;on&#8220;]facebook[\/et_pb_social_media_follow_network][et_pb_social_media_follow_network social_network=&#8220;google-plus&#8220; url=&#8220;mailto:mozaiklushnje@yahoo.com&#8220; _builder_version=&#8220;4.20.4&#8243; _module_preset=&#8220;default&#8220; background_color=&#8220;#dd4b39&#8243; global_colors_info=&#8220;{}&#8220; follow_button=&#8220;off&#8220; url_new_window=&#8220;on&#8220;]google-plus[\/et_pb_social_media_follow_network][\/et_pb_social_media_follow][\/et_pb_column][\/et_pb_row][\/et_pb_section]<\/p>\n","protected":false},"excerpt":{"rendered":"<p>Diakonische Arbeitlegt den Schwerpunkt auf den Dienst am N\u00e4chsten und die Erf\u00fcllung der praktischen Bed\u00fcrfnisse der GemeinschaftDer diakonische Dienst ist eine Form des Dienstes in unserer Kirche, die sich darauf konzentriert, anderen zu dienen und die praktischen Bed\u00fcrfnisse der Gemeinschaft zu erf\u00fcllen. Sie basiert auf dem Beispiel der biblischen Diakone, die von den Aposteln eingesetzt [&hellip;]<\/p>\n","protected":false},"author":1,"featured_media":0,"parent":2137,"menu_order":0,"comment_status":"closed","ping_status":"closed","template":"","meta":{"_acf_changed":false,"_et_pb_use_builder":"on","_et_pb_old_content":"","_et_gb_content_width":"","footnotes":""},"class_list":["post-2143","page","type-page","status-publish","hentry"],"acf":[],"_links":{"self":[{"href":"https:\/\/kishamozaik.al\/de\/wp-json\/wp\/v2\/pages\/2143","targetHints":{"allow":["GET"]}}],"collection":[{"href":"https:\/\/kishamozaik.al\/de\/wp-json\/wp\/v2\/pages"}],"about":[{"href":"https:\/\/kishamozaik.al\/de\/wp-json\/wp\/v2\/types\/page"}],"author":[{"embeddable":true,"href":"https:\/\/kishamozaik.al\/de\/wp-json\/wp\/v2\/users\/1"}],"replies":[{"embeddable":true,"href":"https:\/\/kishamozaik.al\/de\/wp-json\/wp\/v2\/comments?post=2143"}],"version-history":[{"count":15,"href":"https:\/\/kishamozaik.al\/de\/wp-json\/wp\/v2\/pages\/2143\/revisions"}],"predecessor-version":[{"id":3478,"href":"https:\/\/kishamozaik.al\/de\/wp-json\/wp\/v2\/pages\/2143\/revisions\/3478"}],"up":[{"embeddable":true,"href":"https:\/\/kishamozaik.al\/de\/wp-json\/wp\/v2\/pages\/2137"}],"wp:attachment":[{"href":"https:\/\/kishamozaik.al\/de\/wp-json\/wp\/v2\/media?parent=2143"}],"curies":[{"name":"wp","href":"https:\/\/api.w.org\/{rel}","templated":true}]}}