{"id":701,"date":"2023-04-23T10:29:54","date_gmt":"2023-04-23T08:29:54","guid":{"rendered":"https:\/\/kishamozaik.al\/missionsreise\/"},"modified":"2025-09-23T13:21:41","modified_gmt":"2025-09-23T11:21:41","slug":"missionsreise","status":"publish","type":"page","link":"https:\/\/kishamozaik.al\/de\/missionsreise\/","title":{"rendered":"Missionsreise"},"content":{"rendered":"<p>[et_pb_section fb_built=&#8220;1&#8243; admin_label=&#8220;section&#8220; _builder_version=&#8220;4.27.4&#8243; background_color=&#8220;rgba(26,26,26,0.07)&#8220; background_image=&#8220;https:\/\/kishamozaik.al\/wp-content\/uploads\/2023\/04\/Header-4.jpeg&#8220; background_position=&#8220;top_center&#8220; background_vertical_offset=&#8220;16%&#8220; background_blend=&#8220;multiply&#8220; custom_margin=&#8220;0px||||false|false&#8220; custom_padding=&#8220;0px||0px||false|false&#8220; top_divider_color=&#8220;#ffffff&#8220; top_divider_height=&#8220;24px&#8220; top_divider_arrangement=&#8220;above_content&#8220; bottom_divider_style=&#8220;curve&#8220; bottom_divider_color=&#8220;#1A1A1A&#8220; bottom_divider_height=&#8220;36px&#8220; bottom_divider_flip=&#8220;vertical&#8220; bottom_divider_arrangement=&#8220;above_content&#8220; bottom_divider_height_tablet=&#8220;36px&#8220; bottom_divider_height_phone=&#8220;24px&#8220; bottom_divider_height_last_edited=&#8220;on|phone&#8220; hover_enabled=&#8220;0&#8243; global_colors_info=&#8220;{}&#8220; sticky_enabled=&#8220;0&#8243;][et_pb_row make_equal=&#8220;on&#8220; admin_label=&#8220;Zeile&#8220; _builder_version=&#8220;4.21.0&#8243; background_enable_image=&#8220;off&#8220; background_position=&#8220;top_left&#8220; background_vertical_offset=&#8220;18%&#8220; background_repeat=&#8220;repeat&#8220; width=&#8220;100%&#8220; max_width=&#8220;2560px&#8220; height=&#8220;80vh&#8220; height_tablet=&#8220;35vh&#8220; height_phone=&#8220;35vh&#8220; height_last_edited=&#8220;on|phone&#8220; custom_margin=&#8220;0px||0px||false|false&#8220; custom_padding=&#8220;0px||||false|false&#8220; background_last_edited=&#8220;on|phone&#8220; background_position_phone=&#8220;center&#8220; custom_css_main_element=&#8220;display: flex;||flex-direction: column;||justify-content: center;&#8220; global_colors_info=&#8220;{}&#8220;][et_pb_column type=&#8220;4_4&#8243; _builder_version=&#8220;4.21.0&#8243; custom_padding=&#8220;|||&#8220; global_colors_info=&#8220;{}&#8220; custom_padding__hover=&#8220;|||&#8220;][et_pb_text _builder_version=&#8220;4.21.0&#8243; _module_preset=&#8220;default&#8220; header_font=&#8220;|700||on|||||&#8220; header_text_align=&#8220;center&#8220; header_text_color=&#8220;#FFFFFF&#8220; header_font_size=&#8220;6vw&#8220; custom_margin=&#8220;||||false|false&#8220; custom_margin_tablet=&#8220;||||false|false&#8220; custom_margin_phone=&#8220;||||false|false&#8220; custom_margin_last_edited=&#8220;off|desktop&#8220; custom_padding=&#8220;||||false|false&#8220; custom_padding_tablet=&#8220;||||false|false&#8220; custom_padding_phone=&#8220;||||false|false&#8220; custom_padding_last_edited=&#8220;on|phone&#8220; animation_style=&#8220;slide&#8220; animation_direction=&#8220;top&#8220; header_font_size_tablet=&#8220;6vw&#8220; header_font_size_phone=&#8220;14vw&#8220; header_font_size_last_edited=&#8220;on|phone&#8220; header_letter_spacing_tablet=&#8220;&#8220; header_letter_spacing_phone=&#8220;&#8220; header_letter_spacing_last_edited=&#8220;on|phone&#8220; header_text_shadow_style=&#8220;preset4&#8243; locked=&#8220;off&#8220; global_colors_info=&#8220;{}&#8220;]<\/p>\n<h1>Missionsreise<\/h1>\n<p>[\/et_pb_text][\/et_pb_column][\/et_pb_row][\/et_pb_section][et_pb_section fb_built=&#8220;1&#8243; _builder_version=&#8220;4.21.0&#8243; _module_preset=&#8220;default&#8220; background_color=&#8220;#1A1A1A&#8220; custom_padding=&#8220;0px||20px||false|false&#8220; global_colors_info=&#8220;{}&#8220;][et_pb_row _builder_version=&#8220;4.20.4&#8243; _module_preset=&#8220;default&#8220; width=&#8220;50%&#8220; width_tablet=&#8220;50%&#8220; width_phone=&#8220;85%&#8220; width_last_edited=&#8220;on|phone&#8220; global_colors_info=&#8220;{}&#8220;][et_pb_column type=&#8220;4_4&#8243; _builder_version=&#8220;4.20.4&#8243; _module_preset=&#8220;default&#8220; global_colors_info=&#8220;{}&#8220;][et_pb_text _builder_version=&#8220;4.20.4&#8243; _module_preset=&#8220;default&#8220; text_font=&#8220;|||on|||||&#8220; text_text_color=&#8220;#FFFFFF&#8220; text_font_size=&#8220;24px&#8220; header_3_font=&#8220;|700||on|||||&#8220; header_3_text_align=&#8220;center&#8220; header_3_text_color=&#8220;#FFFFFF&#8220; header_3_font_size=&#8220;2vw&#8220; header_3_line_height=&#8220;1.3em&#8220; text_orientation=&#8220;center&#8220; animation_style=&#8220;slide&#8220; animation_direction=&#8220;bottom&#8220; header_3_font_size_tablet=&#8220;3vw&#8220; header_3_font_size_phone=&#8220;5vw&#8220; header_3_font_size_last_edited=&#8220;on|phone&#8220; global_colors_info=&#8220;{}&#8220;]<\/p>\n<h3>die Liebe Christi weitergeben und einen positiven Einfluss auf die Welt aus\u00fcben<\/h3>\n<p>Juni 2023[\/et_pb_text][\/et_pb_column][\/et_pb_row][\/et_pb_section][et_pb_section fb_built=&#8220;1&#8243; _builder_version=&#8220;4.20.4&#8243; _module_preset=&#8220;default&#8220; background_color=&#8220;#FFFFFF&#8220; custom_padding=&#8220;50px||50px||true|false&#8220; global_colors_info=&#8220;{}&#8220;][et_pb_row _builder_version=&#8220;4.20.4&#8243; _module_preset=&#8220;default&#8220; width=&#8220;50%&#8220; width_tablet=&#8220;80%&#8220; width_phone=&#8220;85%&#8220; width_last_edited=&#8220;on|phone&#8220; global_colors_info=&#8220;{}&#8220;][et_pb_column type=&#8220;4_4&#8243; _builder_version=&#8220;4.20.4&#8243; _module_preset=&#8220;default&#8220; global_colors_info=&#8220;{}&#8220;][et_pb_text _builder_version=&#8220;4.20.4&#8243; _module_preset=&#8220;default&#8220; text_text_color=&#8220;#6D4933&#8243; text_orientation=&#8220;center&#8220; global_colors_info=&#8220;{}&#8220;]<\/p>\n<p>Vor zwei Jahren fand eine Missionswoche im Kosovo statt, bei der eine Gruppe junger Gl\u00e4ubiger aus unserer Kirche zusammenkam, um die Botschaft des Evangeliums zu verbreiten und die k\u00f6rperlichen und geistlichen Bed\u00fcrfnisse der Menschen in ihrer Umgebung zu erf\u00fcllen. W\u00e4hrend dieser Woche nahmen wir an Aktivit\u00e4ten wie Evangelisation, Gemeindedienst, Eins\u00e4tzen und vielen anderen Diensten teil. Das Ziel war es, die Liebe Christi weiterzugeben und einen positiven Einfluss auf die Welt zu nehmen.  <\/p>\n<p>Es ist eine Zeit, in der wir bewusst unseren Glauben leben und das Licht der Welt und ein gutes Beispiel f\u00fcr Jesus Christus sein wollen.<\/p>\n<p>Auch in diesem Jahr werden wir wieder eine Missionswoche in Peshkopi, Albanien, durchf\u00fchren! Und wir freuen uns sehr, dass wir diese M\u00f6glichkeit wieder haben! <\/p>\n<p>[\/et_pb_text][\/et_pb_column][\/et_pb_row][\/et_pb_section][et_pb_section fb_built=&#8220;1&#8243; _builder_version=&#8220;4.20.4&#8243; _module_preset=&#8220;default&#8220; background_color=&#8220;#1A1A1A&#8220; custom_margin=&#8220;||||false|false&#8220; custom_padding=&#8220;120px||||false|false&#8220; global_colors_info=&#8220;{}&#8220;][et_pb_row _builder_version=&#8220;4.20.4&#8243; _module_preset=&#8220;default&#8220; width=&#8220;90%&#8220; max_width=&#8220;2560px&#8220; global_colors_info=&#8220;{}&#8220;][et_pb_column type=&#8220;4_4&#8243; _builder_version=&#8220;4.20.4&#8243; _module_preset=&#8220;default&#8220; global_colors_info=&#8220;{}&#8220;][wdc_image_carousel autoplay_speed=&#8220;4000ms&#8220; nav_pagi=&#8220;nav_pagi&#8220; is_auto_height=&#8220;on&#8220; is_center=&#8220;on&#8220; center_mode_type=&#8220;highlighted&#8220; arrow_color=&#8220;#F3ECE2&#8243; arrow_bg=&#8220;#D3702C&#8220; pagi_color=&#8220;#F3ECE2&#8243; pagi_color_active=&#8220;#F98C18&#8243; tab_bg=&#8220;gcid-e3211a67-ed9d-4713-83eb-466946dcd66b&#8220; tab_item_bg=&#8220;gcid-e3211a67-ed9d-4713-83eb-466946dcd66b&#8220; tab_active_bg=&#8220;gcid-0518e2ae-6166-4ef3-9751-6496273606d9&#8243; thumb_radius=&#8220;5px&#8220; use_lightbox=&#8220;on&#8220; nav_pagi_tablet=&#8220;nav_pagi&#8220; nav_pagi_phone=&#8220;nav&#8220; nav_pagi_last_edited=&#8220;on|phone&#8220; slide_count_tablet=&#8220;&#8220; slide_count_phone=&#8220;1&#8243; slide_count_last_edited=&#8220;on|phone&#8220; slide_to_scroll_phone=&#8220;1&#8243; slide_to_scroll_last_edited=&#8220;off|phone&#8220; _builder_version=&#8220;4.27.4&#8243; _module_preset=&#8220;default&#8220; background_enable_color=&#8220;off&#8220; width=&#8220;90%&#8220; width_tablet=&#8220;100%&#8220; width_phone=&#8220;80%&#8220; width_last_edited=&#8220;on|phone&#8220; module_alignment=&#8220;center&#8220; custom_margin=&#8220;-5vw||||false|false&#8220; hover_enabled=&#8220;0&#8243; global_colors_info=&#8220;{%22gcid-e3211a67-ed9d-4713-83eb-466946dcd66b%22:%91%22tab_bg%22,%22tab_item_bg%22,%22tab_bg%22,%22tab_item_bg%22,%22pagi_color%22,%22tab_bg%22,%22tab_item_bg%22,%22tab_bg%22,%22tab_item_bg%22,%22pagi_color%22%93,%22gcid-0518e2ae-6166-4ef3-9751-6496273606d9%22:%91%22tab_active_bg%22,%22tab_active_bg%22,%22pagi_color_active%22,%22tab_active_bg%22,%22tab_active_bg%22,%22pagi_color_active%22%93}&#8220; sticky_enabled=&#8220;0&#8243;][wdc_image_carousel_child photo=&#8220;https:\/\/kishamozaik.al\/wp-content\/uploads\/2023\/04\/image00002.jpeg&#8220; _builder_version=&#8220;4.27.4&#8243; _module_preset=&#8220;default&#8220; hover_enabled=&#8220;0&#8243; global_colors_info=&#8220;{}&#8220; sticky_enabled=&#8220;0&#8243;][\/wdc_image_carousel_child][wdc_image_carousel_child photo=&#8220;https:\/\/kishamozaik.al\/wp-content\/uploads\/2023\/04\/image00001.jpeg&#8220; _builder_version=&#8220;4.27.4&#8243; _module_preset=&#8220;default&#8220; hover_enabled=&#8220;0&#8243; global_colors_info=&#8220;{}&#8220; sticky_enabled=&#8220;0&#8243;][\/wdc_image_carousel_child][wdc_image_carousel_child photo=&#8220;https:\/\/kishamozaik.al\/wp-content\/uploads\/2023\/04\/image00006.jpeg&#8220; _builder_version=&#8220;4.27.4&#8243; _module_preset=&#8220;default&#8220; hover_enabled=&#8220;0&#8243; global_colors_info=&#8220;{}&#8220; sticky_enabled=&#8220;0&#8243;][\/wdc_image_carousel_child][wdc_image_carousel_child photo=&#8220;https:\/\/kishamozaik.al\/wp-content\/uploads\/2023\/04\/image00003.jpeg&#8220; _builder_version=&#8220;4.27.4&#8243; _module_preset=&#8220;default&#8220; hover_enabled=&#8220;0&#8243; global_colors_info=&#8220;{}&#8220; sticky_enabled=&#8220;0&#8243;][\/wdc_image_carousel_child][wdc_image_carousel_child photo=&#8220;https:\/\/kishamozaik.al\/wp-content\/uploads\/2023\/04\/image00005.jpeg&#8220; _builder_version=&#8220;4.27.4&#8243; _module_preset=&#8220;default&#8220; hover_enabled=&#8220;0&#8243; global_colors_info=&#8220;{}&#8220; sticky_enabled=&#8220;0&#8243;][\/wdc_image_carousel_child][\/wdc_image_carousel][\/et_pb_column][\/et_pb_row][\/et_pb_section][et_pb_section fb_built=&#8220;1&#8243; _builder_version=&#8220;4.20.4&#8243; _module_preset=&#8220;default&#8220; background_color=&#8220;#1A1A1A&#8220; custom_margin=&#8220;||||false|false&#8220; custom_padding=&#8220;||||false|false&#8220; global_colors_info=&#8220;{}&#8220;][et_pb_row _builder_version=&#8220;4.20.4&#8243; _module_preset=&#8220;default&#8220; custom_margin=&#8220;||||false|false&#8220; global_colors_info=&#8220;{}&#8220;][et_pb_column type=&#8220;4_4&#8243; _builder_version=&#8220;4.20.4&#8243; _module_preset=&#8220;default&#8220; global_colors_info=&#8220;{}&#8220;][et_pb_social_media_follow use_icon_font_size=&#8220;on&#8220; icon_font_size=&#8220;40px&#8220; icon_font_size_tablet=&#8220;40px&#8220; icon_font_size_phone=&#8220;30px&#8220; icon_font_size_last_edited=&#8220;on|phone&#8220; _builder_version=&#8220;4.20.4&#8243; _module_preset=&#8220;default&#8220; text_orientation=&#8220;center&#8220; custom_margin=&#8220;||||false|false&#8220; custom_padding=&#8220;||||false|false&#8220; border_radii=&#8220;on|100px|100px|100px|100px&#8220; global_colors_info=&#8220;{}&#8220;][et_pb_social_media_follow_network social_network=&#8220;instagram&#8220; url=&#8220;https:\/\/www.instagram.com\/mozaiklushnje\/&#8220; _builder_version=&#8220;4.20.4&#8243; _module_preset=&#8220;default&#8220; background_color=&#8220;#ea2c59&#8243; border_radii=&#8220;on|100px|100px|100px|100px&#8220; global_colors_info=&#8220;{}&#8220; follow_button=&#8220;off&#8220; url_new_window=&#8220;on&#8220;]instagram[\/et_pb_social_media_follow_network][et_pb_social_media_follow_network social_network=&#8220;facebook&#8220; url=&#8220;https:\/\/www.facebook.com\/mozaiklushnje&#8220; _builder_version=&#8220;4.20.4&#8243; _module_preset=&#8220;default&#8220; background_color=&#8220;#3b5998&#8243; custom_margin=&#8220;|40px||40px|false|true&#8220; custom_margin_tablet=&#8220;|40px||40px|false|true&#8220; custom_margin_phone=&#8220;|20px||20px|false|true&#8220; custom_margin_last_edited=&#8220;on|phone&#8220; global_colors_info=&#8220;{}&#8220; follow_button=&#8220;off&#8220; url_new_window=&#8220;on&#8220;]facebook[\/et_pb_social_media_follow_network][et_pb_social_media_follow_network social_network=&#8220;google-plus&#8220; url=&#8220;mailto:mozaiklushnje@yahoo.com&#8220; _builder_version=&#8220;4.20.4&#8243; _module_preset=&#8220;default&#8220; background_color=&#8220;#dd4b39&#8243; global_colors_info=&#8220;{}&#8220; follow_button=&#8220;off&#8220; url_new_window=&#8220;on&#8220;]google-plus[\/et_pb_social_media_follow_network][\/et_pb_social_media_follow][\/et_pb_column][\/et_pb_row][\/et_pb_section]<\/p>\n","protected":false},"excerpt":{"rendered":"<p>Missionsreisedie Liebe Christi weitergeben und einen positiven Einfluss auf die Welt aus\u00fcben Juni 2023Vor zwei Jahren fand eine Missionswoche im Kosovo statt, bei der eine Gruppe junger Gl\u00e4ubiger aus unserer Kirche zusammenkam, um die Botschaft des Evangeliums zu verbreiten und die k\u00f6rperlichen und geistlichen Bed\u00fcrfnisse der Menschen in ihrer Umgebung zu erf\u00fcllen. W\u00e4hrend dieser Woche [&hellip;]<\/p>\n","protected":false},"author":1,"featured_media":0,"parent":0,"menu_order":0,"comment_status":"closed","ping_status":"closed","template":"","meta":{"_acf_changed":false,"_et_pb_use_builder":"on","_et_pb_old_content":"","_et_gb_content_width":"","footnotes":""},"class_list":["post-701","page","type-page","status-publish","hentry"],"acf":[],"_links":{"self":[{"href":"https:\/\/kishamozaik.al\/de\/wp-json\/wp\/v2\/pages\/701","targetHints":{"allow":["GET"]}}],"collection":[{"href":"https:\/\/kishamozaik.al\/de\/wp-json\/wp\/v2\/pages"}],"about":[{"href":"https:\/\/kishamozaik.al\/de\/wp-json\/wp\/v2\/types\/page"}],"author":[{"embeddable":true,"href":"https:\/\/kishamozaik.al\/de\/wp-json\/wp\/v2\/users\/1"}],"replies":[{"embeddable":true,"href":"https:\/\/kishamozaik.al\/de\/wp-json\/wp\/v2\/comments?post=701"}],"version-history":[{"count":6,"href":"https:\/\/kishamozaik.al\/de\/wp-json\/wp\/v2\/pages\/701\/revisions"}],"predecessor-version":[{"id":4267,"href":"https:\/\/kishamozaik.al\/de\/wp-json\/wp\/v2\/pages\/701\/revisions\/4267"}],"wp:attachment":[{"href":"https:\/\/kishamozaik.al\/de\/wp-json\/wp\/v2\/media?parent=701"}],"curies":[{"name":"wp","href":"https:\/\/api.w.org\/{rel}","templated":true}]}}