{"id":719,"date":"2023-04-23T11:17:10","date_gmt":"2023-04-23T09:17:10","guid":{"rendered":"https:\/\/kishamozaik.al\/mitarbeiter\/"},"modified":"2025-09-23T13:21:53","modified_gmt":"2025-09-23T11:21:53","slug":"mitarbeiter","status":"publish","type":"page","link":"https:\/\/kishamozaik.al\/de\/mitarbeiter\/","title":{"rendered":"Mitarbeiter"},"content":{"rendered":"<p>[et_pb_section fb_built=&#8220;1&#8243; admin_label=&#8220;section&#8220; _builder_version=&#8220;4.21.0&#8243; background_color=&#8220;#1A1A1A&#8220; background_enable_image=&#8220;off&#8220; background_position=&#8220;top_center&#8220; background_vertical_offset=&#8220;16%&#8220; background_blend=&#8220;multiply&#8220; custom_margin=&#8220;0px||||false|false&#8220; custom_padding=&#8220;0px||0px||false|false&#8220; top_divider_color=&#8220;#ffffff&#8220; top_divider_height=&#8220;24px&#8220; top_divider_arrangement=&#8220;above_content&#8220; bottom_divider_style=&#8220;curve&#8220; bottom_divider_color=&#8220;#1A1A1A&#8220; bottom_divider_height=&#8220;36px&#8220; bottom_divider_flip=&#8220;vertical&#8220; bottom_divider_arrangement=&#8220;above_content&#8220; bottom_divider_height_tablet=&#8220;36px&#8220; bottom_divider_height_phone=&#8220;24px&#8220; bottom_divider_height_last_edited=&#8220;on|phone&#8220; global_colors_info=&#8220;{}&#8220;][et_pb_row make_equal=&#8220;on&#8220; custom_padding_last_edited=&#8220;on|phone&#8220; admin_label=&#8220;Zeile&#8220; _builder_version=&#8220;4.21.0&#8243; background_enable_image=&#8220;off&#8220; background_position=&#8220;top_left&#8220; background_vertical_offset=&#8220;18%&#8220; background_repeat=&#8220;repeat&#8220; width=&#8220;100%&#8220; max_width=&#8220;2560px&#8220; height=&#8220;60vh&#8220; height_tablet=&#8220;50vh&#8220; height_phone=&#8220;45vh&#8220; height_last_edited=&#8220;on|phone&#8220; custom_margin=&#8220;0px||0px||false|false&#8220; custom_padding=&#8220;||||true|false&#8220; custom_padding_tablet=&#8220;30px||30px||true|false&#8220; custom_padding_phone=&#8220;30px||30px||true|false&#8220; background_last_edited=&#8220;on|phone&#8220; background_position_phone=&#8220;center&#8220; custom_css_main_element=&#8220;display: flex;||flex-direction: column;||justify-content: center;&#8220; global_colors_info=&#8220;{}&#8220;][et_pb_column type=&#8220;4_4&#8243; _builder_version=&#8220;4.21.0&#8243; custom_padding=&#8220;|||&#8220; global_colors_info=&#8220;{}&#8220; custom_padding__hover=&#8220;|||&#8220;][et_pb_text _builder_version=&#8220;4.20.4&#8243; _module_preset=&#8220;default&#8220; header_font=&#8220;|700|||||||&#8220; header_text_align=&#8220;center&#8220; header_text_color=&#8220;#FFFFFF&#8220; header_font_size=&#8220;90px&#8220; custom_margin=&#8220;2%||||false|false&#8220; header_font_size_tablet=&#8220;90px&#8220; header_font_size_phone=&#8220;12vw&#8220; header_font_size_last_edited=&#8220;on|phone&#8220; header_text_shadow_style=&#8220;preset2&#8243; global_colors_info=&#8220;{}&#8220;]<\/p>\n<h1>Die Mitarbeiter<\/h1>\n<p>[\/et_pb_text][et_pb_text _builder_version=&#8220;4.21.0&#8243; _module_preset=&#8220;default&#8220; header_3_font=&#8220;nothing-you-can-do-l||||||||&#8220; header_3_text_align=&#8220;center&#8220; header_3_text_color=&#8220;#FFFFFF&#8220; header_3_font_size=&#8220;36px&#8220; width=&#8220;50%&#8220; width_tablet=&#8220;80%&#8220; width_phone=&#8220;81%&#8220; width_last_edited=&#8220;on|phone&#8220; module_alignment=&#8220;center&#8220; header_3_font_size_tablet=&#8220;36px&#8220; header_3_font_size_phone=&#8220;7vw&#8220; header_3_font_size_last_edited=&#8220;on|phone&#8220; locked=&#8220;off&#8220; global_colors_info=&#8220;{}&#8220;]<\/p>\n<h3>&#8222;Gottes Heil und sein Heilswirken unter den Menschen bekannt machen durch Predigt, Gerechtigkeit, Barmherzigkeit und Liebe&#8220;.<\/h3>\n<p>[\/et_pb_text][\/et_pb_column][\/et_pb_row][\/et_pb_section][et_pb_section fb_built=&#8220;1&#8243; _builder_version=&#8220;4.20.4&#8243; _module_preset=&#8220;default&#8220; background_color=&#8220;#FFFFFF&#8220; custom_padding=&#8220;50px||50px||true|false&#8220; global_colors_info=&#8220;{}&#8220;][et_pb_row column_structure=&#8220;1_2,1_2&#8243; make_equal=&#8220;on&#8220; _builder_version=&#8220;4.20.4&#8243; _module_preset=&#8220;default&#8220; width_tablet=&#8220;80%&#8220; width_phone=&#8220;85%&#8220; width_last_edited=&#8220;on|phone&#8220; global_colors_info=&#8220;{}&#8220;][et_pb_column type=&#8220;1_2&#8243; module_class=&#8220;vertikal-zentrieren&#8220; _builder_version=&#8220;4.20.4&#8243; _module_preset=&#8220;default&#8220; global_colors_info=&#8220;{}&#8220;][et_pb_image src=&#8220;https:\/\/kishamozaik.al\/wp-content\/uploads\/2023\/04\/Sajmir-and-Irma.jpeg&#8220; alt=&#8220;Sajmir and Irma&#8220; title_text=&#8220;Sajmir and Irma&#8220; _builder_version=&#8220;4.20.4&#8243; _module_preset=&#8220;default&#8220; width=&#8220;350px&#8220; module_alignment=&#8220;center&#8220; animation_style=&#8220;bounce&#8220; border_radii=&#8220;on|500px|500px|500px|500px&#8220; box_shadow_style=&#8220;preset2&#8243; global_colors_info=&#8220;{}&#8220;][\/et_pb_image][\/et_pb_column][et_pb_column type=&#8220;1_2&#8243; module_class=&#8220;vertikal-zentrieren&#8220; _builder_version=&#8220;4.20.4&#8243; _module_preset=&#8220;default&#8220; global_colors_info=&#8220;{}&#8220;][et_pb_text _builder_version=&#8220;4.21.0&#8243; _module_preset=&#8220;default&#8220; header_2_text_align=&#8220;left&#8220; custom_margin=&#8220;||0px||false|false&#8220; custom_padding=&#8220;||||false|false&#8220; header_2_text_align_tablet=&#8220;center&#8220; header_2_text_align_phone=&#8220;center&#8220; header_2_text_align_last_edited=&#8220;on|desktop&#8220; global_colors_info=&#8220;{}&#8220;]<\/p>\n<h2>Sajmir Brazhdi<\/h2>\n<p>[\/et_pb_text][et_pb_text _builder_version=&#8220;4.20.4&#8243; _module_preset=&#8220;default&#8220; header_2_text_align=&#8220;center&#8220; header_3_font=&#8220;|||on|||||&#8220; header_3_font_size=&#8220;20px&#8220; custom_margin=&#8220;||||false|false&#8220; custom_padding=&#8220;||||false|false&#8220; text_orientation_tablet=&#8220;center&#8220; text_orientation_phone=&#8220;center&#8220; text_orientation_last_edited=&#8220;on|phone&#8220; global_colors_info=&#8220;{}&#8220;]<\/p>\n<h3>Hauptpastor<\/h3>\n<p>[\/et_pb_text][et_pb_text _builder_version=&#8220;4.20.4&#8243; _module_preset=&#8220;default&#8220; text_text_color=&#8220;#1A1A1A&#8220; global_colors_info=&#8220;{}&#8220;]Pastor Sajmir, der sich f\u00fcr die F\u00f6rderung von Vielfalt und Integration einsetzt, hat die Kisha Mozaik zu einem einladenden und lebendigen Gottesdienstraum gemacht. Seine fesselnden Predigten zeugen von einem tiefen biblischen Verst\u00e4ndnis und einem echten Interesse am geistlichen Wachstum der Gemeinde.<\/p>\n<p>Als Hauptpastor dient er der Gemeinde durch aufsuchende Programme, Initiativen f\u00fcr soziale Gerechtigkeit und barmherzige Unterst\u00fctzung. Seine warmherzige Pers\u00f6nlichkeit, seine Bescheidenheit und sein authentischer Glaube haben ihn zu einem vertrauten und beliebten geistlichen Leiter gemacht.<\/p>\n<p>Erlebe den inspirierenden Dienst von Pastor Sajmir in der Mosaic Church, wenn wir gemeinsam im Glauben unterwegs sind, unsere Identit\u00e4t in Christus entdecken und uns eine biblische Kultur zu eigen machen.[\/et_pb_text][\/et_pb_column][\/et_pb_row][\/et_pb_section][et_pb_section fb_built=&#8220;1&#8243; _builder_version=&#8220;4.20.4&#8243; _module_preset=&#8220;default&#8220; background_color=&#8220;#F3ECE2&#8243; custom_padding=&#8220;50px||50px||true|false&#8220; global_colors_info=&#8220;{}&#8220;][et_pb_row column_structure=&#8220;1_2,1_2&#8243; make_equal=&#8220;on&#8220; _builder_version=&#8220;4.20.4&#8243; _module_preset=&#8220;default&#8220; width_tablet=&#8220;80%&#8220; width_phone=&#8220;85%&#8220; width_last_edited=&#8220;on|phone&#8220; global_colors_info=&#8220;{}&#8220;][et_pb_column type=&#8220;1_2&#8243; module_class=&#8220;vertikal-zentrieren&#8220; _builder_version=&#8220;4.20.4&#8243; _module_preset=&#8220;default&#8220; global_colors_info=&#8220;{}&#8220;][et_pb_image src=&#8220;https:\/\/kishamozaik.al\/wp-content\/uploads\/2023\/04\/Irma-Voka-1.jpg&#8220; alt=&#8220;Irma Voka&#8220; title_text=&#8220;Irma Voka&#8220; _builder_version=&#8220;4.20.4&#8243; _module_preset=&#8220;default&#8220; width=&#8220;350px&#8220; module_alignment=&#8220;center&#8220; animation_style=&#8220;bounce&#8220; border_radii=&#8220;on|500px|500px|500px|500px&#8220; box_shadow_style=&#8220;preset2&#8243; global_colors_info=&#8220;{}&#8220;][\/et_pb_image][\/et_pb_column][et_pb_column type=&#8220;1_2&#8243; module_class=&#8220;vertikal-zentrieren&#8220; _builder_version=&#8220;4.20.4&#8243; _module_preset=&#8220;default&#8220; global_colors_info=&#8220;{}&#8220;][et_pb_text _builder_version=&#8220;4.20.4&#8243; _module_preset=&#8220;default&#8220; header_2_text_align=&#8220;left&#8220; custom_margin=&#8220;||0px||false|false&#8220; custom_padding=&#8220;||||false|false&#8220; header_2_text_align_tablet=&#8220;center&#8220; header_2_text_align_phone=&#8220;center&#8220; header_2_text_align_last_edited=&#8220;on|desktop&#8220; global_colors_info=&#8220;{}&#8220;]<\/p>\n<h2>Irma Voka<\/h2>\n<p>[\/et_pb_text][et_pb_text _builder_version=&#8220;4.20.4&#8243; _module_preset=&#8220;default&#8220; header_3_font=&#8220;|||on|||||&#8220; header_3_font_size=&#8220;20px&#8220; custom_margin=&#8220;||||false|false&#8220; custom_padding=&#8220;||||false|false&#8220; text_orientation_tablet=&#8220;center&#8220; text_orientation_phone=&#8220;center&#8220; text_orientation_last_edited=&#8220;on|phone&#8220; global_colors_info=&#8220;{}&#8220;]<\/p>\n<h3>GESCH\u00c4FTSF\u00dcHRERIN<\/h3>\n<p>[\/et_pb_text][et_pb_text _builder_version=&#8220;4.27.4&#8243; _module_preset=&#8220;default&#8220; text_text_color=&#8220;#1A1A1A&#8220; global_colors_info=&#8220;{}&#8220;]<\/p>\n<p>Als GESCH\u00c4FTSF\u00dcHRER ihrer Kirche ist Irma Voka f\u00fcr die Leitung und Verwaltung der Gesamtausrichtung und Strategie der Organisation verantwortlich. Ihr Fachwissen in den Bereichen Management, Finanzen und Recht sowie ihre Leidenschaft, Menschen zu st\u00e4rken und ihnen zu helfen, ihre Identit\u00e4t zu finden, machen sie zu einem unsch\u00e4tzbaren Gewinn f\u00fcr die Kirche.<\/p>\n<p>Sie zeichnet sich dadurch aus, dass sie ein positives Arbeitsumfeld schafft, das Wachstum und Entwicklung f\u00f6rdert und gleichzeitig sicherstellt, dass die Werte und der Auftrag der Kirche aufrechterhalten werden. Unter ihrer Leitung hat die Kirche ein bedeutendes Wachstum und einen gro\u00dfen Erfolg erlebt, sowohl in Bezug auf ihre geistliche Wirkung als auch auf ihre finanzielle Stabilit\u00e4t. Irma Voka ist eine vision\u00e4re F\u00fchrungspers\u00f6nlichkeit, die sich f\u00fcr ihre Gemeinschaft einsetzt und anderen hilft, ihr volles Potenzial auszusch\u00f6pfen.<\/p>\n<p>[\/et_pb_text][\/et_pb_column][\/et_pb_row][\/et_pb_section][et_pb_section fb_built=&#8220;1&#8243; _builder_version=&#8220;4.27.4&#8243; _module_preset=&#8220;default&#8220; background_color=&#8220;#FFFFFF&#8220; custom_padding=&#8220;50px||50px||true|false&#8220; hover_enabled=&#8220;0&#8243; global_colors_info=&#8220;{}&#8220; sticky_enabled=&#8220;0&#8243;][et_pb_row column_structure=&#8220;1_2,1_2&#8243; make_equal=&#8220;on&#8220; _builder_version=&#8220;4.20.4&#8243; _module_preset=&#8220;default&#8220; width_tablet=&#8220;80%&#8220; width_phone=&#8220;85%&#8220; width_last_edited=&#8220;on|phone&#8220; global_colors_info=&#8220;{}&#8220;][et_pb_column type=&#8220;1_2&#8243; module_class=&#8220;vertikal-zentrieren&#8220; _builder_version=&#8220;4.20.4&#8243; _module_preset=&#8220;default&#8220; global_colors_info=&#8220;{}&#8220;][et_pb_image src=&#8220;https:\/\/kishamozaik.al\/wp-content\/uploads\/2025\/03\/Ambra-_2.jpg&#8220; alt=&#8220;Ambra Hamzaj&#8220; title_text=&#8220;Ambra Hamzaj&#8220; _builder_version=&#8220;4.27.4&#8243; _module_preset=&#8220;default&#8220; width=&#8220;350px&#8220; module_alignment=&#8220;center&#8220; animation_style=&#8220;bounce&#8220; border_radii=&#8220;on|500px|500px|500px|500px&#8220; box_shadow_style=&#8220;preset2&#8243; global_colors_info=&#8220;{}&#8220;][\/et_pb_image][\/et_pb_column][et_pb_column type=&#8220;1_2&#8243; module_class=&#8220;vertikal-zentrieren&#8220; _builder_version=&#8220;4.20.4&#8243; _module_preset=&#8220;default&#8220; global_colors_info=&#8220;{}&#8220;][et_pb_text _builder_version=&#8220;4.27.4&#8243; _module_preset=&#8220;default&#8220; header_2_text_align=&#8220;left&#8220; custom_margin=&#8220;||0px||false|false&#8220; custom_padding=&#8220;||||false|false&#8220; header_2_text_align_tablet=&#8220;center&#8220; header_2_text_align_phone=&#8220;center&#8220; header_2_text_align_last_edited=&#8220;on|desktop&#8220; global_colors_info=&#8220;{}&#8220;]<\/p>\n<h2>Ambra Hamzaj<\/h2>\n<p>[\/et_pb_text][et_pb_text _builder_version=&#8220;4.27.4&#8243; _module_preset=&#8220;default&#8220; header_3_font=&#8220;|||on|||||&#8220; header_3_font_size=&#8220;20px&#8220; header_3_line_height=&#8220;1.3em&#8220; custom_margin=&#8220;||||false|false&#8220; custom_padding=&#8220;||||false|false&#8220; text_orientation_tablet=&#8220;center&#8220; text_orientation_phone=&#8220;center&#8220; text_orientation_last_edited=&#8220;on|phone&#8220; global_colors_info=&#8220;{}&#8220;]<\/p>\n<h3>Das Herz der Kinder- und Jugendarbeit<\/h3>\n<p>[\/et_pb_text][et_pb_text _builder_version=&#8220;4.27.4&#8243; _module_preset=&#8220;default&#8220; text_text_color=&#8220;#1A1A1A&#8220; global_colors_info=&#8220;{}&#8220;]Als Herzst\u00fcck der Kinder- und Jugendarbeit spielt Ambra eine wichtige Rolle bei der Gestaltung der n\u00e4chsten Generation. Sie widmet sich voll und ganz ihrer Mission und arbeitet jeden Tag von 14:00 bis 18:00 Uhr in verschiedenen Funktionen, um junge Menschen zu unterst\u00fctzen und zu f\u00f6rdern.  <\/p>\n<p>Ihre Arbeit erstreckt sich \u00fcber mehrere Bereiche: Sie bietet akademische Unterst\u00fctzung und Nahrung im Afterschool-Programm, f\u00f6rdert musikalische Talente in der Musikschule, schafft einen einladenden Raum im Kinderzentrum und leitet mit Leidenschaft und Hingabe Gottesdienste. Neben diesen Schl\u00fcsselrollen ist sie immer bereit, dort einzuspringen, wo die Kirchengemeinde sie braucht.  <\/p>\n<p>Ambras Engagement, anderen zu helfen, zeigt sich in allem, was sie tut, und ihre Bereitschaft, sich st\u00e4ndig weiterzuentwickeln &#8211; derzeit durch das Erlernen der englischen Sprache &#8211; beweist ihr Engagement f\u00fcr hervorragende Leistungen. Sie ist ein Eckpfeiler des Dienstes und bringt W\u00e4rme, F\u00fchrung und Glauben in das Leben derer, denen sie dient.[\/et_pb_text][\/et_pb_column][\/et_pb_row][\/et_pb_section][et_pb_section fb_built=&#8220;1&#8243; _builder_version=&#8220;4.27.4&#8243; _module_preset=&#8220;default&#8220; background_color=&#8220;#F3ECE2&#8243; custom_padding=&#8220;50px||50px||true|false&#8220; global_colors_info=&#8220;{}&#8220;][et_pb_row column_structure=&#8220;1_2,1_2&#8243; make_equal=&#8220;on&#8220; _builder_version=&#8220;4.20.4&#8243; _module_preset=&#8220;default&#8220; width_tablet=&#8220;80%&#8220; width_phone=&#8220;85%&#8220; width_last_edited=&#8220;on|phone&#8220; global_colors_info=&#8220;{}&#8220;][et_pb_column type=&#8220;1_2&#8243; module_class=&#8220;vertikal-zentrieren&#8220; _builder_version=&#8220;4.20.4&#8243; _module_preset=&#8220;default&#8220; global_colors_info=&#8220;{}&#8220;][et_pb_image src=&#8220;https:\/\/kishamozaik.al\/wp-content\/uploads\/2025\/03\/Andre-Springhut-0435-sq.jpg.avif&#8220; alt=&#8220;Andr\u00e9 Springhut&#8220; title_text=&#8220;Andr\u00e9 Springhut&#8220; _builder_version=&#8220;4.27.4&#8243; _module_preset=&#8220;default&#8220; width=&#8220;350px&#8220; module_alignment=&#8220;center&#8220; animation_style=&#8220;bounce&#8220; border_radii=&#8220;on|500px|500px|500px|500px&#8220; box_shadow_style=&#8220;preset2&#8243; global_colors_info=&#8220;{}&#8220;][\/et_pb_image][\/et_pb_column][et_pb_column type=&#8220;1_2&#8243; module_class=&#8220;vertikal-zentrieren&#8220; _builder_version=&#8220;4.20.4&#8243; _module_preset=&#8220;default&#8220; global_colors_info=&#8220;{}&#8220;][et_pb_text _builder_version=&#8220;4.27.4&#8243; _module_preset=&#8220;default&#8220; header_2_text_align=&#8220;left&#8220; custom_margin=&#8220;||0px||false|false&#8220; custom_padding=&#8220;||||false|false&#8220; header_2_text_align_tablet=&#8220;center&#8220; header_2_text_align_phone=&#8220;center&#8220; header_2_text_align_last_edited=&#8220;on|desktop&#8220; global_colors_info=&#8220;{}&#8220;]<\/p>\n<h2>Andr\u00e9 Springhut<\/h2>\n<p>[\/et_pb_text][et_pb_text _builder_version=&#8220;4.27.4&#8243; _module_preset=&#8220;default&#8220; text_font=&#8220;|||on|||||&#8220; header_3_font=&#8220;|||on|||||&#8220; header_3_font_size=&#8220;20px&#8220; custom_margin=&#8220;||||false|false&#8220; custom_padding=&#8220;||||false|false&#8220; text_orientation_tablet=&#8220;center&#8220; text_orientation_phone=&#8220;center&#8220; text_orientation_last_edited=&#8220;on|phone&#8220; global_colors_info=&#8220;{}&#8220;]Assistent der Kirchenleitung[\/et_pb_text][et_pb_text _builder_version=&#8220;4.27.4&#8243; _module_preset=&#8220;default&#8220; text_text_color=&#8220;#1A1A1A&#8220; global_colors_info=&#8220;{}&#8220;]Als Assistent der Kirchenleitung spielt Andr\u00e9 Springhut eine Schl\u00fcsselrolle bei der St\u00e4rkung und Entwicklung von Kisha Mozaik. Mit seiner Leidenschaft f\u00fcr die F\u00f6rderung junger Erwachsener und seinem Engagement f\u00fcr soziale Belange bringt er seine vielf\u00e4ltigen F\u00e4higkeiten sowohl in die sichtbare Arbeit als auch in die Arbeit hinter den Kulissen ein.  <\/p>\n<p>Er coacht junge F\u00fchrungskr\u00e4fte und hilft ihnen, ihr gottgegebenes Potenzial durch pers\u00f6nliche Betreuung, Teamseminare und Seelsorge zu entfalten. Er predigt auch regelm\u00e4\u00dfig. Gleichzeitig sorgt er f\u00fcr die finanzielle Stabilit\u00e4t der Kirche, indem er die Finanzierung sichert, Beziehungen zu Spendern aufbaut und die Budgetierung und Buchhaltung verwaltet.  <\/p>\n<p>In enger Zusammenarbeit mit Pastoren und Dienstleitern hilft Andr\u00e9 dabei, eine gesunde Struktur zu schaffen, in der sich die Mitarbeiter entfalten und die Kirche nachhaltig wachsen kann. Sein Engagement und sein Fachwissen machen ihn zu einem unsch\u00e4tzbaren Bestandteil der Mission und der Zukunft der Kirche.[\/et_pb_text][\/et_pb_column][\/et_pb_row][\/et_pb_section][et_pb_section fb_built=&#8220;1&#8243; _builder_version=&#8220;4.20.4&#8243; _module_preset=&#8220;default&#8220; background_color=&#8220;#1A1A1A&#8220; custom_margin=&#8220;||||false|false&#8220; custom_padding=&#8220;||||false|false&#8220; global_colors_info=&#8220;{}&#8220;][et_pb_row _builder_version=&#8220;4.20.4&#8243; _module_preset=&#8220;default&#8220; custom_margin=&#8220;||||false|false&#8220; global_colors_info=&#8220;{}&#8220;][et_pb_column type=&#8220;4_4&#8243; _builder_version=&#8220;4.20.4&#8243; _module_preset=&#8220;default&#8220; global_colors_info=&#8220;{}&#8220;][et_pb_social_media_follow use_icon_font_size=&#8220;on&#8220; icon_font_size=&#8220;40px&#8220; icon_font_size_tablet=&#8220;40px&#8220; icon_font_size_phone=&#8220;30px&#8220; icon_font_size_last_edited=&#8220;on|phone&#8220; _builder_version=&#8220;4.20.4&#8243; _module_preset=&#8220;default&#8220; text_orientation=&#8220;center&#8220; custom_margin=&#8220;||||false|false&#8220; custom_padding=&#8220;||||false|false&#8220; border_radii=&#8220;on|100px|100px|100px|100px&#8220; global_colors_info=&#8220;{}&#8220;][et_pb_social_media_follow_network social_network=&#8220;instagram&#8220; url=&#8220;https:\/\/www.instagram.com\/mozaiklushnje\/&#8220; _builder_version=&#8220;4.20.4&#8243; _module_preset=&#8220;default&#8220; background_color=&#8220;#ea2c59&#8243; border_radii=&#8220;on|100px|100px|100px|100px&#8220; global_colors_info=&#8220;{}&#8220; follow_button=&#8220;off&#8220; url_new_window=&#8220;on&#8220;]instagram[\/et_pb_social_media_follow_network][et_pb_social_media_follow_network social_network=&#8220;facebook&#8220; url=&#8220;https:\/\/www.facebook.com\/mozaiklushnje&#8220; _builder_version=&#8220;4.20.4&#8243; _module_preset=&#8220;default&#8220; background_color=&#8220;#3b5998&#8243; custom_margin=&#8220;|40px||40px|false|true&#8220; custom_margin_tablet=&#8220;|40px||40px|false|true&#8220; custom_margin_phone=&#8220;|20px||20px|false|true&#8220; custom_margin_last_edited=&#8220;on|phone&#8220; global_colors_info=&#8220;{}&#8220; follow_button=&#8220;off&#8220; url_new_window=&#8220;on&#8220;]facebook[\/et_pb_social_media_follow_network][et_pb_social_media_follow_network social_network=&#8220;google-plus&#8220; url=&#8220;mailto:mozaiklushnje@yahoo.com&#8220; _builder_version=&#8220;4.20.4&#8243; _module_preset=&#8220;default&#8220; background_color=&#8220;#dd4b39&#8243; global_colors_info=&#8220;{}&#8220; follow_button=&#8220;off&#8220; url_new_window=&#8220;on&#8220;]google-plus[\/et_pb_social_media_follow_network][\/et_pb_social_media_follow][\/et_pb_column][\/et_pb_row][\/et_pb_section]<\/p>\n","protected":false},"excerpt":{"rendered":"<p>Die Mitarbeiter&#8220;Gottes Heil und sein Heilswirken unter den Menschen bekannt machen durch Predigt, Gerechtigkeit, Barmherzigkeit und Liebe&#8220;.Sajmir BrazhdiHauptpastorPastor Sajmir, der sich f\u00fcr die F\u00f6rderung von Vielfalt und Integration einsetzt, hat die Kisha Mozaik zu einem einladenden und lebendigen Gottesdienstraum gemacht. Seine fesselnden Predigten zeugen von einem tiefen biblischen Verst\u00e4ndnis und einem echten Interesse am geistlichen [&hellip;]<\/p>\n","protected":false},"author":1,"featured_media":0,"parent":0,"menu_order":0,"comment_status":"closed","ping_status":"closed","template":"","meta":{"_acf_changed":false,"_et_pb_use_builder":"on","_et_pb_old_content":"","_et_gb_content_width":"","footnotes":""},"class_list":["post-719","page","type-page","status-publish","hentry"],"acf":[],"_links":{"self":[{"href":"https:\/\/kishamozaik.al\/de\/wp-json\/wp\/v2\/pages\/719","targetHints":{"allow":["GET"]}}],"collection":[{"href":"https:\/\/kishamozaik.al\/de\/wp-json\/wp\/v2\/pages"}],"about":[{"href":"https:\/\/kishamozaik.al\/de\/wp-json\/wp\/v2\/types\/page"}],"author":[{"embeddable":true,"href":"https:\/\/kishamozaik.al\/de\/wp-json\/wp\/v2\/users\/1"}],"replies":[{"embeddable":true,"href":"https:\/\/kishamozaik.al\/de\/wp-json\/wp\/v2\/comments?post=719"}],"version-history":[{"count":19,"href":"https:\/\/kishamozaik.al\/de\/wp-json\/wp\/v2\/pages\/719\/revisions"}],"predecessor-version":[{"id":4277,"href":"https:\/\/kishamozaik.al\/de\/wp-json\/wp\/v2\/pages\/719\/revisions\/4277"}],"wp:attachment":[{"href":"https:\/\/kishamozaik.al\/de\/wp-json\/wp\/v2\/media?parent=719"}],"curies":[{"name":"wp","href":"https:\/\/api.w.org\/{rel}","templated":true}]}}