{"id":722,"date":"2023-04-23T12:08:59","date_gmt":"2023-04-23T10:08:59","guid":{"rendered":"https:\/\/kishamozaik.al\/vision\/"},"modified":"2024-04-16T22:39:36","modified_gmt":"2024-04-16T20:39:36","slug":"vision","status":"publish","type":"page","link":"https:\/\/kishamozaik.al\/de\/vision\/","title":{"rendered":"Vision"},"content":{"rendered":"<p>[et_pb_section fb_built=&#8220;1&#8243; _builder_version=&#8220;4.20.4&#8243; _module_preset=&#8220;default&#8220; background_color=&#8220;rgba(164,111,32,0.13)&#8220; custom_padding=&#8220;80px||80px||true|false&#8220; global_colors_info=&#8220;{}&#8220;][et_pb_row make_equal=&#8220;on&#8220; _builder_version=&#8220;4.20.4&#8243; _module_preset=&#8220;default&#8220; custom_margin=&#8220;||||false|false&#8220; custom_padding=&#8220;0px||0px||false|false&#8220; global_colors_info=&#8220;{}&#8220;][et_pb_column type=&#8220;4_4&#8243; module_class=&#8220;vertikal-zentrieren&#8220; _builder_version=&#8220;4.20.4&#8243; _module_preset=&#8220;default&#8220; global_colors_info=&#8220;{}&#8220;][et_pb_image src=&#8220;https:\/\/kishamozaik.al\/wp-content\/uploads\/2023\/04\/kisha-mozaik-logo-text-800.png&#8220; alt=&#8220;Kisha Mozaik&#8220; title_text=&#8220;Kisha Mozaik&#8220; align=&#8220;center&#8220; _builder_version=&#8220;4.24.3&#8243; _module_preset=&#8220;default&#8220; global_colors_info=&#8220;{}&#8220;][\/et_pb_image][et_pb_text _builder_version=&#8220;4.21.0&#8243; _module_preset=&#8220;default&#8220; header_3_font=&#8220;nothing-you-can-do-l||||||||&#8220; header_3_text_align=&#8220;center&#8220; header_3_text_color=&#8220;#D3702C&#8220; header_3_font_size=&#8220;36px&#8220; custom_margin=&#8220;-30px||||false|false&#8220; animation_style=&#8220;slide&#8220; animation_direction=&#8220;right&#8220; header_3_font_size_tablet=&#8220;36px&#8220; header_3_font_size_phone=&#8220;7vw&#8220; header_3_font_size_last_edited=&#8220;on|phone&#8220; locked=&#8220;off&#8220; global_colors_info=&#8220;{}&#8220;]<\/p>\n<h3>Wir feiern die Unterschiede<\/h3>\n<p>[\/et_pb_text][\/et_pb_column][\/et_pb_row][\/et_pb_section][et_pb_section fb_built=&#8220;1&#8243; _builder_version=&#8220;4.20.4&#8243; _module_preset=&#8220;default&#8220; background_color=&#8220;#FFFFFF&#8220; custom_padding=&#8220;80px||80px||true|false&#8220; global_colors_info=&#8220;{}&#8220;][et_pb_row column_structure=&#8220;2_5,3_5&#8243; make_equal=&#8220;on&#8220; _builder_version=&#8220;4.20.4&#8243; _module_preset=&#8220;default&#8220; custom_margin=&#8220;||||false|false&#8220; custom_padding=&#8220;0px||0px||false|false&#8220; global_colors_info=&#8220;{}&#8220;][et_pb_column type=&#8220;2_5&#8243; module_class=&#8220;vertikal-zentrieren&#8220; _builder_version=&#8220;4.20.4&#8243; _module_preset=&#8220;default&#8220; global_colors_info=&#8220;{}&#8220;][et_pb_blurb title=&#8220;Unsere Vision&#8220; image=&#8220;https:\/\/kishamozaik.al\/wp-content\/uploads\/2023\/04\/kisha-mozaik-logo.jpg&#8220; alt=&#8220;Kisha Mozaik Lushnje&#8220; icon_placement=&#8220;left&#8220; image_icon_width=&#8220;80px&#8220; _builder_version=&#8220;4.20.4&#8243; _module_preset=&#8220;default&#8220; header_font=&#8220;|700||on|||||&#8220; header_text_color=&#8220;#D3702C&#8220; header_font_size=&#8220;40px&#8220; image_icon_custom_margin=&#8220;-15px|20px|||false|false&#8220; global_colors_info=&#8220;{}&#8220;][\/et_pb_blurb][\/et_pb_column][et_pb_column type=&#8220;3_5&#8243; _builder_version=&#8220;4.20.4&#8243; _module_preset=&#8220;default&#8220; global_colors_info=&#8220;{}&#8220;][et_pb_text _builder_version=&#8220;4.21.0&#8243; _module_preset=&#8220;default&#8220; header_3_font=&#8220;nothing-you-can-do-l||||||||&#8220; header_3_text_align=&#8220;center&#8220; header_3_text_color=&#8220;#D3702C&#8220; header_3_font_size=&#8220;36px&#8220; animation_style=&#8220;slide&#8220; animation_direction=&#8220;right&#8220; header_3_font_size_tablet=&#8220;36px&#8220; header_3_font_size_phone=&#8220;7vw&#8220; header_3_font_size_last_edited=&#8220;on|phone&#8220; locked=&#8220;off&#8220; global_colors_info=&#8220;{}&#8220;]<\/p>\n<h3>&#8222;Gemeinschaften sehen, die in Vielfalt leben, ihre Identit\u00e4t in Christus finden und in einer biblischen Kultur leben&#8220;<\/h3>\n<p>[\/et_pb_text][\/et_pb_column][\/et_pb_row][\/et_pb_section][et_pb_section fb_built=&#8220;1&#8243; _builder_version=&#8220;4.20.4&#8243; _module_preset=&#8220;default&#8220; background_color=&#8220;rgba(164,111,32,0.13)&#8220; custom_padding=&#8220;80px||80px||true|false&#8220; global_colors_info=&#8220;{}&#8220;][et_pb_row column_structure=&#8220;2_5,3_5&#8243; make_equal=&#8220;on&#8220; _builder_version=&#8220;4.20.4&#8243; _module_preset=&#8220;default&#8220; custom_margin=&#8220;||||false|false&#8220; custom_padding=&#8220;0px||0px||false|false&#8220; global_colors_info=&#8220;{}&#8220;][et_pb_column type=&#8220;2_5&#8243; module_class=&#8220;vertikal-zentrieren&#8220; _builder_version=&#8220;4.20.4&#8243; _module_preset=&#8220;default&#8220; global_colors_info=&#8220;{}&#8220;][et_pb_blurb title=&#8220;Unser Auftrag&#8220; image=&#8220;https:\/\/kishamozaik.al\/wp-content\/uploads\/2023\/04\/kisha-mozaik-logo-600.png&#8220; alt=&#8220;Kisha Mozaik&#8220; icon_placement=&#8220;left&#8220; image_icon_width=&#8220;80px&#8220; _builder_version=&#8220;4.20.4&#8243; _module_preset=&#8220;default&#8220; header_font=&#8220;|700||on|||||&#8220; header_text_color=&#8220;#D3702C&#8220; header_font_size=&#8220;40px&#8220; image_icon_custom_margin=&#8220;|20px|||false|false&#8220; global_colors_info=&#8220;{}&#8220;][\/et_pb_blurb][\/et_pb_column][et_pb_column type=&#8220;3_5&#8243; _builder_version=&#8220;4.20.4&#8243; _module_preset=&#8220;default&#8220; global_colors_info=&#8220;{}&#8220;][et_pb_text _builder_version=&#8220;4.21.0&#8243; _module_preset=&#8220;default&#8220; header_3_font=&#8220;nothing-you-can-do-l||||||||&#8220; header_3_text_align=&#8220;center&#8220; header_3_text_color=&#8220;#D3702C&#8220; header_3_font_size=&#8220;36px&#8220; animation_style=&#8220;slide&#8220; animation_direction=&#8220;right&#8220; header_3_font_size_tablet=&#8220;36px&#8220; header_3_font_size_phone=&#8220;7vw&#8220; header_3_font_size_last_edited=&#8220;on|phone&#8220; locked=&#8220;off&#8220; global_colors_info=&#8220;{}&#8220;]<\/p>\n<h3>&#8222;Gottes Erl\u00f6sung und sein Heil unter den Menschen bekannt machen durch Verk\u00fcndigung, Gerechtigkeit, Barmherzigkeit und Liebe&#8220;.<\/h3>\n<p>[\/et_pb_text][\/et_pb_column][\/et_pb_row][\/et_pb_section][et_pb_section fb_built=&#8220;1&#8243; _builder_version=&#8220;4.20.4&#8243; _module_preset=&#8220;default&#8220; background_color=&#8220;#FFFFFF&#8220; custom_padding=&#8220;80px||80px||true|false&#8220; global_colors_info=&#8220;{}&#8220;][et_pb_row column_structure=&#8220;2_5,3_5&#8243; make_equal=&#8220;on&#8220; _builder_version=&#8220;4.20.4&#8243; _module_preset=&#8220;default&#8220; custom_margin=&#8220;||||false|false&#8220; custom_padding=&#8220;0px||0px||false|false&#8220; global_colors_info=&#8220;{}&#8220;][et_pb_column type=&#8220;2_5&#8243; _builder_version=&#8220;4.20.4&#8243; _module_preset=&#8220;default&#8220; global_colors_info=&#8220;{}&#8220;][et_pb_blurb title=&#8220;Unsere Werte&#8220; image=&#8220;https:\/\/kishamozaik.al\/wp-content\/uploads\/2023\/04\/kisha-mozaik-logo.jpg&#8220; alt=&#8220;Kisha Mozaik Lushnje&#8220; icon_placement=&#8220;left&#8220; image_icon_width=&#8220;80px&#8220; _builder_version=&#8220;4.20.4&#8243; _module_preset=&#8220;default&#8220; header_font=&#8220;|700||on|||||&#8220; header_text_color=&#8220;#D3702C&#8220; header_font_size=&#8220;40px&#8220; image_icon_custom_margin=&#8220;-15px|20px|||false|false&#8220; global_colors_info=&#8220;{}&#8220;][\/et_pb_blurb][\/et_pb_column][et_pb_column type=&#8220;3_5&#8243; _builder_version=&#8220;4.20.4&#8243; _module_preset=&#8220;default&#8220; global_colors_info=&#8220;{}&#8220;][et_pb_accordion open_toggle_text_color=&#8220;#D3702C&#8220; closed_toggle_background_color=&#8220;#F3ECE2&#8243; icon_color=&#8220;#D3702C&#8220; use_icon_font_size=&#8220;on&#8220; icon_font_size=&#8220;25px&#8220; _builder_version=&#8220;4.24.3&#8243; _module_preset=&#8220;default&#8220; toggle_text_color=&#8220;#D3702C&#8220; toggle_font=&#8220;|700|||||||&#8220; toggle_font_size=&#8220;20px&#8220; border_radii=&#8220;on|7px|7px|7px|7px&#8220; border_width_all=&#8220;0px&#8220; global_colors_info=&#8220;{}&#8220;][et_pb_accordion_item title=&#8220;dummy&#8220; open=&#8220;on&#8220; _builder_version=&#8220;4.20.4&#8243; _module_preset=&#8220;default&#8220; custom_css_main_element=&#8220;display:none;&#8220; global_colors_info=&#8220;{}&#8220;][\/et_pb_accordion_item][et_pb_accordion_item title=&#8220;BIBEL &#8211; Wir sind eine auf der Bibel basierende Kirche&#8220; _builder_version=&#8220;4.20.4&#8243; _module_preset=&#8220;default&#8220; global_colors_info=&#8220;{}&#8220; open=&#8220;off&#8220;]Wir bekennen uns zur Bibel als dem Wort Gottes und unserer obersten Autorit\u00e4t f\u00fcr Leitung und Praxis.[\/et_pb_accordion_item][et_pb_accordion_item title=&#8220;CHRISTUS &#8211; Beispiel&#8220; _builder_version=&#8220;4.20.4&#8243; _module_preset=&#8220;default&#8220; global_colors_info=&#8220;{}&#8220; open=&#8220;off&#8220;]Wir befinden uns gemeinsam auf einer Reise des Glaubens. Wir sind auf die transformative Kraft Gottes angewiesen.[\/et_pb_accordion_item][et_pb_accordion_item title=&#8220;BEZIEHUNGEN&#8220; _builder_version=&#8220;4.20.4&#8243; _module_preset=&#8220;default&#8220; global_colors_info=&#8220;{}&#8220; open=&#8220;off&#8220;]Wir investieren in das Leben der anderen. Wir teilen die Lasten miteinander und freuen uns \u00fcber die Siege der anderen. Wir halten andere f\u00fcr wichtiger als uns selbst.[\/et_pb_accordion_item][et_pb_accordion_item title=&#8220;SICH GEGENSEITIG VERTRAUEN&#8220; _builder_version=&#8220;4.20.4&#8243; _module_preset=&#8220;default&#8220; global_colors_info=&#8220;{}&#8220; open=&#8220;off&#8220;]Wir tun das Richtige. Wir tun, was wir sagen, wir sagen einander die Wahrheit.[\/et_pb_accordion_item][et_pb_accordion_item title=&#8220;TEAMWORK&#8220; _builder_version=&#8220;4.20.4&#8243; _module_preset=&#8220;default&#8220; global_colors_info=&#8220;{}&#8220; open=&#8220;off&#8220;]Wir laden die Ideen und Gedanken der anderen ein. Wir f\u00f6rdern die einzigartigen F\u00e4higkeiten und Gaben der anderen. Wir haben Befugnisse, die unserer Verantwortung entsprechen. Wir versammeln uns f\u00fcr gemeinsame Ziele.[\/et_pb_accordion_item][et_pb_accordion_item title=&#8220;Vielfalt&#8220; _builder_version=&#8220;4.24.3&#8243; _module_preset=&#8220;default&#8220; global_colors_info=&#8220;{}&#8220; open=&#8220;off&#8220;]<\/p>\n<p><span>Wir sind eine Kirche in Einheit.<\/span><\/p>\n<p>[\/et_pb_accordion_item][\/et_pb_accordion][\/et_pb_column][\/et_pb_row][\/et_pb_section][et_pb_section fb_built=&#8220;1&#8243; _builder_version=&#8220;4.20.4&#8243; _module_preset=&#8220;default&#8220; background_color=&#8220;rgba(164,111,32,0.13)&#8220; custom_padding=&#8220;80px||80px||true|false&#8220; global_colors_info=&#8220;{}&#8220;][et_pb_row column_structure=&#8220;2_5,3_5&#8243; make_equal=&#8220;on&#8220; _builder_version=&#8220;4.20.4&#8243; _module_preset=&#8220;default&#8220; custom_margin=&#8220;||||false|false&#8220; custom_padding=&#8220;0px||0px||false|false&#8220; global_colors_info=&#8220;{}&#8220;][et_pb_column type=&#8220;2_5&#8243; _builder_version=&#8220;4.20.4&#8243; _module_preset=&#8220;default&#8220; global_colors_info=&#8220;{}&#8220;][et_pb_blurb title=&#8220;Unsere Lehre&#8220; image=&#8220;https:\/\/kishamozaik.al\/wp-content\/uploads\/2023\/04\/kisha-mozaik-logo-600.png&#8220; alt=&#8220;Kisha Mozaik&#8220; icon_placement=&#8220;left&#8220; image_icon_width=&#8220;80px&#8220; _builder_version=&#8220;4.20.4&#8243; _module_preset=&#8220;default&#8220; header_font=&#8220;|700||on|||||&#8220; header_text_color=&#8220;#D3702C&#8220; header_font_size=&#8220;40px&#8220; image_icon_custom_margin=&#8220;|20px|||false|false&#8220; global_colors_info=&#8220;{}&#8220;][\/et_pb_blurb][\/et_pb_column][et_pb_column type=&#8220;3_5&#8243; _builder_version=&#8220;4.20.4&#8243; _module_preset=&#8220;default&#8220; global_colors_info=&#8220;{}&#8220;][et_pb_accordion open_toggle_text_color=&#8220;#D3702C&#8220; closed_toggle_background_color=&#8220;#FFFFFF&#8220; icon_color=&#8220;#D3702C&#8220; use_icon_font_size=&#8220;on&#8220; icon_font_size=&#8220;25px&#8220; _builder_version=&#8220;4.20.4&#8243; _module_preset=&#8220;default&#8220; toggle_text_color=&#8220;#D3702C&#8220; toggle_font=&#8220;|700|||||||&#8220; toggle_font_size=&#8220;20px&#8220; border_radii=&#8220;on|7px|7px|7px|7px&#8220; border_width_all=&#8220;0px&#8220; global_colors_info=&#8220;{}&#8220;][et_pb_accordion_item title=&#8220;dummy&#8220; open=&#8220;on&#8220; _builder_version=&#8220;4.20.4&#8243; _module_preset=&#8220;default&#8220; custom_css_main_element=&#8220;display:none;&#8220; global_colors_info=&#8220;{}&#8220;][\/et_pb_accordion_item][et_pb_accordion_item title=&#8220;BIBEL &#8220; _builder_version=&#8220;4.20.4&#8243; _module_preset=&#8220;default&#8220; global_colors_info=&#8220;{}&#8220; open=&#8220;off&#8220;]<\/p>\n<p><span>&#8222;Wir glauben, dass Gott in der Heiligen Schrift, sowohl im Alten als auch im Neuen Testament, durch die Worte menschlicher Autoren gesprochen hat. Als inspiriertes Wort Gottes ist die Bibel ohne Fehler in den urspr\u00fcnglichen Schriften, die vollst\u00e4ndige Offenbarung seines Willens zur Erl\u00f6sung und die h\u00f6chste Autorit\u00e4t, nach der jeder Bereich menschlichen Wissens und Strebens beurteilt werden sollte. Deshalb sollen wir alles glauben, was sie lehrt, alles befolgen, was sie befiehlt, und allem vertrauen, was sie verspricht.<\/span><\/p>\n<p>[\/et_pb_accordion_item][et_pb_accordion_item title=&#8220;TRINIT\u00c4T&#8220; _builder_version=&#8220;4.20.4&#8243; _module_preset=&#8220;default&#8220; global_colors_info=&#8220;{}&#8220; open=&#8220;off&#8220;]<\/p>\n<p><span>&#8222;Gott existiert in Beziehung zu sich selbst seit aller Ewigkeit. Er existiert als eine Substanz in drei Personen: dem Vater, dem Sohn und dem Heiligen Geist. Obwohl jedes Glied der Dreifaltigkeit verschiedene Funktionen erf\u00fcllt, haben sie alle die gleiche Macht und Autorit\u00e4t.&#8220;<\/span><\/p>\n<p>[\/et_pb_accordion_item][et_pb_accordion_item title=&#8220;DER ZUSTAND DES MENSCHEN&#8220; _builder_version=&#8220;4.20.4&#8243; _module_preset=&#8220;default&#8220; global_colors_info=&#8220;{}&#8220; open=&#8220;off&#8220;]<\/p>\n<p><span>&#8222;Wir glauben, dass Gott Adam und Eva nach seinem Ebenbild geschaffen hat, dass sie aber s\u00fcndigten, als sie von Satan versucht wurden. In Einheit mit Adam sind die Menschen von Natur aus und aus freien St\u00fccken S\u00fcnder, entfremdet von Gott unter seinem Zorn. Nur durch Gottes Erl\u00f6sungswerk in Jesus Christus k\u00f6nnen wir gerettet, vers\u00f6hnt und erneuert werden.<\/span><\/p>\n<p>[\/et_pb_accordion_item][et_pb_accordion_item title=&#8220;ERL\u00d6SUNG&#8220; _builder_version=&#8220;4.20.4&#8243; _module_preset=&#8220;default&#8220; global_colors_info=&#8220;{}&#8220; open=&#8220;off&#8220;]<\/p>\n<p><span>&#8222;Wir glauben, dass ein Mensch durch Reue und Glauben an das vollendete Werk Christi gerettet wird. Das Heil kommt allein aus Gnade.&#8220;<\/span><\/p>\n<p>[\/et_pb_accordion_item][et_pb_accordion_item title=&#8220;JESUS CHRISTUS&#8220; _builder_version=&#8220;4.20.4&#8243; _module_preset=&#8220;default&#8220; global_colors_info=&#8220;{}&#8220; open=&#8220;off&#8220;]<\/p>\n<p><span>&#8222;Wir glauben, dass Jesus Christus der menschgewordene Herr ist, ganz Gott und ganz Mensch, eine Person in zwei Naturen. Jesus, der verhei\u00dfene Messias Israels, wurde durch den Heiligen Geist gezeugt und von der Jungfrau Maria geboren. Er lebte ein s\u00fcndloses Leben, wurde unter Pontius Pilatus gekreuzigt, ist leiblich von den Toten auferstanden, in den Himmel aufgefahren und sitzt zur Rechten Gottes des Vaters als unser Hohepriester und F\u00fcrsprecher.&#8220;<\/span><\/p>\n<p>[\/et_pb_accordion_item][et_pb_accordion_item title=&#8220;DAS WERK CHRISTI&#8220; _builder_version=&#8220;4.20.4&#8243; _module_preset=&#8220;default&#8220; global_colors_info=&#8220;{}&#8220; open=&#8220;off&#8220;]<\/p>\n<p><span>&#8222;Wir glauben, dass Jesus Christus als unser Vertreter und Stellvertreter sein Blut am Kreuz als vollkommenes und ausreichendes Opfer f\u00fcr unsere S\u00fcnden vergossen hat. Sein Tod und seine siegreiche Auferstehung sind der einzige Grund f\u00fcr die Erl\u00f6sung&#8220;.<\/span><\/p>\n<p>[\/et_pb_accordion_item][et_pb_accordion_item title=&#8220;DER HEILIGE GEIST&#8220; _builder_version=&#8220;4.20.4&#8243; _module_preset=&#8220;default&#8220; global_colors_info=&#8220;{}&#8220; open=&#8220;off&#8220;]<\/p>\n<p><span>&#8222;Wir glauben, dass der Heilige Geist in allem, was er tut, den Herrn Jesus Christus verherrlicht. Wir glauben an die Pers\u00f6nlichkeit und Gottheit des Heiligen Geistes. Er \u00fcberf\u00fchrt, regeneriert, leitet, r\u00fcstet und bef\u00e4higt die Gl\u00e4ubigen zum Leben und zum Dienst in Christus.&#8220;<\/span><\/p>\n<p>[\/et_pb_accordion_item][et_pb_accordion_item title=&#8220;DIE KIRCHE&#8220; _builder_version=&#8220;4.20.4&#8243; _module_preset=&#8220;default&#8220; global_colors_info=&#8220;{}&#8220; open=&#8220;off&#8220;]<\/p>\n<p><span>Wir glauben, dass die wahre Kirche all diejenigen umfasst, die durch die Gnade Gottes allein durch den Glauben an Christus gerettet werden. Sie sind durch den Heiligen Geist im Leib Christi vereinigt, dessen Haupt er ist. Die wahre Kirche manifestiert sich in Ortsgemeinden, deren Mitglieder nur aus Gl\u00e4ubigen bestehen sollten. Die Aufgabe der Kirche ist die Anbetung Gottes, die Vervollkommnung der Heiligen und die Evangelisierung der Welt.<\/span><\/p>\n<p>[\/et_pb_accordion_item][et_pb_accordion_item title=&#8220;CHRISTLICHES LEBEN&#8220; _builder_version=&#8220;4.20.4&#8243; _module_preset=&#8220;default&#8220; global_colors_info=&#8220;{}&#8220; open=&#8220;off&#8220;]<\/p>\n<p><span>Wir glauben, dass die rechtfertigende Gnade Gottes nicht von ihrer heiligenden Kraft und ihrem Zweck getrennt werden sollte. Gott befiehlt uns, ihn \u00fcber alles zu lieben und die anderen aufopferungsvoll zu lieben und unseren Glauben mit F\u00fcrsorge f\u00fcreinander, Barmherzigkeit f\u00fcr die Armen und Gerechtigkeit f\u00fcr die Unterdr\u00fcckten zu leben. Mit dem Wort Gottes, der Kraft des Heiligen Geistes und inbr\u00fcnstigem Gebet im Namen Christi sollen wir gegen die geistlichen M\u00e4chte des B\u00f6sen k\u00e4mpfen. Im Gehorsam gegen\u00fcber dem Auftrag Christi sollen wir alle Menschen zu J\u00fcngern machen und das Evangelium stets in Wort und Tat bezeugen.<\/span><\/p>\n<p>[\/et_pb_accordion_item][et_pb_accordion_item title=&#8220;DIE WIEDERKUNFT CHRISTUS&#8220; _builder_version=&#8220;4.20.4&#8243; _module_preset=&#8220;default&#8220; global_colors_info=&#8220;{}&#8220; open=&#8220;off&#8220;]<\/p>\n<p><span>Wir glauben an die pers\u00f6nliche, leibliche Wiederkunft unseres Herrn Jesus Christus, um unsere Erl\u00f6sung zu erf\u00fcllen und sein herrliches Reich aufzurichten. Die Wiederkunft Christi wird zu einem Zeitpunkt stattfinden, den nur Gott kennt, und als unsere gesegnete Hoffnung motiviert sie die Gl\u00e4ubigen zu einem gottgef\u00e4lligen Leben des Dienens, des Opferns und der tatkr\u00e4ftigen Mission.<\/span><\/p>\n<p>[\/et_pb_accordion_item][et_pb_accordion_item title=&#8220;LEHRE \u00dcBER DEN TEUFEL&#8220; _builder_version=&#8220;4.20.4&#8243; _module_preset=&#8220;default&#8220; global_colors_info=&#8220;{}&#8220; open=&#8220;off&#8220;]<\/p>\n<p><span>Wir glauben an die Realit\u00e4t und Pers\u00f6nlichkeit des Teufels und an das Endgericht im Feuersee f\u00fcr ihn und seine Engel.<\/span><\/p>\n<p>[\/et_pb_accordion_item][\/et_pb_accordion][\/et_pb_column][\/et_pb_row][\/et_pb_section][et_pb_section fb_built=&#8220;1&#8243; _builder_version=&#8220;4.20.4&#8243; _module_preset=&#8220;default&#8220; background_color=&#8220;#1A1A1A&#8220; custom_margin=&#8220;||||false|false&#8220; custom_padding=&#8220;||||false|false&#8220; global_colors_info=&#8220;{}&#8220;][et_pb_row _builder_version=&#8220;4.20.4&#8243; _module_preset=&#8220;default&#8220; custom_margin=&#8220;||||false|false&#8220; global_colors_info=&#8220;{}&#8220;][et_pb_column type=&#8220;4_4&#8243; _builder_version=&#8220;4.20.4&#8243; _module_preset=&#8220;default&#8220; global_colors_info=&#8220;{}&#8220;][et_pb_social_media_follow use_icon_font_size=&#8220;on&#8220; icon_font_size=&#8220;40px&#8220; icon_font_size_tablet=&#8220;40px&#8220; icon_font_size_phone=&#8220;30px&#8220; icon_font_size_last_edited=&#8220;on|phone&#8220; _builder_version=&#8220;4.20.4&#8243; _module_preset=&#8220;default&#8220; text_orientation=&#8220;center&#8220; custom_margin=&#8220;||||false|false&#8220; custom_padding=&#8220;||||false|false&#8220; border_radii=&#8220;on|100px|100px|100px|100px&#8220; global_colors_info=&#8220;{}&#8220;][et_pb_social_media_follow_network social_network=&#8220;instagram&#8220; url=&#8220;https:\/\/www.instagram.com\/mozaiklushnje\/&#8220; _builder_version=&#8220;4.20.4&#8243; _module_preset=&#8220;default&#8220; background_color=&#8220;#ea2c59&#8243; border_radii=&#8220;on|100px|100px|100px|100px&#8220; global_colors_info=&#8220;{}&#8220; follow_button=&#8220;off&#8220; url_new_window=&#8220;on&#8220;]instagram[\/et_pb_social_media_follow_network][et_pb_social_media_follow_network social_network=&#8220;facebook&#8220; url=&#8220;https:\/\/www.facebook.com\/mozaiklushnje&#8220; _builder_version=&#8220;4.20.4&#8243; _module_preset=&#8220;default&#8220; background_color=&#8220;#3b5998&#8243; custom_margin=&#8220;|40px||40px|false|true&#8220; custom_margin_tablet=&#8220;|40px||40px|false|true&#8220; custom_margin_phone=&#8220;|20px||20px|false|true&#8220; custom_margin_last_edited=&#8220;on|phone&#8220; global_colors_info=&#8220;{}&#8220; follow_button=&#8220;off&#8220; url_new_window=&#8220;on&#8220;]facebook[\/et_pb_social_media_follow_network][et_pb_social_media_follow_network social_network=&#8220;google-plus&#8220; url=&#8220;mailto:mozaiklushnje@yahoo.com&#8220; _builder_version=&#8220;4.20.4&#8243; _module_preset=&#8220;default&#8220; background_color=&#8220;#dd4b39&#8243; global_colors_info=&#8220;{}&#8220; follow_button=&#8220;off&#8220; url_new_window=&#8220;on&#8220;]google-plus[\/et_pb_social_media_follow_network][\/et_pb_social_media_follow][\/et_pb_column][\/et_pb_row][\/et_pb_section]<\/p>\n","protected":false},"excerpt":{"rendered":"<p>Wir feiern die Unterschiede&#8220;Gemeinschaften sehen, die in Vielfalt leben, ihre Identit\u00e4t in Christus finden und in einer biblischen Kultur leben&#8220;&#8220;Gottes Erl\u00f6sung und sein Heil unter den Menschen bekannt machen durch Verk\u00fcndigung, Gerechtigkeit, Barmherzigkeit und Liebe&#8220;.Wir bekennen uns zur Bibel als dem Wort Gottes und unserer obersten Autorit\u00e4t f\u00fcr Leitung und Praxis.Wir befinden uns gemeinsam auf [&hellip;]<\/p>\n","protected":false},"author":1,"featured_media":0,"parent":0,"menu_order":0,"comment_status":"closed","ping_status":"closed","template":"","meta":{"_acf_changed":false,"_et_pb_use_builder":"on","_et_pb_old_content":"","_et_gb_content_width":"","footnotes":""},"class_list":["post-722","page","type-page","status-publish","hentry"],"acf":[],"_links":{"self":[{"href":"https:\/\/kishamozaik.al\/de\/wp-json\/wp\/v2\/pages\/722","targetHints":{"allow":["GET"]}}],"collection":[{"href":"https:\/\/kishamozaik.al\/de\/wp-json\/wp\/v2\/pages"}],"about":[{"href":"https:\/\/kishamozaik.al\/de\/wp-json\/wp\/v2\/types\/page"}],"author":[{"embeddable":true,"href":"https:\/\/kishamozaik.al\/de\/wp-json\/wp\/v2\/users\/1"}],"replies":[{"embeddable":true,"href":"https:\/\/kishamozaik.al\/de\/wp-json\/wp\/v2\/comments?post=722"}],"version-history":[{"count":8,"href":"https:\/\/kishamozaik.al\/de\/wp-json\/wp\/v2\/pages\/722\/revisions"}],"predecessor-version":[{"id":1988,"href":"https:\/\/kishamozaik.al\/de\/wp-json\/wp\/v2\/pages\/722\/revisions\/1988"}],"wp:attachment":[{"href":"https:\/\/kishamozaik.al\/de\/wp-json\/wp\/v2\/media?parent=722"}],"curies":[{"name":"wp","href":"https:\/\/api.w.org\/{rel}","templated":true}]}}