{"id":2282,"date":"2024-05-06T12:16:35","date_gmt":"2024-05-06T10:16:35","guid":{"rendered":"https:\/\/kishamozaik.al\/kisha-mosaico-saver\/curso-de-espanol-de-kisha-mozaik-saver\/"},"modified":"2025-03-15T14:57:09","modified_gmt":"2025-03-15T13:57:09","slug":"curso-de-espanol-de-kisha-mozaik-saver","status":"publish","type":"page","link":"https:\/\/kishamozaik.al\/es\/kisha-mosaico-saver\/curso-de-espanol-de-kisha-mozaik-saver\/","title":{"rendered":"Curso de espa\u00f1ol de Kisha Mozaik Sav\u00ebr"},"content":{"rendered":"<p>[et_pb_section fb_built=\u00bb1&#8243; admin_label=\u00bbsection\u00bb _builder_version=\u00bb4.25.0&#8243; background_enable_color=\u00bboff\u00bb background_image=\u00bbhttps:\/\/kishamozaik.al\/wp-content\/uploads\/2024\/05\/spanish-course.jpeg\u00bb background_position=\u00bbtop_center\u00bb background_vertical_offset=\u00bb41%\u00bb background_blend=\u00bbmultiply\u00bb custom_margin=\u00bb0px||||false|false\u00bb custom_padding=\u00bb0px||0px||false|false\u00bb top_divider_color=\u00bb#ffffff\u00bb top_divider_height=\u00bb24px\u00bb top_divider_arrangement=\u00bbabove_content\u00bb bottom_divider_style=\u00bbcurve\u00bb bottom_divider_color=\u00bb#1A1A1A\u00bb bottom_divider_height=\u00bb36px\u00bb bottom_divider_flip=\u00bbvertical\u00bb bottom_divider_arrangement=\u00bbabove_content\u00bb bottom_divider_height_tablet=\u00bb36px\u00bb bottom_divider_height_phone=\u00bb24px\u00bb bottom_divider_height_last_edited=\u00bbon|phone\u00bb hover_enabled=\u00bb0&#8243; global_colors_info=\u00bb{}\u00bb alt=\u00bbKisha Mozaik Sav\u00ebr Spanish Course\u00bb title_text=\u00bbKisha Mozaik Sav\u00ebr Spanish Course\u00bb sticky_enabled=\u00bb0&#8243;][et_pb_row make_equal=\u00bbon\u00bb admin_label=\u00bbfila\u00bb _builder_version=\u00bb4.21.0&#8243; background_enable_image=\u00bboff\u00bb background_position=\u00bbtop_left\u00bb background_vertical_offset=\u00bb18%\u00bb background_repeat=\u00bbrepeat\u00bb width=\u00bb100%\u00bb max_width=\u00bb2560px\u00bb height=\u00bb70vh\u00bb height_tablet=\u00bb35vh\u00bb height_phone=\u00bb35vh\u00bb height_last_edited=\u00bbon|phone\u00bb custom_margin=\u00bb0px||0px||false|false\u00bb custom_padding=\u00bb0px||||false|false\u00bb background_last_edited=\u00bbon|phone\u00bb background_position_phone=\u00bbcenter\u00bb custom_css_main_element=\u00bbdisplay: flex;||flex-direction: column;||justify-content: center;\u00bb global_colors_info=\u00bb{}\u00bb][et_pb_column type=\u00bb4_4&#8243; _builder_version=\u00bb4.21.0&#8243; custom_padding=\u00bb|||\u00bb global_colors_info=\u00bb{}\u00bb custom_padding__hover=\u00bb|||\u00bb][et_pb_text _builder_version=\u00bb4.25.0&#8243; _module_preset=\u00bbdefault\u00bb header_font=\u00bb|700||on|||||\u00bb header_text_align=\u00bbcenter\u00bb header_text_color=\u00bb#FFFFFF\u00bb header_font_size=\u00bb6vw\u00bb custom_margin=\u00bb||||false|false\u00bb custom_margin_tablet=\u00bb||||false|false\u00bb custom_margin_phone=\u00bb||||false|false\u00bb custom_margin_last_edited=\u00bboff|desktop\u00bb custom_padding=\u00bb||||false|false\u00bb custom_padding_tablet=\u00bb||||false|false\u00bb custom_padding_phone=\u00bb||||false|false\u00bb custom_padding_last_edited=\u00bbon|phone\u00bb animation_style=\u00bbslide\u00bb animation_direction=\u00bbtop\u00bb header_font_size_tablet=\u00bb6vw\u00bb header_font_size_phone=\u00bb14vw\u00bb header_font_size_last_edited=\u00bbon|phone\u00bb header_letter_spacing_tablet=\u00bb\u00bb header_letter_spacing_phone=\u00bb\u00bb header_letter_spacing_last_edited=\u00bbon|phone\u00bb header_text_shadow_style=\u00bbpreset4&#8243; locked=\u00bboff\u00bb global_colors_info=\u00bb{}\u00bb]<\/p>\n<h1>Curso de espa\u00f1ol<\/h1>\n<p>[\/et_pb_text][\/et_pb_column][\/et_pb_row][\/et_pb_section][et_pb_section fb_built=\u00bb1&#8243; _builder_version=\u00bb4.20.4&#8243; _module_preset=\u00bbdefault\u00bb background_color=\u00bb#1A1A1A\u00bb custom_padding=\u00bb0px||20px||false|false\u00bb global_colors_info=\u00bb{}\u00bb][et_pb_row _builder_version=\u00bb4.20.4&#8243; _module_preset=\u00bbdefault\u00bb width=\u00bb50%\u00bb width_tablet=\u00bb50%\u00bb width_phone=\u00bb85%\u00bb width_last_edited=\u00bbon|phone\u00bb global_colors_info=\u00bb{}\u00bb][et_pb_column type=\u00bb4_4&#8243; _builder_version=\u00bb4.20.4&#8243; _module_preset=\u00bbdefault\u00bb global_colors_info=\u00bb{}\u00bb][et_pb_text _builder_version=\u00bb4.25.0&#8243; _module_preset=\u00bbdefault\u00bb header_3_font=\u00bb|700||on|||||\u00bb header_3_text_align=\u00bbcenter\u00bb header_3_text_color=\u00bb#FFFFFF\u00bb header_3_font_size=\u00bb2vw\u00bb header_3_line_height=\u00bb1.3em\u00bb animation_style=\u00bbslide\u00bb animation_direction=\u00bbbottom\u00bb header_3_font_size_tablet=\u00bb3vw\u00bb header_3_font_size_phone=\u00bb5vw\u00bb header_3_font_size_last_edited=\u00bbon|phone\u00bb global_colors_info=\u00bb{}\u00bb]<\/p>\n<h3>M\u00e1s que un curso de idiomas<\/h3>\n<p>[\/et_pb_text][\/et_pb_column][\/et_pb_row][\/et_pb_section][et_pb_section fb_built=\u00bb1&#8243; _builder_version=\u00bb4.20.4&#8243; _module_preset=\u00bbdefault\u00bb background_color=\u00bb#FFFFFF\u00bb custom_padding=\u00bb50px||50px||true|false\u00bb global_colors_info=\u00bb{}\u00bb][et_pb_row _builder_version=\u00bb4.20.4&#8243; _module_preset=\u00bbdefault\u00bb width=\u00bb50%\u00bb width_tablet=\u00bb80%\u00bb width_phone=\u00bb85%\u00bb width_last_edited=\u00bbon|phone\u00bb global_colors_info=\u00bb{}\u00bb][et_pb_column type=\u00bb4_4&#8243; _builder_version=\u00bb4.20.4&#8243; _module_preset=\u00bbdefault\u00bb global_colors_info=\u00bb{}\u00bb][et_pb_text _builder_version=\u00bb4.25.0&#8243; _module_preset=\u00bbdefault\u00bb text_text_color=\u00bb#6D4933&#8243; text_orientation=\u00bbcenter\u00bb global_colors_info=\u00bb{}\u00bb]Nuestro curso de espa\u00f1ol es mucho m\u00e1s que una clase de idiomas. Este programa sirve de puente hacia nuevas oportunidades para nuestros siete dedicados estudiantes. Algunos de ellos han mostrado un progreso notable, abrazando los entresijos del espa\u00f1ol con entusiasmo y compromiso.<\/p>\n<p>En cada sesi\u00f3n, combinamos la ense\u00f1anza de idiomas con comidas compartidas, creando un entorno de aprendizaje c\u00e1lido y comunitario. Nuestro objetivo va m\u00e1s all\u00e1 de las habilidades ling\u00fc\u00edsticas; tambi\u00e9n introducimos ense\u00f1anzas sobre Jes\u00fas en espa\u00f1ol y formamos a los alumnos para que sepan rezar en su nueva lengua. Este doble enfoque en la lengua y la fe enriquece su experiencia de aprendizaje y profundiza su compromiso espiritual.<\/p>\n<p>Al dotar a nuestros estudiantes de conocimientos de espa\u00f1ol, les abrimos las puertas a oportunidades de empleo que antes estaban fuera de su alcance. El dominio del espa\u00f1ol -una lengua hablada por medio mundo- les ofrece la oportunidad de cursar estudios superiores y romper con el ciclo de pobreza que a menudo ha sido el \u00fanico camino disponible, como recoger basura como las generaciones anteriores.<\/p>\n<p>Este curso trata de crear un cambio generacional, capacitando a los estudiantes para que forjen un camino diferente y logren lo que antes hubieran cre\u00eddo imposible. Mediante el aprendizaje del espa\u00f1ol, adquieren las herramientas para transformar sus propias vidas y, potencialmente, las de otras personas de su comunidad.[\/et_pb_text][\/et_pb_column][\/et_pb_row][\/et_pb_section][et_pb_section fb_built=\u00bb1&#8243; _builder_version=\u00bb4.20.4&#8243; _module_preset=\u00bbdefault\u00bb background_color=\u00bb#1A1A1A\u00bb custom_margin=\u00bb||||false|false\u00bb custom_padding=\u00bb120px||||false|false\u00bb global_colors_info=\u00bb{}\u00bb][et_pb_row _builder_version=\u00bb4.20.4&#8243; _module_preset=\u00bbdefault\u00bb width=\u00bb90%\u00bb max_width=\u00bb2560px\u00bb global_colors_info=\u00bb{}\u00bb][et_pb_column type=\u00bb4_4&#8243; _builder_version=\u00bb4.20.4&#8243; _module_preset=\u00bbdefault\u00bb global_colors_info=\u00bb{}\u00bb][wdc_image_carousel autoplay_speed=\u00bb4000ms\u00bb nav_pagi=\u00bbnav_pagi\u00bb is_auto_height=\u00bbon\u00bb is_center=\u00bbon\u00bb center_mode_type=\u00bbhighlighted\u00bb arrow_color=\u00bb#F3ECE2&#8243; arrow_bg=\u00bb#D3702C\u00bb pagi_color=\u00bb#F3ECE2&#8243; pagi_color_active=\u00bb#F98C18&#8243; tab_bg=\u00bbgcid-e3211a67-ed9d-4713-83eb-466946dcd66b\u00bb tab_item_bg=\u00bbgcid-e3211a67-ed9d-4713-83eb-466946dcd66b\u00bb tab_active_bg=\u00bbgcid-0518e2ae-6166-4ef3-9751-6496273606d9&#8243; thumb_radius=\u00bb5px\u00bb use_lightbox=\u00bbon\u00bb nav_pagi_tablet=\u00bbnav_pagi\u00bb nav_pagi_phone=\u00bbnav\u00bb nav_pagi_last_edited=\u00bbon|phone\u00bb slide_count_tablet=\u00bb\u00bb slide_count_phone=\u00bb1&#8243; slide_count_last_edited=\u00bbon|phone\u00bb slide_to_scroll_phone=\u00bb1&#8243; slide_to_scroll_last_edited=\u00bboff|phone\u00bb _builder_version=\u00bb4.25.0&#8243; _module_preset=\u00bbdefault\u00bb background_enable_color=\u00bboff\u00bb width=\u00bb90%\u00bb width_tablet=\u00bb100%\u00bb width_phone=\u00bb80%\u00bb width_last_edited=\u00bbon|phone\u00bb module_alignment=\u00bbcenter\u00bb custom_margin=\u00bb-5vw||||false|false\u00bb hover_enabled=\u00bb0&#8243; global_colors_info=\u00bb{%22gcid-e3211a67-ed9d-4713-83eb-466946dcd66b%22:%91%22tab_bg%22,%22tab_item_bg%22,%22tab_bg%22,%22tab_item_bg%22,%22pagi_color%22,%22tab_bg%22,%22tab_item_bg%22,%22tab_bg%22,%22tab_item_bg%22,%22pagi_color%22%93,%22gcid-0518e2ae-6166-4ef3-9751-6496273606d9%22:%91%22tab_active_bg%22,%22tab_active_bg%22,%22pagi_color_active%22,%22tab_active_bg%22,%22tab_active_bg%22,%22pagi_color_active%22%93}\u00bb sticky_enabled=\u00bb0&#8243;][wdc_image_carousel_child photo=\u00bbhttps:\/\/kishamozaik.al\/wp-content\/uploads\/2024\/05\/spanish-course_sq.jpg\u00bb _builder_version=\u00bb4.25.0&#8243; _module_preset=\u00bbdefault\u00bb hover_enabled=\u00bb0&#8243; global_colors_info=\u00bb{}\u00bb alt=\u00bbKisha Mozaik Sav\u00ebr Spanish Course\u00bb title_text=\u00bbKisha Mozaik Sav\u00ebr Spanish Course\u00bb sticky_enabled=\u00bb0&#8243;][\/wdc_image_carousel_child][wdc_image_carousel_child _builder_version=\u00bb4.25.0&#8243; _module_preset=\u00bbdefault\u00bb alt=\u00bbKisha Mozaik Sav\u00ebr Spanish Course\u00bb title_text=\u00bbKisha Mozaik Sav\u00ebr Spanish Course\u00bb photo=\u00bbhttps:\/\/kishamozaik.al\/wp-content\/uploads\/2024\/05\/spanish-course_3_sq.jpg\u00bb hover_enabled=\u00bb0&#8243; sticky_enabled=\u00bb0&#8243;][\/wdc_image_carousel_child][wdc_image_carousel_child _builder_version=\u00bb4.25.0&#8243; _module_preset=\u00bbdefault\u00bb alt=\u00bbKisha Mozaik Sav\u00ebr Spanish Course\u00bb title_text=\u00bbKisha Mozaik Sav\u00ebr Spanish Course\u00bb photo=\u00bbhttps:\/\/kishamozaik.al\/wp-content\/uploads\/2024\/05\/spanish-course_2_sq.jpg\u00bb hover_enabled=\u00bb0&#8243; sticky_enabled=\u00bb0&#8243;][\/wdc_image_carousel_child][\/wdc_image_carousel][\/et_pb_column][\/et_pb_row][\/et_pb_section][et_pb_section fb_built=\u00bb1&#8243; _builder_version=\u00bb4.21.0&#8243; _module_preset=\u00bbdefault\u00bb background_color=\u00bb#1A1A1A\u00bb custom_margin=\u00bb||||false|false\u00bb custom_padding=\u00bb20px||||false|false\u00bb global_module=\u00bb767&#8243; saved_tabs=\u00bball\u00bb global_colors_info=\u00bb{}\u00bb][et_pb_row _builder_version=\u00bb4.21.0&#8243; _module_preset=\u00bbdefault\u00bb custom_margin=\u00bb50px||50px||false|false\u00bb custom_margin_tablet=\u00bb\u00bb custom_margin_phone=\u00bb50px||0px||false|false\u00bb custom_margin_last_edited=\u00bbon|phone\u00bb global_colors_info=\u00bb{}\u00bb][et_pb_column type=\u00bb4_4&#8243; _builder_version=\u00bb4.20.4&#8243; _module_preset=\u00bbdefault\u00bb global_colors_info=\u00bb{}\u00bb][et_pb_text _builder_version=\u00bb4.21.0&#8243; _module_preset=\u00bbdefault\u00bb header_3_font=\u00bb|||on|||||\u00bb header_3_text_align=\u00bbcenter\u00bb header_3_text_color=\u00bb#FFFFFF\u00bb header_3_line_height=\u00bb1.3em\u00bb global_colors_info=\u00bb{}\u00bb]<\/p>\n<h3>S\u00edguenos en las redes sociales<br \/>o ponte en contacto con nosotros<\/h3>\n<p>[\/et_pb_text][et_pb_social_media_follow use_icon_font_size=\u00bbon\u00bb icon_font_size=\u00bb40px\u00bb icon_font_size_tablet=\u00bb40px\u00bb icon_font_size_phone=\u00bb30px\u00bb icon_font_size_last_edited=\u00bbon|phone\u00bb _builder_version=\u00bb4.21.0&#8243; _module_preset=\u00bbdefault\u00bb text_orientation=\u00bbcenter\u00bb height=\u00bb50px\u00bb custom_margin=\u00bb||||false|false\u00bb custom_padding=\u00bb||||false|false\u00bb border_radii=\u00bbon|100px|100px|100px|100px\u00bb global_colors_info=\u00bb{}\u00bb icon_font_size__hover_enabled=\u00bbon|desktop\u00bb icon_font_size__hover=\u00bb45px\u00bb][et_pb_social_media_follow_network social_network=\u00bbinstagram\u00bb url=\u00bbhttps:\/\/www.instagram.com\/mozaiklushnje\/\u00bb _builder_version=\u00bb4.20.4&#8243; _module_preset=\u00bbdefault\u00bb background_color=\u00bb#ea2c59&#8243; border_radii=\u00bbon|100px|100px|100px|100px\u00bb global_colors_info=\u00bb{}\u00bb follow_button=\u00bboff\u00bb url_new_window=\u00bbon\u00bb]instagram[\/et_pb_social_media_follow_network][et_pb_social_media_follow_network social_network=\u00bbfacebook\u00bb url=\u00bbhttps:\/\/www.facebook.com\/mozaiklushnje\u00bb _builder_version=\u00bb4.20.4&#8243; _module_preset=\u00bbdefault\u00bb background_color=\u00bb#3b5998&#8243; custom_margin=\u00bb|40px||40px|false|true\u00bb custom_margin_tablet=\u00bb|40px||40px|false|true\u00bb custom_margin_phone=\u00bb|20px||20px|false|true\u00bb custom_margin_last_edited=\u00bbon|phone\u00bb global_colors_info=\u00bb{}\u00bb follow_button=\u00bboff\u00bb url_new_window=\u00bbon\u00bb]facebook[\/et_pb_social_media_follow_network][et_pb_social_media_follow_network social_network=\u00bbgoogle-plus\u00bb url=\u00bbmailto:mozaiklushnje@yahoo.com\u00bb _builder_version=\u00bb4.20.4&#8243; _module_preset=\u00bbdefault\u00bb background_color=\u00bb#dd4b39&#8243; global_colors_info=\u00bb{}\u00bb follow_button=\u00bboff\u00bb url_new_window=\u00bbon\u00bb]google-plus[\/et_pb_social_media_follow_network][\/et_pb_social_media_follow][\/et_pb_column][\/et_pb_row][\/et_pb_section]<\/p>\n","protected":false},"excerpt":{"rendered":"<p>Curso de espa\u00f1olM\u00e1s que un curso de idiomasNuestro curso de espa\u00f1ol es mucho m\u00e1s que una clase de idiomas. Este programa sirve de puente hacia nuevas oportunidades para nuestros siete dedicados estudiantes. Algunos de ellos han mostrado un progreso notable, abrazando los entresijos del espa\u00f1ol con entusiasmo y compromiso. En cada sesi\u00f3n, combinamos la ense\u00f1anza [&hellip;]<\/p>\n","protected":false},"author":1,"featured_media":0,"parent":2236,"menu_order":0,"comment_status":"closed","ping_status":"closed","template":"","meta":{"_acf_changed":false,"_et_pb_use_builder":"on","_et_pb_old_content":"","_et_gb_content_width":"","footnotes":""},"class_list":["post-2282","page","type-page","status-publish","hentry"],"acf":[],"_links":{"self":[{"href":"https:\/\/kishamozaik.al\/es\/wp-json\/wp\/v2\/pages\/2282","targetHints":{"allow":["GET"]}}],"collection":[{"href":"https:\/\/kishamozaik.al\/es\/wp-json\/wp\/v2\/pages"}],"about":[{"href":"https:\/\/kishamozaik.al\/es\/wp-json\/wp\/v2\/types\/page"}],"author":[{"embeddable":true,"href":"https:\/\/kishamozaik.al\/es\/wp-json\/wp\/v2\/users\/1"}],"replies":[{"embeddable":true,"href":"https:\/\/kishamozaik.al\/es\/wp-json\/wp\/v2\/comments?post=2282"}],"version-history":[{"count":22,"href":"https:\/\/kishamozaik.al\/es\/wp-json\/wp\/v2\/pages\/2282\/revisions"}],"predecessor-version":[{"id":3422,"href":"https:\/\/kishamozaik.al\/es\/wp-json\/wp\/v2\/pages\/2282\/revisions\/3422"}],"up":[{"embeddable":true,"href":"https:\/\/kishamozaik.al\/es\/wp-json\/wp\/v2\/pages\/2236"}],"wp:attachment":[{"href":"https:\/\/kishamozaik.al\/es\/wp-json\/wp\/v2\/media?parent=2282"}],"curies":[{"name":"wp","href":"https:\/\/api.w.org\/{rel}","templated":true}]}}