{"id":2465,"date":"2023-04-23T11:17:10","date_gmt":"2023-04-23T09:17:10","guid":{"rendered":"https:\/\/kishamozaik.al\/empleados\/"},"modified":"2025-09-23T13:21:58","modified_gmt":"2025-09-23T11:21:58","slug":"empleados","status":"publish","type":"page","link":"https:\/\/kishamozaik.al\/es\/empleados\/","title":{"rendered":"Personal"},"content":{"rendered":"<p>[et_pb_section fb_built=\u00bb1&#8243; admin_label=\u00bbsection\u00bb _builder_version=\u00bb4.21.0&#8243; background_color=\u00bb#1A1A1A\u00bb background_enable_image=\u00bboff\u00bb background_position=\u00bbtop_center\u00bb background_vertical_offset=\u00bb16%\u00bb background_blend=\u00bbmultiply\u00bb custom_margin=\u00bb0px||||false|false\u00bb custom_padding=\u00bb0px||0px||false|false\u00bb top_divider_color=\u00bb#ffffff\u00bb top_divider_height=\u00bb24px\u00bb top_divider_arrangement=\u00bbabove_content\u00bb bottom_divider_style=\u00bbcurve\u00bb bottom_divider_color=\u00bb#1A1A1A\u00bb bottom_divider_height=\u00bb36px\u00bb bottom_divider_flip=\u00bbvertical\u00bb bottom_divider_arrangement=\u00bbabove_content\u00bb bottom_divider_height_tablet=\u00bb36px\u00bb bottom_divider_height_phone=\u00bb24px\u00bb bottom_divider_height_last_edited=\u00bbon|phone\u00bb global_colors_info=\u00bb{}\u00bb][et_pb_row make_equal=\u00bbon\u00bb custom_padding_last_edited=\u00bbon|phone\u00bb admin_label=\u00bbfila\u00bb _builder_version=\u00bb4.21.0&#8243; background_enable_image=\u00bboff\u00bb background_position=\u00bbtop_left\u00bb background_vertical_offset=\u00bb18%\u00bb background_repeat=\u00bbrepeat\u00bb width=\u00bb100%\u00bb max_width=\u00bb2560px\u00bb height=\u00bb60vh\u00bb height_tablet=\u00bb50vh\u00bb height_phone=\u00bb45vh\u00bb height_last_edited=\u00bbon|phone\u00bb custom_margin=\u00bb0px||0px||false|false\u00bb custom_padding=\u00bb||||true|false\u00bb custom_padding_tablet=\u00bb30px||30px||true|false\u00bb custom_padding_phone=\u00bb30px||30px||true|false\u00bb background_last_edited=\u00bbon|phone\u00bb background_position_phone=\u00bbcenter\u00bb custom_css_main_element=\u00bbdisplay: flex;||flex-direction: column;||justify-content: center;\u00bb global_colors_info=\u00bb{}\u00bb][et_pb_column type=\u00bb4_4&#8243; _builder_version=\u00bb4.21.0&#8243; custom_padding=\u00bb|||\u00bb global_colors_info=\u00bb{}\u00bb custom_padding__hover=\u00bb|||\u00bb][et_pb_text _builder_version=\u00bb4.20.4&#8243; _module_preset=\u00bbdefault\u00bb header_font=\u00bb|700|||||||\u00bb header_text_align=\u00bbcenter\u00bb header_text_color=\u00bb#FFFFFF\u00bb header_font_size=\u00bb90px\u00bb custom_margin=\u00bb2%||||false|false\u00bb header_font_size_tablet=\u00bb90px\u00bb header_font_size_phone=\u00bb12vw\u00bb header_font_size_last_edited=\u00bbon|phone\u00bb header_text_shadow_style=\u00bbpreset2&#8243; global_colors_info=\u00bb{}\u00bb]<\/p>\n<h1>EL PERSONAL<\/h1>\n<p>[\/et_pb_text][et_pb_text _builder_version=\u00bb4.21.0&#8243; _module_preset=\u00bbdefault\u00bb header_3_font=\u00bbnothing-you-can-do-l||||||||\u00bb header_3_text_align=\u00bbcenter\u00bb header_3_text_color=\u00bb#FFFFFF\u00bb header_3_font_size=\u00bb36px\u00bb width=\u00bb50%\u00bb width_tablet=\u00bb80%\u00bb width_phone=\u00bb81%\u00bb width_last_edited=\u00bbon|phone\u00bb module_alignment=\u00bbcenter\u00bb header_3_font_size_tablet=\u00bb36px\u00bb header_3_font_size_phone=\u00bb7vw\u00bb header_3_font_size_last_edited=\u00bbon|phone\u00bb locked=\u00bboff\u00bb global_colors_info=\u00bb{}\u00bb]<\/p>\n<h3>\u00abDar a conocer la salvaci\u00f3n de Dios y Su obra salvadora entre los hombres, mediante la predicaci\u00f3n, la justicia, la misericordia y el amor\u00bb.<\/h3>\n<p>[\/et_pb_text][\/et_pb_column][\/et_pb_row][\/et_pb_section][et_pb_section fb_built=\u00bb1&#8243; _builder_version=\u00bb4.20.4&#8243; _module_preset=\u00bbdefault\u00bb background_color=\u00bb#FFFFFF\u00bb custom_padding=\u00bb50px||50px||true|false\u00bb global_colors_info=\u00bb{}\u00bb][et_pb_row column_structure=\u00bb1_2,1_2&#8243; make_equal=\u00bbon\u00bb _builder_version=\u00bb4.20.4&#8243; _module_preset=\u00bbdefault\u00bb width_tablet=\u00bb80%\u00bb width_phone=\u00bb85%\u00bb width_last_edited=\u00bbon|phone\u00bb global_colors_info=\u00bb{}\u00bb][et_pb_column type=\u00bb1_2&#8243; module_class=\u00bbvertikal-zentrieren\u00bb _builder_version=\u00bb4.20.4&#8243; _module_preset=\u00bbdefault\u00bb global_colors_info=\u00bb{}\u00bb][et_pb_image src=\u00bbhttps:\/\/kishamozaik.al\/wp-content\/uploads\/2023\/04\/Sajmir-and-Irma.jpeg\u00bb alt=\u00bbSajmir e Irma\u00bb title_text=\u00bbSajmir e Irma\u00bb _builder_version=\u00bb4.20.4&#8243; _module_preset=\u00bbdefault\u00bb width=\u00bb350px\u00bb module_alignment=\u00bbcenter\u00bb animation_style=\u00bbbounce\u00bb border_radii=\u00bbon|500px|500px|500px|500px\u00bb box_shadow_style=\u00bbpreset2&#8243; global_colors_info=\u00bb{}\u00bb][\/et_pb_image][\/et_pb_column][et_pb_column type=\u00bb1_2&#8243; module_class=\u00bbvertikal-zentrieren\u00bb _builder_version=\u00bb4.20.4&#8243; _module_preset=\u00bbdefault\u00bb global_colors_info=\u00bb{}\u00bb][et_pb_text _builder_version=\u00bb4.21.0&#8243; _module_preset=\u00bbdefault\u00bb header_2_text_align=\u00bbleft\u00bb custom_margin=\u00bb||0px||false|false\u00bb custom_padding=\u00bb||||false|false\u00bb header_2_text_align_tablet=\u00bbcenter\u00bb header_2_text_align_phone=\u00bbcenter\u00bb header_2_text_align_last_edited=\u00bbon|desktop\u00bb global_colors_info=\u00bb{}\u00bb]<\/p>\n<h2>Sajmir Brazhdi<\/h2>\n<p>[\/et_pb_text][et_pb_text _builder_version=\u00bb4.20.4&#8243; _module_preset=\u00bbdefault\u00bb header_2_text_align=\u00bbcenter\u00bb header_3_font=\u00bb|||on|||||\u00bb header_3_font_size=\u00bb20px\u00bb custom_margin=\u00bb||||false|false\u00bb custom_padding=\u00bb||||false|false\u00bb text_orientation_tablet=\u00bbcenter\u00bb text_orientation_phone=\u00bbcenter\u00bb text_orientation_last_edited=\u00bbon|phone\u00bb global_colors_info=\u00bb{}\u00bb]<\/p>\n<h3>Pastor principal<\/h3>\n<p>[\/et_pb_text][et_pb_text _builder_version=\u00bb4.20.4&#8243; _module_preset=\u00bbdefault\u00bb text_text_color=\u00bb#1A1A1A\u00bb global_colors_info=\u00bb{}\u00bb]El pastor Sajmir, comprometido con el fomento de la diversidad y la inclusi\u00f3n, ha configurado la Iglesia Mosaico como un espacio de culto acogedor y vibrante. Sus atractivos sermones muestran una profunda comprensi\u00f3n b\u00edblica y una genuina preocupaci\u00f3n por el crecimiento espiritual de la congregaci\u00f3n.<\/p>\n<p>Como pastor principal, sirve a la comunidad mediante programas de divulgaci\u00f3n, iniciativas de justicia social y apoyo compasivo. Su c\u00e1lida personalidad, su humildad y su fe aut\u00e9ntica han hecho de \u00e9l un l\u00edder espiritual querido y de confianza.<\/p>\n<p>\u00danete a la Iglesia Mosaico en el inspirador ministerio del pastor Sajmir, mientras caminamos juntos en la fe, descubriendo nuestra identidad en Cristo y abrazando una cultura b\u00edblica.[\/et_pb_text][\/et_pb_column][\/et_pb_row][\/et_pb_section][et_pb_section fb_built=\u00bb1&#8243; _builder_version=\u00bb4.20.4&#8243; _module_preset=\u00bbdefault\u00bb background_color=\u00bb#F3ECE2&#8243; custom_padding=\u00bb50px||50px||true|false\u00bb global_colors_info=\u00bb{}\u00bb][et_pb_row column_structure=\u00bb1_2,1_2&#8243; make_equal=\u00bbon\u00bb _builder_version=\u00bb4.20.4&#8243; _module_preset=\u00bbdefault\u00bb width_tablet=\u00bb80%\u00bb width_phone=\u00bb85%\u00bb width_last_edited=\u00bbon|phone\u00bb global_colors_info=\u00bb{}\u00bb][et_pb_column type=\u00bb1_2&#8243; module_class=\u00bbvertikal-zentrieren\u00bb _builder_version=\u00bb4.20.4&#8243; _module_preset=\u00bbdefault\u00bb global_colors_info=\u00bb{}\u00bb][et_pb_image src=\u00bbhttps:\/\/kishamozaik.al\/wp-content\/uploads\/2023\/04\/Irma-Voka-1.jpg\u00bb alt=\u00bbIrma Voka\u00bb title_text=\u00bbIrma Voka\u00bb _builder_version=\u00bb4.20.4&#8243; _module_preset=\u00bbdefault\u00bb width=\u00bb350px\u00bb module_alignment=\u00bbcenter\u00bb animation_style=\u00bbbounce\u00bb border_radii=\u00bbon|500px|500px|500px|500px\u00bb box_shadow_style=\u00bbpreset2&#8243; global_colors_info=\u00bb{}\u00bb][\/et_pb_image][\/et_pb_column][et_pb_column type=\u00bb1_2&#8243; module_class=\u00bbvertikal-zentrieren\u00bb _builder_version=\u00bb4.20.4&#8243; _module_preset=\u00bbdefault\u00bb global_colors_info=\u00bb{}\u00bb][et_pb_text _builder_version=\u00bb4.20.4&#8243; _module_preset=\u00bbdefault\u00bb header_2_text_align=\u00bbleft\u00bb custom_margin=\u00bb||0px||false|false\u00bb custom_padding=\u00bb||||false|false\u00bb header_2_text_align_tablet=\u00bbcenter\u00bb header_2_text_align_phone=\u00bbcenter\u00bb header_2_text_align_last_edited=\u00bbon|desktop\u00bb global_colors_info=\u00bb{}\u00bb]<\/p>\n<h2>Irma Voka<\/h2>\n<p>[\/et_pb_text][et_pb_text _builder_version=\u00bb4.20.4&#8243; _module_preset=\u00bbdefault\u00bb header_3_font=\u00bb|||on|||||\u00bb header_3_font_size=\u00bb20px\u00bb custom_margin=\u00bb||||false|false\u00bb custom_padding=\u00bb||||false|false\u00bb text_orientation_tablet=\u00bbcenter\u00bb text_orientation_phone=\u00bbcenter\u00bb text_orientation_last_edited=\u00bbon|phone\u00bb global_colors_info=\u00bb{}\u00bb]<\/p>\n<h3>CEO<\/h3>\n<p>[\/et_pb_text][et_pb_text _builder_version=\u00bb4.27.4&#8243; _module_preset=\u00bbdefault\u00bb text_text_color=\u00bb#1A1A1A\u00bb global_colors_info=\u00bb{}\u00bb]<\/p>\n<p>Como Directora General de su iglesia, Irma Voka es responsable de dirigir y gestionar la direcci\u00f3n y la estrategia generales de la organizaci\u00f3n. Su experiencia en gesti\u00f3n, finanzas y asuntos jur\u00eddicos, as\u00ed como su pasi\u00f3n por capacitar a las personas y ayudarlas a encontrar su identidad, la convierten en un activo inestimable para la iglesia.<\/p>\n<p>Destaca en la creaci\u00f3n de un entorno de trabajo positivo que fomenta el crecimiento y el desarrollo, al tiempo que garantiza el mantenimiento de los valores y la misi\u00f3n de la iglesia. Bajo su liderazgo, la iglesia ha experimentado un crecimiento y un \u00e9xito significativos, tanto en t\u00e9rminos de su impacto espiritual como de su estabilidad financiera. Irma Voka es una l\u00edder visionaria comprometida a servir a su comunidad y a ayudar a los dem\u00e1s a alcanzar su pleno potencial.<\/p>\n<p>[\/et_pb_text][\/et_pb_column][\/et_pb_row][\/et_pb_section][et_pb_section fb_built=\u00bb1&#8243; _builder_version=\u00bb4.27.4&#8243; _module_preset=\u00bbdefault\u00bb background_color=\u00bb#FFFFFF\u00bb custom_padding=\u00bb50px||50px||true|false\u00bb hover_enabled=\u00bb0&#8243; global_colors_info=\u00bb{}\u00bb sticky_enabled=\u00bb0&#8243;][et_pb_row column_structure=\u00bb1_2,1_2&#8243; make_equal=\u00bbon\u00bb _builder_version=\u00bb4.20.4&#8243; _module_preset=\u00bbdefault\u00bb width_tablet=\u00bb80%\u00bb width_phone=\u00bb85%\u00bb width_last_edited=\u00bbon|phone\u00bb global_colors_info=\u00bb{}\u00bb][et_pb_column type=\u00bb1_2&#8243; module_class=\u00bbvertikal-zentrieren\u00bb _builder_version=\u00bb4.20.4&#8243; _module_preset=\u00bbdefault\u00bb global_colors_info=\u00bb{}\u00bb][et_pb_image src=\u00bbhttps:\/\/kishamozaik.al\/wp-content\/uploads\/2025\/03\/Ambra-_2.jpg\u00bb alt=\u00bbAmbra Hamzaj\u00bb title_text=\u00bbAmbra Hamzaj\u00bb _builder_version=\u00bb4.27.4&#8243; _module_preset=\u00bbdefault\u00bb width=\u00bb350px\u00bb module_alignment=\u00bbcenter\u00bb animation_style=\u00bbbounce\u00bb border_radii=\u00bbon|500px|500px|500px|500px\u00bb box_shadow_style=\u00bbpreset2&#8243; global_colors_info=\u00bb{}\u00bb][\/et_pb_image][\/et_pb_column][et_pb_column type=\u00bb1_2&#8243; module_class=\u00bbvertikal-zentrieren\u00bb _builder_version=\u00bb4.20.4&#8243; _module_preset=\u00bbdefault\u00bb global_colors_info=\u00bb{}\u00bb][et_pb_text _builder_version=\u00bb4.27.4&#8243; _module_preset=\u00bbdefault\u00bb header_2_text_align=\u00bbleft\u00bb custom_margin=\u00bb||0px||false|false\u00bb custom_padding=\u00bb||||false|false\u00bb header_2_text_align_tablet=\u00bbcenter\u00bb header_2_text_align_phone=\u00bbcenter\u00bb header_2_text_align_last_edited=\u00bbon|desktop\u00bb global_colors_info=\u00bb{}\u00bb]<\/p>\n<h2>Ambra Hamzaj<\/h2>\n<p>[\/et_pb_text][et_pb_text _builder_version=\u00bb4.27.4&#8243; _module_preset=\u00bbdefault\u00bb header_3_font=\u00bb|||on|||||\u00bb header_3_font_size=\u00bb20px\u00bb header_3_line_height=\u00bb1.3em\u00bb custom_margin=\u00bb||||false|false\u00bb custom_padding=\u00bb||||false|false\u00bb text_orientation_tablet=\u00bbcenter\u00bb text_orientation_phone=\u00bbcenter\u00bb text_orientation_last_edited=\u00bbon|phone\u00bb global_colors_info=\u00bb{}\u00bb]<\/p>\n<h3>Coraz\u00f3n del Ministerio de Infancia y Juventud<\/h3>\n<p>[\/et_pb_text][et_pb_text _builder_version=\u00bb4.27.4&#8243; _module_preset=\u00bbdefault\u00bb text_text_color=\u00bb#1A1A1A\u00bb global_colors_info=\u00bb{}\u00bb]Como coraz\u00f3n del ministerio infantil y juvenil, Ambra desempe\u00f1a un papel vital en la formaci\u00f3n de la pr\u00f3xima generaci\u00f3n. Se dedica plenamente a su misi\u00f3n, prestando servicio todos los d\u00edas de 14:00 a 18:00 en diversas funciones para apoyar y capacitar a los j\u00f3venes.  <\/p>\n<p>Su trabajo abarca m\u00faltiples \u00e1reas: proporciona apoyo y alimento acad\u00e9mico en el Programa Extraescolar, cultiva el talento musical en la escuela de m\u00fasica, crea un espacio acogedor en el centro infantil y dirige el culto con pasi\u00f3n y dedicaci\u00f3n. M\u00e1s all\u00e1 de estas funciones clave, siempre est\u00e1 dispuesta a intervenir all\u00ed donde la comunidad eclesial la necesite.  <\/p>\n<p>El compromiso de Ambra de servir a los dem\u00e1s es evidente en todo lo que hace, y su voluntad de crecer continuamente -actualmente aprendiendo ingl\u00e9s- demuestra su dedicaci\u00f3n a la excelencia. Ella es una piedra angular del ministerio, aportando calidez, liderazgo y fe a las vidas de aquellos a quienes sirve.[\/et_pb_text][\/et_pb_column][\/et_pb_row][\/et_pb_section][et_pb_section fb_built=\u00bb1&#8243; _builder_version=\u00bb4.27.4&#8243; _module_preset=\u00bbdefault\u00bb background_color=\u00bb#F3ECE2&#8243; custom_padding=\u00bb50px||50px||true|false\u00bb global_colors_info=\u00bb{}\u00bb][et_pb_row column_structure=\u00bb1_2,1_2&#8243; make_equal=\u00bbon\u00bb _builder_version=\u00bb4.20.4&#8243; _module_preset=\u00bbdefault\u00bb width_tablet=\u00bb80%\u00bb width_phone=\u00bb85%\u00bb width_last_edited=\u00bbon|phone\u00bb global_colors_info=\u00bb{}\u00bb][et_pb_column type=\u00bb1_2&#8243; module_class=\u00bbvertikal-zentrieren\u00bb _builder_version=\u00bb4.20.4&#8243; _module_preset=\u00bbdefault\u00bb global_colors_info=\u00bb{}\u00bb][et_pb_image src=\u00bbhttps:\/\/kishamozaik.al\/wp-content\/uploads\/2025\/03\/Andre-Springhut-0435-sq.jpg.avif\u00bb alt=\u00bbAndr\u00e9 Springhut\u00bb title_text=\u00bbAndr\u00e9 Springhut\u00bb _builder_version=\u00bb4.27.4&#8243; _module_preset=\u00bbdefault\u00bb width=\u00bb350px\u00bb module_alignment=\u00bbcenter\u00bb animation_style=\u00bbbounce\u00bb border_radii=\u00bbon|500px|500px|500px|500px\u00bb box_shadow_style=\u00bbpreset2&#8243; global_colors_info=\u00bb{}\u00bb][\/et_pb_image][\/et_pb_column][et_pb_column type=\u00bb1_2&#8243; module_class=\u00bbvertikal-zentrieren\u00bb _builder_version=\u00bb4.20.4&#8243; _module_preset=\u00bbdefault\u00bb global_colors_info=\u00bb{}\u00bb][et_pb_text _builder_version=\u00bb4.27.4&#8243; _module_preset=\u00bbdefault\u00bb header_2_text_align=\u00bbleft\u00bb custom_margin=\u00bb||0px||false|false\u00bb custom_padding=\u00bb||||false|false\u00bb header_2_text_align_tablet=\u00bbcenter\u00bb header_2_text_align_phone=\u00bbcenter\u00bb header_2_text_align_last_edited=\u00bbon|desktop\u00bb global_colors_info=\u00bb{}\u00bb]<\/p>\n<h2>Andr\u00e9 Springhut<\/h2>\n<p>[\/et_pb_text][et_pb_text _builder_version=\u00bb4.27.4&#8243; _module_preset=\u00bbdefault\u00bb text_font=\u00bb|||on|||||\u00bb header_3_font=\u00bb|||on|||||\u00bb header_3_font_size=\u00bb20px\u00bb custom_margin=\u00bb||||false|false\u00bb custom_padding=\u00bb||||false|false\u00bb text_orientation_tablet=\u00bbcenter\u00bb text_orientation_phone=\u00bbcenter\u00bb text_orientation_last_edited=\u00bbon|phone\u00bb global_colors_info=\u00bb{}\u00bb]Asistente de la Direcci\u00f3n de la Iglesia[\/et_pb_text][et_pb_text _builder_version=\u00bb4.27.4&#8243; _module_preset=\u00bbdefault\u00bb text_text_color=\u00bb#1A1A1A\u00bb global_colors_info=\u00bb{}\u00bb]Como Asistente de la Direcci\u00f3n de la Iglesia, Andr\u00e9 Springhut desempe\u00f1a un papel clave en el fortalecimiento y desarrollo de Kisha Mozaik. Con una pasi\u00f3n por capacitar a los j\u00f3venes adultos y un profundo compromiso con el impacto social, aporta sus diversas habilidades tanto al trabajo visible como al que se realiza entre bastidores.  <\/p>\n<p>Entrena a j\u00f3venes l\u00edderes, ayud\u00e1ndoles a liberar el potencial que Dios les ha dado a trav\u00e9s de la tutor\u00eda individual, seminarios de equipo y atenci\u00f3n pastoral. Tambi\u00e9n predica con regularidad. Al mismo tiempo, garantiza la estabilidad financiera de la iglesia asegurando la financiaci\u00f3n, estableciendo relaciones con los donantes y gestionando el presupuesto y la contabilidad.  <\/p>\n<p>Trabajando en estrecha colaboraci\u00f3n con pastores y l\u00edderes ministeriales, Andr\u00e9 ayuda a crear una estructura saludable en la que el personal pueda prosperar y la iglesia pueda crecer de forma sostenible. Su dedicaci\u00f3n y experiencia hacen de \u00e9l una parte inestimable de la misi\u00f3n y el futuro de la iglesia.[\/et_pb_text][\/et_pb_column][\/et_pb_row][\/et_pb_section][et_pb_section fb_built=\u00bb1&#8243; _builder_version=\u00bb4.20.4&#8243; _module_preset=\u00bbdefault\u00bb background_color=\u00bb#1A1A1A\u00bb custom_margin=\u00bb||||false|false\u00bb custom_padding=\u00bb||||false|false\u00bb global_colors_info=\u00bb{}\u00bb][et_pb_row _builder_version=\u00bb4.20.4&#8243; _module_preset=\u00bbdefault\u00bb custom_margin=\u00bb||||false|false\u00bb global_colors_info=\u00bb{}\u00bb][et_pb_column type=\u00bb4_4&#8243; _builder_version=\u00bb4.20.4&#8243; _module_preset=\u00bbdefault\u00bb global_colors_info=\u00bb{}\u00bb][et_pb_social_media_follow use_icon_font_size=\u00bbon\u00bb icon_font_size=\u00bb40px\u00bb icon_font_size_tablet=\u00bb40px\u00bb icon_font_size_phone=\u00bb30px\u00bb icon_font_size_last_edited=\u00bbon|phone\u00bb _builder_version=\u00bb4.20.4&#8243; _module_preset=\u00bbdefault\u00bb text_orientation=\u00bbcenter\u00bb custom_margin=\u00bb||||false|false\u00bb custom_padding=\u00bb||||false|false\u00bb border_radii=\u00bbon|100px|100px|100px|100px\u00bb global_colors_info=\u00bb{}\u00bb][et_pb_social_media_follow_network social_network=\u00bbinstagram\u00bb url=\u00bbhttps:\/\/www.instagram.com\/mozaiklushnje\/\u00bb _builder_version=\u00bb4.20.4&#8243; _module_preset=\u00bbdefault\u00bb background_color=\u00bb#ea2c59&#8243; border_radii=\u00bbon|100px|100px|100px|100px\u00bb global_colors_info=\u00bb{}\u00bb follow_button=\u00bboff\u00bb url_new_window=\u00bbon\u00bb]instagram[\/et_pb_social_media_follow_network][et_pb_social_media_follow_network social_network=\u00bbfacebook\u00bb url=\u00bbhttps:\/\/www.facebook.com\/mozaiklushnje\u00bb _builder_version=\u00bb4.20.4&#8243; _module_preset=\u00bbdefault\u00bb background_color=\u00bb#3b5998&#8243; custom_margin=\u00bb|40px||40px|false|true\u00bb custom_margin_tablet=\u00bb|40px||40px|false|true\u00bb custom_margin_phone=\u00bb|20px||20px|false|true\u00bb custom_margin_last_edited=\u00bbon|phone\u00bb global_colors_info=\u00bb{}\u00bb follow_button=\u00bboff\u00bb url_new_window=\u00bbon\u00bb]facebook[\/et_pb_social_media_follow_network][et_pb_social_media_follow_network social_network=\u00bbgoogle-plus\u00bb url=\u00bbmailto:mozaiklushnje@yahoo.com\u00bb _builder_version=\u00bb4.20.4&#8243; _module_preset=\u00bbdefault\u00bb background_color=\u00bb#dd4b39&#8243; global_colors_info=\u00bb{}\u00bb follow_button=\u00bboff\u00bb url_new_window=\u00bbon\u00bb]google-plus[\/et_pb_social_media_follow_network][\/et_pb_social_media_follow][\/et_pb_column][\/et_pb_row][\/et_pb_section]<\/p>\n","protected":false},"excerpt":{"rendered":"<p>EL PERSONAL\u00bbDar a conocer la salvaci\u00f3n de Dios y Su obra salvadora entre los hombres, mediante la predicaci\u00f3n, la justicia, la misericordia y el amor\u00bb.Sajmir BrazhdiPastor principalEl pastor Sajmir, comprometido con el fomento de la diversidad y la inclusi\u00f3n, ha configurado la Iglesia Mosaico como un espacio de culto acogedor y vibrante. Sus atractivos sermones [&hellip;]<\/p>\n","protected":false},"author":1,"featured_media":0,"parent":0,"menu_order":0,"comment_status":"closed","ping_status":"closed","template":"","meta":{"_acf_changed":false,"_et_pb_use_builder":"on","_et_pb_old_content":"","_et_gb_content_width":"","footnotes":""},"class_list":["post-2465","page","type-page","status-publish","hentry"],"acf":[],"_links":{"self":[{"href":"https:\/\/kishamozaik.al\/es\/wp-json\/wp\/v2\/pages\/2465","targetHints":{"allow":["GET"]}}],"collection":[{"href":"https:\/\/kishamozaik.al\/es\/wp-json\/wp\/v2\/pages"}],"about":[{"href":"https:\/\/kishamozaik.al\/es\/wp-json\/wp\/v2\/types\/page"}],"author":[{"embeddable":true,"href":"https:\/\/kishamozaik.al\/es\/wp-json\/wp\/v2\/users\/1"}],"replies":[{"embeddable":true,"href":"https:\/\/kishamozaik.al\/es\/wp-json\/wp\/v2\/comments?post=2465"}],"version-history":[{"count":20,"href":"https:\/\/kishamozaik.al\/es\/wp-json\/wp\/v2\/pages\/2465\/revisions"}],"predecessor-version":[{"id":4283,"href":"https:\/\/kishamozaik.al\/es\/wp-json\/wp\/v2\/pages\/2465\/revisions\/4283"}],"wp:attachment":[{"href":"https:\/\/kishamozaik.al\/es\/wp-json\/wp\/v2\/media?parent=2465"}],"curies":[{"name":"wp","href":"https:\/\/api.w.org\/{rel}","templated":true}]}}