{"id":2474,"date":"2023-04-23T12:08:59","date_gmt":"2023-04-23T10:08:59","guid":{"rendered":"https:\/\/kishamozaik.al\/vision\/"},"modified":"2024-05-06T23:13:33","modified_gmt":"2024-05-06T21:13:33","slug":"vision","status":"publish","type":"page","link":"https:\/\/kishamozaik.al\/es\/vision\/","title":{"rendered":"Visi\u00f3n"},"content":{"rendered":"<p>[et_pb_section fb_built=\u00bb1&#8243; _builder_version=\u00bb4.20.4&#8243; _module_preset=\u00bbdefault\u00bb background_color=\u00bbrgba(164,111,32,0.13)\u00bb custom_padding=\u00bb80px||80px||true|false\u00bb global_colors_info=\u00bb{}\u00bb][et_pb_row make_equal=\u00bbon\u00bb _builder_version=\u00bb4.20.4&#8243; _module_preset=\u00bbdefault\u00bb custom_margin=\u00bb||||false|false\u00bb custom_padding=\u00bb0px||0px||false|false\u00bb global_colors_info=\u00bb{}\u00bb][et_pb_column type=\u00bb4_4&#8243; module_class=\u00bbvertikal-zentrieren\u00bb _builder_version=\u00bb4.20.4&#8243; _module_preset=\u00bbdefault\u00bb global_colors_info=\u00bb{}\u00bb][et_pb_image src=\u00bbhttps:\/\/kishamozaik.al\/wp-content\/uploads\/2023\/04\/kisha-mozaik-logo-text-800.png\u00bb alt=\u00bbKisha Mozaik\u00bb title_text=\u00bbKisha Mozaik\u00bb align=\u00bbcenter\u00bb _builder_version=\u00bb4.24.3&#8243; _module_preset=\u00bbdefault\u00bb global_colors_info=\u00bb{}\u00bb][\/et_pb_image][et_pb_text _builder_version=\u00bb4.21.0&#8243; _module_preset=\u00bbdefault\u00bb header_3_font=\u00bbnothing-you-can-do-l||||||||\u00bb header_3_text_align=\u00bbcenter\u00bb header_3_text_color=\u00bb#D3702C\u00bb header_3_font_size=\u00bb36px\u00bb custom_margin=\u00bb-30px||||false|false\u00bb animation_style=\u00bbslide\u00bb animation_direction=\u00bbright\u00bb header_3_font_size_tablet=\u00bb36px\u00bb header_3_font_size_phone=\u00bb7vw\u00bb header_3_font_size_last_edited=\u00bbon|phone\u00bb locked=\u00bboff\u00bb global_colors_info=\u00bb{}\u00bb]<\/p>\n<h3>Celebrar las diferencias<\/h3>\n<p>[\/et_pb_text][\/et_pb_column][\/et_pb_row][\/et_pb_section][et_pb_section fb_built=\u00bb1&#8243; _builder_version=\u00bb4.20.4&#8243; _module_preset=\u00bbdefault\u00bb background_color=\u00bb#FFFFFF\u00bb custom_padding=\u00bb80px||80px||true|false\u00bb global_colors_info=\u00bb{}\u00bb][et_pb_row column_structure=\u00bb2_5,3_5&#8243; make_equal=\u00bbon\u00bb _builder_version=\u00bb4.20.4&#8243; _module_preset=\u00bbdefault\u00bb custom_margin=\u00bb||||false|false\u00bb custom_padding=\u00bb0px||0px||false|false\u00bb global_colors_info=\u00bb{}\u00bb][et_pb_column type=\u00bb2_5&#8243; module_class=\u00bbvertikal-zentrieren\u00bb _builder_version=\u00bb4.20.4&#8243; _module_preset=\u00bbdefault\u00bb global_colors_info=\u00bb{}\u00bb][et_pb_blurb title=\u00bbNuestra visi\u00f3n\u00bb image=\u00bbhttps:\/\/kishamozaik.al\/wp-content\/uploads\/2023\/04\/kisha-mozaik-logo.jpg\u00bb alt=\u00bbKisha Mozaik Lushnje\u00bb icon_placement=\u00bbleft\u00bb image_icon_width=\u00bb80px\u00bb _builder_version=\u00bb4.20.4&#8243; _module_preset=\u00bbdefault\u00bb header_font=\u00bb|700||on|||||\u00bb header_text_color=\u00bb#D3702C\u00bb header_font_size=\u00bb40px\u00bb image_icon_custom_margin=\u00bb-15px|20px|||false|false\u00bb global_colors_info=\u00bb{}\u00bb][\/et_pb_blurb][\/et_pb_column][et_pb_column type=\u00bb3_5&#8243; _builder_version=\u00bb4.20.4&#8243; _module_preset=\u00bbdefault\u00bb global_colors_info=\u00bb{}\u00bb][et_pb_text _builder_version=\u00bb4.21.0&#8243; _module_preset=\u00bbdefault\u00bb header_3_font=\u00bbnothing-you-can-do-l||||||||\u00bb header_3_text_align=\u00bbcenter\u00bb header_3_text_color=\u00bb#D3702C\u00bb header_3_font_size=\u00bb36px\u00bb animation_style=\u00bbslide\u00bb animation_direction=\u00bbright\u00bb header_3_font_size_tablet=\u00bb36px\u00bb header_3_font_size_phone=\u00bb7vw\u00bb header_3_font_size_last_edited=\u00bbon|phone\u00bb locked=\u00bboff\u00bb global_colors_info=\u00bb{}\u00bb]<\/p>\n<h3>\u00abVer Comunidades que viven en la Diversidad, encuentran su Identidad en Cristo y viven en una Cultura B\u00edblica\u00bb<\/h3>\n<p>[\/et_pb_text][\/et_pb_column][\/et_pb_row][\/et_pb_section][et_pb_section fb_built=\u00bb1&#8243; _builder_version=\u00bb4.20.4&#8243; _module_preset=\u00bbdefault\u00bb background_color=\u00bbrgba(164,111,32,0.13)\u00bb custom_padding=\u00bb80px||80px||true|false\u00bb global_colors_info=\u00bb{}\u00bb][et_pb_row column_structure=\u00bb2_5,3_5&#8243; make_equal=\u00bbon\u00bb _builder_version=\u00bb4.20.4&#8243; _module_preset=\u00bbdefault\u00bb custom_margin=\u00bb||||false|false\u00bb custom_padding=\u00bb0px||0px||false|false\u00bb global_colors_info=\u00bb{}\u00bb][et_pb_column type=\u00bb2_5&#8243; module_class=\u00bbvertikal-zentrieren\u00bb _builder_version=\u00bb4.20.4&#8243; _module_preset=\u00bbdefault\u00bb global_colors_info=\u00bb{}\u00bb][et_pb_blurb title=\u00bbNuestra misi\u00f3n\u00bb image=\u00bbhttps:\/\/kishamozaik.al\/wp-content\/uploads\/2023\/04\/kisha-mozaik-logo-600.png\u00bb alt=\u00bbKisha Mozaik\u00bb icon_placement=\u00bbleft\u00bb image_icon_width=\u00bb80px\u00bb _builder_version=\u00bb4.20.4&#8243; _module_preset=\u00bbdefault\u00bb header_font=\u00bb|700||on|||||\u00bb header_text_color=\u00bb#D3702C\u00bb header_font_size=\u00bb40px\u00bb image_icon_custom_margin=\u00bb|20px|||false|false\u00bb global_colors_info=\u00bb{}\u00bb][\/et_pb_blurb][\/et_pb_column][et_pb_column type=\u00bb3_5&#8243; _builder_version=\u00bb4.20.4&#8243; _module_preset=\u00bbdefault\u00bb global_colors_info=\u00bb{}\u00bb][et_pb_text _builder_version=\u00bb4.21.0&#8243; _module_preset=\u00bbdefault\u00bb header_3_font=\u00bbnothing-you-can-do-l||||||||\u00bb header_3_text_align=\u00bbcenter\u00bb header_3_text_color=\u00bb#D3702C\u00bb header_3_font_size=\u00bb36px\u00bb animation_style=\u00bbslide\u00bb animation_direction=\u00bbright\u00bb header_3_font_size_tablet=\u00bb36px\u00bb header_3_font_size_phone=\u00bb7vw\u00bb header_3_font_size_last_edited=\u00bbon|phone\u00bb locked=\u00bboff\u00bb global_colors_info=\u00bb{}\u00bb]<\/p>\n<h3>\u00abDar a conocer la redenci\u00f3n de Dios y Su salvaci\u00f3n entre la gente mediante la proclamaci\u00f3n, la justicia, la misericordia y el amor\u00bb.<\/h3>\n<p>[\/et_pb_text][\/et_pb_column][\/et_pb_row][\/et_pb_section][et_pb_section fb_built=\u00bb1&#8243; _builder_version=\u00bb4.20.4&#8243; _module_preset=\u00bbdefault\u00bb background_color=\u00bb#FFFFFF\u00bb custom_padding=\u00bb80px||80px||true|false\u00bb global_colors_info=\u00bb{}\u00bb][et_pb_row column_structure=\u00bb2_5,3_5&#8243; make_equal=\u00bbon\u00bb _builder_version=\u00bb4.20.4&#8243; _module_preset=\u00bbdefault\u00bb custom_margin=\u00bb||||false|false\u00bb custom_padding=\u00bb0px||0px||false|false\u00bb global_colors_info=\u00bb{}\u00bb][et_pb_column type=\u00bb2_5&#8243; _builder_version=\u00bb4.20.4&#8243; _module_preset=\u00bbdefault\u00bb global_colors_info=\u00bb{}\u00bb][et_pb_blurb title=\u00bbNuestros valores\u00bb image=\u00bbhttps:\/\/kishamozaik.al\/wp-content\/uploads\/2023\/04\/kisha-mozaik-logo.jpg\u00bb alt=\u00bbKisha Mozaik Lushnje\u00bb icon_placement=\u00bbleft\u00bb image_icon_width=\u00bb80px\u00bb _builder_version=\u00bb4.20.4&#8243; _module_preset=\u00bbdefault\u00bb header_font=\u00bb|700||on|||||\u00bb header_text_color=\u00bb#D3702C\u00bb header_font_size=\u00bb40px\u00bb image_icon_custom_margin=\u00bb-15px|20px|||false|false\u00bb global_colors_info=\u00bb{}\u00bb][\/et_pb_blurb][\/et_pb_column][et_pb_column type=\u00bb3_5&#8243; _builder_version=\u00bb4.20.4&#8243; _module_preset=\u00bbdefault\u00bb global_colors_info=\u00bb{}\u00bb][et_pb_accordion open_toggle_text_color=\u00bb#D3702C\u00bb closed_toggle_background_color=\u00bb#F3ECE2&#8243; icon_color=\u00bb#D3702C\u00bb use_icon_font_size=\u00bbon\u00bb icon_font_size=\u00bb25px\u00bb _builder_version=\u00bb4.24.3&#8243; _module_preset=\u00bbdefault\u00bb toggle_text_color=\u00bb#D3702C\u00bb toggle_font=\u00bb|700|||||||\u00bb toggle_font_size=\u00bb20px\u00bb border_radii=\u00bbon|7px|7px|7px|7px\u00bb border_width_all=\u00bb0px\u00bb global_colors_info=\u00bb{}\u00bb][et_pb_accordion_item title=\u00bbficticia\u00bb open=\u00bbon\u00bb _builder_version=\u00bb4.20.4&#8243; _module_preset=\u00bbdefault\u00bb custom_css_main_element=\u00bbdisplay:none;\u00bb global_colors_info=\u00bb{}\u00bb][\/et_pb_accordion_item][et_pb_accordion_item title=\u00bbBIBLIA &#8211; Somos una iglesia basada en la Biblia\u00bb _builder_version=\u00bb4.20.4&#8243; _module_preset=\u00bbdefault\u00bb global_colors_info=\u00bb{}\u00bb open=\u00bboff\u00bb]Estamos comprometidos con la Biblia como Palabra de Dios y nuestra m\u00e1xima autoridad para el gobierno y la pr\u00e1ctica.[\/et_pb_accordion_item][et_pb_accordion_item title=\u00bbCRISTO &#8211; Ejemplo\u00bb _builder_version=\u00bb4.20.4&#8243; _module_preset=\u00bbdefault\u00bb global_colors_info=\u00bb{}\u00bb open=\u00bboff\u00bb]Estamos juntos en un viaje de fe. Dependemos del poder transformador de Dios.[\/et_pb_accordion_item][et_pb_accordion_item title=\u00bbRELACIONES\u00bb _builder_version=\u00bb4.20.4&#8243; _module_preset=\u00bbdefault\u00bb global_colors_info=\u00bb{}\u00bb open=\u00bboff\u00bb]Invertimos en las vidas de los dem\u00e1s.<br \/>\nCompartimos las cargas unos con otros y nos alegramos de las victorias de los dem\u00e1s.<br \/>\nConsideramos a los dem\u00e1s m\u00e1s importantes que nosotros mismos.[\/et_pb_accordion_item][et_pb_accordion_item title=\u00bbCONFIANDO LOS UNOS EN LOS OTROS\u00bb _builder_version=\u00bb4.20.4&#8243; _module_preset=\u00bbdefault\u00bb global_colors_info=\u00bb{}\u00bb open=\u00bboff\u00bb]Hacemos lo correcto.<br \/>\nHacemos lo que decimos, nos decimos la verdad.[\/et_pb_accordion_item][et_pb_accordion_item title=\u00bbTRABAJO EN EQUIPO\u00bb _builder_version=\u00bb4.20.4&#8243; _module_preset=\u00bbdefault\u00bb global_colors_info=\u00bb{}\u00bb open=\u00bboff\u00bb]Invitamos a los dem\u00e1s a aportar ideas y pensamientos. Impulsamos las capacidades y dones \u00fanicos de cada uno. Tenemos la autoridad que corresponde a nuestro nivel de responsabilidad. Nos reunimos con fines comunes.[\/et_pb_accordion_item][et_pb_accordion_item title=\u00bbDIVERSIDAD\u00bb _builder_version=\u00bb4.24.3&#8243; _module_preset=\u00bbdefault\u00bb global_colors_info=\u00bb{}\u00bb open=\u00bboff\u00bb]<\/p>\n<p><span>Somos una iglesia unificada.<\/span><\/p>\n<p>[\/et_pb_accordion_item][\/et_pb_accordion][\/et_pb_column][\/et_pb_row][\/et_pb_section][et_pb_section fb_built=\u00bb1&#8243; _builder_version=\u00bb4.20.4&#8243; _module_preset=\u00bbdefault\u00bb background_color=\u00bbrgba(164,111,32,0.13)\u00bb custom_padding=\u00bb80px||80px||true|false\u00bb global_colors_info=\u00bb{}\u00bb][et_pb_row column_structure=\u00bb2_5,3_5&#8243; make_equal=\u00bbon\u00bb _builder_version=\u00bb4.20.4&#8243; _module_preset=\u00bbdefault\u00bb custom_margin=\u00bb||||false|false\u00bb custom_padding=\u00bb0px||0px||false|false\u00bb global_colors_info=\u00bb{}\u00bb][et_pb_column type=\u00bb2_5&#8243; _builder_version=\u00bb4.20.4&#8243; _module_preset=\u00bbdefault\u00bb global_colors_info=\u00bb{}\u00bb][et_pb_blurb title=\u00bbNuestra doctrina\u00bb image=\u00bbhttps:\/\/kishamozaik.al\/wp-content\/uploads\/2023\/04\/kisha-mozaik-logo-600.png\u00bb alt=\u00bbKisha Mozaik\u00bb icon_placement=\u00bbleft\u00bb image_icon_width=\u00bb80px\u00bb _builder_version=\u00bb4.20.4&#8243; _module_preset=\u00bbdefault\u00bb header_font=\u00bb|700||on|||||\u00bb header_text_color=\u00bb#D3702C\u00bb header_font_size=\u00bb40px\u00bb image_icon_custom_margin=\u00bb|20px|||false|false\u00bb global_colors_info=\u00bb{}\u00bb][\/et_pb_blurb][\/et_pb_column][et_pb_column type=\u00bb3_5&#8243; _builder_version=\u00bb4.20.4&#8243; _module_preset=\u00bbdefault\u00bb global_colors_info=\u00bb{}\u00bb][et_pb_accordion open_toggle_text_color=\u00bb#D3702C\u00bb closed_toggle_background_color=\u00bb#FFFFFF\u00bb icon_color=\u00bb#D3702C\u00bb use_icon_font_size=\u00bbon\u00bb icon_font_size=\u00bb25px\u00bb _builder_version=\u00bb4.20.4&#8243; _module_preset=\u00bbdefault\u00bb toggle_text_color=\u00bb#D3702C\u00bb toggle_font=\u00bb|700|||||||\u00bb toggle_font_size=\u00bb20px\u00bb border_radii=\u00bbon|7px|7px|7px|7px\u00bb border_width_all=\u00bb0px\u00bb global_colors_info=\u00bb{}\u00bb][et_pb_accordion_item title=\u00bbficticia\u00bb open=\u00bbon\u00bb _builder_version=\u00bb4.20.4&#8243; _module_preset=\u00bbdefault\u00bb custom_css_main_element=\u00bbdisplay:none;\u00bb global_colors_info=\u00bb{}\u00bb][\/et_pb_accordion_item][et_pb_accordion_item title=\u00bbBIBLIA  \u00bb _builder_version=\u00bb4.20.4&#8243; _module_preset=\u00bbdefault\u00bb global_colors_info=\u00bb{}\u00bb open=\u00bboff\u00bb]<\/p>\n<p><span>\u00abCreemos que Dios ha hablado en las Escrituras, tanto del Antiguo como del Nuevo Testamento, a trav\u00e9s de las palabras de autores humanos. Como Palabra inspirada de Dios, la Biblia no contiene errores en los escritos originales, es la revelaci\u00f3n completa de Su voluntad de salvaci\u00f3n y la autoridad suprema por la que debe juzgarse todo \u00e1mbito de conocimiento y esfuerzo humanos. Por tanto, debemos creer todo lo que ense\u00f1a, obedecer todo lo que ordena y confiar en todo lo que promete\u00bb.<\/span><\/p>\n<p>[\/et_pb_accordion_item][et_pb_accordion_item title=\u00bbTRINIDAD\u00bb _builder_version=\u00bb4.20.4&#8243; _module_preset=\u00bbdefault\u00bb global_colors_info=\u00bb{}\u00bb open=\u00bboff\u00bb]<\/p>\n<p><span>\u00abDios existe en relaci\u00f3n consigo mismo desde toda la eternidad. Existe como una sustancia en tres personas: el Padre, el Hijo y el Esp\u00edritu Santo. Aunque cada miembro de la Trinidad desempe\u00f1a funciones diferentes, cada uno de ellos tiene igual poder y autoridad\u00bb.<\/span><\/p>\n<p>[\/et_pb_accordion_item][et_pb_accordion_item title=\u00bbLA CONDICI\u00d3N HUMANA\u00bb _builder_version=\u00bb4.20.4&#8243; _module_preset=\u00bbdefault\u00bb global_colors_info=\u00bb{}\u00bb open=\u00bboff\u00bb]<\/p>\n<p><span>\u00abCreemos que Dios cre\u00f3 a Ad\u00e1n y Eva a Su imagen, pero pecaron cuando fueron tentados por Satan\u00e1s. En uni\u00f3n con Ad\u00e1n, los seres humanos somos pecadores por naturaleza y por elecci\u00f3n, alejados de Dios bajo Su ira. S\u00f3lo mediante la obra salvadora de Dios en Jesucristo podemos ser rescatados, reconciliados y renovados.\u00bb<\/span><\/p>\n<p>[\/et_pb_accordion_item][et_pb_accordion_item title=\u00bbSALVACI\u00d3N\u00bb _builder_version=\u00bb4.20.4&#8243; _module_preset=\u00bbdefault\u00bb global_colors_info=\u00bb{}\u00bb open=\u00bboff\u00bb]<\/p>\n<p><span>\u00abCreemos que una persona se salva mediante el arrepentimiento y la fe en la obra consumada de Cristo. La salvaci\u00f3n es s\u00f3lo por gracia\u00bb.<\/span><\/p>\n<p>[\/et_pb_accordion_item][et_pb_accordion_item title=\u00bbJESUCRISTO\u00bb _builder_version=\u00bb4.20.4&#8243; _module_preset=\u00bbdefault\u00bb global_colors_info=\u00bb{}\u00bb open=\u00bboff\u00bb]<\/p>\n<p><span>\u00abCreemos que Jesucristo es el Se\u00f1or encarnado, plenamente Dios y plenamente hombre, una sola persona en dos naturalezas. Jes\u00fas, el Mes\u00edas prometido de Israel, fue concebido por el Esp\u00edritu Santo y naci\u00f3 de la virgen Mar\u00eda. Vivi\u00f3 una vida sin pecado, fue crucificado bajo Poncio Pilato, resucit\u00f3 corporalmente de entre los muertos, ascendi\u00f3 al cielo y est\u00e1 sentado a la diestra de Dios Padre como nuestro sumo sacerdote y abogado.\u00bb<\/span><\/p>\n<p>[\/et_pb_accordion_item][et_pb_accordion_item title=\u00bbLA OBRA DE CRISTO\u00bb _builder_version=\u00bb4.20.4&#8243; _module_preset=\u00bbdefault\u00bb global_colors_info=\u00bb{}\u00bb open=\u00bboff\u00bb]<\/p>\n<p><span>\u00abCreemos que Jesucristo, como nuestro representante y sustituto, derram\u00f3 Su sangre en la cruz como sacrificio perfecto y suficiente por nuestros pecados. Su muerte y resurrecci\u00f3n victoriosa constituyen el \u00fanico fundamento de la salvaci\u00f3n.\u00bb<\/span><\/p>\n<p>[\/et_pb_accordion_item][et_pb_accordion_item title=\u00bbEL ESP\u00cdRITU SANTO\u00bb _builder_version=\u00bb4.20.4&#8243; _module_preset=\u00bbdefault\u00bb global_colors_info=\u00bb{}\u00bb open=\u00bboff\u00bb]<\/p>\n<p><span>\u00abCreemos que el Esp\u00edritu Santo, en todo lo que hace, glorifica al Se\u00f1or Jesucristo. Creemos en la personalidad y deidad del Esp\u00edritu Santo. \u00c9l tambi\u00e9n convence, regenera, gu\u00eda, equipa y capacita a los creyentes para la vida y el servicio en Cristo.\u00bb<\/span><\/p>\n<p>[\/et_pb_accordion_item][et_pb_accordion_item title=\u00bbLA IGLESIA\u00bb _builder_version=\u00bb4.20.4&#8243; _module_preset=\u00bbdefault\u00bb global_colors_info=\u00bb{}\u00bb open=\u00bboff\u00bb]<\/p>\n<p><span>Creemos que la verdadera Iglesia incluye a todos los que se salvan por la gracia de Dios mediante la fe s\u00f3lo en Cristo. Est\u00e1n unidos por el Esp\u00edritu Santo en el cuerpo de Cristo, del que \u00c9l es la cabeza. La verdadera Iglesia se manifiesta en iglesias locales, cuyos miembros deben estar formados s\u00f3lo por creyentes. El deber de la Iglesia es el culto a Dios, la perfecci\u00f3n de los santos y la evangelizaci\u00f3n del mundo.<\/span><\/p>\n<p>[\/et_pb_accordion_item][et_pb_accordion_item title=\u00bbVIDA CRISTIANA\u00bb _builder_version=\u00bb4.20.4&#8243; _module_preset=\u00bbdefault\u00bb global_colors_info=\u00bb{}\u00bb open=\u00bboff\u00bb]<\/p>\n<p><span>Creemos que la gracia justificadora de Dios no debe separarse de su poder y prop\u00f3sito santificadores. Dios nos ordena que le amemos a \u00c9l supremamente y a los dem\u00e1s con sacrificio, y que vivamos nuestra fe cuid\u00e1ndonos los unos a los otros, teniendo compasi\u00f3n de los pobres y haciendo justicia a los oprimidos. Con la Palabra de Dios, el poder del Esp\u00edritu y la oraci\u00f3n ferviente en el nombre de Cristo, debemos luchar contra las fuerzas espirituales del mal. En obediencia a la comisi\u00f3n de Cristo, debemos hacer disc\u00edpulos entre todos los pueblos, dando siempre testimonio del Evangelio de palabra y obra.<\/span><\/p>\n<p>[\/et_pb_accordion_item][et_pb_accordion_item title=\u00bbEL RETORNO DE CRISTO\u00bb _builder_version=\u00bb4.20.4&#8243; _module_preset=\u00bbdefault\u00bb global_colors_info=\u00bb{}\u00bb open=\u00bboff\u00bb]<\/p>\n<p><span>Creemos en el regreso personal y corporal de nuestro Se\u00f1or Jesucristo para cumplir nuestra salvaci\u00f3n y establecer Su glorioso reino. La venida de Cristo se producir\u00e1 en un momento que s\u00f3lo Dios conoce, y como nuestra bendita esperanza, motiva a los creyentes a vivir de una manera piadosa de servicio, sacrificio y misi\u00f3n en\u00e9rgica.<\/span><\/p>\n<p>[\/et_pb_accordion_item][et_pb_accordion_item title=\u00bbDOCTRINA DEL DIABLO\u00bb _builder_version=\u00bb4.20.4&#8243; _module_preset=\u00bbdefault\u00bb global_colors_info=\u00bb{}\u00bb open=\u00bboff\u00bb]<\/p>\n<p><span>Creemos en la realidad y personalidad del diablo y en el juicio final en el lago de fuego para \u00e9l y sus \u00e1ngeles.<\/span><\/p>\n<p>[\/et_pb_accordion_item][\/et_pb_accordion][\/et_pb_column][\/et_pb_row][\/et_pb_section][et_pb_section fb_built=\u00bb1&#8243; _builder_version=\u00bb4.20.4&#8243; _module_preset=\u00bbdefault\u00bb background_color=\u00bb#1A1A1A\u00bb custom_margin=\u00bb||||false|false\u00bb custom_padding=\u00bb||||false|false\u00bb global_colors_info=\u00bb{}\u00bb][et_pb_row _builder_version=\u00bb4.20.4&#8243; _module_preset=\u00bbdefault\u00bb custom_margin=\u00bb||||false|false\u00bb global_colors_info=\u00bb{}\u00bb][et_pb_column type=\u00bb4_4&#8243; _builder_version=\u00bb4.20.4&#8243; _module_preset=\u00bbdefault\u00bb global_colors_info=\u00bb{}\u00bb][et_pb_social_media_follow use_icon_font_size=\u00bbon\u00bb icon_font_size=\u00bb40px\u00bb icon_font_size_tablet=\u00bb40px\u00bb icon_font_size_phone=\u00bb30px\u00bb icon_font_size_last_edited=\u00bbon|phone\u00bb _builder_version=\u00bb4.20.4&#8243; _module_preset=\u00bbdefault\u00bb text_orientation=\u00bbcenter\u00bb custom_margin=\u00bb||||false|false\u00bb custom_padding=\u00bb||||false|false\u00bb border_radii=\u00bbon|100px|100px|100px|100px\u00bb global_colors_info=\u00bb{}\u00bb][et_pb_social_media_follow_network social_network=\u00bbinstagram\u00bb url=\u00bbhttps:\/\/www.instagram.com\/mozaiklushnje\/\u00bb _builder_version=\u00bb4.20.4&#8243; _module_preset=\u00bbdefault\u00bb background_color=\u00bb#ea2c59&#8243; border_radii=\u00bbon|100px|100px|100px|100px\u00bb global_colors_info=\u00bb{}\u00bb follow_button=\u00bboff\u00bb url_new_window=\u00bbon\u00bb]instagram[\/et_pb_social_media_follow_network][et_pb_social_media_follow_network social_network=\u00bbfacebook\u00bb url=\u00bbhttps:\/\/www.facebook.com\/mozaiklushnje\u00bb _builder_version=\u00bb4.20.4&#8243; _module_preset=\u00bbdefault\u00bb background_color=\u00bb#3b5998&#8243; custom_margin=\u00bb|40px||40px|false|true\u00bb custom_margin_tablet=\u00bb|40px||40px|false|true\u00bb custom_margin_phone=\u00bb|20px||20px|false|true\u00bb custom_margin_last_edited=\u00bbon|phone\u00bb global_colors_info=\u00bb{}\u00bb follow_button=\u00bboff\u00bb url_new_window=\u00bbon\u00bb]facebook[\/et_pb_social_media_follow_network][et_pb_social_media_follow_network social_network=\u00bbgoogle-plus\u00bb url=\u00bbmailto:mozaiklushnje@yahoo.com\u00bb _builder_version=\u00bb4.20.4&#8243; _module_preset=\u00bbdefault\u00bb background_color=\u00bb#dd4b39&#8243; global_colors_info=\u00bb{}\u00bb follow_button=\u00bboff\u00bb url_new_window=\u00bbon\u00bb]google-plus[\/et_pb_social_media_follow_network][\/et_pb_social_media_follow][\/et_pb_column][\/et_pb_row][\/et_pb_section]<\/p>\n","protected":false},"excerpt":{"rendered":"<p>Celebrar las diferencias\u00bbVer Comunidades que viven en la Diversidad, encuentran su Identidad en Cristo y viven en una Cultura B\u00edblica\u00bb\u00bbDar a conocer la redenci\u00f3n de Dios y Su salvaci\u00f3n entre la gente mediante la proclamaci\u00f3n, la justicia, la misericordia y el amor\u00bb.Estamos comprometidos con la Biblia como Palabra de Dios y nuestra m\u00e1xima autoridad para [&hellip;]<\/p>\n","protected":false},"author":1,"featured_media":0,"parent":0,"menu_order":0,"comment_status":"closed","ping_status":"closed","template":"","meta":{"_acf_changed":false,"_et_pb_use_builder":"on","_et_pb_old_content":"","_et_gb_content_width":"","footnotes":""},"class_list":["post-2474","page","type-page","status-publish","hentry"],"acf":[],"_links":{"self":[{"href":"https:\/\/kishamozaik.al\/es\/wp-json\/wp\/v2\/pages\/2474","targetHints":{"allow":["GET"]}}],"collection":[{"href":"https:\/\/kishamozaik.al\/es\/wp-json\/wp\/v2\/pages"}],"about":[{"href":"https:\/\/kishamozaik.al\/es\/wp-json\/wp\/v2\/types\/page"}],"author":[{"embeddable":true,"href":"https:\/\/kishamozaik.al\/es\/wp-json\/wp\/v2\/users\/1"}],"replies":[{"embeddable":true,"href":"https:\/\/kishamozaik.al\/es\/wp-json\/wp\/v2\/comments?post=2474"}],"version-history":[{"count":5,"href":"https:\/\/kishamozaik.al\/es\/wp-json\/wp\/v2\/pages\/2474\/revisions"}],"predecessor-version":[{"id":2479,"href":"https:\/\/kishamozaik.al\/es\/wp-json\/wp\/v2\/pages\/2474\/revisions\/2479"}],"wp:attachment":[{"href":"https:\/\/kishamozaik.al\/es\/wp-json\/wp\/v2\/media?parent=2474"}],"curies":[{"name":"wp","href":"https:\/\/api.w.org\/{rel}","templated":true}]}}