{"id":3100,"date":"2023-04-23T11:17:10","date_gmt":"2023-04-23T09:17:10","guid":{"rendered":"https:\/\/kishamozaik.al\/personeel\/"},"modified":"2025-09-23T13:21:53","modified_gmt":"2025-09-23T11:21:53","slug":"personeel","status":"publish","type":"page","link":"https:\/\/kishamozaik.al\/nl\/personeel\/","title":{"rendered":"Personeel"},"content":{"rendered":"<p>[et_pb_section fb_built=&#8221;1&#8243; admin_label=&#8221;section&#8221; _builder_version=&#8221;4.21.0&#8243; background_color=&#8221;#1A1A1A&#8221; background_enable_image=&#8221;off&#8221; background_position=&#8221;top_center&#8221; background_vertical_offset=&#8221;16%&#8221; background_blend=&#8221;multiply&#8221; custom_margin=&#8221;0px||||false|false&#8221; custom_padding=&#8221;0px||0px||false|false&#8221; top_divider_color=&#8221;#ffffff&#8221; top_divider_height=&#8221;24px&#8221; top_divider_arrangement=&#8221;above_content&#8221; bottom_divider_style=&#8221;curve&#8221; bottom_divider_color=&#8221;#1A1A1A&#8221; bottom_divider_height=&#8221;36px&#8221; bottom_divider_flip=&#8221;vertical&#8221; bottom_divider_arrangement=&#8221;above_content&#8221; bottom_divider_height_tablet=&#8221;36px&#8221; bottom_divider_height_phone=&#8221;24px&#8221; bottom_divider_height_last_edited=&#8221;on|phone&#8221; global_colors_info=&#8221;{}&#8221;][et_pb_row make_equal=&#8221;on&#8221; custom_padding_last_edited=&#8221;on|phone&#8221; admin_label=&#8221;rij&#8221; _builder_version=&#8221;4.21.0&#8243; background_enable_image=&#8221;off&#8221; background_position=&#8221;top_left&#8221; background_vertical_offset=&#8221;18%&#8221; background_repeat=&#8221;repeat&#8221; width=&#8221;100%&#8221; max_width=&#8221;2560px&#8221; height=&#8221;60vh&#8221; height_tablet=&#8221;50vh&#8221; height_phone=&#8221;45vh&#8221; height_last_edited=&#8221;on|phone&#8221; custom_margin=&#8221;0px||0px||false|false&#8221; custom_padding=&#8221;||||true|false&#8221; custom_padding_tablet=&#8221;30px||30px||true|false&#8221; custom_padding_phone=&#8221;30px||30px||true|false&#8221; background_last_edited=&#8221;on|phone&#8221; background_position_phone=&#8221;center&#8221; custom_css_main_element=&#8221;display: flex;||flex-direction: column;||justify-content: center;&#8221; global_colors_info=&#8221;{}&#8221;][et_pb_column type=&#8221;4_4&#8243; _builder_version=&#8221;4.21.0&#8243; custom_padding=&#8221;|||&#8221; global_colors_info=&#8221;{}&#8221; custom_padding__hover=&#8221;|||&#8221;][et_pb_text _builder_version=&#8221;4.20.4&#8243; _module_preset=&#8221;default&#8221; header_font=&#8221;|700|||||||&#8221; header_text_align=&#8221;center&#8221; header_text_color=&#8221;#FFFFFF&#8221; header_font_size=&#8221;90px&#8221; custom_margin=&#8221;2%||||false|false&#8221; header_font_size_tablet=&#8221;90px&#8221; header_font_size_phone=&#8221;12vw&#8221; header_font_size_last_edited=&#8221;on|phone&#8221; header_text_shadow_style=&#8221;preset2&#8243; global_colors_info=&#8221;{}&#8221;]<\/p>\n<h1>HET PERSONEEL<\/h1>\n<p>[\/et_pb_text][et_pb_text _builder_version=&#8221;4.21.0&#8243; _module_preset=&#8221;default&#8221; header_3_font=&#8221;nothing-you-can-do-l||||||||&#8221; header_3_text_align=&#8221;center&#8221; header_3_text_color=&#8221;#FFFFFF&#8221; header_3_font_size=&#8221;36px&#8221; width=&#8221;50%&#8221; width_tablet=&#8221;80%&#8221; width_phone=&#8221;81%&#8221; width_last_edited=&#8221;on|phone&#8221; module_alignment=&#8221;center&#8221; header_3_font_size_tablet=&#8221;36px&#8221; header_3_font_size_phone=&#8221;7vw&#8221; header_3_font_size_last_edited=&#8221;on|phone&#8221; locked=&#8221;off&#8221; global_colors_info=&#8221;{}&#8221;]<\/p>\n<h3>&#8220;Het bekend maken van Gods heil en Zijn verlossende werk onder mensen, door prediking, gerechtigheid, barmhartigheid en liefde.&#8221;<\/h3>\n<p>[\/et_pb_text][\/et_pb_column][\/et_pb_row][\/et_pb_section][et_pb_section fb_built=&#8221;1&#8243; _builder_version=&#8221;4.20.4&#8243; _module_preset=&#8221;default&#8221; background_color=&#8221;#FFFFFF&#8221; custom_padding=&#8221;50px||50px||true|false&#8221; global_colors_info=&#8221;{}&#8221;][et_pb_row column_structure=&#8221;1_2,1_2&#8243; make_equal=&#8221;on&#8221; _builder_version=&#8221;4.20.4&#8243; _module_preset=&#8221;default&#8221; width_tablet=&#8221;80%&#8221; width_phone=&#8221;85%&#8221; width_last_edited=&#8221;on|phone&#8221; global_colors_info=&#8221;{}&#8221;][et_pb_column type=&#8221;1_2&#8243; module_class=&#8221;vertikal-zentrieren&#8221; _builder_version=&#8221;4.20.4&#8243; _module_preset=&#8221;default&#8221; global_colors_info=&#8221;{}&#8221;][et_pb_image src=&#8221;https:\/\/kishamozaik.al\/wp-content\/uploads\/2023\/04\/Sajmir-and-Irma.jpeg&#8221; alt=&#8221;Sajmir en Irma&#8221; title_text=&#8221;Sajmir en Irma&#8221; _builder_version=&#8221;4.20.4&#8243; _module_preset=&#8221;default&#8221; width=&#8221;350px&#8221; module_alignment=&#8221;center&#8221; animation_style=&#8221;bounce&#8221; border_radii=&#8221;on|500px|500px|500px|500px&#8221; box_shadow_style=&#8221;preset2&#8243; global_colors_info=&#8221;{}&#8221;][\/et_pb_image][\/et_pb_column][et_pb_column type=&#8221;1_2&#8243; module_class=&#8221;vertikal-zentrieren&#8221; _builder_version=&#8221;4.20.4&#8243; _module_preset=&#8221;default&#8221; global_colors_info=&#8221;{}&#8221;][et_pb_text _builder_version=&#8221;4.21.0&#8243; _module_preset=&#8221;default&#8221; header_2_text_align=&#8221;left&#8221; custom_margin=&#8221;||0px||false|false&#8221; custom_padding=&#8221;||||false|false&#8221; header_2_text_align_tablet=&#8221;center&#8221; header_2_text_align_phone=&#8221;center&#8221; header_2_text_align_last_edited=&#8221;on|desktop&#8221; global_colors_info=&#8221;{}&#8221;]<\/p>\n<h2>Sajmir Brazhdi<\/h2>\n<p>[\/et_pb_text][et_pb_text _builder_version=&#8221;4.20.4&#8243; _module_preset=&#8221;default&#8221; header_2_text_align=&#8221;center&#8221; header_3_font=&#8221;|||on|||||&#8221; header_3_font_size=&#8221;20px&#8221; custom_margin=&#8221;||||false|false&#8221; custom_padding=&#8221;||||false|false&#8221; text_orientation_tablet=&#8221;center&#8221; text_orientation_phone=&#8221;center&#8221; text_orientation_last_edited=&#8221;on|phone&#8221; global_colors_info=&#8221;{}&#8221;]<\/p>\n<h3>Voorganger<\/h3>\n<p>[\/et_pb_text][et_pb_text _builder_version=&#8221;4.20.4&#8243; _module_preset=&#8221;default&#8221; text_text_color=&#8221;#1A1A1A&#8221; global_colors_info=&#8221;{}&#8221;]Pastor Sajmir is toegewijd aan het bevorderen van diversiteit en inclusie en heeft van de Mosaic Church een gastvrije en levendige gebedsruimte gemaakt. Zijn boeiende preken geven blijk van diep bijbels inzicht en oprechte bezorgdheid voor de geestelijke groei van de gemeente.<\/p>\n<p>Als voorganger dient hij de gemeenschap door middel van outreach-programma&#8217;s, initiatieven op het gebied van sociale rechtvaardigheid en medelevende ondersteuning. Zijn warme persoonlijkheid, nederigheid en authentieke geloof hebben van hem een vertrouwd en geliefd spiritueel leider gemaakt.<\/p>\n<p>Sluit je aan bij de inspirerende bediening van Pastor Sajmir, terwijl we samen reizen in geloof, onze identiteit in Christus ontdekken en een Bijbelse cultuur omarmen.[\/et_pb_text][\/et_pb_column][\/et_pb_row][\/et_pb_section][et_pb_section fb_built=&#8221;1&#8243; _builder_version=&#8221;4.20.4&#8243; _module_preset=&#8221;default&#8221; background_color=&#8221;#F3ECE2&#8243; custom_padding=&#8221;50px||50px||true|false&#8221; global_colors_info=&#8221;{}&#8221;][et_pb_row column_structure=&#8221;1_2,1_2&#8243; make_equal=&#8221;on&#8221; _builder_version=&#8221;4.20.4&#8243; _module_preset=&#8221;default&#8221; width_tablet=&#8221;80%&#8221; width_phone=&#8221;85%&#8221; width_last_edited=&#8221;on|phone&#8221; global_colors_info=&#8221;{}&#8221;][et_pb_column type=&#8221;1_2&#8243; module_class=&#8221;vertikal-zentrieren&#8221; _builder_version=&#8221;4.20.4&#8243; _module_preset=&#8221;default&#8221; global_colors_info=&#8221;{}&#8221;][et_pb_image src=&#8221;https:\/\/kishamozaik.al\/wp-content\/uploads\/2023\/04\/Irma-Voka-1.jpg&#8221; alt=&#8221;Irma Voka&#8221; title_text=&#8221;Irma Voka&#8221; _builder_version=&#8221;4.20.4&#8243; _module_preset=&#8221;default&#8221; width=&#8221;350px&#8221; module_alignment=&#8221;center&#8221; animation_style=&#8221;bounce&#8221; border_radii=&#8221;on|500px|500px|500px|500px&#8221; box_shadow_style=&#8221;preset2&#8243; global_colors_info=&#8221;{}&#8221;][\/et_pb_image][\/et_pb_column][et_pb_column type=&#8221;1_2&#8243; module_class=&#8221;vertikal-zentrieren&#8221; _builder_version=&#8221;4.20.4&#8243; _module_preset=&#8221;default&#8221; global_colors_info=&#8221;{}&#8221;][et_pb_text _builder_version=&#8221;4.20.4&#8243; _module_preset=&#8221;default&#8221; header_2_text_align=&#8221;left&#8221; custom_margin=&#8221;||0px||false|false&#8221; custom_padding=&#8221;||||false|false&#8221; header_2_text_align_tablet=&#8221;center&#8221; header_2_text_align_phone=&#8221;center&#8221; header_2_text_align_last_edited=&#8221;on|desktop&#8221; global_colors_info=&#8221;{}&#8221;]<\/p>\n<h2>Irma Voka<\/h2>\n<p>[\/et_pb_text][et_pb_text _builder_version=&#8221;4.20.4&#8243; _module_preset=&#8221;default&#8221; header_3_font=&#8221;|||on|||||&#8221; header_3_font_size=&#8221;20px&#8221; custom_margin=&#8221;||||false|false&#8221; custom_padding=&#8221;||||false|false&#8221; text_orientation_tablet=&#8221;center&#8221; text_orientation_phone=&#8221;center&#8221; text_orientation_last_edited=&#8221;on|phone&#8221; global_colors_info=&#8221;{}&#8221;]<\/p>\n<h3>CEO<\/h3>\n<p>[\/et_pb_text][et_pb_text _builder_version=&#8221;4.27.4&#8243; _module_preset=&#8221;default&#8221; text_text_color=&#8221;#1A1A1A&#8221; global_colors_info=&#8221;{}&#8221;]<\/p>\n<p>Als CEO van haar kerk is Irma Voka verantwoordelijk voor het leiden en managen van de algemene richting en strategie van de organisatie. Haar deskundigheid op het gebied van management, financi\u00ebn en juridische zaken, en haar passie om mensen in hun kracht te zetten en hen te helpen hun identiteit te vinden, maken haar van onschatbare waarde voor de kerk.<\/p>\n<p>Ze blinkt uit in het cre\u00ebren van een positieve werkomgeving die groei en ontwikkeling stimuleert, terwijl ze er ook voor zorgt dat de waarden en missie van de kerk worden nageleefd. Onder haar leiding heeft de kerk een aanzienlijke groei en succes ervaren, zowel wat betreft de spirituele impact als de financi\u00eble stabiliteit. Irma Voka is een visionair leider die zich inzet voor haar gemeenschap en anderen helpt hun volledige potentieel te bereiken.<\/p>\n<p>[\/et_pb_text][\/et_pb_column][\/et_pb_row][\/et_pb_section][et_pb_section fb_built=&#8221;1&#8243; _builder_version=&#8221;4.27.4&#8243; _module_preset=&#8221;default&#8221; background_color=&#8221;#FFFFFF&#8221; custom_padding=&#8221;50px||50px||true|false&#8221; hover_enabled=&#8221;0&#8243; global_colors_info=&#8221;{}&#8221; sticky_enabled=&#8221;0&#8243;][et_pb_row column_structure=&#8221;1_2,1_2&#8243; make_equal=&#8221;on&#8221; _builder_version=&#8221;4.20.4&#8243; _module_preset=&#8221;default&#8221; width_tablet=&#8221;80%&#8221; width_phone=&#8221;85%&#8221; width_last_edited=&#8221;on|phone&#8221; global_colors_info=&#8221;{}&#8221;][et_pb_column type=&#8221;1_2&#8243; module_class=&#8221;vertikal-zentrieren&#8221; _builder_version=&#8221;4.20.4&#8243; _module_preset=&#8221;default&#8221; global_colors_info=&#8221;{}&#8221;][et_pb_image src=&#8221;https:\/\/kishamozaik.al\/wp-content\/uploads\/2025\/03\/Ambra-_2.jpg&#8221; alt=&#8221;Ambra Hamzaj&#8221; title_text=&#8221;Ambra Hamzaj&#8221; _builder_version=&#8221;4.27.4&#8243; _module_preset=&#8221;default&#8221; width=&#8221;350px&#8221; module_alignment=&#8221;center&#8221; animation_style=&#8221;bounce&#8221; border_radii=&#8221;on|500px|500px|500px|500px&#8221; box_shadow_style=&#8221;preset2&#8243; global_colors_info=&#8221;{}&#8221;][\/et_pb_image][\/et_pb_column][et_pb_column type=&#8221;1_2&#8243; module_class=&#8221;vertikal-zentrieren&#8221; _builder_version=&#8221;4.20.4&#8243; _module_preset=&#8221;default&#8221; global_colors_info=&#8221;{}&#8221;][et_pb_text _builder_version=&#8221;4.27.4&#8243; _module_preset=&#8221;default&#8221; header_2_text_align=&#8221;left&#8221; custom_margin=&#8221;||0px||false|false&#8221; custom_padding=&#8221;||||false|false&#8221; header_2_text_align_tablet=&#8221;center&#8221; header_2_text_align_phone=&#8221;center&#8221; header_2_text_align_last_edited=&#8221;on|desktop&#8221; global_colors_info=&#8221;{}&#8221;]<\/p>\n<h2>Ambra Hamzaj<\/h2>\n<p>[\/et_pb_text][et_pb_text _builder_version=&#8221;4.27.4&#8243; _module_preset=&#8221;default&#8221; header_3_font=&#8221;|||on|||||&#8221; header_3_font_size=&#8221;20px&#8221; header_3_line_height=&#8221;1.3em&#8221; custom_margin=&#8221;||||false|false&#8221; custom_padding=&#8221;||||false|false&#8221; text_orientation_tablet=&#8221;center&#8221; text_orientation_phone=&#8221;center&#8221; text_orientation_last_edited=&#8221;on|phone&#8221; global_colors_info=&#8221;{}&#8221;]<\/p>\n<h3>Hart van het kinder- en jeugdministerie<\/h3>\n<p>[\/et_pb_text][et_pb_text _builder_version=&#8221;4.27.4&#8243; _module_preset=&#8221;default&#8221; text_text_color=&#8221;#1A1A1A&#8221; global_colors_info=&#8221;{}&#8221;]Als het hart van het kinder- en jeugdpastoraat speelt Ambra een vitale rol in de vorming van de volgende generatie. Ze zet zich volledig in voor haar missie en werkt elke dag van 14.00 tot 18.00 uur in verschillende hoedanigheden om jongeren te ondersteunen en weerbaar te maken.  <\/p>\n<p>Haar werk beslaat meerdere gebieden: ze biedt academische ondersteuning en voeding in het naschoolse programma, koestert muzikaal talent in de muziekschool, cre\u00ebert een gastvrije ruimte in het kindercentrum en leidt de eredienst met passie en toewijding. Naast deze sleutelrollen staat ze altijd klaar om in te springen waar de kerkgemeenschap haar nodig heeft.  <\/p>\n<p>Ambra&#8217;s toewijding om anderen te dienen is duidelijk in alles wat ze doet, en haar bereidheid om voortdurend te groeien &#8211; momenteel door Engels te leren &#8211; toont haar toewijding aan uitmuntendheid. Ze is een hoeksteen van de bediening en brengt warmte, leiderschap en geloof in het leven van degenen die ze dient.[\/et_pb_text][\/et_pb_column][\/et_pb_row][\/et_pb_section][et_pb_section fb_built=&#8221;1&#8243; _builder_version=&#8221;4.27.4&#8243; _module_preset=&#8221;default&#8221; background_color=&#8221;#F3ECE2&#8243; custom_padding=&#8221;50px||50px||true|false&#8221; global_colors_info=&#8221;{}&#8221;][et_pb_row column_structure=&#8221;1_2,1_2&#8243; make_equal=&#8221;on&#8221; _builder_version=&#8221;4.20.4&#8243; _module_preset=&#8221;default&#8221; width_tablet=&#8221;80%&#8221; width_phone=&#8221;85%&#8221; width_last_edited=&#8221;on|phone&#8221; global_colors_info=&#8221;{}&#8221;][et_pb_column type=&#8221;1_2&#8243; module_class=&#8221;vertikal-zentrieren&#8221; _builder_version=&#8221;4.20.4&#8243; _module_preset=&#8221;default&#8221; global_colors_info=&#8221;{}&#8221;][et_pb_image src=&#8221;https:\/\/kishamozaik.al\/wp-content\/uploads\/2025\/03\/Andre-Springhut-0435-sq.jpg.avif&#8221; alt=&#8221;Andr\u00e9 Springhut&#8221; title_text=&#8221;Andr\u00e9 Springhut&#8221; _builder_version=&#8221;4.27.4&#8243; _module_preset=&#8221;default&#8221; width=&#8221;350px&#8221; module_alignment=&#8221;center&#8221; animation_style=&#8221;bounce&#8221; border_radii=&#8221;on|500px|500px|500px|500px&#8221; box_shadow_style=&#8221;preset2&#8243; global_colors_info=&#8221;{}&#8221;][\/et_pb_image][\/et_pb_column][et_pb_column type=&#8221;1_2&#8243; module_class=&#8221;vertikal-zentrieren&#8221; _builder_version=&#8221;4.20.4&#8243; _module_preset=&#8221;default&#8221; global_colors_info=&#8221;{}&#8221;][et_pb_text _builder_version=&#8221;4.27.4&#8243; _module_preset=&#8221;default&#8221; header_2_text_align=&#8221;left&#8221; custom_margin=&#8221;||0px||false|false&#8221; custom_padding=&#8221;||||false|false&#8221; header_2_text_align_tablet=&#8221;center&#8221; header_2_text_align_phone=&#8221;center&#8221; header_2_text_align_last_edited=&#8221;on|desktop&#8221; global_colors_info=&#8221;{}&#8221;]<\/p>\n<h2>Andr\u00e9 Springhut<\/h2>\n<p>[\/et_pb_text][et_pb_text _builder_version=&#8221;4.27.4&#8243; _module_preset=&#8221;default&#8221; text_font=&#8221;|||on|||||&#8221; header_3_font=&#8221;|||on|||||&#8221; header_3_font_size=&#8221;20px&#8221; custom_margin=&#8221;||||false|false&#8221; custom_padding=&#8221;||||false|false&#8221; text_orientation_tablet=&#8221;center&#8221; text_orientation_phone=&#8221;center&#8221; text_orientation_last_edited=&#8221;on|phone&#8221; global_colors_info=&#8221;{}&#8221;]Assistent van de kerkleiding[\/et_pb_text][et_pb_text _builder_version=&#8221;4.27.4&#8243; _module_preset=&#8221;default&#8221; text_text_color=&#8221;#1A1A1A&#8221; global_colors_info=&#8221;{}&#8221;]Als assistent van de kerkleiding speelt Andr\u00e9 Springhut een sleutelrol in het versterken en ontwikkelen van Kisha Mozaik. Met een passie voor het empoweren van jongvolwassenen en een grote betrokkenheid bij sociale impact, brengt hij zijn diverse vaardigheden in zowel het zichtbare als het werk achter de schermen.  <\/p>\n<p>Hij coacht jonge leiders en helpt hen hun door God gegeven potentieel te ontsluiten door middel van \u00e9\u00e9n-op-\u00e9\u00e9n mentorschap, teamseminars en pastorale zorg. Hij preekt ook regelmatig. Tegelijkertijd zorgt hij voor de financi\u00eble stabiliteit van de kerk door fondsen te werven, relaties met donateurs op te bouwen en de budgettering en boekhouding te beheren.  <\/p>\n<p>In nauwe samenwerking met voorgangers en kerkleiders helpt Andr\u00e9 bij het cre\u00ebren van een gezonde structuur waarin het personeel kan gedijen en de kerk op een duurzame manier kan groeien. Door zijn toewijding en expertise is hij van onschatbare waarde voor de missie en toekomst van de kerk.[\/et_pb_text][\/et_pb_column][\/et_pb_row][\/et_pb_section][et_pb_section fb_built=&#8221;1&#8243; _builder_version=&#8221;4.20.4&#8243; _module_preset=&#8221;default&#8221; background_color=&#8221;#1A1A1A&#8221; custom_margin=&#8221;||||false|false&#8221; custom_padding=&#8221;||||false|false&#8221; global_colors_info=&#8221;{}&#8221;][et_pb_row _builder_version=&#8221;4.20.4&#8243; _module_preset=&#8221;default&#8221; custom_margin=&#8221;||||false|false&#8221; global_colors_info=&#8221;{}&#8221;][et_pb_column type=&#8221;4_4&#8243; _builder_version=&#8221;4.20.4&#8243; _module_preset=&#8221;default&#8221; global_colors_info=&#8221;{}&#8221;][et_pb_social_media_follow use_icon_font_size=&#8221;on&#8221; icon_font_size=&#8221;40px&#8221; icon_font_size_tablet=&#8221;40px&#8221; icon_font_size_phone=&#8221;30px&#8221; icon_font_size_last_edited=&#8221;on|phone&#8221; _builder_version=&#8221;4.20.4&#8243; _module_preset=&#8221;default&#8221; text_orientation=&#8221;center&#8221; custom_margin=&#8221;||||false|false&#8221; custom_padding=&#8221;||||false|false&#8221; border_radii=&#8221;on|100px|100px|100px|100px&#8221; global_colors_info=&#8221;{}&#8221;][et_pb_social_media_follow_network social_network=&#8221;instagram&#8221; url=&#8221;https:\/\/www.instagram.com\/mozaiklushnje\/&#8221; _builder_version=&#8221;4.20.4&#8243; _module_preset=&#8221;default&#8221; background_color=&#8221;#ea2c59&#8243; border_radii=&#8221;on|100px|100px|100px|100px&#8221; global_colors_info=&#8221;{}&#8221; follow_button=&#8221;off&#8221; url_new_window=&#8221;on&#8221;]instagram[\/et_pb_social_media_follow_network][et_pb_social_media_follow_network social_network=&#8221;facebook&#8221; url=&#8221;https:\/\/www.facebook.com\/mozaiklushnje&#8221; _builder_version=&#8221;4.20.4&#8243; _module_preset=&#8221;default&#8221; background_color=&#8221;#3b5998&#8243; custom_margin=&#8221;|40px||40px|false|true&#8221; custom_margin_tablet=&#8221;|40px||40px|false|true&#8221; custom_margin_phone=&#8221;|20px||20px|false|true&#8221; custom_margin_last_edited=&#8221;on|phone&#8221; global_colors_info=&#8221;{}&#8221; follow_button=&#8221;off&#8221; url_new_window=&#8221;on&#8221;]facebook[\/et_pb_social_media_follow_network][et_pb_social_media_follow_network social_network=&#8221;google-plus&#8221; url=&#8221;mailto:mozaiklushnje@yahoo.com&#8221; _builder_version=&#8221;4.20.4&#8243; _module_preset=&#8221;default&#8221; background_color=&#8221;#dd4b39&#8243; global_colors_info=&#8221;{}&#8221; follow_button=&#8221;off&#8221; url_new_window=&#8221;on&#8221;]google-plus[\/et_pb_social_media_follow_network][\/et_pb_social_media_follow][\/et_pb_column][\/et_pb_row][\/et_pb_section]<\/p>\n","protected":false},"excerpt":{"rendered":"<p>HET PERSONEEL&#8221;Het bekend maken van Gods heil en Zijn verlossende werk onder mensen, door prediking, gerechtigheid, barmhartigheid en liefde.&#8221;Sajmir BrazhdiVoorgangerPastor Sajmir is toegewijd aan het bevorderen van diversiteit en inclusie en heeft van de Mosaic Church een gastvrije en levendige gebedsruimte gemaakt. Zijn boeiende preken geven blijk van diep bijbels inzicht en oprechte bezorgdheid voor [&hellip;]<\/p>\n","protected":false},"author":1,"featured_media":0,"parent":0,"menu_order":0,"comment_status":"closed","ping_status":"closed","template":"","meta":{"_acf_changed":false,"_et_pb_use_builder":"on","_et_pb_old_content":"","_et_gb_content_width":"","footnotes":""},"class_list":["post-3100","page","type-page","status-publish","hentry"],"acf":[],"_links":{"self":[{"href":"https:\/\/kishamozaik.al\/nl\/wp-json\/wp\/v2\/pages\/3100","targetHints":{"allow":["GET"]}}],"collection":[{"href":"https:\/\/kishamozaik.al\/nl\/wp-json\/wp\/v2\/pages"}],"about":[{"href":"https:\/\/kishamozaik.al\/nl\/wp-json\/wp\/v2\/types\/page"}],"author":[{"embeddable":true,"href":"https:\/\/kishamozaik.al\/nl\/wp-json\/wp\/v2\/users\/1"}],"replies":[{"embeddable":true,"href":"https:\/\/kishamozaik.al\/nl\/wp-json\/wp\/v2\/comments?post=3100"}],"version-history":[{"count":7,"href":"https:\/\/kishamozaik.al\/nl\/wp-json\/wp\/v2\/pages\/3100\/revisions"}],"predecessor-version":[{"id":4278,"href":"https:\/\/kishamozaik.al\/nl\/wp-json\/wp\/v2\/pages\/3100\/revisions\/4278"}],"wp:attachment":[{"href":"https:\/\/kishamozaik.al\/nl\/wp-json\/wp\/v2\/media?parent=3100"}],"curies":[{"name":"wp","href":"https:\/\/api.w.org\/{rel}","templated":true}]}}