{"id":3104,"date":"2023-04-23T12:08:59","date_gmt":"2023-04-23T10:08:59","guid":{"rendered":"https:\/\/kishamozaik.al\/visie\/"},"modified":"2024-08-10T08:05:19","modified_gmt":"2024-08-10T06:05:19","slug":"visie","status":"publish","type":"page","link":"https:\/\/kishamozaik.al\/nl\/visie\/","title":{"rendered":"Visie"},"content":{"rendered":"<p>[et_pb_section fb_built=&#8221;1&#8243; _builder_version=&#8221;4.20.4&#8243; _module_preset=&#8221;default&#8221; background_color=&#8221;rgba(164,111,32,0.13)&#8221; custom_padding=&#8221;80px||80px||true|false&#8221; global_colors_info=&#8221;{}&#8221;][et_pb_row make_equal=&#8221;on&#8221; _builder_version=&#8221;4.20.4&#8243; _module_preset=&#8221;default&#8221; custom_margin=&#8221;||||false|false&#8221; custom_padding=&#8221;0px||0px||false|false&#8221; global_colors_info=&#8221;{}&#8221;][et_pb_column type=&#8221;4_4&#8243; module_class=&#8221;vertikal-zentrieren&#8221; _builder_version=&#8221;4.20.4&#8243; _module_preset=&#8221;default&#8221; global_colors_info=&#8221;{}&#8221;][et_pb_image src=&#8221;https:\/\/kishamozaik.al\/wp-content\/uploads\/2023\/04\/kisha-mozaik-logo-text-800.png&#8221; alt=&#8221;Kisha Mozaik&#8221; title_text=&#8221;Kisha Mozaik&#8221; align=&#8221;center&#8221; _builder_version=&#8221;4.24.3&#8243; _module_preset=&#8221;default&#8221; global_colors_info=&#8221;{}&#8221;][\/et_pb_image][et_pb_text _builder_version=&#8221;4.21.0&#8243; _module_preset=&#8221;default&#8221; header_3_font=&#8221;nothing-you-can-do-l||||||||&#8221; header_3_text_align=&#8221;center&#8221; header_3_text_color=&#8221;#D3702C&#8221; header_3_font_size=&#8221;36px&#8221; custom_margin=&#8221;-30px||||false|false&#8221; animation_style=&#8221;slide&#8221; animation_direction=&#8221;right&#8221; header_3_font_size_tablet=&#8221;36px&#8221; header_3_font_size_phone=&#8221;7vw&#8221; header_3_font_size_last_edited=&#8221;on|phone&#8221; locked=&#8221;off&#8221; global_colors_info=&#8221;{}&#8221;]<\/p>\n<h3>De verschillen vieren<\/h3>\n<p>[\/et_pb_text][\/et_pb_column][\/et_pb_row][\/et_pb_section][et_pb_section fb_built=&#8221;1&#8243; _builder_version=&#8221;4.20.4&#8243; _module_preset=&#8221;default&#8221; background_color=&#8221;#FFFFFF&#8221; custom_padding=&#8221;80px||80px||true|false&#8221; global_colors_info=&#8221;{}&#8221;][et_pb_row column_structure=&#8221;2_5,3_5&#8243; make_equal=&#8221;on&#8221; _builder_version=&#8221;4.20.4&#8243; _module_preset=&#8221;default&#8221; custom_margin=&#8221;||||false|false&#8221; custom_padding=&#8221;0px||0px||false|false&#8221; global_colors_info=&#8221;{}&#8221;][et_pb_column type=&#8221;2_5&#8243; module_class=&#8221;vertikal-zentrieren&#8221; _builder_version=&#8221;4.20.4&#8243; _module_preset=&#8221;default&#8221; global_colors_info=&#8221;{}&#8221;][et_pb_blurb title=&#8221;Onze visie&#8221; image=&#8221;https:\/\/kishamozaik.al\/wp-content\/uploads\/2023\/04\/kisha-mozaik-logo.jpg&#8221; alt=&#8221;Kisha Mozaik Lushnje&#8221; icon_placement=&#8221;left&#8221; image_icon_width=&#8221;80px&#8221; _builder_version=&#8221;4.20.4&#8243; _module_preset=&#8221;default&#8221; header_font=&#8221;|700||on|||||&#8221; header_text_color=&#8221;#D3702C&#8221; header_font_size=&#8221;40px&#8221; image_icon_custom_margin=&#8221;-15px|20px|||false|false&#8221; global_colors_info=&#8221;{}&#8221;][\/et_pb_blurb][\/et_pb_column][et_pb_column type=&#8221;3_5&#8243; _builder_version=&#8221;4.20.4&#8243; _module_preset=&#8221;default&#8221; global_colors_info=&#8221;{}&#8221;][et_pb_text _builder_version=&#8221;4.21.0&#8243; _module_preset=&#8221;default&#8221; header_3_font=&#8221;nothing-you-can-do-l||||||||&#8221; header_3_text_align=&#8221;center&#8221; header_3_text_color=&#8221;#D3702C&#8221; header_3_font_size=&#8221;36px&#8221; animation_style=&#8221;slide&#8221; animation_direction=&#8221;right&#8221; header_3_font_size_tablet=&#8221;36px&#8221; header_3_font_size_phone=&#8221;7vw&#8221; header_3_font_size_last_edited=&#8221;on|phone&#8221; locked=&#8221;off&#8221; global_colors_info=&#8221;{}&#8221;]<\/p>\n<h3>&#8220;Gemeenschappen zien leven in diversiteit, hun Identiteit vinden in Christus en leven in een Bijbelse Cultuur&#8221;.<\/h3>\n<p>[\/et_pb_text][\/et_pb_column][\/et_pb_row][\/et_pb_section][et_pb_section fb_built=&#8221;1&#8243; _builder_version=&#8221;4.20.4&#8243; _module_preset=&#8221;default&#8221; background_color=&#8221;rgba(164,111,32,0.13)&#8221; custom_padding=&#8221;80px||80px||true|false&#8221; global_colors_info=&#8221;{}&#8221;][et_pb_row column_structure=&#8221;2_5,3_5&#8243; make_equal=&#8221;on&#8221; _builder_version=&#8221;4.20.4&#8243; _module_preset=&#8221;default&#8221; custom_margin=&#8221;||||false|false&#8221; custom_padding=&#8221;0px||0px||false|false&#8221; global_colors_info=&#8221;{}&#8221;][et_pb_column type=&#8221;2_5&#8243; module_class=&#8221;vertikal-zentrieren&#8221; _builder_version=&#8221;4.20.4&#8243; _module_preset=&#8221;default&#8221; global_colors_info=&#8221;{}&#8221;][et_pb_blurb title=&#8221;Onze missie&#8221; image=&#8221;https:\/\/kishamozaik.al\/wp-content\/uploads\/2023\/04\/kisha-mozaik-logo-600.png&#8221; alt=&#8221;Kisha Mozaik&#8221; icon_placement=&#8221;left&#8221; image_icon_width=&#8221;80px&#8221; _builder_version=&#8221;4.20.4&#8243; _module_preset=&#8221;default&#8221; header_font=&#8221;|700||on|||||&#8221; header_text_color=&#8221;#D3702C&#8221; header_font_size=&#8221;40px&#8221; image_icon_custom_margin=&#8221;|20px|||false|false&#8221; global_colors_info=&#8221;{}&#8221;][\/et_pb_blurb][\/et_pb_column][et_pb_column type=&#8221;3_5&#8243; _builder_version=&#8221;4.20.4&#8243; _module_preset=&#8221;default&#8221; global_colors_info=&#8221;{}&#8221;][et_pb_text _builder_version=&#8221;4.21.0&#8243; _module_preset=&#8221;default&#8221; header_3_font=&#8221;nothing-you-can-do-l||||||||&#8221; header_3_text_align=&#8221;center&#8221; header_3_text_color=&#8221;#D3702C&#8221; header_3_font_size=&#8221;36px&#8221; animation_style=&#8221;slide&#8221; animation_direction=&#8221;right&#8221; header_3_font_size_tablet=&#8221;36px&#8221; header_3_font_size_phone=&#8221;7vw&#8221; header_3_font_size_last_edited=&#8221;on|phone&#8221; locked=&#8221;off&#8221; global_colors_info=&#8221;{}&#8221;]<\/p>\n<h3>&#8220;Gods verlossing en zijn heil bekend maken onder de mensen door verkondiging, gerechtigheid, barmhartigheid en liefde.&#8221;<\/h3>\n<p>[\/et_pb_text][\/et_pb_column][\/et_pb_row][\/et_pb_section][et_pb_section fb_built=&#8221;1&#8243; _builder_version=&#8221;4.20.4&#8243; _module_preset=&#8221;default&#8221; background_color=&#8221;#FFFFFF&#8221; custom_padding=&#8221;80px||80px||true|false&#8221; global_colors_info=&#8221;{}&#8221;][et_pb_row column_structure=&#8221;2_5,3_5&#8243; make_equal=&#8221;on&#8221; _builder_version=&#8221;4.20.4&#8243; _module_preset=&#8221;default&#8221; custom_margin=&#8221;||||false|false&#8221; custom_padding=&#8221;0px||0px||false|false&#8221; global_colors_info=&#8221;{}&#8221;][et_pb_column type=&#8221;2_5&#8243; _builder_version=&#8221;4.20.4&#8243; _module_preset=&#8221;default&#8221; global_colors_info=&#8221;{}&#8221;][et_pb_blurb title=&#8221;Onze waarden&#8221; image=&#8221;https:\/\/kishamozaik.al\/wp-content\/uploads\/2023\/04\/kisha-mozaik-logo.jpg&#8221; alt=&#8221;Kisha Mozaik Lushnje&#8221; icon_placement=&#8221;left&#8221; image_icon_width=&#8221;80px&#8221; _builder_version=&#8221;4.20.4&#8243; _module_preset=&#8221;default&#8221; header_font=&#8221;|700||on|||||&#8221; header_text_color=&#8221;#D3702C&#8221; header_font_size=&#8221;40px&#8221; image_icon_custom_margin=&#8221;-15px|20px|||false|false&#8221; global_colors_info=&#8221;{}&#8221;][\/et_pb_blurb][\/et_pb_column][et_pb_column type=&#8221;3_5&#8243; _builder_version=&#8221;4.20.4&#8243; _module_preset=&#8221;default&#8221; global_colors_info=&#8221;{}&#8221;][et_pb_accordion open_toggle_text_color=&#8221;#D3702C&#8221; closed_toggle_background_color=&#8221;#F3ECE2&#8243; icon_color=&#8221;#D3702C&#8221; use_icon_font_size=&#8221;on&#8221; icon_font_size=&#8221;25px&#8221; _builder_version=&#8221;4.24.3&#8243; _module_preset=&#8221;default&#8221; toggle_text_color=&#8221;#D3702C&#8221; toggle_font=&#8221;|700|||||||&#8221; toggle_font_size=&#8221;20px&#8221; border_radii=&#8221;on|7px|7px|7px|7px&#8221; border_width_all=&#8221;0px&#8221; global_colors_info=&#8221;{}&#8221;][et_pb_accordion_item title=&#8221;dummy&#8221; open=&#8221;on&#8221; _builder_version=&#8221;4.20.4&#8243; _module_preset=&#8221;default&#8221; custom_css_main_element=&#8221;display:none;&#8221; global_colors_info=&#8221;{}&#8221;][\/et_pb_accordion_item][et_pb_accordion_item title=&#8221;BIJBEL &#8211; Wij zijn een op de Bijbel gebaseerde kerk&#8221; _builder_version=&#8221;4.20.4&#8243; _module_preset=&#8221;default&#8221; global_colors_info=&#8221;{}&#8221; open=&#8221;off&#8221;]We zijn toegewijd aan de Bijbel als het Woord van God en onze ultieme autoriteit voor bestuur en praktijk.[\/et_pb_accordion_item][et_pb_accordion_item title=&#8221;CHRISTUS &#8211; Voorbeeld&#8221; _builder_version=&#8221;4.20.4&#8243; _module_preset=&#8221;default&#8221; global_colors_info=&#8221;{}&#8221; open=&#8221;off&#8221;]We maken samen een geloofsreis.<br \/>\nWe zijn afhankelijk van de transformerende kracht van God.[\/et_pb_accordion_item][et_pb_accordion_item title=&#8221;RELATIES&#8221; _builder_version=&#8221;4.20.4&#8243; _module_preset=&#8221;default&#8221; global_colors_info=&#8221;{}&#8221; open=&#8221;off&#8221;]We investeren in het leven van anderen.<br \/>\nWe delen lasten met elkaar en verheugen ons in elkaars overwinningen.<br \/>\nWe vinden anderen belangrijker dan onszelf.[\/et_pb_accordion_item][et_pb_accordion_item title=&#8221;ELKAAR VERTROUWEN&#8221; _builder_version=&#8221;4.20.4&#8243; _module_preset=&#8221;default&#8221; global_colors_info=&#8221;{}&#8221; open=&#8221;off&#8221;]We doen wat juist is.<br \/>\nWe doen wat we zeggen, we vertellen elkaar de waarheid.[\/et_pb_accordion_item][et_pb_accordion_item title=&#8221;TEAMWERK&#8221; _builder_version=&#8221;4.20.4&#8243; _module_preset=&#8221;default&#8221; global_colors_info=&#8221;{}&#8221; open=&#8221;off&#8221;]We nodigen de idee\u00ebn en gedachten van anderen uit.<br \/>\nWe stimuleren de unieke capaciteiten en gaven van elkaar.<br \/>\nWe hebben autoriteit die past bij ons verantwoordelijkheidsniveau.<br \/>\nWe komen samen voor gemeenschappelijke doelen.[\/et_pb_accordion_item][et_pb_accordion_item title=&#8221;DIVERSITEIT&#8221; _builder_version=&#8221;4.24.3&#8243; _module_preset=&#8221;default&#8221; global_colors_info=&#8221;{}&#8221; open=&#8221;off&#8221;]<\/p>\n<p><span>We zijn een verenigde kerk.<\/span><\/p>\n<p>[\/et_pb_accordion_item][\/et_pb_accordion][\/et_pb_column][\/et_pb_row][\/et_pb_section][et_pb_section fb_built=&#8221;1&#8243; _builder_version=&#8221;4.20.4&#8243; _module_preset=&#8221;default&#8221; background_color=&#8221;rgba(164,111,32,0.13)&#8221; custom_padding=&#8221;80px||80px||true|false&#8221; global_colors_info=&#8221;{}&#8221;][et_pb_row column_structure=&#8221;2_5,3_5&#8243; make_equal=&#8221;on&#8221; _builder_version=&#8221;4.20.4&#8243; _module_preset=&#8221;default&#8221; custom_margin=&#8221;||||false|false&#8221; custom_padding=&#8221;0px||0px||false|false&#8221; global_colors_info=&#8221;{}&#8221;][et_pb_column type=&#8221;2_5&#8243; _builder_version=&#8221;4.20.4&#8243; _module_preset=&#8221;default&#8221; global_colors_info=&#8221;{}&#8221;][et_pb_blurb title=&#8221;Onze doctrine&#8221; image=&#8221;https:\/\/kishamozaik.al\/wp-content\/uploads\/2023\/04\/kisha-mozaik-logo-600.png&#8221; alt=&#8221;Kisha Mozaik&#8221; icon_placement=&#8221;left&#8221; image_icon_width=&#8221;80px&#8221; _builder_version=&#8221;4.20.4&#8243; _module_preset=&#8221;default&#8221; header_font=&#8221;|700||on|||||&#8221; header_text_color=&#8221;#D3702C&#8221; header_font_size=&#8221;40px&#8221; image_icon_custom_margin=&#8221;|20px|||false|false&#8221; global_colors_info=&#8221;{}&#8221;][\/et_pb_blurb][\/et_pb_column][et_pb_column type=&#8221;3_5&#8243; _builder_version=&#8221;4.20.4&#8243; _module_preset=&#8221;default&#8221; global_colors_info=&#8221;{}&#8221;][et_pb_accordion open_toggle_text_color=&#8221;#D3702C&#8221; closed_toggle_background_color=&#8221;#FFFFFF&#8221; icon_color=&#8221;#D3702C&#8221; use_icon_font_size=&#8221;on&#8221; icon_font_size=&#8221;25px&#8221; _builder_version=&#8221;4.20.4&#8243; _module_preset=&#8221;default&#8221; toggle_text_color=&#8221;#D3702C&#8221; toggle_font=&#8221;|700|||||||&#8221; toggle_font_size=&#8221;20px&#8221; border_radii=&#8221;on|7px|7px|7px|7px&#8221; border_width_all=&#8221;0px&#8221; global_colors_info=&#8221;{}&#8221;][et_pb_accordion_item title=&#8221;dummy&#8221; open=&#8221;on&#8221; _builder_version=&#8221;4.20.4&#8243; _module_preset=&#8221;default&#8221; custom_css_main_element=&#8221;display:none;&#8221; global_colors_info=&#8221;{}&#8221;][\/et_pb_accordion_item][et_pb_accordion_item title=&#8221;BIJBEL  &#8221; _builder_version=&#8221;4.20.4&#8243; _module_preset=&#8221;default&#8221; global_colors_info=&#8221;{}&#8221; open=&#8221;off&#8221;]<\/p>\n<p><span>&#8220;Wij geloven dat God heeft gesproken in de Schriften, zowel het Oude als het Nieuwe Testament, door de woorden van menselijke auteurs. Als het ge\u00efnspireerde Woord van God is de Bijbel zonder fouten in de oorspronkelijke geschriften, de volledige openbaring van Zijn wil voor verlossing en de ultieme autoriteit waardoor elk gebied van menselijke kennis en inspanningen beoordeeld moet worden. Daarom moeten we alles geloven wat de Bijbel ons leert, alles gehoorzamen wat de Bijbel ons beveelt en vertrouwen op alles wat de Bijbel ons belooft.<\/span><\/p>\n<p>[\/et_pb_accordion_item][et_pb_accordion_item title=&#8221;TRINITY&#8221; _builder_version=&#8221;4.20.4&#8243; _module_preset=&#8221;default&#8221; global_colors_info=&#8221;{}&#8221; open=&#8221;off&#8221;]<\/p>\n<p><span>&#8220;God heeft in alle eeuwigheid in relatie met zichzelf bestaan. Hij bestaat als \u00e9\u00e9n substantie in drie personen: de Vader, de Zoon en de Heilige Geest. Hoewel elk lid van de Drie-eenheid verschillende functies heeft, hebben ze allemaal gelijke macht en autoriteit.&#8221;<\/span><\/p>\n<p>[\/et_pb_accordion_item][et_pb_accordion_item title=&#8221;DE MENSELIJKE CONDITIE&#8221; _builder_version=&#8221;4.20.4&#8243; _module_preset=&#8221;default&#8221; global_colors_info=&#8221;{}&#8221; open=&#8221;off&#8221;]<\/p>\n<p><span>&#8220;Wij geloven dat God Adam en Eva naar Zijn beeld schiep, maar dat zij zondigden toen zij door Satan werden verleid. In vereniging met Adam zijn mensen zondaars van nature en door keuze, vervreemd van God onder Zijn toorn. Alleen door Gods verlossende werk in Jezus Christus kunnen we gered, verzoend en vernieuwd worden.&#8221;<\/span><\/p>\n<p>[\/et_pb_accordion_item][et_pb_accordion_item title=&#8221;SALVATIE&#8221; _builder_version=&#8221;4.20.4&#8243; _module_preset=&#8221;default&#8221; global_colors_info=&#8221;{}&#8221; open=&#8221;off&#8221;]<\/p>\n<p><span>&#8220;Wij geloven dat iemand gered wordt door berouw en geloof in het volbrachte werk van Christus. Redding is door genade alleen.&#8221;<\/span><\/p>\n<p>[\/et_pb_accordion_item][et_pb_accordion_item title=&#8221;JEZUS CHRISTUS&#8221; _builder_version=&#8221;4.20.4&#8243; _module_preset=&#8221;default&#8221; global_colors_info=&#8221;{}&#8221; open=&#8221;off&#8221;]<\/p>\n<p><span>&#8220;Wij geloven dat Jezus Christus de vleesgeworden Heer is, volledig God en volledig mens, \u00e9\u00e9n persoon in twee naturen. Jezus, de beloofde Messias van Isra\u00ebl, werd verwekt door de Heilige Geest en geboren uit de maagd Maria. Hij leefde een zondeloos leven, werd gekruisigd onder Pontius Pilatus, stond lichamelijk op uit de dood, steeg op naar de hemel en zit aan de rechterhand van God de Vader als onze hogepriester en pleitbezorger.&#8221;<\/span><\/p>\n<p>[\/et_pb_accordion_item][et_pb_accordion_item title=&#8221;HET WERK VAN CHRISTUS&#8221; _builder_version=&#8221;4.20.4&#8243; _module_preset=&#8221;default&#8221; global_colors_info=&#8221;{}&#8221; open=&#8221;off&#8221;]<\/p>\n<p><span>&#8220;Wij geloven dat Jezus Christus, als onze vertegenwoordiger en plaatsvervanger, Zijn bloed aan het kruis vergoot als een volmaakt en voldoende offer voor onze zonden. Zijn dood en zegevierende opstanding vormen de enige grond voor verlossing.&#8221;<\/span><\/p>\n<p>[\/et_pb_accordion_item][et_pb_accordion_item title=&#8221;DE HEILIGE GEEST&#8221; _builder_version=&#8221;4.20.4&#8243; _module_preset=&#8221;default&#8221; global_colors_info=&#8221;{}&#8221; open=&#8221;off&#8221;]<\/p>\n<p><span>&#8220;Wij geloven dat de Heilige Geest in alles wat Hij doet de Heer Jezus Christus verheerlijkt. Wij geloven in de persoonlijkheid en godheid van de Heilige Geest. Hij overtuigt, regenereert, leidt, rust en bekrachtigt gelovigen voor het leven en de dienst in Christus.&#8221;<\/span><\/p>\n<p>[\/et_pb_accordion_item][et_pb_accordion_item title=&#8221;DE KERK&#8221; _builder_version=&#8221;4.20.4&#8243; _module_preset=&#8221;default&#8221; global_colors_info=&#8221;{}&#8221; open=&#8221;off&#8221;]<\/p>\n<p><span>Wij geloven dat de ware kerk allen omvat die gered zijn door de genade van God door geloof in Christus alleen.<br \/>\nZij zijn door de Heilige Geest verenigd in het lichaam van Christus, waarvan Hij het hoofd is.<br \/>\nDe ware kerk manifesteert zich in plaatselijke kerken, waarvan het lidmaatschap alleen uit gelovigen mag bestaan.<br \/>\nDe taak van de kerk is de aanbidding van God, de vervolmaking van de heiligen en de evangelisatie van de wereld.   <\/span><\/p>\n<p>[\/et_pb_accordion_item][et_pb_accordion_item title=&#8221;CHRISTELIJK LEVEN&#8221; _builder_version=&#8221;4.20.4&#8243; _module_preset=&#8221;default&#8221; global_colors_info=&#8221;{}&#8221; open=&#8221;off&#8221;]<\/p>\n<p><span>Wij geloven dat de rechtvaardigende genade van God niet gescheiden mag worden van haar heiligende kracht en doel.<br \/>\nGod gebiedt ons Hem en anderen opofferend lief te hebben en ons geloof uit te leven met zorg voor elkaar, medelijden met de armen en gerechtigheid voor de verdrukten.<br \/>\nMet het Woord van God, de kracht van de Geest en vurig gebed in Christus&#8217; naam moeten we oorlog voeren tegen de geestelijke machten van het kwaad.<br \/>\nIn gehoorzaamheid aan de opdracht van Christus moeten we onder alle mensen discipelen maken en altijd met woord en daad getuigen van het evangelie.   <\/span><\/p>\n<p>[\/et_pb_accordion_item][et_pb_accordion_item title=&#8221;DE TERUGKEER VAN CHRISTUS&#8221; _builder_version=&#8221;4.20.4&#8243; _module_preset=&#8221;default&#8221; global_colors_info=&#8221;{}&#8221; open=&#8221;off&#8221;]<\/p>\n<p><span>Wij geloven in de persoonlijke, lichamelijke terugkeer van onze Heer Jezus Christus om onze verlossing te vervullen en Zijn glorieuze koninkrijk te vestigen.<br \/>\nDe komst van Christus zal plaatsvinden op een tijd die alleen God kent en als onze gezegende hoop motiveert dit gelovigen om op een godvruchtige manier te leven, met dienstbaarheid, opoffering en energieke zending. <\/span><\/p>\n<p>[\/et_pb_accordion_item][et_pb_accordion_item title=&#8221;DOCTRINE VAN DE DUIVEL&#8221; _builder_version=&#8221;4.20.4&#8243; _module_preset=&#8221;default&#8221; global_colors_info=&#8221;{}&#8221; open=&#8221;off&#8221;]<\/p>\n<p><span>Wij geloven in de realiteit en persoonlijkheid van de duivel en het uiteindelijke oordeel in de vuurzee voor hem en zijn engelen.<\/span><\/p>\n<p>[\/et_pb_accordion_item][\/et_pb_accordion][\/et_pb_column][\/et_pb_row][\/et_pb_section][et_pb_section fb_built=&#8221;1&#8243; _builder_version=&#8221;4.20.4&#8243; _module_preset=&#8221;default&#8221; background_color=&#8221;#1A1A1A&#8221; custom_margin=&#8221;||||false|false&#8221; custom_padding=&#8221;||||false|false&#8221; global_colors_info=&#8221;{}&#8221;][et_pb_row _builder_version=&#8221;4.20.4&#8243; _module_preset=&#8221;default&#8221; custom_margin=&#8221;||||false|false&#8221; global_colors_info=&#8221;{}&#8221;][et_pb_column type=&#8221;4_4&#8243; _builder_version=&#8221;4.20.4&#8243; _module_preset=&#8221;default&#8221; global_colors_info=&#8221;{}&#8221;][et_pb_social_media_follow use_icon_font_size=&#8221;on&#8221; icon_font_size=&#8221;40px&#8221; icon_font_size_tablet=&#8221;40px&#8221; icon_font_size_phone=&#8221;30px&#8221; icon_font_size_last_edited=&#8221;on|phone&#8221; _builder_version=&#8221;4.20.4&#8243; _module_preset=&#8221;default&#8221; text_orientation=&#8221;center&#8221; custom_margin=&#8221;||||false|false&#8221; custom_padding=&#8221;||||false|false&#8221; border_radii=&#8221;on|100px|100px|100px|100px&#8221; global_colors_info=&#8221;{}&#8221;][et_pb_social_media_follow_network social_network=&#8221;instagram&#8221; url=&#8221;https:\/\/www.instagram.com\/mozaiklushnje\/&#8221; _builder_version=&#8221;4.20.4&#8243; _module_preset=&#8221;default&#8221; background_color=&#8221;#ea2c59&#8243; border_radii=&#8221;on|100px|100px|100px|100px&#8221; global_colors_info=&#8221;{}&#8221; follow_button=&#8221;off&#8221; url_new_window=&#8221;on&#8221;]instagram[\/et_pb_social_media_follow_network][et_pb_social_media_follow_network social_network=&#8221;facebook&#8221; url=&#8221;https:\/\/www.facebook.com\/mozaiklushnje&#8221; _builder_version=&#8221;4.20.4&#8243; _module_preset=&#8221;default&#8221; background_color=&#8221;#3b5998&#8243; custom_margin=&#8221;|40px||40px|false|true&#8221; custom_margin_tablet=&#8221;|40px||40px|false|true&#8221; custom_margin_phone=&#8221;|20px||20px|false|true&#8221; custom_margin_last_edited=&#8221;on|phone&#8221; global_colors_info=&#8221;{}&#8221; follow_button=&#8221;off&#8221; url_new_window=&#8221;on&#8221;]facebook[\/et_pb_social_media_follow_network][et_pb_social_media_follow_network social_network=&#8221;google-plus&#8221; url=&#8221;mailto:mozaiklushnje@yahoo.com&#8221; _builder_version=&#8221;4.20.4&#8243; _module_preset=&#8221;default&#8221; background_color=&#8221;#dd4b39&#8243; global_colors_info=&#8221;{}&#8221; follow_button=&#8221;off&#8221; url_new_window=&#8221;on&#8221;]google-plus[\/et_pb_social_media_follow_network][\/et_pb_social_media_follow][\/et_pb_column][\/et_pb_row][\/et_pb_section]<\/p>\n","protected":false},"excerpt":{"rendered":"<p>De verschillen vieren&#8221;Gemeenschappen zien leven in diversiteit, hun Identiteit vinden in Christus en leven in een Bijbelse Cultuur&#8221;.&#8221;Gods verlossing en zijn heil bekend maken onder de mensen door verkondiging, gerechtigheid, barmhartigheid en liefde.&#8221;We zijn toegewijd aan de Bijbel als het Woord van God en onze ultieme autoriteit voor bestuur en praktijk.We maken samen een geloofsreis. [&hellip;]<\/p>\n","protected":false},"author":1,"featured_media":0,"parent":0,"menu_order":0,"comment_status":"closed","ping_status":"closed","template":"","meta":{"_acf_changed":false,"_et_pb_use_builder":"on","_et_pb_old_content":"","_et_gb_content_width":"","footnotes":""},"class_list":["post-3104","page","type-page","status-publish","hentry"],"acf":[],"_links":{"self":[{"href":"https:\/\/kishamozaik.al\/nl\/wp-json\/wp\/v2\/pages\/3104","targetHints":{"allow":["GET"]}}],"collection":[{"href":"https:\/\/kishamozaik.al\/nl\/wp-json\/wp\/v2\/pages"}],"about":[{"href":"https:\/\/kishamozaik.al\/nl\/wp-json\/wp\/v2\/types\/page"}],"author":[{"embeddable":true,"href":"https:\/\/kishamozaik.al\/nl\/wp-json\/wp\/v2\/users\/1"}],"replies":[{"embeddable":true,"href":"https:\/\/kishamozaik.al\/nl\/wp-json\/wp\/v2\/comments?post=3104"}],"version-history":[{"count":2,"href":"https:\/\/kishamozaik.al\/nl\/wp-json\/wp\/v2\/pages\/3104\/revisions"}],"predecessor-version":[{"id":3106,"href":"https:\/\/kishamozaik.al\/nl\/wp-json\/wp\/v2\/pages\/3104\/revisions\/3106"}],"wp:attachment":[{"href":"https:\/\/kishamozaik.al\/nl\/wp-json\/wp\/v2\/media?parent=3104"}],"curies":[{"name":"wp","href":"https:\/\/api.w.org\/{rel}","templated":true}]}}