{"id":2770,"date":"2024-05-06T12:16:35","date_gmt":"2024-05-06T10:16:35","guid":{"rendered":"https:\/\/kishamozaik.al\/kisha-mosaikk-saver\/kisha-mozaik-saver-spanskkurs\/"},"modified":"2025-03-15T14:57:09","modified_gmt":"2025-03-15T13:57:09","slug":"kisha-mozaik-saver-spanskkurs","status":"publish","type":"page","link":"https:\/\/kishamozaik.al\/no\/kisha-mosaikk-saver\/kisha-mozaik-saver-spanskkurs\/","title":{"rendered":"Kisha Mozaik Sav\u00ebr Spanskkurs"},"content":{"rendered":"<p>[et_pb_section fb_built=&raquo;1&#8243; admin_label=&raquo;section&raquo; _builder_version=&raquo;4.25.0&#8243; background_enable_color=&raquo;off&raquo; background_image=&raquo;https:\/\/kishamozaik.al\/wp-content\/uploads\/2024\/05\/spanish-course.jpeg&raquo; background_position=&raquo;top_center&raquo; background_vertical_offset=&raquo;41%&raquo; background_blend=&raquo;multiply&raquo; custom_margin=&raquo;0px||||false|false&raquo; custom_padding=&raquo;0px||0px||false|false&raquo; top_divider_color=&raquo;#ffffff&raquo; top_divider_height=&raquo;24px&raquo; top_divider_arrangement=&raquo;above_content&raquo; bottom_divider_style=&raquo;curve&raquo; bottom_divider_color=&raquo;#1A1A1A&raquo; bottom_divider_height=&raquo;36px&raquo; bottom_divider_flip=&raquo;vertical&raquo; bottom_divider_arrangement=&raquo;above_content&raquo; bottom_divider_height_tablet=&raquo;36px&raquo; bottom_divider_height_phone=&raquo;24px&raquo; bottom_divider_height_last_edited=&raquo;on|phone&raquo; hover_enabled=&raquo;0&#8243; global_colors_info=&raquo;{}&raquo; alt=&raquo;Kisha Mozaik Sav\u00ebr Spanish Course&raquo; title_text=&raquo;Kisha Mozaik Sav\u00ebr Spanish Course&raquo; sticky_enabled=&raquo;0&#8243;][et_pb_row make_equal=&raquo;on&raquo; admin_label=&raquo;rad&raquo; _builder_version=&raquo;4.21.0&#8243; background_enable_image=&raquo;off&raquo; background_position=&raquo;top_left&raquo; background_vertical_offset=&raquo;18%&raquo; background_repeat=&raquo;repeat&raquo; width=&raquo;100%&raquo; max_width=&raquo;2560px&raquo; height=&raquo;70vh&raquo; height_tablet=&raquo;35vh&raquo; height_phone=&raquo;35vh&raquo; height_last_edited=&raquo;on|phone&raquo; custom_margin=&raquo;0px||0px||false|false&raquo; custom_padding=&raquo;0px||||false|false&raquo; background_last_edited=&raquo;on|phone&raquo; background_position_phone=&raquo;center&raquo; custom_css_main_element=&raquo;display: flex;||flex-direction: column;||justify-content: center;&raquo; global_colors_info=&raquo;{}&raquo;][et_pb_column type=&raquo;4_4&#8243; _builder_version=&raquo;4.21.0&#8243; custom_padding=&raquo;|||&raquo; global_colors_info=&raquo;{}&raquo; custom_padding__hover=&raquo;|||&raquo;][et_pb_text _builder_version=&raquo;4.25.0&#8243; _module_preset=&raquo;default&raquo; header_font=&raquo;|700||on|||||&raquo; header_text_align=&raquo;center&raquo; header_text_color=&raquo;#FFFFFF&raquo; header_font_size=&raquo;6vw&raquo; custom_margin=&raquo;||||false|false&raquo; custom_margin_tablet=&raquo;||||false|false&raquo; custom_margin_phone=&raquo;||||false|false&raquo; custom_margin_last_edited=&raquo;off|desktop&raquo; custom_padding=&raquo;||||false|false&raquo; custom_padding_tablet=&raquo;||||false|false&raquo; custom_padding_phone=&raquo;||||false|false&raquo; custom_padding_last_edited=&raquo;on|phone&raquo; animation_style=&raquo;slide&raquo; animation_direction=&raquo;top&raquo; header_font_size_tablet=&raquo;6vw&raquo; header_font_size_phone=&raquo;14vw&raquo; header_font_size_last_edited=&raquo;on|phone&raquo; header_letter_spacing_tablet=&raquo;&raquo; header_letter_spacing_phone=&raquo;&raquo; header_letter_spacing_last_edited=&raquo;on|phone&raquo; header_text_shadow_style=&raquo;preset4&#8243; locked=&raquo;off&raquo; global_colors_info=&raquo;{}&raquo;]<\/p>\n<h1>Spanskkurs<\/h1>\n<p>[\/et_pb_text][\/et_pb_column][\/et_pb_row][\/et_pb_section][et_pb_section fb_built=&raquo;1&#8243; _builder_version=&raquo;4.20.4&#8243; _module_preset=&raquo;default&raquo; background_color=&raquo;#1A1A1A&raquo; custom_padding=&raquo;0px||20px||false|false&raquo; global_colors_info=&raquo;{}&raquo;][et_pb_row _builder_version=&raquo;4.20.4&#8243; _module_preset=&raquo;default&raquo; width=&raquo;50%&raquo; width_tablet=&raquo;50%&raquo; width_phone=&raquo;85%&raquo; width_last_edited=&raquo;on|phone&raquo; global_colors_info=&raquo;{}&raquo;][et_pb_column type=&raquo;4_4&#8243; _builder_version=&raquo;4.20.4&#8243; _module_preset=&raquo;default&raquo; global_colors_info=&raquo;{}&raquo;][et_pb_text _builder_version=&raquo;4.25.0&#8243; _module_preset=&raquo;default&raquo; header_3_font=&raquo;|700||on|||||&raquo; header_3_text_align=&raquo;center&raquo; header_3_text_color=&raquo;#FFFFFF&raquo; header_3_font_size=&raquo;2vw&raquo; header_3_line_height=&raquo;1.3em&raquo; animation_style=&raquo;slide&raquo; animation_direction=&raquo;bottom&raquo; header_3_font_size_tablet=&raquo;3vw&raquo; header_3_font_size_phone=&raquo;5vw&raquo; header_3_font_size_last_edited=&raquo;on|phone&raquo; global_colors_info=&raquo;{}&raquo;]<\/p>\n<h3>Mer enn bare et spr\u00e5kkurs<\/h3>\n<p>[\/et_pb_text][\/et_pb_column][\/et_pb_row][\/et_pb_section][et_pb_section fb_built=&raquo;1&#8243; _builder_version=&raquo;4.20.4&#8243; _module_preset=&raquo;default&raquo; background_color=&raquo;#FFFFFF&raquo; custom_padding=&raquo;50px||50px||true|false&raquo; global_colors_info=&raquo;{}&raquo;][et_pb_row _builder_version=&raquo;4.20.4&#8243; _module_preset=&raquo;default&raquo; width=&raquo;50%&raquo; width_tablet=&raquo;80%&raquo; width_phone=&raquo;85%&raquo; width_last_edited=&raquo;on|phone&raquo; global_colors_info=&raquo;{}&raquo;][et_pb_column type=&raquo;4_4&#8243; _builder_version=&raquo;4.20.4&#8243; _module_preset=&raquo;default&raquo; global_colors_info=&raquo;{}&raquo;][et_pb_text _builder_version=&raquo;4.25.0&#8243; _module_preset=&raquo;default&raquo; text_text_color=&raquo;#6D4933&#8243; text_orientation=&raquo;center&raquo; global_colors_info=&raquo;{}&raquo;]Spanskkurset v\u00e5rt er mye mer enn bare et spr\u00e5kkurs. Dette programmet fungerer som en bro til nye muligheter for v\u00e5re syv engasjerte studenter. Noen av dem har gjort bemerkelsesverdige fremskritt, og de har tatt til seg spanskfagets vanskeligheter med entusiasme og engasjement.<\/p>\n<p>I hver \u00f8kt kombinerer vi spr\u00e5kundervisning med felles m\u00e5ltider, noe som skaper et varmt, felles l\u00e6ringsmilj\u00f8. M\u00e5let v\u00e5rt strekker seg lenger enn spr\u00e5kferdigheter; vi introduserer ogs\u00e5 l\u00e6ren om Jesus p\u00e5 spansk og l\u00e6rer elevene \u00e5 be p\u00e5 sitt nye spr\u00e5k. Dette doble fokuset p\u00e5 spr\u00e5k og tro beriker l\u00e6ringsopplevelsen og utdyper det \u00e5ndelige engasjementet.<\/p>\n<p>Ved \u00e5 utstyre studentene v\u00e5re med spanskkunnskaper \u00e5pner vi d\u00f8rer til jobbmuligheter som tidligere var utenfor rekkevidde. \u00c5 beherske spansk &#8211; et spr\u00e5k som snakkes av halve verden &#8211; gir dem muligheten til \u00e5 ta h\u00f8yere utdanning og bryte ut av den fattigdomssyklusen som ofte har v\u00e6rt den eneste tilgjengelige veien, for eksempel ved \u00e5 samle s\u00f8ppel som tidligere generasjoner.<\/p>\n<p>Dette kurset handler om \u00e5 skape generasjonsskifte og gi studentene mulighet til \u00e5 g\u00e5 en annen vei og oppn\u00e5 det de en gang trodde var umulig. Gjennom \u00e5 l\u00e6re seg spansk f\u00e5r de verkt\u00f8yene de trenger for \u00e5 forandre sine egne liv og potensielt ogs\u00e5 andres liv i lokalsamfunnet.[\/et_pb_text][\/et_pb_column][\/et_pb_row][\/et_pb_section][et_pb_section fb_built=&raquo;1&#8243; _builder_version=&raquo;4.20.4&#8243; _module_preset=&raquo;default&raquo; background_color=&raquo;#1A1A1A&raquo; custom_margin=&raquo;||||false|false&raquo; custom_padding=&raquo;120px||||false|false&raquo; global_colors_info=&raquo;{}&raquo;][et_pb_row _builder_version=&raquo;4.20.4&#8243; _module_preset=&raquo;default&raquo; width=&raquo;90%&raquo; max_width=&raquo;2560px&raquo; global_colors_info=&raquo;{}&raquo;][et_pb_column type=&raquo;4_4&#8243; _builder_version=&raquo;4.20.4&#8243; _module_preset=&raquo;default&raquo; global_colors_info=&raquo;{}&raquo;][wdc_image_carousel autoplay_speed=&raquo;4000ms&raquo; nav_pagi=&raquo;nav_pagi&raquo; is_auto_height=&raquo;on&raquo; is_center=&raquo;on&raquo; center_mode_type=&raquo;highlighted&raquo; arrow_color=&raquo;#F3ECE2&#8243; arrow_bg=&raquo;#D3702C&raquo; pagi_color=&raquo;#F3ECE2&#8243; pagi_color_active=&raquo;#F98C18&#8243; tab_bg=&raquo;gcid-e3211a67-ed9d-4713-83eb-466946dcd66b&raquo; tab_item_bg=&raquo;gcid-e3211a67-ed9d-4713-83eb-466946dcd66b&raquo; tab_active_bg=&raquo;gcid-0518e2ae-6166-4ef3-9751-6496273606d9&#8243; thumb_radius=&raquo;5px&raquo; use_lightbox=&raquo;on&raquo; nav_pagi_tablet=&raquo;nav_pagi&raquo; nav_pagi_phone=&raquo;nav&raquo; nav_pagi_last_edited=&raquo;on|phone&raquo; slide_count_tablet=&raquo;&raquo; slide_count_phone=&raquo;1&#8243; slide_count_last_edited=&raquo;on|phone&raquo; slide_to_scroll_phone=&raquo;1&#8243; slide_to_scroll_last_edited=&raquo;off|phone&raquo; _builder_version=&raquo;4.25.0&#8243; _module_preset=&raquo;default&raquo; background_enable_color=&raquo;off&raquo; width=&raquo;90%&raquo; width_tablet=&raquo;100%&raquo; width_phone=&raquo;80%&raquo; width_last_edited=&raquo;on|phone&raquo; module_alignment=&raquo;center&raquo; custom_margin=&raquo;-5vw||||false|false&raquo; hover_enabled=&raquo;0&#8243; global_colors_info=&raquo;{%22gcid-e3211a67-ed9d-4713-83eb-466946dcd66b%22:%91%22tab_bg%22,%22tab_item_bg%22,%22tab_bg%22,%22tab_item_bg%22,%22pagi_color%22,%22tab_bg%22,%22tab_item_bg%22,%22tab_bg%22,%22tab_item_bg%22,%22pagi_color%22%93,%22gcid-0518e2ae-6166-4ef3-9751-6496273606d9%22:%91%22tab_active_bg%22,%22tab_active_bg%22,%22pagi_color_active%22,%22tab_active_bg%22,%22tab_active_bg%22,%22pagi_color_active%22%93}&raquo; sticky_enabled=&raquo;0&#8243;][wdc_image_carousel_child photo=&raquo;https:\/\/kishamozaik.al\/wp-content\/uploads\/2024\/05\/spanish-course_sq.jpg&raquo; _builder_version=&raquo;4.25.0&#8243; _module_preset=&raquo;default&raquo; hover_enabled=&raquo;0&#8243; global_colors_info=&raquo;{}&raquo; alt=&raquo;Kisha Mozaik Sav\u00ebr Spanish Course&raquo; title_text=&raquo;Kisha Mozaik Sav\u00ebr Spanish Course&raquo; sticky_enabled=&raquo;0&#8243;][\/wdc_image_carousel_child][wdc_image_carousel_child _builder_version=&raquo;4.25.0&#8243; _module_preset=&raquo;default&raquo; alt=&raquo;Kisha Mozaik Sav\u00ebr Spanish Course&raquo; title_text=&raquo;Kisha Mozaik Sav\u00ebr Spanish Course&raquo; photo=&raquo;https:\/\/kishamozaik.al\/wp-content\/uploads\/2024\/05\/spanish-course_3_sq.jpg&raquo; hover_enabled=&raquo;0&#8243; sticky_enabled=&raquo;0&#8243;][\/wdc_image_carousel_child][wdc_image_carousel_child _builder_version=&raquo;4.25.0&#8243; _module_preset=&raquo;default&raquo; alt=&raquo;Kisha Mozaik Sav\u00ebr Spanish Course&raquo; title_text=&raquo;Kisha Mozaik Sav\u00ebr Spanish Course&raquo; photo=&raquo;https:\/\/kishamozaik.al\/wp-content\/uploads\/2024\/05\/spanish-course_2_sq.jpg&raquo; hover_enabled=&raquo;0&#8243; sticky_enabled=&raquo;0&#8243;][\/wdc_image_carousel_child][\/wdc_image_carousel][\/et_pb_column][\/et_pb_row][\/et_pb_section][et_pb_section fb_built=&raquo;1&#8243; _builder_version=&raquo;4.21.0&#8243; _module_preset=&raquo;default&raquo; background_color=&raquo;#1A1A1A&raquo; custom_margin=&raquo;||||false|false&raquo; custom_padding=&raquo;20px||||false|false&raquo; global_module=&raquo;767&#8243; saved_tabs=&raquo;all&raquo; global_colors_info=&raquo;{}&raquo;][et_pb_row _builder_version=&raquo;4.21.0&#8243; _module_preset=&raquo;default&raquo; custom_margin=&raquo;50px||50px||false|false&raquo; custom_margin_tablet=&raquo;&raquo; custom_margin_phone=&raquo;50px||0px||false|false&raquo; custom_margin_last_edited=&raquo;on|phone&raquo; global_colors_info=&raquo;{}&raquo;][et_pb_column type=&raquo;4_4&#8243; _builder_version=&raquo;4.20.4&#8243; _module_preset=&raquo;default&raquo; global_colors_info=&raquo;{}&raquo;][et_pb_text _builder_version=&raquo;4.21.0&#8243; _module_preset=&raquo;default&raquo; header_3_font=&raquo;|||on|||||&raquo; header_3_text_align=&raquo;center&raquo; header_3_text_color=&raquo;#FFFFFF&raquo; header_3_line_height=&raquo;1.3em&raquo; global_colors_info=&raquo;{}&raquo;]<\/p>\n<h3>F\u00f8lg oss p\u00e5 sosiale medier<br \/>eller kontakt oss<\/h3>\n<p>[\/et_pb_text][et_pb_social_media_follow use_icon_font_size=&raquo;on&raquo; icon_font_size=&raquo;40px&raquo; icon_font_size_tablet=&raquo;40px&raquo; icon_font_size_phone=&raquo;30px&raquo; icon_font_size_last_edited=&raquo;on|phone&raquo; _builder_version=&raquo;4.21.0&#8243; _module_preset=&raquo;default&raquo; text_orientation=&raquo;center&raquo; height=&raquo;50px&raquo; custom_margin=&raquo;||||false|false&raquo; custom_padding=&raquo;||||false|false&raquo; border_radii=&raquo;on|100px|100px|100px|100px&raquo; global_colors_info=&raquo;{}&raquo; icon_font_size__hover_enabled=&raquo;on|desktop&raquo; icon_font_size__hover=&raquo;45px&raquo;][et_pb_social_media_follow_network social_network=&raquo;instagram&raquo; url=&raquo;https:\/\/www.instagram.com\/mozaiklushnje\/&raquo; _builder_version=&raquo;4.20.4&#8243; _module_preset=&raquo;default&raquo; background_color=&raquo;#ea2c59&#8243; border_radii=&raquo;on|100px|100px|100px|100px&raquo; global_colors_info=&raquo;{}&raquo; follow_button=&raquo;off&raquo; url_new_window=&raquo;on&raquo;]instagram[\/et_pb_social_media_follow_network][et_pb_social_media_follow_network social_network=&raquo;facebook&raquo; url=&raquo;https:\/\/www.facebook.com\/mozaiklushnje&raquo; _builder_version=&raquo;4.20.4&#8243; _module_preset=&raquo;default&raquo; background_color=&raquo;#3b5998&#8243; custom_margin=&raquo;|40px||40px|false|true&raquo; custom_margin_tablet=&raquo;|40px||40px|false|true&raquo; custom_margin_phone=&raquo;|20px||20px|false|true&raquo; custom_margin_last_edited=&raquo;on|phone&raquo; global_colors_info=&raquo;{}&raquo; follow_button=&raquo;off&raquo; url_new_window=&raquo;on&raquo;]facebook[\/et_pb_social_media_follow_network][et_pb_social_media_follow_network social_network=&raquo;google-plus&raquo; url=&raquo;mailto:mozaiklushnje@yahoo.com&raquo; _builder_version=&raquo;4.20.4&#8243; _module_preset=&raquo;default&raquo; background_color=&raquo;#dd4b39&#8243; global_colors_info=&raquo;{}&raquo; follow_button=&raquo;off&raquo; url_new_window=&raquo;on&raquo;]google-plus[\/et_pb_social_media_follow_network][\/et_pb_social_media_follow][\/et_pb_column][\/et_pb_row][\/et_pb_section]<\/p>\n","protected":false},"excerpt":{"rendered":"<p>SpanskkursMer enn bare et spr\u00e5kkursSpanskkurset v\u00e5rt er mye mer enn bare et spr\u00e5kkurs. Dette programmet fungerer som en bro til nye muligheter for v\u00e5re syv engasjerte studenter. Noen av dem har gjort bemerkelsesverdige fremskritt, og de har tatt til seg spanskfagets vanskeligheter med entusiasme og engasjement. I hver \u00f8kt kombinerer vi spr\u00e5kundervisning med felles m\u00e5ltider, [&hellip;]<\/p>\n","protected":false},"author":1,"featured_media":0,"parent":2738,"menu_order":0,"comment_status":"closed","ping_status":"closed","template":"","meta":{"_acf_changed":false,"_et_pb_use_builder":"on","_et_pb_old_content":"","_et_gb_content_width":"","footnotes":""},"class_list":["post-2770","page","type-page","status-publish","hentry"],"acf":[],"_links":{"self":[{"href":"https:\/\/kishamozaik.al\/no\/wp-json\/wp\/v2\/pages\/2770","targetHints":{"allow":["GET"]}}],"collection":[{"href":"https:\/\/kishamozaik.al\/no\/wp-json\/wp\/v2\/pages"}],"about":[{"href":"https:\/\/kishamozaik.al\/no\/wp-json\/wp\/v2\/types\/page"}],"author":[{"embeddable":true,"href":"https:\/\/kishamozaik.al\/no\/wp-json\/wp\/v2\/users\/1"}],"replies":[{"embeddable":true,"href":"https:\/\/kishamozaik.al\/no\/wp-json\/wp\/v2\/comments?post=2770"}],"version-history":[{"count":4,"href":"https:\/\/kishamozaik.al\/no\/wp-json\/wp\/v2\/pages\/2770\/revisions"}],"predecessor-version":[{"id":3423,"href":"https:\/\/kishamozaik.al\/no\/wp-json\/wp\/v2\/pages\/2770\/revisions\/3423"}],"up":[{"embeddable":true,"href":"https:\/\/kishamozaik.al\/no\/wp-json\/wp\/v2\/pages\/2738"}],"wp:attachment":[{"href":"https:\/\/kishamozaik.al\/no\/wp-json\/wp\/v2\/media?parent=2770"}],"curies":[{"name":"wp","href":"https:\/\/api.w.org\/{rel}","templated":true}]}}