{"id":2809,"date":"2023-04-23T11:17:10","date_gmt":"2023-04-23T09:17:10","guid":{"rendered":"https:\/\/kishamozaik.al\/staben\/"},"modified":"2025-09-23T13:21:58","modified_gmt":"2025-09-23T11:21:58","slug":"staben","status":"publish","type":"page","link":"https:\/\/kishamozaik.al\/no\/staben\/","title":{"rendered":"Staben"},"content":{"rendered":"<p>[et_pb_section fb_built=&raquo;1&#8243; admin_label=&raquo;section&raquo; _builder_version=&raquo;4.21.0&#8243; background_color=&raquo;#1A1A1A&raquo; background_enable_image=&raquo;off&raquo; background_position=&raquo;top_center&raquo; background_vertical_offset=&raquo;16%&raquo; background_blend=&raquo;multiply&raquo; custom_margin=&raquo;0px||||false|false&raquo; custom_padding=&raquo;0px||0px||false|false&raquo; top_divider_color=&raquo;#ffffff&raquo; top_divider_height=&raquo;24px&raquo; top_divider_arrangement=&raquo;above_content&raquo; bottom_divider_style=&raquo;curve&raquo; bottom_divider_color=&raquo;#1A1A1A&raquo; bottom_divider_height=&raquo;36px&raquo; bottom_divider_flip=&raquo;vertical&raquo; bottom_divider_arrangement=&raquo;above_content&raquo; bottom_divider_height_tablet=&raquo;36px&raquo; bottom_divider_height_phone=&raquo;24px&raquo; bottom_divider_height_last_edited=&raquo;on|phone&raquo; global_colors_info=&raquo;{}&raquo;][et_pb_row make_equal=&raquo;on&raquo; custom_padding_last_edited=&raquo;on|phone&raquo; admin_label=&raquo;rad&raquo; _builder_version=&raquo;4.21.0&#8243; background_enable_image=&raquo;off&raquo; background_position=&raquo;top_left&raquo; background_vertical_offset=&raquo;18%&raquo; background_repeat=&raquo;repeat&raquo; width=&raquo;100%&raquo; max_width=&raquo;2560px&raquo; height=&raquo;60vh&raquo; height_tablet=&raquo;50vh&raquo; height_phone=&raquo;45vh&raquo; height_last_edited=&raquo;on|phone&raquo; custom_margin=&raquo;0px||0px||false|false&raquo; custom_padding=&raquo;||||true|false&raquo; custom_padding_tablet=&raquo;30px||30px||true|false&raquo; custom_padding_phone=&raquo;30px||30px||true|false&raquo; background_last_edited=&raquo;on|phone&raquo; background_position_phone=&raquo;center&raquo; custom_css_main_element=&raquo;display: flex;||flex-direction: column;||justify-content: center;&raquo; global_colors_info=&raquo;{}&raquo;][et_pb_column type=&raquo;4_4&#8243; _builder_version=&raquo;4.21.0&#8243; custom_padding=&raquo;|||&raquo; global_colors_info=&raquo;{}&raquo; custom_padding__hover=&raquo;|||&raquo;][et_pb_text _builder_version=&raquo;4.20.4&#8243; _module_preset=&raquo;default&raquo; header_font=&raquo;|700|||||||&raquo; header_text_align=&raquo;center&raquo; header_text_color=&raquo;#FFFFFF&raquo; header_font_size=&raquo;90px&raquo; custom_margin=&raquo;2%||||false|false&raquo; header_font_size_tablet=&raquo;90px&raquo; header_font_size_phone=&raquo;12vw&raquo; header_font_size_last_edited=&raquo;on|phone&raquo; header_text_shadow_style=&raquo;preset2&#8243; global_colors_info=&raquo;{}&raquo;]<\/p>\n<h1>DE ANSATTE<\/h1>\n<p>[\/et_pb_text][et_pb_text _builder_version=&raquo;4.21.0&#8243; _module_preset=&raquo;default&raquo; header_3_font=&raquo;nothing-you-can-do-l||||||||&raquo; header_3_text_align=&raquo;center&raquo; header_3_text_color=&raquo;#FFFFFF&raquo; header_3_font_size=&raquo;36px&raquo; width=&raquo;50%&raquo; width_tablet=&raquo;80%&raquo; width_phone=&raquo;81%&raquo; width_last_edited=&raquo;on|phone&raquo; module_alignment=&raquo;center&raquo; header_3_font_size_tablet=&raquo;36px&raquo; header_3_font_size_phone=&raquo;7vw&raquo; header_3_font_size_last_edited=&raquo;on|phone&raquo; locked=&raquo;off&raquo; global_colors_info=&raquo;{}&raquo;]<\/p>\n<h3>&laquo;\u00c5 gj\u00f8re Guds frelse og hans frelsesverk kjent blant mennesker gjennom forkynnelse, rettferdighet, barmhjertighet og kj\u00e6rlighet.&raquo;<\/h3>\n<p>[\/et_pb_text][\/et_pb_column][\/et_pb_row][\/et_pb_section][et_pb_section fb_built=&raquo;1&#8243; _builder_version=&raquo;4.20.4&#8243; _module_preset=&raquo;default&raquo; background_color=&raquo;#FFFFFF&raquo; custom_padding=&raquo;50px||50px||true|false&raquo; global_colors_info=&raquo;{}&raquo;][et_pb_row column_structure=&raquo;1_2,1_2&#8243; make_equal=&raquo;on&raquo; _builder_version=&raquo;4.20.4&#8243; _module_preset=&raquo;default&raquo; width_tablet=&raquo;80%&raquo; width_phone=&raquo;85%&raquo; width_last_edited=&raquo;on|phone&raquo; global_colors_info=&raquo;{}&raquo;][et_pb_column type=&raquo;1_2&#8243; module_class=&raquo;vertikal-zentrieren&raquo; _builder_version=&raquo;4.20.4&#8243; _module_preset=&raquo;default&raquo; global_colors_info=&raquo;{}&raquo;][et_pb_image src=&raquo;https:\/\/kishamozaik.al\/wp-content\/uploads\/2023\/04\/Sajmir-and-Irma.jpeg&raquo; alt=&raquo;Sajmir og Irma&raquo; title_text=&raquo;Sajmir og Irma&raquo; _builder_version=&raquo;4.20.4&#8243; _module_preset=&raquo;default&raquo; width=&raquo;350px&raquo; module_alignment=&raquo;center&raquo; animation_style=&raquo;bounce&raquo; border_radii=&raquo;on|500px|500px|500px|500px&raquo; box_shadow_style=&raquo;preset2&#8243; global_colors_info=&raquo;{}&raquo;][\/et_pb_image][\/et_pb_column][et_pb_column type=&raquo;1_2&#8243; module_class=&raquo;vertikal-zentrieren&raquo; _builder_version=&raquo;4.20.4&#8243; _module_preset=&raquo;default&raquo; global_colors_info=&raquo;{}&raquo;][et_pb_text _builder_version=&raquo;4.21.0&#8243; _module_preset=&raquo;default&raquo; header_2_text_align=&raquo;left&raquo; custom_margin=&raquo;||0px||false|false&raquo; custom_padding=&raquo;||||false|false&raquo; header_2_text_align_tablet=&raquo;center&raquo; header_2_text_align_phone=&raquo;center&raquo; header_2_text_align_last_edited=&raquo;on|desktop&raquo; global_colors_info=&raquo;{}&raquo;]<\/p>\n<h2>Sajmir Brazhdi<\/h2>\n<p>[\/et_pb_text][et_pb_text _builder_version=&raquo;4.20.4&#8243; _module_preset=&raquo;default&raquo; header_2_text_align=&raquo;center&raquo; header_3_font=&raquo;|||on|||||&raquo; header_3_font_size=&raquo;20px&raquo; custom_margin=&raquo;||||false|false&raquo; custom_padding=&raquo;||||false|false&raquo; text_orientation_tablet=&raquo;center&raquo; text_orientation_phone=&raquo;center&raquo; text_orientation_last_edited=&raquo;on|phone&raquo; global_colors_info=&raquo;{}&raquo;]<\/p>\n<h3>Hovedpastor<\/h3>\n<p>[\/et_pb_text][et_pb_text _builder_version=&raquo;4.20.4&#8243; _module_preset=&raquo;default&raquo; text_text_color=&raquo;#1A1A1A&raquo; global_colors_info=&raquo;{}&raquo;]Pastor Sajmir, som er opptatt av \u00e5 fremme mangfold og inkludering, har formet Mosaic Church som et innbydende og levende gudstjenesterom. Hans engasjerende prekener b\u00e6rer preg av dyp bibelforst\u00e5else og genuin omsorg for menighetens \u00e5ndelige vekst.<\/p>\n<p>Som ledende pastor tjener han lokalsamfunnet gjennom utadrettede programmer, initiativer for sosial rettferdighet og medmenneskelig st\u00f8tte. Hans varme personlighet, ydmykhet og autentiske tro har gjort ham til en betrodd og elsket \u00e5ndelig leder.<\/p>\n<p>Bli med til Mosaic Church for \u00e5 h\u00f8re pastor Sajmirs inspirerende forkynnelse, mens vi sammen reiser i tro, oppdager v\u00e5r identitet i Kristus og omfavner en bibelsk kultur.[\/et_pb_text][\/et_pb_column][\/et_pb_row][\/et_pb_section][et_pb_section fb_built=&raquo;1&#8243; _builder_version=&raquo;4.20.4&#8243; _module_preset=&raquo;default&raquo; background_color=&raquo;#F3ECE2&#8243; custom_padding=&raquo;50px||50px||true|false&raquo; global_colors_info=&raquo;{}&raquo;][et_pb_row column_structure=&raquo;1_2,1_2&#8243; make_equal=&raquo;on&raquo; _builder_version=&raquo;4.20.4&#8243; _module_preset=&raquo;default&raquo; width_tablet=&raquo;80%&raquo; width_phone=&raquo;85%&raquo; width_last_edited=&raquo;on|phone&raquo; global_colors_info=&raquo;{}&raquo;][et_pb_column type=&raquo;1_2&#8243; module_class=&raquo;vertikal-zentrieren&raquo; _builder_version=&raquo;4.20.4&#8243; _module_preset=&raquo;default&raquo; global_colors_info=&raquo;{}&raquo;][et_pb_image src=&raquo;https:\/\/kishamozaik.al\/wp-content\/uploads\/2023\/04\/Irma-Voka-1.jpg&raquo; alt=&raquo;Irma Voka&raquo; title_text=&raquo;Irma Voka&raquo; _builder_version=&raquo;4.20.4&#8243; _module_preset=&raquo;default&raquo; width=&raquo;350px&raquo; module_alignment=&raquo;center&raquo; animation_style=&raquo;bounce&raquo; border_radii=&raquo;on|500px|500px|500px|500px&raquo; box_shadow_style=&raquo;preset2&#8243; global_colors_info=&raquo;{}&raquo;][\/et_pb_image][\/et_pb_column][et_pb_column type=&raquo;1_2&#8243; module_class=&raquo;vertikal-zentrieren&raquo; _builder_version=&raquo;4.20.4&#8243; _module_preset=&raquo;default&raquo; global_colors_info=&raquo;{}&raquo;][et_pb_text _builder_version=&raquo;4.20.4&#8243; _module_preset=&raquo;default&raquo; header_2_text_align=&raquo;left&raquo; custom_margin=&raquo;||0px||false|false&raquo; custom_padding=&raquo;||||false|false&raquo; header_2_text_align_tablet=&raquo;center&raquo; header_2_text_align_phone=&raquo;center&raquo; header_2_text_align_last_edited=&raquo;on|desktop&raquo; global_colors_info=&raquo;{}&raquo;]<\/p>\n<h2>Irma Voka<\/h2>\n<p>[\/et_pb_text][et_pb_text _builder_version=&raquo;4.20.4&#8243; _module_preset=&raquo;default&raquo; header_3_font=&raquo;|||on|||||&raquo; header_3_font_size=&raquo;20px&raquo; custom_margin=&raquo;||||false|false&raquo; custom_padding=&raquo;||||false|false&raquo; text_orientation_tablet=&raquo;center&raquo; text_orientation_phone=&raquo;center&raquo; text_orientation_last_edited=&raquo;on|phone&raquo; global_colors_info=&raquo;{}&raquo;]<\/p>\n<h3>ADMINISTRERENDE DIREKT\u00d8R<\/h3>\n<p>[\/et_pb_text][et_pb_text _builder_version=&raquo;4.27.4&#8243; _module_preset=&raquo;default&raquo; text_text_color=&raquo;#1A1A1A&raquo; global_colors_info=&raquo;{}&raquo;]<\/p>\n<p>Som administrerende direkt\u00f8r i menigheten sin er Irma Voka ansvarlig for \u00e5 lede og styre organisasjonens overordnede retning og strategi. Hennes ekspertise innen ledelse, \u00f8konomi og juridiske sp\u00f8rsm\u00e5l, i tillegg til hennes lidenskap for \u00e5 styrke mennesker og hjelpe dem med \u00e5 finne sin identitet, gj\u00f8r henne til en uvurderlig ressurs for kirken.<\/p>\n<p>Hun er flink til \u00e5 skape et positivt arbeidsmilj\u00f8 som oppmuntrer til vekst og utvikling, samtidig som hun s\u00f8rger for at kirkens verdier og misjon blir ivaretatt. Under hennes ledelse har menigheten opplevd betydelig vekst og suksess, b\u00e5de n\u00e5r det gjelder \u00e5ndelig innflytelse og \u00f8konomisk stabilitet. Irma Voka er en visjon\u00e6r leder som er opptatt av \u00e5 tjene samfunnet og hjelpe andre med \u00e5 n\u00e5 sitt fulle potensial.<\/p>\n<p>[\/et_pb_text][\/et_pb_column][\/et_pb_row][\/et_pb_section][et_pb_section fb_built=&raquo;1&#8243; _builder_version=&raquo;4.27.4&#8243; _module_preset=&raquo;default&raquo; background_color=&raquo;#FFFFFF&raquo; custom_padding=&raquo;50px||50px||true|false&raquo; hover_enabled=&raquo;0&#8243; global_colors_info=&raquo;{}&raquo; sticky_enabled=&raquo;0&#8243;][et_pb_row column_structure=&raquo;1_2,1_2&#8243; make_equal=&raquo;on&raquo; _builder_version=&raquo;4.20.4&#8243; _module_preset=&raquo;default&raquo; width_tablet=&raquo;80%&raquo; width_phone=&raquo;85%&raquo; width_last_edited=&raquo;on|phone&raquo; global_colors_info=&raquo;{}&raquo;][et_pb_column type=&raquo;1_2&#8243; module_class=&raquo;vertikal-zentrieren&raquo; _builder_version=&raquo;4.20.4&#8243; _module_preset=&raquo;default&raquo; global_colors_info=&raquo;{}&raquo;][et_pb_image src=&raquo;https:\/\/kishamozaik.al\/wp-content\/uploads\/2025\/03\/Ambra-_2.jpg&raquo; alt=&raquo;Ambra Hamzaj&raquo; title_text=&raquo;Ambra Hamzaj&raquo; _builder_version=&raquo;4.27.4&#8243; _module_preset=&raquo;default&raquo; width=&raquo;350px&raquo; module_alignment=&raquo;center&raquo; animation_style=&raquo;bounce&raquo; border_radii=&raquo;on|500px|500px|500px|500px&raquo; box_shadow_style=&raquo;preset2&#8243; global_colors_info=&raquo;{}&raquo;][\/et_pb_image][\/et_pb_column][et_pb_column type=&raquo;1_2&#8243; module_class=&raquo;vertikal-zentrieren&raquo; _builder_version=&raquo;4.20.4&#8243; _module_preset=&raquo;default&raquo; global_colors_info=&raquo;{}&raquo;][et_pb_text _builder_version=&raquo;4.27.4&#8243; _module_preset=&raquo;default&raquo; header_2_text_align=&raquo;left&raquo; custom_margin=&raquo;||0px||false|false&raquo; custom_padding=&raquo;||||false|false&raquo; header_2_text_align_tablet=&raquo;center&raquo; header_2_text_align_phone=&raquo;center&raquo; header_2_text_align_last_edited=&raquo;on|desktop&raquo; global_colors_info=&raquo;{}&raquo;]<\/p>\n<h2>Ambra Hamzaj<\/h2>\n<p>[\/et_pb_text][et_pb_text _builder_version=&raquo;4.27.4&#8243; _module_preset=&raquo;default&raquo; header_3_font=&raquo;|||on|||||&raquo; header_3_font_size=&raquo;20px&raquo; header_3_line_height=&raquo;1.3em&raquo; custom_margin=&raquo;||||false|false&raquo; custom_padding=&raquo;||||false|false&raquo; text_orientation_tablet=&raquo;center&raquo; text_orientation_phone=&raquo;center&raquo; text_orientation_last_edited=&raquo;on|phone&raquo; global_colors_info=&raquo;{}&raquo;]<\/p>\n<h3>Hjertet i barne- og ungdomsarbeidet<\/h3>\n<p>[\/et_pb_text][et_pb_text _builder_version=&raquo;4.27.4&#8243; _module_preset=&raquo;default&raquo; text_text_color=&raquo;#1A1A1A&raquo; global_colors_info=&raquo;{}&raquo;]Som hjertet i barne- og ungdomsarbeidet spiller Ambra en viktig rolle i \u00e5 forme den neste generasjonen. Hun er fullt og helt dedikert til oppdraget sitt, og jobber hver dag fra kl. 14.00 til 18.00 i ulike funksjoner for \u00e5 st\u00f8tte og styrke unge mennesker.  <\/p>\n<p>Arbeidet hennes spenner over flere omr\u00e5der: Hun gir akademisk st\u00f8tte og n\u00e6ring i skolefritidsordningen, pleier musikktalenter p\u00e5 musikkskolen, skaper et innbydende rom i barnesenteret og leder lovsang med lidenskap og engasjement. Utover disse n\u00f8kkelrollene er hun alltid klar til \u00e5 steppe inn der menigheten trenger henne.  <\/p>\n<p>Ambras engasjement for \u00e5 tjene andre er tydelig i alt hun gj\u00f8r, og hennes vilje til \u00e5 stadig utvikle seg &#8211; for tiden ved \u00e5 l\u00e6re seg engelsk &#8211; viser at hun er opptatt av \u00e5 v\u00e6re fremragende. Hun er en hj\u00f8rnestein i tjenesten, og bringer varme, lederskap og tro inn i livene til dem hun tjener.[\/et_pb_text][\/et_pb_column][\/et_pb_row][\/et_pb_section][et_pb_section fb_built=&raquo;1&#8243; _builder_version=&raquo;4.27.4&#8243; _module_preset=&raquo;default&raquo; background_color=&raquo;#F3ECE2&#8243; custom_padding=&raquo;50px||50px||true|false&raquo; global_colors_info=&raquo;{}&raquo;][et_pb_row column_structure=&raquo;1_2,1_2&#8243; make_equal=&raquo;on&raquo; _builder_version=&raquo;4.20.4&#8243; _module_preset=&raquo;default&raquo; width_tablet=&raquo;80%&raquo; width_phone=&raquo;85%&raquo; width_last_edited=&raquo;on|phone&raquo; global_colors_info=&raquo;{}&raquo;][et_pb_column type=&raquo;1_2&#8243; module_class=&raquo;vertikal-zentrieren&raquo; _builder_version=&raquo;4.20.4&#8243; _module_preset=&raquo;default&raquo; global_colors_info=&raquo;{}&raquo;][et_pb_image src=&raquo;https:\/\/kishamozaik.al\/wp-content\/uploads\/2025\/03\/Andre-Springhut-0435-sq.jpg.avif&raquo; alt=&raquo;Andr\u00e9 Springhut&raquo; title_text=&raquo;Andr\u00e9 Springhut&raquo; _builder_version=&raquo;4.27.4&#8243; _module_preset=&raquo;default&raquo; width=&raquo;350px&raquo; module_alignment=&raquo;center&raquo; animation_style=&raquo;bounce&raquo; border_radii=&raquo;on|500px|500px|500px|500px&raquo; box_shadow_style=&raquo;preset2&#8243; global_colors_info=&raquo;{}&raquo;][\/et_pb_image][\/et_pb_column][et_pb_column type=&raquo;1_2&#8243; module_class=&raquo;vertikal-zentrieren&raquo; _builder_version=&raquo;4.20.4&#8243; _module_preset=&raquo;default&raquo; global_colors_info=&raquo;{}&raquo;][et_pb_text _builder_version=&raquo;4.27.4&#8243; _module_preset=&raquo;default&raquo; header_2_text_align=&raquo;left&raquo; custom_margin=&raquo;||0px||false|false&raquo; custom_padding=&raquo;||||false|false&raquo; header_2_text_align_tablet=&raquo;center&raquo; header_2_text_align_phone=&raquo;center&raquo; header_2_text_align_last_edited=&raquo;on|desktop&raquo; global_colors_info=&raquo;{}&raquo;]<\/p>\n<h2>Andr\u00e9 Springhut<\/h2>\n<p>[\/et_pb_text][et_pb_text _builder_version=&raquo;4.27.4&#8243; _module_preset=&raquo;default&raquo; text_font=&raquo;|||on|||||&raquo; header_3_font=&raquo;|||on|||||&raquo; header_3_font_size=&raquo;20px&raquo; custom_margin=&raquo;||||false|false&raquo; custom_padding=&raquo;||||false|false&raquo; text_orientation_tablet=&raquo;center&raquo; text_orientation_phone=&raquo;center&raquo; text_orientation_last_edited=&raquo;on|phone&raquo; global_colors_info=&raquo;{}&raquo;]Assistent for kirkens ledelse[\/et_pb_text][et_pb_text _builder_version=&raquo;4.27.4&#8243; _module_preset=&raquo;default&raquo; text_text_color=&raquo;#1A1A1A&raquo; global_colors_info=&raquo;{}&raquo;]Som assistent for kirkeledelsen spiller Andr\u00e9 Springhut en n\u00f8kkelrolle i arbeidet med \u00e5 styrke og utvikle Kisha Mozaik. Med en lidenskap for \u00e5 styrke unge voksne og et dypt engasjement for sosial p\u00e5virkning, bidrar han med sin mangfoldige kompetanse b\u00e5de i det synlige arbeidet og i arbeidet bak kulissene.  <\/p>\n<p>Han coacher unge ledere og hjelper dem med \u00e5 frigj\u00f8re sitt gudgitte potensial gjennom personlig veiledning, teamseminarer og sjelesorg. Han preker ogs\u00e5 regelmessig. Samtidig s\u00f8rger han for kirkens \u00f8konomiske stabilitet ved \u00e5 sikre finansiering, bygge giverrelasjoner og administrere budsjettering og bokf\u00f8ring.  <\/p>\n<p>I tett samarbeid med pastorer og menighetsledere bidrar Andr\u00e9 til \u00e5 skape en sunn struktur der de ansatte kan trives og menigheten kan vokse p\u00e5 en b\u00e6rekraftig m\u00e5te. Hans engasjement og ekspertise gj\u00f8r ham til en uvurderlig del av kirkens misjon og fremtid.[\/et_pb_text][\/et_pb_column][\/et_pb_row][\/et_pb_section][et_pb_section fb_built=&raquo;1&#8243; _builder_version=&raquo;4.20.4&#8243; _module_preset=&raquo;default&raquo; background_color=&raquo;#1A1A1A&raquo; custom_margin=&raquo;||||false|false&raquo; custom_padding=&raquo;||||false|false&raquo; global_colors_info=&raquo;{}&raquo;][et_pb_row _builder_version=&raquo;4.20.4&#8243; _module_preset=&raquo;default&raquo; custom_margin=&raquo;||||false|false&raquo; global_colors_info=&raquo;{}&raquo;][et_pb_column type=&raquo;4_4&#8243; _builder_version=&raquo;4.20.4&#8243; _module_preset=&raquo;default&raquo; global_colors_info=&raquo;{}&raquo;][et_pb_social_media_follow use_icon_font_size=&raquo;on&raquo; icon_font_size=&raquo;40px&raquo; icon_font_size_tablet=&raquo;40px&raquo; icon_font_size_phone=&raquo;30px&raquo; icon_font_size_last_edited=&raquo;on|phone&raquo; _builder_version=&raquo;4.20.4&#8243; _module_preset=&raquo;default&raquo; text_orientation=&raquo;center&raquo; custom_margin=&raquo;||||false|false&raquo; custom_padding=&raquo;||||false|false&raquo; border_radii=&raquo;on|100px|100px|100px|100px&raquo; global_colors_info=&raquo;{}&raquo;][et_pb_social_media_follow_network social_network=&raquo;instagram&raquo; url=&raquo;https:\/\/www.instagram.com\/mozaiklushnje\/&raquo; _builder_version=&raquo;4.20.4&#8243; _module_preset=&raquo;default&raquo; background_color=&raquo;#ea2c59&#8243; border_radii=&raquo;on|100px|100px|100px|100px&raquo; global_colors_info=&raquo;{}&raquo; follow_button=&raquo;off&raquo; url_new_window=&raquo;on&raquo;]instagram[\/et_pb_social_media_follow_network][et_pb_social_media_follow_network social_network=&raquo;facebook&raquo; url=&raquo;https:\/\/www.facebook.com\/mozaiklushnje&raquo; _builder_version=&raquo;4.20.4&#8243; _module_preset=&raquo;default&raquo; background_color=&raquo;#3b5998&#8243; custom_margin=&raquo;|40px||40px|false|true&raquo; custom_margin_tablet=&raquo;|40px||40px|false|true&raquo; custom_margin_phone=&raquo;|20px||20px|false|true&raquo; custom_margin_last_edited=&raquo;on|phone&raquo; global_colors_info=&raquo;{}&raquo; follow_button=&raquo;off&raquo; url_new_window=&raquo;on&raquo;]facebook[\/et_pb_social_media_follow_network][et_pb_social_media_follow_network social_network=&raquo;google-plus&raquo; url=&raquo;mailto:mozaiklushnje@yahoo.com&raquo; _builder_version=&raquo;4.20.4&#8243; _module_preset=&raquo;default&raquo; background_color=&raquo;#dd4b39&#8243; global_colors_info=&raquo;{}&raquo; follow_button=&raquo;off&raquo; url_new_window=&raquo;on&raquo;]google-plus[\/et_pb_social_media_follow_network][\/et_pb_social_media_follow][\/et_pb_column][\/et_pb_row][\/et_pb_section]<\/p>\n","protected":false},"excerpt":{"rendered":"<p>DE ANSATTE&raquo;\u00c5 gj\u00f8re Guds frelse og hans frelsesverk kjent blant mennesker gjennom forkynnelse, rettferdighet, barmhjertighet og kj\u00e6rlighet.&raquo;Sajmir BrazhdiHovedpastorPastor Sajmir, som er opptatt av \u00e5 fremme mangfold og inkludering, har formet Mosaic Church som et innbydende og levende gudstjenesterom. Hans engasjerende prekener b\u00e6rer preg av dyp bibelforst\u00e5else og genuin omsorg for menighetens \u00e5ndelige vekst. Som ledende [&hellip;]<\/p>\n","protected":false},"author":1,"featured_media":0,"parent":0,"menu_order":0,"comment_status":"closed","ping_status":"closed","template":"","meta":{"_acf_changed":false,"_et_pb_use_builder":"on","_et_pb_old_content":"","_et_gb_content_width":"","footnotes":""},"class_list":["post-2809","page","type-page","status-publish","hentry"],"acf":[],"_links":{"self":[{"href":"https:\/\/kishamozaik.al\/no\/wp-json\/wp\/v2\/pages\/2809","targetHints":{"allow":["GET"]}}],"collection":[{"href":"https:\/\/kishamozaik.al\/no\/wp-json\/wp\/v2\/pages"}],"about":[{"href":"https:\/\/kishamozaik.al\/no\/wp-json\/wp\/v2\/types\/page"}],"author":[{"embeddable":true,"href":"https:\/\/kishamozaik.al\/no\/wp-json\/wp\/v2\/users\/1"}],"replies":[{"embeddable":true,"href":"https:\/\/kishamozaik.al\/no\/wp-json\/wp\/v2\/comments?post=2809"}],"version-history":[{"count":12,"href":"https:\/\/kishamozaik.al\/no\/wp-json\/wp\/v2\/pages\/2809\/revisions"}],"predecessor-version":[{"id":4284,"href":"https:\/\/kishamozaik.al\/no\/wp-json\/wp\/v2\/pages\/2809\/revisions\/4284"}],"wp:attachment":[{"href":"https:\/\/kishamozaik.al\/no\/wp-json\/wp\/v2\/media?parent=2809"}],"curies":[{"name":"wp","href":"https:\/\/api.w.org\/{rel}","templated":true}]}}