{"id":2820,"date":"2023-04-23T12:08:59","date_gmt":"2023-04-23T10:08:59","guid":{"rendered":"https:\/\/kishamozaik.al\/visjon\/"},"modified":"2024-06-24T20:57:06","modified_gmt":"2024-06-24T18:57:06","slug":"visjon","status":"publish","type":"page","link":"https:\/\/kishamozaik.al\/no\/visjon\/","title":{"rendered":"Visjon"},"content":{"rendered":"<p>[et_pb_section fb_built=&raquo;1&#8243; _builder_version=&raquo;4.20.4&#8243; _module_preset=&raquo;default&raquo; background_color=&raquo;rgba(164,111,32,0.13)&raquo; custom_padding=&raquo;80px||80px||true|false&raquo; global_colors_info=&raquo;{}&raquo;][et_pb_row make_equal=&raquo;on&raquo; _builder_version=&raquo;4.20.4&#8243; _module_preset=&raquo;default&raquo; custom_margin=&raquo;||||false|false&raquo; custom_padding=&raquo;0px||0px||false|false&raquo; global_colors_info=&raquo;{}&raquo;][et_pb_column type=&raquo;4_4&#8243; module_class=&raquo;vertikal-zentrieren&raquo; _builder_version=&raquo;4.20.4&#8243; _module_preset=&raquo;default&raquo; global_colors_info=&raquo;{}&raquo;][et_pb_image src=&raquo;https:\/\/kishamozaik.al\/wp-content\/uploads\/2023\/04\/kisha-mozaik-logo-text-800.png&raquo; alt=&raquo;Kisha Mozaik&raquo; title_text=&raquo;Kisha Mozaik&raquo; align=&raquo;center&raquo; _builder_version=&raquo;4.24.3&#8243; _module_preset=&raquo;default&raquo; global_colors_info=&raquo;{}&raquo;][\/et_pb_image][et_pb_text _builder_version=&raquo;4.21.0&#8243; _module_preset=&raquo;default&raquo; header_3_font=&raquo;nothing-you-can-do-l||||||||&raquo; header_3_text_align=&raquo;center&raquo; header_3_text_color=&raquo;#D3702C&raquo; header_3_font_size=&raquo;36px&raquo; custom_margin=&raquo;-30px||||false|false&raquo; animation_style=&raquo;slide&raquo; animation_direction=&raquo;right&raquo; header_3_font_size_tablet=&raquo;36px&raquo; header_3_font_size_phone=&raquo;7vw&raquo; header_3_font_size_last_edited=&raquo;on|phone&raquo; locked=&raquo;off&raquo; global_colors_info=&raquo;{}&raquo;]<\/p>\n<h3>Feirer forskjellene<\/h3>\n<p>[\/et_pb_text][\/et_pb_column][\/et_pb_row][\/et_pb_section][et_pb_section fb_built=&raquo;1&#8243; _builder_version=&raquo;4.20.4&#8243; _module_preset=&raquo;default&raquo; background_color=&raquo;#FFFFFF&raquo; custom_padding=&raquo;80px||80px||true|false&raquo; global_colors_info=&raquo;{}&raquo;][et_pb_row column_structure=&raquo;2_5,3_5&#8243; make_equal=&raquo;on&raquo; _builder_version=&raquo;4.20.4&#8243; _module_preset=&raquo;default&raquo; custom_margin=&raquo;||||false|false&raquo; custom_padding=&raquo;0px||0px||false|false&raquo; global_colors_info=&raquo;{}&raquo;][et_pb_column type=&raquo;2_5&#8243; module_class=&raquo;vertikal-zentrieren&raquo; _builder_version=&raquo;4.20.4&#8243; _module_preset=&raquo;default&raquo; global_colors_info=&raquo;{}&raquo;][et_pb_blurb title=&raquo;V\u00e5r visjon&raquo; image=&raquo;https:\/\/kishamozaik.al\/wp-content\/uploads\/2023\/04\/kisha-mozaik-logo.jpg&raquo; alt=&raquo;Kisha Mozaik Lushnje&raquo; icon_placement=&raquo;left&raquo; image_icon_width=&raquo;80px&raquo; _builder_version=&raquo;4.20.4&#8243; _module_preset=&raquo;default&raquo; header_font=&raquo;|700||on|||||&raquo; header_text_color=&raquo;#D3702C&raquo; header_font_size=&raquo;40px&raquo; image_icon_custom_margin=&raquo;-15px|20px|||false|false&raquo; global_colors_info=&raquo;{}&raquo;][\/et_pb_blurb][\/et_pb_column][et_pb_column type=&raquo;3_5&#8243; _builder_version=&raquo;4.20.4&#8243; _module_preset=&raquo;default&raquo; global_colors_info=&raquo;{}&raquo;][et_pb_text _builder_version=&raquo;4.21.0&#8243; _module_preset=&raquo;default&raquo; header_3_font=&raquo;nothing-you-can-do-l||||||||&raquo; header_3_text_align=&raquo;center&raquo; header_3_text_color=&raquo;#D3702C&raquo; header_3_font_size=&raquo;36px&raquo; animation_style=&raquo;slide&raquo; animation_direction=&raquo;right&raquo; header_3_font_size_tablet=&raquo;36px&raquo; header_3_font_size_phone=&raquo;7vw&raquo; header_3_font_size_last_edited=&raquo;on|phone&raquo; locked=&raquo;off&raquo; global_colors_info=&raquo;{}&raquo;]<\/p>\n<h3>&laquo;\u00c5 se fellesskap som lever i mangfold, finner sin identitet i Kristus og lever i en bibelsk kultur&raquo;<\/h3>\n<p>[\/et_pb_text][\/et_pb_column][\/et_pb_row][\/et_pb_section][et_pb_section fb_built=&raquo;1&#8243; _builder_version=&raquo;4.20.4&#8243; _module_preset=&raquo;default&raquo; background_color=&raquo;rgba(164,111,32,0.13)&raquo; custom_padding=&raquo;80px||80px||true|false&raquo; global_colors_info=&raquo;{}&raquo;][et_pb_row column_structure=&raquo;2_5,3_5&#8243; make_equal=&raquo;on&raquo; _builder_version=&raquo;4.20.4&#8243; _module_preset=&raquo;default&raquo; custom_margin=&raquo;||||false|false&raquo; custom_padding=&raquo;0px||0px||false|false&raquo; global_colors_info=&raquo;{}&raquo;][et_pb_column type=&raquo;2_5&#8243; module_class=&raquo;vertikal-zentrieren&raquo; _builder_version=&raquo;4.20.4&#8243; _module_preset=&raquo;default&raquo; global_colors_info=&raquo;{}&raquo;][et_pb_blurb title=&raquo;V\u00e5rt oppdrag&raquo; image=&raquo;https:\/\/kishamozaik.al\/wp-content\/uploads\/2023\/04\/kisha-mozaik-logo-600.png&raquo; alt=&raquo;Kisha Mozaik&raquo; icon_placement=&raquo;left&raquo; image_icon_width=&raquo;80px&raquo; _builder_version=&raquo;4.20.4&#8243; _module_preset=&raquo;default&raquo; header_font=&raquo;|700||on|||||&raquo; header_text_color=&raquo;#D3702C&raquo; header_font_size=&raquo;40px&raquo; image_icon_custom_margin=&raquo;|20px|||false|false&raquo; global_colors_info=&raquo;{}&raquo;][\/et_pb_blurb][\/et_pb_column][et_pb_column type=&raquo;3_5&#8243; _builder_version=&raquo;4.20.4&#8243; _module_preset=&raquo;default&raquo; global_colors_info=&raquo;{}&raquo;][et_pb_text _builder_version=&raquo;4.21.0&#8243; _module_preset=&raquo;default&raquo; header_3_font=&raquo;nothing-you-can-do-l||||||||&raquo; header_3_text_align=&raquo;center&raquo; header_3_text_color=&raquo;#D3702C&raquo; header_3_font_size=&raquo;36px&raquo; animation_style=&raquo;slide&raquo; animation_direction=&raquo;right&raquo; header_3_font_size_tablet=&raquo;36px&raquo; header_3_font_size_phone=&raquo;7vw&raquo; header_3_font_size_last_edited=&raquo;on|phone&raquo; locked=&raquo;off&raquo; global_colors_info=&raquo;{}&raquo;]<\/p>\n<h3>&laquo;\u00c5 gj\u00f8re Guds forl\u00f8sning og frelse kjent blant mennesker gjennom forkynnelse, rettferdighet, barmhjertighet og kj\u00e6rlighet.&raquo;<\/h3>\n<p>[\/et_pb_text][\/et_pb_column][\/et_pb_row][\/et_pb_section][et_pb_section fb_built=&raquo;1&#8243; _builder_version=&raquo;4.20.4&#8243; _module_preset=&raquo;default&raquo; background_color=&raquo;#FFFFFF&raquo; custom_padding=&raquo;80px||80px||true|false&raquo; global_colors_info=&raquo;{}&raquo;][et_pb_row column_structure=&raquo;2_5,3_5&#8243; make_equal=&raquo;on&raquo; _builder_version=&raquo;4.20.4&#8243; _module_preset=&raquo;default&raquo; custom_margin=&raquo;||||false|false&raquo; custom_padding=&raquo;0px||0px||false|false&raquo; global_colors_info=&raquo;{}&raquo;][et_pb_column type=&raquo;2_5&#8243; _builder_version=&raquo;4.20.4&#8243; _module_preset=&raquo;default&raquo; global_colors_info=&raquo;{}&raquo;][et_pb_blurb title=&raquo;V\u00e5re verdier&raquo; image=&raquo;https:\/\/kishamozaik.al\/wp-content\/uploads\/2023\/04\/kisha-mozaik-logo.jpg&raquo; alt=&raquo;Kisha Mozaik Lushnje&raquo; icon_placement=&raquo;left&raquo; image_icon_width=&raquo;80px&raquo; _builder_version=&raquo;4.20.4&#8243; _module_preset=&raquo;default&raquo; header_font=&raquo;|700||on|||||&raquo; header_text_color=&raquo;#D3702C&raquo; header_font_size=&raquo;40px&raquo; image_icon_custom_margin=&raquo;-15px|20px|||false|false&raquo; global_colors_info=&raquo;{}&raquo;][\/et_pb_blurb][\/et_pb_column][et_pb_column type=&raquo;3_5&#8243; _builder_version=&raquo;4.20.4&#8243; _module_preset=&raquo;default&raquo; global_colors_info=&raquo;{}&raquo;][et_pb_accordion open_toggle_text_color=&raquo;#D3702C&raquo; closed_toggle_background_color=&raquo;#F3ECE2&#8243; icon_color=&raquo;#D3702C&raquo; use_icon_font_size=&raquo;on&raquo; icon_font_size=&raquo;25px&raquo; _builder_version=&raquo;4.24.3&#8243; _module_preset=&raquo;default&raquo; toggle_text_color=&raquo;#D3702C&raquo; toggle_font=&raquo;|700|||||||&raquo; toggle_font_size=&raquo;20px&raquo; border_radii=&raquo;on|7px|7px|7px|7px&raquo; border_width_all=&raquo;0px&raquo; global_colors_info=&raquo;{}&raquo;][et_pb_accordion_item title=&raquo;dummy&raquo; open=&raquo;on&raquo; _builder_version=&raquo;4.20.4&#8243; _module_preset=&raquo;default&raquo; custom_css_main_element=&raquo;display:none;&raquo; global_colors_info=&raquo;{}&raquo;][\/et_pb_accordion_item][et_pb_accordion_item title=&raquo;BIBELEN &#8211; Vi er en bibelbasert menighet&raquo; _builder_version=&raquo;4.20.4&#8243; _module_preset=&raquo;default&raquo; global_colors_info=&raquo;{}&raquo; open=&raquo;off&raquo;]Vi er forpliktet p\u00e5 Bibelen som Guds ord og v\u00e5r \u00f8verste autoritet for ledelse og praksis.[\/et_pb_accordion_item][et_pb_accordion_item title=&raquo;CHRIST &#8211; Eksempel&raquo; _builder_version=&raquo;4.20.4&#8243; _module_preset=&raquo;default&raquo; global_colors_info=&raquo;{}&raquo; open=&raquo;off&raquo;]Vi er p\u00e5 en reise i tro sammen. Vi er avhengige av Guds forvandlende kraft.[\/et_pb_accordion_item][et_pb_accordion_item title=&raquo;RELASJONER&raquo; _builder_version=&raquo;4.20.4&#8243; _module_preset=&raquo;default&raquo; global_colors_info=&raquo;{}&raquo; open=&raquo;off&raquo;]Vi investerer i andres liv.<br \/>\nVi deler byrder med hverandre og gleder oss over hverandres seire.<br \/>\nVi anser andre som viktigere enn oss selv.[\/et_pb_accordion_item][et_pb_accordion_item title=&raquo;\u00c5 STOLE P\u00c5 HVERANDRE&raquo; _builder_version=&raquo;4.20.4&#8243; _module_preset=&raquo;default&raquo; global_colors_info=&raquo;{}&raquo; open=&raquo;off&raquo;]Vi gj\u00f8r det rette.<br \/>\nVi gj\u00f8r det vi sier, vi forteller hverandre sannheten.[\/et_pb_accordion_item][et_pb_accordion_item title=&raquo;TEAMARBEID&raquo; _builder_version=&raquo;4.20.4&#8243; _module_preset=&raquo;default&raquo; global_colors_info=&raquo;{}&raquo; open=&raquo;off&raquo;]Vi inviterer inn andres ideer og tanker. Vi fremmer hverandres unike evner og gaver. Vi har myndighet som samsvarer med ansvarsniv\u00e5et v\u00e5rt. Vi samles for felles form\u00e5l.[\/et_pb_accordion_item][et_pb_accordion_item title=&raquo;MANGFOLD&raquo; _builder_version=&raquo;4.24.3&#8243; _module_preset=&raquo;default&raquo; global_colors_info=&raquo;{}&raquo; open=&raquo;off&raquo;]<\/p>\n<p><span>Vi er en enhetlig kirke.<\/span><\/p>\n<p>[\/et_pb_accordion_item][\/et_pb_accordion][\/et_pb_column][\/et_pb_row][\/et_pb_section][et_pb_section fb_built=&raquo;1&#8243; _builder_version=&raquo;4.20.4&#8243; _module_preset=&raquo;default&raquo; background_color=&raquo;rgba(164,111,32,0.13)&raquo; custom_padding=&raquo;80px||80px||true|false&raquo; global_colors_info=&raquo;{}&raquo;][et_pb_row column_structure=&raquo;2_5,3_5&#8243; make_equal=&raquo;on&raquo; _builder_version=&raquo;4.20.4&#8243; _module_preset=&raquo;default&raquo; custom_margin=&raquo;||||false|false&raquo; custom_padding=&raquo;0px||0px||false|false&raquo; global_colors_info=&raquo;{}&raquo;][et_pb_column type=&raquo;2_5&#8243; _builder_version=&raquo;4.20.4&#8243; _module_preset=&raquo;default&raquo; global_colors_info=&raquo;{}&raquo;][et_pb_blurb title=&raquo;V\u00e5r doktrine&raquo; image=&raquo;https:\/\/kishamozaik.al\/wp-content\/uploads\/2023\/04\/kisha-mozaik-logo-600.png&raquo; alt=&raquo;Kisha Mozaik&raquo; icon_placement=&raquo;left&raquo; image_icon_width=&raquo;80px&raquo; _builder_version=&raquo;4.20.4&#8243; _module_preset=&raquo;default&raquo; header_font=&raquo;|700||on|||||&raquo; header_text_color=&raquo;#D3702C&raquo; header_font_size=&raquo;40px&raquo; image_icon_custom_margin=&raquo;|20px|||false|false&raquo; global_colors_info=&raquo;{}&raquo;][\/et_pb_blurb][\/et_pb_column][et_pb_column type=&raquo;3_5&#8243; _builder_version=&raquo;4.20.4&#8243; _module_preset=&raquo;default&raquo; global_colors_info=&raquo;{}&raquo;][et_pb_accordion open_toggle_text_color=&raquo;#D3702C&raquo; closed_toggle_background_color=&raquo;#FFFFFF&raquo; icon_color=&raquo;#D3702C&raquo; use_icon_font_size=&raquo;on&raquo; icon_font_size=&raquo;25px&raquo; _builder_version=&raquo;4.20.4&#8243; _module_preset=&raquo;default&raquo; toggle_text_color=&raquo;#D3702C&raquo; toggle_font=&raquo;|700|||||||&raquo; toggle_font_size=&raquo;20px&raquo; border_radii=&raquo;on|7px|7px|7px|7px&raquo; border_width_all=&raquo;0px&raquo; global_colors_info=&raquo;{}&raquo;][et_pb_accordion_item title=&raquo;dummy&raquo; open=&raquo;on&raquo; _builder_version=&raquo;4.20.4&#8243; _module_preset=&raquo;default&raquo; custom_css_main_element=&raquo;display:none;&raquo; global_colors_info=&raquo;{}&raquo;][\/et_pb_accordion_item][et_pb_accordion_item title=&raquo;BIBELEN  &raquo; _builder_version=&raquo;4.20.4&#8243; _module_preset=&raquo;default&raquo; global_colors_info=&raquo;{}&raquo; open=&raquo;off&raquo;]<\/p>\n<p><span>&laquo;Vi tror at Gud har talt i Skriftene, b\u00e5de i Det gamle og Det nye testamente, gjennom menneskelige forfatteres ord. Som Guds inspirerte ord er Bibelen uten feil i originalskriftene, den er den fullstendige \u00e5penbaringen av Hans frelsesvilje, og den ultimate autoritet som alle omr\u00e5der av menneskelig kunnskap og virksomhet skal bed\u00f8mmes ut fra. Derfor skal vi tro p\u00e5 alt den l\u00e6rer, adlyde alt den befaler og stole p\u00e5 alt den lover.&raquo;<\/span><\/p>\n<p>[\/et_pb_accordion_item][et_pb_accordion_item title=&raquo;TRINITY&raquo; _builder_version=&raquo;4.20.4&#8243; _module_preset=&raquo;default&raquo; global_colors_info=&raquo;{}&raquo; open=&raquo;off&raquo;]<\/p>\n<p><span>&laquo;Gud har eksistert i forhold til seg selv i all evighet. Han eksisterer som \u00e9n substans i tre personer: Faderen, S\u00f8nnen og Den hellige \u00e5nd. Selv om hvert medlem av treenigheten har ulike funksjoner, har de alle like stor makt og myndighet.&raquo;<\/span><\/p>\n<p>[\/et_pb_accordion_item][et_pb_accordion_item title=&raquo;DEN MENNESKELIGE TILSTAND&raquo; _builder_version=&raquo;4.20.4&#8243; _module_preset=&raquo;default&raquo; global_colors_info=&raquo;{}&raquo; open=&raquo;off&raquo;]<\/p>\n<p><span>&laquo;Vi tror at Gud skapte Adam og Eva i sitt bilde, men at de syndet da de ble fristet av Satan. I likhet med Adam er vi mennesker syndere av natur og av eget valg, fremmedgjort fra Gud under hans vrede. Bare gjennom Guds frelsende gjerning i Jesus Kristus kan vi bli reddet, forsonet og fornyet.&raquo;<\/span><\/p>\n<p>[\/et_pb_accordion_item][et_pb_accordion_item title=&raquo;FORL\u00d8SNING&raquo; _builder_version=&raquo;4.20.4&#8243; _module_preset=&raquo;default&raquo; global_colors_info=&raquo;{}&raquo; open=&raquo;off&raquo;]<\/p>\n<p><span>&laquo;Vi tror at en person blir frelst gjennom omvendelse og tro p\u00e5 Kristi fullbrakte verk. Frelsen er av n\u00e5de alene.&raquo;<\/span><\/p>\n<p>[\/et_pb_accordion_item][et_pb_accordion_item title=&raquo;JESUS KRISTUS&raquo; _builder_version=&raquo;4.20.4&#8243; _module_preset=&raquo;default&raquo; global_colors_info=&raquo;{}&raquo; open=&raquo;off&raquo;]<\/p>\n<p><span>&laquo;Vi tror at Jesus Kristus er den inkarnerte Herre, helt og fullt Gud og helt og fullt menneske, \u00e9n person i to naturer. Jesus, Israels lovede Messias, ble unnfanget av Den hellige \u00e5nd og f\u00f8dt av jomfru Maria. Han levde et liv uten synd, ble korsfestet under Pontius Pilatus, stod legemlig opp fra de d\u00f8de, f\u00f3r opp til himmelen og sitter ved Gud Faders h\u00f8yre h\u00e5nd som v\u00e5r yppersteprest og talsmann.&raquo;<\/span><\/p>\n<p>[\/et_pb_accordion_item][et_pb_accordion_item title=&raquo;KRISTI VERK&raquo; _builder_version=&raquo;4.20.4&#8243; _module_preset=&raquo;default&raquo; global_colors_info=&raquo;{}&raquo; open=&raquo;off&raquo;]<\/p>\n<p><span>&laquo;Vi tror at Jesus Kristus, som v\u00e5r representant og stedfortreder, ut\u00f8ste sitt blod p\u00e5 korset som et fullkomment og tilstrekkelig offer for v\u00e5re synder. Hans d\u00f8d og seierrike oppstandelse utgj\u00f8r den eneste grunnen til frelse.&raquo;<\/span><\/p>\n<p>[\/et_pb_accordion_item][et_pb_accordion_item title=&raquo;DEN HELLIGE \u00c5ND&raquo; _builder_version=&raquo;4.20.4&#8243; _module_preset=&raquo;default&raquo; global_colors_info=&raquo;{}&raquo; open=&raquo;off&raquo;]<\/p>\n<p><span>&laquo;Vi tror at Den Hellige \u00c5nd, i alt han gj\u00f8r, forherliger Herren Jesus Kristus. Vi tror p\u00e5 Den hellige \u00e5nds personlighet og guddom. Han overbeviser, gjenf\u00f8der, leder, utruster og gir de troende kraft til liv og tjeneste i Kristus.&raquo;<\/span><\/p>\n<p>[\/et_pb_accordion_item][et_pb_accordion_item title=&raquo;KIRKEN&raquo; _builder_version=&raquo;4.20.4&#8243; _module_preset=&raquo;default&raquo; global_colors_info=&raquo;{}&raquo; open=&raquo;off&raquo;]<\/p>\n<p><span>Vi tror at den sanne kirke omfatter alle dem som er frelst av Guds n\u00e5de ved troen p\u00e5 Kristus alene. De er forent ved Den Hellige \u00c5nd i Kristi legeme, som han er hodet for. Den sanne kirke manifesterer seg i lokale menigheter, som kun skal best\u00e5 av troende. Kirkens oppgave er \u00e5 tilbe Gud, fullkommengj\u00f8re de hellige og evangelisere verden.<\/span><\/p>\n<p>[\/et_pb_accordion_item][et_pb_accordion_item title=&raquo;KRISTENT LIV&raquo; _builder_version=&raquo;4.20.4&#8243; _module_preset=&raquo;default&raquo; global_colors_info=&raquo;{}&raquo; open=&raquo;off&raquo;]<\/p>\n<p><span>Vi tror at Guds rettferdiggj\u00f8rende n\u00e5de ikke b\u00f8r skilles fra dens helliggj\u00f8rende kraft og hensikt. Gud befaler oss \u00e5 elske Ham h\u00f8yt og andre oppofrende, og \u00e5 leve ut v\u00e5r tro med omsorg for hverandre, medf\u00f8lelse med de fattige og rettferdighet for de undertrykte. Med Guds ord, \u00c5ndens kraft og inderlig b\u00f8nn i Kristi navn skal vi kjempe mot ondskapens \u00e5ndelige krefter. I lydighet mot Kristi oppdrag skal vi gj\u00f8re disipler blant alle mennesker, og alltid vitne om evangeliet i ord og handling.<\/span><\/p>\n<p>[\/et_pb_accordion_item][et_pb_accordion_item title=&raquo;KRISTI GJENKOMST&raquo; _builder_version=&raquo;4.20.4&#8243; _module_preset=&raquo;default&raquo; global_colors_info=&raquo;{}&raquo; open=&raquo;off&raquo;]<\/p>\n<p><span>Vi tror p\u00e5 v\u00e5r Herre Jesu Kristi personlige, legemlige gjenkomst for \u00e5 fullf\u00f8re v\u00e5r frelse og opprette sitt herlige rike. Kristi gjenkomst vil skje p\u00e5 et tidspunkt som bare Gud kjenner, og som v\u00e5rt velsignede h\u00e5p motiverer det de troende til \u00e5 leve p\u00e5 en gudfryktig m\u00e5te med tjeneste, oppofrelse og energisk misjon.<\/span><\/p>\n<p>[\/et_pb_accordion_item][et_pb_accordion_item title=&raquo;DJEVELENS L\u00c6RE&raquo; _builder_version=&raquo;4.20.4&#8243; _module_preset=&raquo;default&raquo; global_colors_info=&raquo;{}&raquo; open=&raquo;off&raquo;]<\/p>\n<p><span>Vi tror p\u00e5 djevelens virkelighet og personlighet og p\u00e5 den endelige dommen i ildsj\u00f8en for ham og hans engler.<\/span><\/p>\n<p>[\/et_pb_accordion_item][\/et_pb_accordion][\/et_pb_column][\/et_pb_row][\/et_pb_section][et_pb_section fb_built=&raquo;1&#8243; _builder_version=&raquo;4.20.4&#8243; _module_preset=&raquo;default&raquo; background_color=&raquo;#1A1A1A&raquo; custom_margin=&raquo;||||false|false&raquo; custom_padding=&raquo;||||false|false&raquo; global_colors_info=&raquo;{}&raquo;][et_pb_row _builder_version=&raquo;4.20.4&#8243; _module_preset=&raquo;default&raquo; custom_margin=&raquo;||||false|false&raquo; global_colors_info=&raquo;{}&raquo;][et_pb_column type=&raquo;4_4&#8243; _builder_version=&raquo;4.20.4&#8243; _module_preset=&raquo;default&raquo; global_colors_info=&raquo;{}&raquo;][et_pb_social_media_follow use_icon_font_size=&raquo;on&raquo; icon_font_size=&raquo;40px&raquo; icon_font_size_tablet=&raquo;40px&raquo; icon_font_size_phone=&raquo;30px&raquo; icon_font_size_last_edited=&raquo;on|phone&raquo; _builder_version=&raquo;4.20.4&#8243; _module_preset=&raquo;default&raquo; text_orientation=&raquo;center&raquo; custom_margin=&raquo;||||false|false&raquo; custom_padding=&raquo;||||false|false&raquo; border_radii=&raquo;on|100px|100px|100px|100px&raquo; global_colors_info=&raquo;{}&raquo;][et_pb_social_media_follow_network social_network=&raquo;instagram&raquo; url=&raquo;https:\/\/www.instagram.com\/mozaiklushnje\/&raquo; _builder_version=&raquo;4.20.4&#8243; _module_preset=&raquo;default&raquo; background_color=&raquo;#ea2c59&#8243; border_radii=&raquo;on|100px|100px|100px|100px&raquo; global_colors_info=&raquo;{}&raquo; follow_button=&raquo;off&raquo; url_new_window=&raquo;on&raquo;]instagram[\/et_pb_social_media_follow_network][et_pb_social_media_follow_network social_network=&raquo;facebook&raquo; url=&raquo;https:\/\/www.facebook.com\/mozaiklushnje&raquo; _builder_version=&raquo;4.20.4&#8243; _module_preset=&raquo;default&raquo; background_color=&raquo;#3b5998&#8243; custom_margin=&raquo;|40px||40px|false|true&raquo; custom_margin_tablet=&raquo;|40px||40px|false|true&raquo; custom_margin_phone=&raquo;|20px||20px|false|true&raquo; custom_margin_last_edited=&raquo;on|phone&raquo; global_colors_info=&raquo;{}&raquo; follow_button=&raquo;off&raquo; url_new_window=&raquo;on&raquo;]facebook[\/et_pb_social_media_follow_network][et_pb_social_media_follow_network social_network=&raquo;google-plus&raquo; url=&raquo;mailto:mozaiklushnje@yahoo.com&raquo; _builder_version=&raquo;4.20.4&#8243; _module_preset=&raquo;default&raquo; background_color=&raquo;#dd4b39&#8243; global_colors_info=&raquo;{}&raquo; follow_button=&raquo;off&raquo; url_new_window=&raquo;on&raquo;]google-plus[\/et_pb_social_media_follow_network][\/et_pb_social_media_follow][\/et_pb_column][\/et_pb_row][\/et_pb_section]<\/p>\n","protected":false},"excerpt":{"rendered":"<p>Feirer forskjellene&raquo;\u00c5 se fellesskap som lever i mangfold, finner sin identitet i Kristus og lever i en bibelsk kultur&raquo;&raquo;\u00c5 gj\u00f8re Guds forl\u00f8sning og frelse kjent blant mennesker gjennom forkynnelse, rettferdighet, barmhjertighet og kj\u00e6rlighet.&raquo;Vi er forpliktet p\u00e5 Bibelen som Guds ord og v\u00e5r \u00f8verste autoritet for ledelse og praksis.Vi er p\u00e5 en reise i tro sammen. [&hellip;]<\/p>\n","protected":false},"author":1,"featured_media":0,"parent":0,"menu_order":0,"comment_status":"closed","ping_status":"closed","template":"","meta":{"_acf_changed":false,"_et_pb_use_builder":"on","_et_pb_old_content":"","_et_gb_content_width":"","footnotes":""},"class_list":["post-2820","page","type-page","status-publish","hentry"],"acf":[],"_links":{"self":[{"href":"https:\/\/kishamozaik.al\/no\/wp-json\/wp\/v2\/pages\/2820","targetHints":{"allow":["GET"]}}],"collection":[{"href":"https:\/\/kishamozaik.al\/no\/wp-json\/wp\/v2\/pages"}],"about":[{"href":"https:\/\/kishamozaik.al\/no\/wp-json\/wp\/v2\/types\/page"}],"author":[{"embeddable":true,"href":"https:\/\/kishamozaik.al\/no\/wp-json\/wp\/v2\/users\/1"}],"replies":[{"embeddable":true,"href":"https:\/\/kishamozaik.al\/no\/wp-json\/wp\/v2\/comments?post=2820"}],"version-history":[{"count":2,"href":"https:\/\/kishamozaik.al\/no\/wp-json\/wp\/v2\/pages\/2820\/revisions"}],"predecessor-version":[{"id":2822,"href":"https:\/\/kishamozaik.al\/no\/wp-json\/wp\/v2\/pages\/2820\/revisions\/2822"}],"wp:attachment":[{"href":"https:\/\/kishamozaik.al\/no\/wp-json\/wp\/v2\/media?parent=2820"}],"curies":[{"name":"wp","href":"https:\/\/api.w.org\/{rel}","templated":true}]}}