{"id":1539,"date":"2023-04-29T08:39:02","date_gmt":"2023-04-29T06:39:02","guid":{"rendered":"https:\/\/kishamozaik.al\/gjurme\/"},"modified":"2023-10-30T13:33:12","modified_gmt":"2023-10-30T12:33:12","slug":"gjurme","status":"publish","type":"page","link":"https:\/\/kishamozaik.al\/sq\/gjurme\/","title":{"rendered":"Gjurm\u00eb"},"content":{"rendered":"<p>[et_pb_section fb_built=&#8221;1&#8243; _builder_version=&#8221;4.21.0&#8243; _module_preset=&#8221;default&#8221; global_colors_info=&#8221;{}&#8221;][et_pb_row _builder_version=&#8221;4.21.0&#8243; _module_preset=&#8221;default&#8221; global_colors_info=&#8221;{}&#8221;][et_pb_column type=&#8221;4_4&#8243; _builder_version=&#8221;4.21.0&#8243; _module_preset=&#8221;default&#8221; global_colors_info=&#8221;{}&#8221;][et_pb_text _builder_version=&#8221;4.21.0&#8243; _module_preset=&#8221;default&#8221; hover_enabled=&#8221;0&#8243; global_colors_info=&#8221;{}&#8221; sticky_enabled=&#8221;0&#8243; header_2_font_size=&#8221;20px&#8221;]<\/p>\n<h1>Gjurm\u00eb<\/h1>\n<p>Kisha Mozaik<br \/>\nL. &#8216;Gafurr Muco&#8217;, Rr. Sulejman Delvina, nd 22<br \/>\nLushnje<\/p>\n<h2>Regjistrimi<\/h2>\n<p>Autoriteti i Regjistrimit: Ministria e Financave &#8211; Drejtoria e P\u00ebrgjithshme e Tatimeve<br \/>\nNumri i identifikimit (NIPT\/SSN): M03724531J<\/p>\n<h2>P\u00ebrfaq\u00ebsuar nga<\/h2>\n<p>Sajmir Brazhdi<br \/>\nIrma Voka<br \/>\nHajrid Xhebexhiu<\/p>\n<h2>Kontakt<\/h2>\n<p>Telefoni: +355 69 653 4570<br \/>\nE-mail: <a href=\"mailto:mozaiklushnje@yahoo.com\">mozaiklushnje@yahoo.com<\/a><\/p>\n<h2>Zgjidhja e mosmarr\u00ebveshjeve t\u00eb konsumatorit\/Bordi Universal i Arbitrazhit<\/h2>\n<p>Ne nuk jemi t\u00eb gatsh\u00ebm apo t\u00eb detyruar t\u00eb marrim pjes\u00eb n\u00eb procedurat e zgjidhjes s\u00eb mosmarr\u00ebveshjeve p\u00ebrpara nj\u00eb bordi arbitrazhi t\u00eb konsumatorit.[\/et_pb_text][\/et_pb_column][\/et_pb_row][\/et_pb_section]<\/p>\n","protected":false},"excerpt":{"rendered":"<p>Gjurm\u00eb Kisha Mozaik L. &#8216;Gafurr Muco&#8217;, Rr. Sulejman Delvina, nd 22 Lushnje Regjistrimi Autoriteti i Regjistrimit: Ministria e Financave &#8211; Drejtoria e P\u00ebrgjithshme e Tatimeve Numri i identifikimit (NIPT\/SSN): M03724531J P\u00ebrfaq\u00ebsuar nga Sajmir Brazhdi Irma Voka Hajrid Xhebexhiu Kontakt Telefoni: +355 69 653 4570 E-mail: mozaiklushnje@yahoo.com Zgjidhja e mosmarr\u00ebveshjeve t\u00eb konsumatorit\/Bordi Universal i Arbitrazhit Ne [&hellip;]<\/p>\n","protected":false},"author":1,"featured_media":0,"parent":0,"menu_order":0,"comment_status":"closed","ping_status":"closed","template":"","meta":{"_acf_changed":false,"_et_pb_use_builder":"on","_et_pb_old_content":"","_et_gb_content_width":"","footnotes":""},"class_list":["post-1539","page","type-page","status-publish","hentry"],"acf":[],"_links":{"self":[{"href":"https:\/\/kishamozaik.al\/sq\/wp-json\/wp\/v2\/pages\/1539","targetHints":{"allow":["GET"]}}],"collection":[{"href":"https:\/\/kishamozaik.al\/sq\/wp-json\/wp\/v2\/pages"}],"about":[{"href":"https:\/\/kishamozaik.al\/sq\/wp-json\/wp\/v2\/types\/page"}],"author":[{"embeddable":true,"href":"https:\/\/kishamozaik.al\/sq\/wp-json\/wp\/v2\/users\/1"}],"replies":[{"embeddable":true,"href":"https:\/\/kishamozaik.al\/sq\/wp-json\/wp\/v2\/comments?post=1539"}],"version-history":[{"count":2,"href":"https:\/\/kishamozaik.al\/sq\/wp-json\/wp\/v2\/pages\/1539\/revisions"}],"predecessor-version":[{"id":1541,"href":"https:\/\/kishamozaik.al\/sq\/wp-json\/wp\/v2\/pages\/1539\/revisions\/1541"}],"wp:attachment":[{"href":"https:\/\/kishamozaik.al\/sq\/wp-json\/wp\/v2\/media?parent=1539"}],"curies":[{"name":"wp","href":"https:\/\/api.w.org\/{rel}","templated":true}]}}