{"id":1545,"date":"2023-04-23T11:17:10","date_gmt":"2023-04-23T09:17:10","guid":{"rendered":"https:\/\/kishamozaik.al\/koleg\/"},"modified":"2025-09-23T13:21:48","modified_gmt":"2025-09-23T11:21:48","slug":"koleg","status":"publish","type":"page","link":"https:\/\/kishamozaik.al\/sq\/koleg\/","title":{"rendered":"Stafi"},"content":{"rendered":"<p>[et_pb_section fb_built=&#8221;1&#8243; admin_label=&#8221;section&#8221; _builder_version=&#8221;4.21.0&#8243; background_color=&#8221;#1A1A1A&#8221; background_enable_image=&#8221;off&#8221; background_position=&#8221;top_center&#8221; background_vertical_offset=&#8221;16%&#8221; background_blend=&#8221;multiply&#8221; custom_margin=&#8221;0px||||false|false&#8221; custom_padding=&#8221;0px||0px||false|false&#8221; top_divider_color=&#8221;#ffffff&#8221; top_divider_height=&#8221;24px&#8221; top_divider_arrangement=&#8221;above_content&#8221; bottom_divider_style=&#8221;curve&#8221; bottom_divider_color=&#8221;#1A1A1A&#8221; bottom_divider_height=&#8221;36px&#8221; bottom_divider_flip=&#8221;vertical&#8221; bottom_divider_arrangement=&#8221;above_content&#8221; bottom_divider_height_tablet=&#8221;36px&#8221; bottom_divider_height_phone=&#8221;24px&#8221; bottom_divider_height_last_edited=&#8221;on|phone&#8221; global_colors_info=&#8221;{}&#8221;][et_pb_row make_equal=&#8221;on&#8221; custom_padding_last_edited=&#8221;on|phone&#8221; admin_label=&#8221;Rreshti&#8221; _builder_version=&#8221;4.21.0&#8243; background_enable_image=&#8221;off&#8221; background_position=&#8221;top_left&#8221; background_vertical_offset=&#8221;18%&#8221; background_repeat=&#8221;repeat&#8221; width=&#8221;100%&#8221; max_width=&#8221;2560px&#8221; height=&#8221;60vh&#8221; height_tablet=&#8221;50vh&#8221; height_phone=&#8221;45vh&#8221; height_last_edited=&#8221;on|phone&#8221; custom_margin=&#8221;0px||0px||false|false&#8221; custom_padding=&#8221;||||true|false&#8221; custom_padding_tablet=&#8221;30px||30px||true|false&#8221; custom_padding_phone=&#8221;30px||30px||true|false&#8221; background_last_edited=&#8221;on|phone&#8221; background_position_phone=&#8221;center&#8221; custom_css_main_element=&#8221;display: flex;||flex-direction: column;||justify-content: center;&#8221; global_colors_info=&#8221;{}&#8221;][et_pb_column type=&#8221;4_4&#8243; _builder_version=&#8221;4.21.0&#8243; custom_padding=&#8221;|||&#8221; global_colors_info=&#8221;{}&#8221; custom_padding__hover=&#8221;|||&#8221;][et_pb_text _builder_version=&#8221;4.20.4&#8243; _module_preset=&#8221;default&#8221; header_font=&#8221;|700|||||||&#8221; header_text_align=&#8221;center&#8221; header_text_color=&#8221;#FFFFFF&#8221; header_font_size=&#8221;90px&#8221; custom_margin=&#8221;2%||||false|false&#8221; header_font_size_tablet=&#8221;90px&#8221; header_font_size_phone=&#8221;12vw&#8221; header_font_size_last_edited=&#8221;on|phone&#8221; header_text_shadow_style=&#8221;preset2&#8243; global_colors_info=&#8221;{}&#8221;]<\/p>\n<h1>STAFI<\/h1>\n<p>[\/et_pb_text][et_pb_text _builder_version=&#8221;4.21.0&#8243; _module_preset=&#8221;default&#8221; header_3_font=&#8221;nothing-you-can-do-l||||||||&#8221; header_3_text_align=&#8221;center&#8221; header_3_text_color=&#8221;#FFFFFF&#8221; header_3_font_size=&#8221;36px&#8221; width=&#8221;50%&#8221; width_tablet=&#8221;80%&#8221; width_phone=&#8221;81%&#8221; width_last_edited=&#8221;on|phone&#8221; module_alignment=&#8221;center&#8221; header_3_font_size_tablet=&#8221;36px&#8221; header_3_font_size_phone=&#8221;7vw&#8221; header_3_font_size_last_edited=&#8221;on|phone&#8221; locked=&#8221;off&#8221; global_colors_info=&#8221;{}&#8221;]<\/p>\n<h3>\u201cTa b\u00ebjm\u00eb shpengimin e Per\u00ebndis\u00eb, dhe shp\u00ebtimin e Tij t\u00eb njohur mes njer\u00ebzve, nep\u00ebrmjet predikimit, drejt\u00ebsis\u00eb, m\u00ebshir\u00ebs dhe dashuris\u00eb\u201d<\/h3>\n<p>[\/et_pb_text][\/et_pb_column][\/et_pb_row][\/et_pb_section][et_pb_section fb_built=&#8221;1&#8243; _builder_version=&#8221;4.20.4&#8243; _module_preset=&#8221;default&#8221; background_color=&#8221;#FFFFFF&#8221; custom_padding=&#8221;50px||50px||true|false&#8221; global_colors_info=&#8221;{}&#8221;][et_pb_row column_structure=&#8221;1_2,1_2&#8243; make_equal=&#8221;on&#8221; _builder_version=&#8221;4.20.4&#8243; _module_preset=&#8221;default&#8221; width_tablet=&#8221;80%&#8221; width_phone=&#8221;85%&#8221; width_last_edited=&#8221;on|phone&#8221; global_colors_info=&#8221;{}&#8221;][et_pb_column type=&#8221;1_2&#8243; module_class=&#8221;vertikal-zentrieren&#8221; _builder_version=&#8221;4.20.4&#8243; _module_preset=&#8221;default&#8221; global_colors_info=&#8221;{}&#8221;][et_pb_image src=&#8221;https:\/\/kishamozaik.al\/wp-content\/uploads\/2023\/04\/Sajmir-and-Irma.jpeg&#8221; alt=&#8221;Sajmir dhe Irma&#8221; title_text=&#8221;Sajmir dhe Irma&#8221; _builder_version=&#8221;4.20.4&#8243; _module_preset=&#8221;default&#8221; width=&#8221;350px&#8221; module_alignment=&#8221;center&#8221; animation_style=&#8221;bounce&#8221; border_radii=&#8221;on|500px|500px|500px|500px&#8221; box_shadow_style=&#8221;preset2&#8243; global_colors_info=&#8221;{}&#8221;][\/et_pb_image][\/et_pb_column][et_pb_column type=&#8221;1_2&#8243; module_class=&#8221;vertikal-zentrieren&#8221; _builder_version=&#8221;4.20.4&#8243; _module_preset=&#8221;default&#8221; global_colors_info=&#8221;{}&#8221;][et_pb_text _builder_version=&#8221;4.21.0&#8243; _module_preset=&#8221;default&#8221; header_2_text_align=&#8221;left&#8221; custom_margin=&#8221;||0px||false|false&#8221; custom_padding=&#8221;||||false|false&#8221; header_2_text_align_tablet=&#8221;center&#8221; header_2_text_align_phone=&#8221;center&#8221; header_2_text_align_last_edited=&#8221;on|desktop&#8221; global_colors_info=&#8221;{}&#8221;]<\/p>\n<h2>Sajmir Brazhdi<\/h2>\n<p>[\/et_pb_text][et_pb_text _builder_version=&#8221;4.20.4&#8243; _module_preset=&#8221;default&#8221; header_2_text_align=&#8221;center&#8221; header_3_font=&#8221;|||on|||||&#8221; header_3_font_size=&#8221;20px&#8221; custom_margin=&#8221;||||false|false&#8221; custom_padding=&#8221;||||false|false&#8221; text_orientation_tablet=&#8221;center&#8221; text_orientation_phone=&#8221;center&#8221; text_orientation_last_edited=&#8221;on|phone&#8221; global_colors_info=&#8221;{}&#8221;]<\/p>\n<h3>Pastor kryesor<\/h3>\n<p>[\/et_pb_text][et_pb_text _builder_version=&#8221;4.20.4&#8243; _module_preset=&#8221;default&#8221; text_text_color=&#8221;#1A1A1A&#8221; global_colors_info=&#8221;{}&#8221;]Pastori Sajmir, i cili \u00ebsht\u00eb i angazhuar p\u00ebr t\u00eb nxitur diversitetin dhe p\u00ebrfshirjen, e ka b\u00ebr\u00eb Kish\u00ebn Mozaik nj\u00eb hap\u00ebsir\u00eb adhurimi mikprit\u00ebse dhe t\u00eb gjall\u00eb. Predikimet e tij magjeps\u00ebse tregojn\u00eb nj\u00eb kuptueshm\u00ebri t\u00eb thell\u00eb biblike dhe nj\u00eb interes t\u00eb v\u00ebrtet\u00eb p\u00ebr rritjen frymore t\u00eb kish\u00ebs.<\/p>\n<p>Si krye pastor, ai i sh\u00ebrben kish\u00ebs n\u00ebp\u00ebrmjet programeve t\u00eb fushatave, nismave t\u00eb drejt\u00ebsis\u00eb sociale dhe mb\u00ebshtetjes s\u00eb dhembshur. Personaliteti i tij me zem\u00ebr t\u00eb ngroht\u00eb, p\u00ebrul\u00ebsia dhe besimi autentik e kan\u00eb b\u00ebr\u00eb at\u00eb nj\u00eb udh\u00ebheq\u00ebs frym\u00ebror t\u00eb besuar dhe t\u00eb dashur.<\/p>\n<p>P\u00ebrjetoni sh\u00ebrbes\u00ebn frym\u00ebzuese t\u00eb pastor Sajmirit n\u00eb Kish\u00ebn Mozaik nd\u00ebrsa ecim s\u00eb bashku n\u00eb besim, zbulojm\u00eb identitetin ton\u00eb n\u00eb Krishtin dhe p\u00ebrqafojm\u00eb nj\u00eb kultur\u00eb biblike.[\/et_pb_text][\/et_pb_column][\/et_pb_row][\/et_pb_section][et_pb_section fb_built=&#8221;1&#8243; _builder_version=&#8221;4.20.4&#8243; _module_preset=&#8221;default&#8221; background_color=&#8221;#F3ECE2&#8243; custom_padding=&#8221;50px||50px||true|false&#8221; global_colors_info=&#8221;{}&#8221;][et_pb_row column_structure=&#8221;1_2,1_2&#8243; make_equal=&#8221;on&#8221; _builder_version=&#8221;4.20.4&#8243; _module_preset=&#8221;default&#8221; width_tablet=&#8221;80%&#8221; width_phone=&#8221;85%&#8221; width_last_edited=&#8221;on|phone&#8221; global_colors_info=&#8221;{}&#8221;][et_pb_column type=&#8221;1_2&#8243; module_class=&#8221;vertikal-zentrieren&#8221; _builder_version=&#8221;4.20.4&#8243; _module_preset=&#8221;default&#8221; global_colors_info=&#8221;{}&#8221;][et_pb_image src=&#8221;https:\/\/kishamozaik.al\/wp-content\/uploads\/2023\/04\/Irma-Voka-1.jpg&#8221; alt=&#8221;Irma Voka&#8221; title_text=&#8221;Irma Voka&#8221; _builder_version=&#8221;4.20.4&#8243; _module_preset=&#8221;default&#8221; width=&#8221;350px&#8221; module_alignment=&#8221;center&#8221; animation_style=&#8221;bounce&#8221; border_radii=&#8221;on|500px|500px|500px|500px&#8221; box_shadow_style=&#8221;preset2&#8243; global_colors_info=&#8221;{}&#8221;][\/et_pb_image][\/et_pb_column][et_pb_column type=&#8221;1_2&#8243; module_class=&#8221;vertikal-zentrieren&#8221; _builder_version=&#8221;4.20.4&#8243; _module_preset=&#8221;default&#8221; global_colors_info=&#8221;{}&#8221;][et_pb_text _builder_version=&#8221;4.20.4&#8243; _module_preset=&#8221;default&#8221; header_2_text_align=&#8221;left&#8221; custom_margin=&#8221;||0px||false|false&#8221; custom_padding=&#8221;||||false|false&#8221; header_2_text_align_tablet=&#8221;center&#8221; header_2_text_align_phone=&#8221;center&#8221; header_2_text_align_last_edited=&#8221;on|desktop&#8221; global_colors_info=&#8221;{}&#8221;]<\/p>\n<h2>Irma Voka<\/h2>\n<p>[\/et_pb_text][et_pb_text _builder_version=&#8221;4.20.4&#8243; _module_preset=&#8221;default&#8221; header_3_font=&#8221;|||on|||||&#8221; header_3_font_size=&#8221;20px&#8221; custom_margin=&#8221;||||false|false&#8221; custom_padding=&#8221;||||false|false&#8221; text_orientation_tablet=&#8221;center&#8221; text_orientation_phone=&#8221;center&#8221; text_orientation_last_edited=&#8221;on|phone&#8221; global_colors_info=&#8221;{}&#8221;]<\/p>\n<h3>CEO<\/h3>\n<p>[\/et_pb_text][et_pb_text _builder_version=&#8221;4.27.4&#8243; _module_preset=&#8221;default&#8221; text_text_color=&#8221;#1A1A1A&#8221; global_colors_info=&#8221;{}&#8221;]<\/p>\n<p>Si drejtoresh\u00eb ekzekutive e kish\u00ebs s\u00eb saj, Irma Voka \u00ebsht\u00eb p\u00ebrgjegj\u00ebse p\u00ebr drejtimin dhe menaxhimin e drejtimit dhe strategjis\u00eb s\u00eb p\u00ebrgjithshme t\u00eb organizat\u00ebs. Ekspertiza e saj n\u00eb menaxhim, financa dhe ligj, si dhe pasioni i saj p\u00ebr fuqizimin e njer\u00ebzve dhe ndihm\u00ebn ndaj tyre p\u00ebr t\u00eb gjetur identitetin e tyre, e b\u00ebjn\u00eb at\u00eb nj\u00eb pasuri t\u00eb pa\u00e7muar p\u00ebr Kish\u00ebn.<\/p>\n<p>Ajo karakterizohet nga krijimi i nj\u00eb mjedisi pune pozitiv q\u00eb nxit rritjen dhe zhvillimin, duke siguruar q\u00eb t\u00eb mbahen vlerat dhe misioni i Kish\u00ebs. N\u00ebn udh\u00ebheqjen e saj, Kisha ka p\u00ebrjetuar rritje dhe sukses t\u00eb ndjesh\u00ebm, si p\u00ebr sa i p\u00ebrket ndikimit t\u00eb saj frym\u00ebror ashtu edhe stabilitetit financiar. Irma Voka \u00ebsht\u00eb nj\u00eb udh\u00ebheq\u00ebse vizionare q\u00eb kujdeset p\u00ebr komunitetin e saj dhe ndihmon t\u00eb tjer\u00ebt t\u00eb arrijn\u00eb potencialin e tyre t\u00eb plot\u00eb.<\/p>\n<p>[\/et_pb_text][\/et_pb_column][\/et_pb_row][\/et_pb_section][et_pb_section fb_built=&#8221;1&#8243; _builder_version=&#8221;4.27.4&#8243; _module_preset=&#8221;default&#8221; background_color=&#8221;#FFFFFF&#8221; custom_padding=&#8221;50px||50px||true|false&#8221; hover_enabled=&#8221;0&#8243; global_colors_info=&#8221;{}&#8221; sticky_enabled=&#8221;0&#8243;][et_pb_row column_structure=&#8221;1_2,1_2&#8243; make_equal=&#8221;on&#8221; _builder_version=&#8221;4.20.4&#8243; _module_preset=&#8221;default&#8221; width_tablet=&#8221;80%&#8221; width_phone=&#8221;85%&#8221; width_last_edited=&#8221;on|phone&#8221; global_colors_info=&#8221;{}&#8221;][et_pb_column type=&#8221;1_2&#8243; module_class=&#8221;vertikal-zentrieren&#8221; _builder_version=&#8221;4.20.4&#8243; _module_preset=&#8221;default&#8221; global_colors_info=&#8221;{}&#8221;][et_pb_image src=&#8221;https:\/\/kishamozaik.al\/wp-content\/uploads\/2025\/03\/Ambra-_2.jpg&#8221; alt=&#8221;Ambra Hamzaj&#8221; title_text=&#8221;Ambra Hamzaj&#8221; _builder_version=&#8221;4.27.4&#8243; _module_preset=&#8221;default&#8221; width=&#8221;350px&#8221; module_alignment=&#8221;center&#8221; animation_style=&#8221;bounce&#8221; border_radii=&#8221;on|500px|500px|500px|500px&#8221; box_shadow_style=&#8221;preset2&#8243; global_colors_info=&#8221;{}&#8221;][\/et_pb_image][\/et_pb_column][et_pb_column type=&#8221;1_2&#8243; module_class=&#8221;vertikal-zentrieren&#8221; _builder_version=&#8221;4.20.4&#8243; _module_preset=&#8221;default&#8221; global_colors_info=&#8221;{}&#8221;][et_pb_text _builder_version=&#8221;4.27.4&#8243; _module_preset=&#8221;default&#8221; header_2_text_align=&#8221;left&#8221; custom_margin=&#8221;||0px||false|false&#8221; custom_padding=&#8221;||||false|false&#8221; header_2_text_align_tablet=&#8221;center&#8221; header_2_text_align_phone=&#8221;center&#8221; header_2_text_align_last_edited=&#8221;on|desktop&#8221; global_colors_info=&#8221;{}&#8221;]<\/p>\n<h2>Ambra Hamzaj<\/h2>\n<p>[\/et_pb_text][et_pb_text _builder_version=&#8221;4.27.4&#8243; _module_preset=&#8221;default&#8221; header_3_font=&#8221;|||on|||||&#8221; header_3_font_size=&#8221;20px&#8221; header_3_line_height=&#8221;1.3em&#8221; custom_margin=&#8221;||||false|false&#8221; custom_padding=&#8221;||||false|false&#8221; text_orientation_tablet=&#8221;center&#8221; text_orientation_phone=&#8221;center&#8221; text_orientation_last_edited=&#8221;on|phone&#8221; global_colors_info=&#8221;{}&#8221;]<\/p>\n<h3>Zemra e Ministris\u00eb s\u00eb F\u00ebmij\u00ebve dhe Rinis\u00eb<\/h3>\n<p>[\/et_pb_text][et_pb_text _builder_version=&#8221;4.27.4&#8243; _module_preset=&#8221;default&#8221; text_text_color=&#8221;#1A1A1A&#8221; global_colors_info=&#8221;{}&#8221;]Si zemra e ministris\u00eb s\u00eb f\u00ebmij\u00ebve dhe rinis\u00eb, Ambra luan nj\u00eb rol jet\u00ebsor n\u00eb formimin e brezit t\u00eb ardhsh\u00ebm. Ajo i \u00ebsht\u00eb p\u00ebrkushtuar plot\u00ebsisht misionit t\u00eb saj, duke sh\u00ebrbyer \u00e7do dit\u00eb nga ora 14:00-18:00 n\u00eb kapacitete t\u00eb ndryshme p\u00ebr t\u00eb mb\u00ebshtetur dhe fuqizuar t\u00eb rinjt\u00eb.  <\/p>\n<p>Puna e saj shtrihet n\u00eb shum\u00eb fusha: ajo ofron mb\u00ebshtetje akademike dhe ushqim n\u00eb Programin Passhkollor, ushqen talentin muzikor n\u00eb shkoll\u00ebn e muzik\u00ebs, krijon nj\u00eb hap\u00ebsir\u00eb \u200b\u200bmikprit\u00ebse n\u00eb qendr\u00ebn e f\u00ebmij\u00ebve dhe udh\u00ebheq adhurimin me pasion dhe p\u00ebrkushtim. P\u00ebrtej k\u00ebtyre roleve kryesore, ajo \u00ebsht\u00eb gjithmon\u00eb e gatshme t\u00eb nd\u00ebrhyj\u00eb kudo ku komuniteti i kish\u00ebs ka nevoj\u00eb p\u00ebr t\u00eb.  <\/p>\n<p>Angazhimi i Ambra p\u00ebr t&#8217;u sh\u00ebrbyer t\u00eb tjer\u00ebve \u00ebsht\u00eb i duksh\u00ebm n\u00eb gjith\u00e7ka q\u00eb ajo b\u00ebn dhe gatishm\u00ebria e saj p\u00ebr t&#8217;u rritur vazhdimisht\u2014aktualisht duke m\u00ebsuar anglisht\u2014d\u00ebshmon p\u00ebrkushtimin e saj ndaj p\u00ebrsosm\u00ebris\u00eb. Ajo \u00ebsht\u00eb nj\u00eb gur themeli i ministris\u00eb, duke sjell\u00eb ngroht\u00ebsi, udh\u00ebheqje dhe besim n\u00eb jet\u00ebn e atyre q\u00eb u sh\u00ebrben.[\/et_pb_text][\/et_pb_column][\/et_pb_row][\/et_pb_section][et_pb_section fb_built=&#8221;1&#8243; _builder_version=&#8221;4.27.4&#8243; _module_preset=&#8221;default&#8221; background_color=&#8221;#F3ECE2&#8243; custom_padding=&#8221;50px||50px||true|false&#8221; global_colors_info=&#8221;{}&#8221;][et_pb_row column_structure=&#8221;1_2,1_2&#8243; make_equal=&#8221;on&#8221; _builder_version=&#8221;4.20.4&#8243; _module_preset=&#8221;default&#8221; width_tablet=&#8221;80%&#8221; width_phone=&#8221;85%&#8221; width_last_edited=&#8221;on|phone&#8221; global_colors_info=&#8221;{}&#8221;][et_pb_column type=&#8221;1_2&#8243; module_class=&#8221;vertikal-zentrieren&#8221; _builder_version=&#8221;4.20.4&#8243; _module_preset=&#8221;default&#8221; global_colors_info=&#8221;{}&#8221;][et_pb_image src=&#8221;https:\/\/kishamozaik.al\/wp-content\/uploads\/2025\/03\/Andre-Springhut-0435-sq.jpg.avif&#8221; alt=&#8221;Andr\u00e9 Springhut&#8221; title_text=&#8221;Andr\u00e9 Springhut&#8221; _builder_version=&#8221;4.27.4&#8243; _module_preset=&#8221;default&#8221; width=&#8221;350px&#8221; module_alignment=&#8221;center&#8221; animation_style=&#8221;bounce&#8221; border_radii=&#8221;on|500px|500px|500px|500px&#8221; box_shadow_style=&#8221;preset2&#8243; global_colors_info=&#8221;{}&#8221;][\/et_pb_image][\/et_pb_column][et_pb_column type=&#8221;1_2&#8243; module_class=&#8221;vertikal-zentrieren&#8221; _builder_version=&#8221;4.20.4&#8243; _module_preset=&#8221;default&#8221; global_colors_info=&#8221;{}&#8221;][et_pb_text _builder_version=&#8221;4.27.4&#8243; _module_preset=&#8221;default&#8221; header_2_text_align=&#8221;left&#8221; custom_margin=&#8221;||0px||false|false&#8221; custom_padding=&#8221;||||false|false&#8221; header_2_text_align_tablet=&#8221;center&#8221; header_2_text_align_phone=&#8221;center&#8221; header_2_text_align_last_edited=&#8221;on|desktop&#8221; global_colors_info=&#8221;{}&#8221;]<\/p>\n<h2>Andr\u00e9 Springhut<\/h2>\n<p>[\/et_pb_text][et_pb_text _builder_version=&#8221;4.27.4&#8243; _module_preset=&#8221;default&#8221; text_font=&#8221;|||on|||||&#8221; header_3_font=&#8221;|||on|||||&#8221; header_3_font_size=&#8221;20px&#8221; custom_margin=&#8221;||||false|false&#8221; custom_padding=&#8221;||||false|false&#8221; text_orientation_tablet=&#8221;center&#8221; text_orientation_phone=&#8221;center&#8221; text_orientation_last_edited=&#8221;on|phone&#8221; global_colors_info=&#8221;{}&#8221;]Asistent i Udh\u00ebheqjes s\u00eb Kish\u00ebs[\/et_pb_text][et_pb_text _builder_version=&#8221;4.27.4&#8243; _module_preset=&#8221;default&#8221; text_text_color=&#8221;#1A1A1A&#8221; global_colors_info=&#8221;{}&#8221;]Si Ndihm\u00ebs i Udh\u00ebheqjes s\u00eb Kish\u00ebs, Andr\u00e9 Springhut luan nj\u00eb rol ky\u00e7 n\u00eb forcimin dhe zhvillimin e Kisha Mozaik. Me nj\u00eb pasion p\u00ebr fuqizimin e t\u00eb rinjve n\u00eb mosh\u00eb madhore dhe me nj\u00eb p\u00ebrkushtim t\u00eb thell\u00eb ndaj ndikimit social, ai sjell aft\u00ebsit\u00eb e tij t\u00eb ndryshme si n\u00eb pun\u00ebn e dukshme ashtu edhe n\u00eb prapasken\u00eb.  <\/p>\n<p>Ai st\u00ebrvit lider\u00ebt e rinj, duke i ndihmuar ata t\u00eb zhbllokojn\u00eb potencialin e tyre t\u00eb dh\u00ebn\u00eb nga Zoti p\u00ebrmes mentorimit nj\u00eb-n\u00eb-nj\u00eb, seminareve ekipore dhe kujdesit baritor. Ai gjithashtu predikon rregullisht. N\u00eb t\u00eb nj\u00ebjt\u00ebn koh\u00eb, ai siguron stabilitetin financiar t\u00eb kish\u00ebs duke siguruar fonde, duke nd\u00ebrtuar marr\u00ebdh\u00ebnie me donator\u00ebt dhe duke menaxhuar buxhetimin dhe mbajtjen e kontabilitetit.  <\/p>\n<p>Duke punuar ngusht\u00eb me pastor\u00ebt dhe drejtuesit e ministris\u00eb, Andr\u00e9 ndihmon n\u00eb krijimin e nj\u00eb strukture t\u00eb sh\u00ebndetshme ku stafi mund t\u00eb lul\u00ebzoj\u00eb dhe kisha mund t\u00eb rritet n\u00eb nj\u00eb m\u00ebnyr\u00eb t\u00eb q\u00ebndrueshme. P\u00ebrkushtimi dhe ekspertiza e tij e b\u00ebjn\u00eb at\u00eb nj\u00eb pjes\u00eb t\u00eb pa\u00e7muar t\u00eb misionit dhe t\u00eb ardhmes s\u00eb kish\u00ebs.[\/et_pb_text][\/et_pb_column][\/et_pb_row][\/et_pb_section][et_pb_section fb_built=&#8221;1&#8243; _builder_version=&#8221;4.20.4&#8243; _module_preset=&#8221;default&#8221; background_color=&#8221;#1A1A1A&#8221; custom_margin=&#8221;||||false|false&#8221; custom_padding=&#8221;||||false|false&#8221; global_colors_info=&#8221;{}&#8221;][et_pb_row _builder_version=&#8221;4.20.4&#8243; _module_preset=&#8221;default&#8221; custom_margin=&#8221;||||false|false&#8221; global_colors_info=&#8221;{}&#8221;][et_pb_column type=&#8221;4_4&#8243; _builder_version=&#8221;4.20.4&#8243; _module_preset=&#8221;default&#8221; global_colors_info=&#8221;{}&#8221;][et_pb_social_media_follow use_icon_font_size=&#8221;on&#8221; icon_font_size=&#8221;40px&#8221; icon_font_size_tablet=&#8221;40px&#8221; icon_font_size_phone=&#8221;30px&#8221; icon_font_size_last_edited=&#8221;on|phone&#8221; _builder_version=&#8221;4.20.4&#8243; _module_preset=&#8221;default&#8221; text_orientation=&#8221;center&#8221; custom_margin=&#8221;||||false|false&#8221; custom_padding=&#8221;||||false|false&#8221; border_radii=&#8221;on|100px|100px|100px|100px&#8221; global_colors_info=&#8221;{}&#8221;][et_pb_social_media_follow_network social_network=&#8221;instagram&#8221; url=&#8221;https:\/\/www.instagram.com\/mozaiklushnje\/&#8221; _builder_version=&#8221;4.20.4&#8243; _module_preset=&#8221;default&#8221; background_color=&#8221;#ea2c59&#8243; border_radii=&#8221;on|100px|100px|100px|100px&#8221; global_colors_info=&#8221;{}&#8221; follow_button=&#8221;off&#8221; url_new_window=&#8221;on&#8221;]Instagram[\/et_pb_social_media_follow_network][et_pb_social_media_follow_network social_network=&#8221;facebook&#8221; url=&#8221;https:\/\/www.facebook.com\/mozaiklushnje&#8221; _builder_version=&#8221;4.20.4&#8243; _module_preset=&#8221;default&#8221; background_color=&#8221;#3b5998&#8243; custom_margin=&#8221;|40px||40px|false|true&#8221; custom_margin_tablet=&#8221;|40px||40px|false|true&#8221; custom_margin_phone=&#8221;|20px||20px|false|true&#8221; custom_margin_last_edited=&#8221;on|phone&#8221; global_colors_info=&#8221;{}&#8221; follow_button=&#8221;off&#8221; url_new_window=&#8221;on&#8221;]Facebook[\/et_pb_social_media_follow_network][et_pb_social_media_follow_network social_network=&#8221;google-plus&#8221; url=&#8221;mailto:mozaiklushnje@yahoo.com&#8221; _builder_version=&#8221;4.20.4&#8243; _module_preset=&#8221;default&#8221; background_color=&#8221;#dd4b39&#8243; global_colors_info=&#8221;{}&#8221; follow_button=&#8221;off&#8221; url_new_window=&#8221;on&#8221;]Google-Plus[\/et_pb_social_media_follow_network][\/et_pb_social_media_follow][\/et_pb_column][\/et_pb_row][\/et_pb_section]<\/p>\n","protected":false},"excerpt":{"rendered":"<p>STAFI\u201cTa b\u00ebjm\u00eb shpengimin e Per\u00ebndis\u00eb, dhe shp\u00ebtimin e Tij t\u00eb njohur mes njer\u00ebzve, nep\u00ebrmjet predikimit, drejt\u00ebsis\u00eb, m\u00ebshir\u00ebs dhe dashuris\u00eb\u201dSajmir BrazhdiPastor kryesorPastori Sajmir, i cili \u00ebsht\u00eb i angazhuar p\u00ebr t\u00eb nxitur diversitetin dhe p\u00ebrfshirjen, e ka b\u00ebr\u00eb Kish\u00ebn Mozaik nj\u00eb hap\u00ebsir\u00eb adhurimi mikprit\u00ebse dhe t\u00eb gjall\u00eb. Predikimet e tij magjeps\u00ebse tregojn\u00eb nj\u00eb kuptueshm\u00ebri t\u00eb thell\u00eb biblike [&hellip;]<\/p>\n","protected":false},"author":1,"featured_media":0,"parent":0,"menu_order":0,"comment_status":"closed","ping_status":"closed","template":"","meta":{"_acf_changed":false,"_et_pb_use_builder":"on","_et_pb_old_content":"","_et_gb_content_width":"","footnotes":""},"class_list":["post-1545","page","type-page","status-publish","hentry"],"acf":[],"_links":{"self":[{"href":"https:\/\/kishamozaik.al\/sq\/wp-json\/wp\/v2\/pages\/1545","targetHints":{"allow":["GET"]}}],"collection":[{"href":"https:\/\/kishamozaik.al\/sq\/wp-json\/wp\/v2\/pages"}],"about":[{"href":"https:\/\/kishamozaik.al\/sq\/wp-json\/wp\/v2\/types\/page"}],"author":[{"embeddable":true,"href":"https:\/\/kishamozaik.al\/sq\/wp-json\/wp\/v2\/users\/1"}],"replies":[{"embeddable":true,"href":"https:\/\/kishamozaik.al\/sq\/wp-json\/wp\/v2\/comments?post=1545"}],"version-history":[{"count":16,"href":"https:\/\/kishamozaik.al\/sq\/wp-json\/wp\/v2\/pages\/1545\/revisions"}],"predecessor-version":[{"id":4271,"href":"https:\/\/kishamozaik.al\/sq\/wp-json\/wp\/v2\/pages\/1545\/revisions\/4271"}],"wp:attachment":[{"href":"https:\/\/kishamozaik.al\/sq\/wp-json\/wp\/v2\/media?parent=1545"}],"curies":[{"name":"wp","href":"https:\/\/api.w.org\/{rel}","templated":true}]}}