{"id":1557,"date":"2023-04-16T13:53:18","date_gmt":"2023-04-16T11:53:18","guid":{"rendered":"https:\/\/kishamozaik.al\/sherbimi-i-se-shtunes\/"},"modified":"2024-04-05T15:08:15","modified_gmt":"2024-04-05T13:08:15","slug":"sherbimi-i-se-shtunes","status":"publish","type":"page","link":"https:\/\/kishamozaik.al\/sq\/sherbimi-i-se-shtunes\/","title":{"rendered":"Sh\u00ebrbesa e s\u00eb shtun\u00ebs"},"content":{"rendered":"<p>[et_pb_section fb_built=&#8221;1&#8243; admin_label=&#8221;section&#8221; _builder_version=&#8221;4.21.0&#8243; background_color=&#8221;rgba(26,26,26,0.58)&#8221; background_image=&#8221;https:\/\/kishamozaik.al\/wp-content\/uploads\/2023\/04\/image00036_1920.jpg&#8221; background_position=&#8221;top_center&#8221; background_vertical_offset=&#8221;16%&#8221; background_blend=&#8221;multiply&#8221; custom_margin=&#8221;0px||-1px||false|false&#8221; custom_padding=&#8221;0px||0px||false|false&#8221; top_divider_color=&#8221;#ffffff&#8221; top_divider_height=&#8221;24px&#8221; top_divider_arrangement=&#8221;above_content&#8221; bottom_divider_style=&#8221;curve&#8221; bottom_divider_color=&#8221;#1A1A1A&#8221; bottom_divider_height=&#8221;36px&#8221; bottom_divider_flip=&#8221;vertical&#8221; bottom_divider_arrangement=&#8221;above_content&#8221; bottom_divider_height_tablet=&#8221;36px&#8221; bottom_divider_height_phone=&#8221;24px&#8221; bottom_divider_height_last_edited=&#8221;on|phone&#8221; global_colors_info=&#8221;{}&#8221;][et_pb_row make_equal=&#8221;on&#8221; admin_label=&#8221;Rreshti&#8221; _builder_version=&#8221;4.21.0&#8243; background_enable_image=&#8221;off&#8221; background_position=&#8221;top_left&#8221; background_vertical_offset=&#8221;18%&#8221; background_repeat=&#8221;repeat&#8221; width=&#8221;100%&#8221; max_width=&#8221;2560px&#8221; height=&#8221;60vh&#8221; height_tablet=&#8221;35vh&#8221; height_phone=&#8221;35vh&#8221; height_last_edited=&#8221;on|phone&#8221; custom_margin=&#8221;0px||0px||false|false&#8221; custom_padding=&#8221;0px||||false|false&#8221; background_last_edited=&#8221;on|phone&#8221; background_position_phone=&#8221;center&#8221; custom_css_main_element=&#8221;display: flex;||flex-direction: column;||justify-content: center;&#8221; global_colors_info=&#8221;{}&#8221;][et_pb_column type=&#8221;4_4&#8243; _builder_version=&#8221;4.21.0&#8243; custom_padding=&#8221;|||&#8221; global_colors_info=&#8221;{}&#8221; custom_padding__hover=&#8221;|||&#8221;][et_pb_text _builder_version=&#8221;4.21.0&#8243; _module_preset=&#8221;default&#8221; header_font=&#8221;|700||on|||||&#8221; header_text_align=&#8221;center&#8221; header_text_color=&#8221;#FFFFFF&#8221; header_font_size=&#8221;6vw&#8221; custom_margin=&#8221;||||false|false&#8221; custom_margin_tablet=&#8221;||||false|false&#8221; custom_margin_phone=&#8221;||||false|false&#8221; custom_margin_last_edited=&#8221;off|desktop&#8221; custom_padding=&#8221;||||false|false&#8221; custom_padding_tablet=&#8221;||||false|false&#8221; custom_padding_phone=&#8221;||||false|false&#8221; custom_padding_last_edited=&#8221;on|phone&#8221; animation_style=&#8221;slide&#8221; animation_direction=&#8221;top&#8221; header_font_size_tablet=&#8221;6vw&#8221; header_font_size_phone=&#8221;14vw&#8221; header_font_size_last_edited=&#8221;on|phone&#8221; header_letter_spacing_tablet=&#8221;&#8221; header_letter_spacing_phone=&#8221;&#8221; header_letter_spacing_last_edited=&#8221;on|phone&#8221; header_text_shadow_style=&#8221;preset1&#8243; locked=&#8221;off&#8221; global_colors_info=&#8221;{}&#8221;]<\/p>\n<h1>SH\u00cbRBESA E S\u00cb SHTUN\u00cbS<\/h1>\n<p>[\/et_pb_text][\/et_pb_column][\/et_pb_row][\/et_pb_section][et_pb_section fb_built=&#8221;1&#8243; _builder_version=&#8221;4.21.0&#8243; _module_preset=&#8221;default&#8221; background_color=&#8221;#1A1A1A&#8221; custom_padding=&#8221;0px||20px||false|false&#8221; global_colors_info=&#8221;{}&#8221;][et_pb_row _builder_version=&#8221;4.20.4&#8243; _module_preset=&#8221;default&#8221; width=&#8221;50%&#8221; width_tablet=&#8221;50%&#8221; width_phone=&#8221;85%&#8221; width_last_edited=&#8221;on|phone&#8221; global_colors_info=&#8221;{}&#8221;][et_pb_column type=&#8221;4_4&#8243; _builder_version=&#8221;4.20.4&#8243; _module_preset=&#8221;default&#8221; global_colors_info=&#8221;{}&#8221;][et_pb_text _builder_version=&#8221;4.21.0&#8243; _module_preset=&#8221;default&#8221; header_3_font=&#8221;|700||on|||||&#8221; header_3_text_align=&#8221;center&#8221; header_3_text_color=&#8221;#FFFFFF&#8221; header_3_font_size=&#8221;2vw&#8221; header_3_line_height=&#8221;1.3em&#8221; animation_style=&#8221;slide&#8221; animation_direction=&#8221;bottom&#8221; header_3_font_size_tablet=&#8221;3vw&#8221; header_3_font_size_phone=&#8221;5vw&#8221; header_3_font_size_last_edited=&#8221;on|phone&#8221; global_colors_info=&#8221;{}&#8221;]<\/p>\n<h3>Bashkohuni me ne n\u00eb Sh\u00ebrbes\u00ebn ton\u00eb<br \/>\u00c7do t\u00eb shtun\u00eb, ora 18.00<\/h3>\n<p>[\/et_pb_text][\/et_pb_column][\/et_pb_row][\/et_pb_section][et_pb_section fb_built=&#8221;1&#8243; _builder_version=&#8221;4.20.4&#8243; _module_preset=&#8221;default&#8221; background_color=&#8221;#FFFFFF&#8221; custom_padding=&#8221;50px||50px||true|false&#8221; global_colors_info=&#8221;{}&#8221;][et_pb_row _builder_version=&#8221;4.20.4&#8243; _module_preset=&#8221;default&#8221; width=&#8221;50%&#8221; width_tablet=&#8221;80%&#8221; width_phone=&#8221;85%&#8221; width_last_edited=&#8221;on|phone&#8221; global_colors_info=&#8221;{}&#8221;][et_pb_column type=&#8221;4_4&#8243; _builder_version=&#8221;4.20.4&#8243; _module_preset=&#8221;default&#8221; global_colors_info=&#8221;{}&#8221;][et_pb_text _builder_version=&#8221;4.21.0&#8243; _module_preset=&#8221;default&#8221; text_text_color=&#8221;#6D4933&#8243; text_orientation=&#8221;center&#8221; global_colors_info=&#8221;{}&#8221;]<\/p>\n<p>Bashkohuni me ne \u00e7do t\u00eb shtun\u00eb n\u00eb Kish\u00ebn Mozaik p\u00ebr nj\u00eb sh\u00ebrbes\u00eb t\u00eb gjall\u00eb dhe frym\u00ebzuese, t\u00eb krijuar p\u00ebr t&#8217;ju lidhur me Per\u00ebndin\u00eb dhe bashk\u00ebbesimtar\u00ebt n\u00eb nj\u00eb atmosfer\u00eb mikprit\u00ebse.<\/p>\n<p>P\u00ebrjetoni adhurimin e p\u00ebrzem\u00ebrt, predikimet pasuruese dhe nj\u00eb komunitet mb\u00ebshtet\u00ebs nd\u00ebrsa festojm\u00eb s\u00eb bashku besimin ton\u00eb. Sh\u00ebrbesa jon\u00eb mir\u00ebpret individ\u00eb dhe familje nga \u00e7do prejardhje, duke p\u00ebrqafuar bukurin\u00eb e diversitetit brenda bashk\u00ebsis\u00eb son\u00eb. Ejani ashtu si\u00e7 jeni dhe zbuloni identitetin tuaj n\u00eb Krishtin, duke u zhytur n\u00eb kultur\u00ebn ton\u00eb t\u00eb bazuar n\u00eb Bib\u00ebl.<\/p>\n<p>Angazhohuni n\u00eb marr\u00ebdh\u00ebnie autentike, mb\u00ebshtetje t\u00eb nd\u00ebrsjell\u00eb dhe rritje frym\u00ebrore nd\u00ebrsa udh\u00ebtojm\u00eb s\u00eb bashku n\u00eb nj\u00eb rrug\u00eb drejt nj\u00eb kuptimi m\u00eb t\u00eb thell\u00eb t\u00eb dashuris\u00eb dhe q\u00ebllimit t\u00eb Per\u00ebndis\u00eb p\u00ebr jet\u00ebn ton\u00eb.<\/p>\n<p>[\/et_pb_text][\/et_pb_column][\/et_pb_row][\/et_pb_section][et_pb_section fb_built=&#8221;1&#8243; _builder_version=&#8221;4.21.0&#8243; _module_preset=&#8221;default&#8221; background_color=&#8221;#1A1A1A&#8221; custom_margin=&#8221;||||false|false&#8221; custom_padding=&#8221;150px||||false|false&#8221; global_colors_info=&#8221;{}&#8221;][et_pb_row _builder_version=&#8221;4.20.4&#8243; _module_preset=&#8221;default&#8221; width=&#8221;90%&#8221; max_width=&#8221;2560px&#8221; global_colors_info=&#8221;{}&#8221;][et_pb_column type=&#8221;4_4&#8243; _builder_version=&#8221;4.20.4&#8243; _module_preset=&#8221;default&#8221; global_colors_info=&#8221;{}&#8221;][wdc_image_carousel autoplay_speed=&#8221;4000ms&#8221; nav_pagi=&#8221;nav_pagi&#8221; is_auto_height=&#8221;on&#8221; is_center=&#8221;on&#8221; center_mode_type=&#8221;highlighted&#8221; arrow_color=&#8221;#F3ECE2&#8243; arrow_bg=&#8221;#D3702C&#8221; pagi_color=&#8221;#F3ECE2&#8243; pagi_color_active=&#8221;#F98C18&#8243; tab_bg=&#8221;gcid-e3211a67-ed9d-4713-83eb-466946dcd66b&#8221; tab_item_bg=&#8221;gcid-e3211a67-ed9d-4713-83eb-466946dcd66b&#8221; tab_active_bg=&#8221;gcid-0518e2ae-6166-4ef3-9751-6496273606d9&#8243; thumb_radius=&#8221;5px&#8221; use_lightbox=&#8221;on&#8221; nav_pagi_tablet=&#8221;nav_pagi&#8221; nav_pagi_phone=&#8221;nav&#8221; nav_pagi_last_edited=&#8221;on|phone&#8221; slide_count_tablet=&#8221;&#8221; slide_count_phone=&#8221;1&#8243; slide_count_last_edited=&#8221;on|phone&#8221; slide_to_scroll_phone=&#8221;1&#8243; slide_to_scroll_last_edited=&#8221;off|phone&#8221; _builder_version=&#8221;4.21.0&#8243; _module_preset=&#8221;default&#8221; background_enable_color=&#8221;off&#8221; width=&#8221;90%&#8221; width_tablet=&#8221;100%&#8221; width_phone=&#8221;80%&#8221; width_last_edited=&#8221;on|phone&#8221; module_alignment=&#8221;center&#8221; custom_margin=&#8221;-5vw||||false|false&#8221; global_colors_info=&#8221;{%22gcid-e3211a67-ed9d-4713-83eb-466946dcd66b%22:%91%22tab_bg%22,%22tab_item_bg%22,%22tab_bg%22,%22tab_item_bg%22,%22pagi_color%22%93,%22gcid-0518e2ae-6166-4ef3-9751-6496273606d9%22:%91%22tab_active_bg%22,%22tab_active_bg%22,%22pagi_color_active%22%93}&#8221;][wdc_image_carousel_child photo=&#8221;https:\/\/kishamozaik.al\/wp-content\/uploads\/2023\/04\/image00040_800.jpg&#8221; _builder_version=&#8221;4.20.4&#8243; _module_preset=&#8221;default&#8221; global_colors_info=&#8221;{}&#8221;][\/wdc_image_carousel_child][wdc_image_carousel_child photo=&#8221;https:\/\/kishamozaik.al\/wp-content\/uploads\/2023\/04\/image00004_800.jpg&#8221; _builder_version=&#8221;4.20.4&#8243; _module_preset=&#8221;default&#8221; global_colors_info=&#8221;{}&#8221;][\/wdc_image_carousel_child][wdc_image_carousel_child photo=&#8221;https:\/\/kishamozaik.al\/wp-content\/uploads\/2023\/04\/image00028_800.jpg&#8221; _builder_version=&#8221;4.20.4&#8243; _module_preset=&#8221;default&#8221; global_colors_info=&#8221;{}&#8221;][\/wdc_image_carousel_child][wdc_image_carousel_child photo=&#8221;https:\/\/kishamozaik.al\/wp-content\/uploads\/2023\/04\/2023-04-08-17.jpg&#8221; _builder_version=&#8221;4.20.4&#8243; _module_preset=&#8221;default&#8221; global_colors_info=&#8221;{}&#8221;][\/wdc_image_carousel_child][\/wdc_image_carousel][\/et_pb_column][\/et_pb_row][\/et_pb_section][et_pb_section fb_built=&#8221;1&#8243; _builder_version=&#8221;4.21.0&#8243; _module_preset=&#8221;default&#8221; background_color=&#8221;#1A1A1A&#8221; custom_margin=&#8221;||||false|false&#8221; custom_padding=&#8221;20px||||false|false&#8221; global_module=&#8221;767&#8243; saved_tabs=&#8221;all&#8221; global_colors_info=&#8221;{}&#8221;][et_pb_row _builder_version=&#8221;4.21.0&#8243; _module_preset=&#8221;default&#8221; custom_margin=&#8221;50px||50px||false|false&#8221; custom_margin_tablet=&#8221;&#8221; custom_margin_phone=&#8221;50px||0px||false|false&#8221; custom_margin_last_edited=&#8221;on|phone&#8221; global_colors_info=&#8221;{}&#8221;][et_pb_column type=&#8221;4_4&#8243; _builder_version=&#8221;4.20.4&#8243; _module_preset=&#8221;default&#8221; global_colors_info=&#8221;{}&#8221;][et_pb_text _builder_version=&#8221;4.21.0&#8243; _module_preset=&#8221;default&#8221; header_3_font=&#8221;|||on|||||&#8221; header_3_text_align=&#8221;center&#8221; header_3_text_color=&#8221;#FFFFFF&#8221; header_3_line_height=&#8221;1.3em&#8221; global_colors_info=&#8221;{}&#8221;]<\/p>\n<h3>Na ndiqni n\u00eb rrjetet sociale<br \/>Ose na kontaktoni<\/h3>\n<p>[\/et_pb_text][et_pb_social_media_follow use_icon_font_size=&#8221;on&#8221; icon_font_size=&#8221;40px&#8221; icon_font_size_tablet=&#8221;40px&#8221; icon_font_size_phone=&#8221;30px&#8221; icon_font_size_last_edited=&#8221;on|phone&#8221; _builder_version=&#8221;4.21.0&#8243; _module_preset=&#8221;default&#8221; text_orientation=&#8221;center&#8221; height=&#8221;50px&#8221; custom_margin=&#8221;||||false|false&#8221; custom_padding=&#8221;||||false|false&#8221; border_radii=&#8221;on|100px|100px|100px|100px&#8221; global_colors_info=&#8221;{}&#8221; icon_font_size__hover_enabled=&#8221;on|desktop&#8221; icon_font_size__hover=&#8221;45px&#8221;][et_pb_social_media_follow_network social_network=&#8221;instagram&#8221; url=&#8221;https:\/\/www.instagram.com\/mozaiklushnje\/&#8221; _builder_version=&#8221;4.20.4&#8243; _module_preset=&#8221;default&#8221; background_color=&#8221;#ea2c59&#8243; border_radii=&#8221;on|100px|100px|100px|100px&#8221; global_colors_info=&#8221;{}&#8221; follow_button=&#8221;off&#8221; url_new_window=&#8221;on&#8221;]instagram[\/et_pb_social_media_follow_network][et_pb_social_media_follow_network social_network=&#8221;facebook&#8221; url=&#8221;https:\/\/www.facebook.com\/mozaiklushnje&#8221; _builder_version=&#8221;4.20.4&#8243; _module_preset=&#8221;default&#8221; background_color=&#8221;#3b5998&#8243; custom_margin=&#8221;|40px||40px|false|true&#8221; custom_margin_tablet=&#8221;|40px||40px|false|true&#8221; custom_margin_phone=&#8221;|20px||20px|false|true&#8221; custom_margin_last_edited=&#8221;on|phone&#8221; global_colors_info=&#8221;{}&#8221; follow_button=&#8221;off&#8221; url_new_window=&#8221;on&#8221;]facebook[\/et_pb_social_media_follow_network][et_pb_social_media_follow_network social_network=&#8221;google-plus&#8221; url=&#8221;mailto:mozaiklushnje@yahoo.com&#8221; _builder_version=&#8221;4.20.4&#8243; _module_preset=&#8221;default&#8221; background_color=&#8221;#dd4b39&#8243; global_colors_info=&#8221;{}&#8221; follow_button=&#8221;off&#8221; url_new_window=&#8221;on&#8221;]google-plus[\/et_pb_social_media_follow_network][\/et_pb_social_media_follow][\/et_pb_column][\/et_pb_row][\/et_pb_section]<\/p>\n","protected":false},"excerpt":{"rendered":"<p>SH\u00cbRBESA E S\u00cb SHTUN\u00cbSBashkohuni me ne n\u00eb Sh\u00ebrbes\u00ebn ton\u00eb\u00c7do t\u00eb shtun\u00eb, ora 18.00Bashkohuni me ne \u00e7do t\u00eb shtun\u00eb n\u00eb Kish\u00ebn Mozaik p\u00ebr nj\u00eb sh\u00ebrbes\u00eb t\u00eb gjall\u00eb dhe frym\u00ebzuese, t\u00eb krijuar p\u00ebr t&#8217;ju lidhur me Per\u00ebndin\u00eb dhe bashk\u00ebbesimtar\u00ebt n\u00eb nj\u00eb atmosfer\u00eb mikprit\u00ebse. P\u00ebrjetoni adhurimin e p\u00ebrzem\u00ebrt, predikimet pasuruese dhe nj\u00eb komunitet mb\u00ebshtet\u00ebs nd\u00ebrsa festojm\u00eb s\u00eb bashku [&hellip;]<\/p>\n","protected":false},"author":1,"featured_media":485,"parent":0,"menu_order":0,"comment_status":"closed","ping_status":"closed","template":"","meta":{"_acf_changed":false,"_et_pb_use_builder":"on","_et_pb_old_content":"","_et_gb_content_width":"","footnotes":""},"class_list":["post-1557","page","type-page","status-publish","has-post-thumbnail","hentry"],"acf":[],"_links":{"self":[{"href":"https:\/\/kishamozaik.al\/sq\/wp-json\/wp\/v2\/pages\/1557","targetHints":{"allow":["GET"]}}],"collection":[{"href":"https:\/\/kishamozaik.al\/sq\/wp-json\/wp\/v2\/pages"}],"about":[{"href":"https:\/\/kishamozaik.al\/sq\/wp-json\/wp\/v2\/types\/page"}],"author":[{"embeddable":true,"href":"https:\/\/kishamozaik.al\/sq\/wp-json\/wp\/v2\/users\/1"}],"replies":[{"embeddable":true,"href":"https:\/\/kishamozaik.al\/sq\/wp-json\/wp\/v2\/comments?post=1557"}],"version-history":[{"count":7,"href":"https:\/\/kishamozaik.al\/sq\/wp-json\/wp\/v2\/pages\/1557\/revisions"}],"predecessor-version":[{"id":1851,"href":"https:\/\/kishamozaik.al\/sq\/wp-json\/wp\/v2\/pages\/1557\/revisions\/1851"}],"wp:featuredmedia":[{"embeddable":true,"href":"https:\/\/kishamozaik.al\/sq\/wp-json\/wp\/v2\/media\/485"}],"wp:attachment":[{"href":"https:\/\/kishamozaik.al\/sq\/wp-json\/wp\/v2\/media?parent=1557"}],"curies":[{"name":"wp","href":"https:\/\/api.w.org\/{rel}","templated":true}]}}