{"id":1572,"date":"2023-04-23T12:08:59","date_gmt":"2023-04-23T10:08:59","guid":{"rendered":"https:\/\/kishamozaik.al\/vizion\/"},"modified":"2024-04-16T22:39:36","modified_gmt":"2024-04-16T20:39:36","slug":"vizion","status":"publish","type":"page","link":"https:\/\/kishamozaik.al\/sq\/vizion\/","title":{"rendered":"Vision"},"content":{"rendered":"<p>[et_pb_section fb_built=&#8221;1&#8243; _builder_version=&#8221;4.20.4&#8243; _module_preset=&#8221;default&#8221; background_color=&#8221;rgba(164,111,32,0.13)&#8221; custom_padding=&#8221;80px||80px||true|false&#8221; global_colors_info=&#8221;{}&#8221;][et_pb_row make_equal=&#8221;on&#8221; _builder_version=&#8221;4.20.4&#8243; _module_preset=&#8221;default&#8221; custom_margin=&#8221;||||false|false&#8221; custom_padding=&#8221;0px||0px||false|false&#8221; global_colors_info=&#8221;{}&#8221;][et_pb_column type=&#8221;4_4&#8243; module_class=&#8221;vertikal-zentrieren&#8221; _builder_version=&#8221;4.20.4&#8243; _module_preset=&#8221;default&#8221; global_colors_info=&#8221;{}&#8221;][et_pb_image src=&#8221;https:\/\/kishamozaik.al\/wp-content\/uploads\/2023\/04\/kisha-mozaik-logo-text-800.png&#8221; alt=&#8221;Kisha Mozaik&#8221; title_text=&#8221;Kisha Mozaik&#8221; align=&#8221;center&#8221; _builder_version=&#8221;4.24.3&#8243; _module_preset=&#8221;default&#8221; global_colors_info=&#8221;{}&#8221;][\/et_pb_image][et_pb_text _builder_version=&#8221;4.21.0&#8243; _module_preset=&#8221;default&#8221; header_3_font=&#8221;nothing-you-can-do-l||||||||&#8221; header_3_text_align=&#8221;center&#8221; header_3_text_color=&#8221;#D3702C&#8221; header_3_font_size=&#8221;36px&#8221; custom_margin=&#8221;-30px||||false|false&#8221; animation_style=&#8221;slide&#8221; animation_direction=&#8221;right&#8221; header_3_font_size_tablet=&#8221;36px&#8221; header_3_font_size_phone=&#8221;7vw&#8221; header_3_font_size_last_edited=&#8221;on|phone&#8221; locked=&#8221;off&#8221; global_colors_info=&#8221;{}&#8221;]<\/p>\n<h3>Festojm\u00eb ndryshimet<\/h3>\n<p>[\/et_pb_text][\/et_pb_column][\/et_pb_row][\/et_pb_section][et_pb_section fb_built=&#8221;1&#8243; _builder_version=&#8221;4.20.4&#8243; _module_preset=&#8221;default&#8221; background_color=&#8221;#FFFFFF&#8221; custom_padding=&#8221;80px||80px||true|false&#8221; global_colors_info=&#8221;{}&#8221;][et_pb_row column_structure=&#8221;2_5,3_5&#8243; make_equal=&#8221;on&#8221; _builder_version=&#8221;4.20.4&#8243; _module_preset=&#8221;default&#8221; custom_margin=&#8221;||||false|false&#8221; custom_padding=&#8221;0px||0px||false|false&#8221; global_colors_info=&#8221;{}&#8221;][et_pb_column type=&#8221;2_5&#8243; module_class=&#8221;vertikal-zentrieren&#8221; _builder_version=&#8221;4.20.4&#8243; _module_preset=&#8221;default&#8221; global_colors_info=&#8221;{}&#8221;][et_pb_blurb title=&#8221;Vizioni yn\u00eb&#8221; image=&#8221;https:\/\/kishamozaik.al\/wp-content\/uploads\/2023\/04\/kisha-mozaik-logo.jpg&#8221; alt=&#8221;Kisha Mozaik Lushnje&#8221; icon_placement=&#8221;left&#8221; image_icon_width=&#8221;80px&#8221; _builder_version=&#8221;4.20.4&#8243; _module_preset=&#8221;default&#8221; header_font=&#8221;|700||on|||||&#8221; header_text_color=&#8221;#D3702C&#8221; header_font_size=&#8221;40px&#8221; image_icon_custom_margin=&#8221;-15px|20px|||false|false&#8221; global_colors_info=&#8221;{}&#8221;][\/et_pb_blurb][\/et_pb_column][et_pb_column type=&#8221;3_5&#8243; _builder_version=&#8221;4.20.4&#8243; _module_preset=&#8221;default&#8221; global_colors_info=&#8221;{}&#8221;][et_pb_text _builder_version=&#8221;4.21.0&#8243; _module_preset=&#8221;default&#8221; header_3_font=&#8221;nothing-you-can-do-l||||||||&#8221; header_3_text_align=&#8221;center&#8221; header_3_text_color=&#8221;#D3702C&#8221; header_3_font_size=&#8221;36px&#8221; animation_style=&#8221;slide&#8221; animation_direction=&#8221;right&#8221; header_3_font_size_tablet=&#8221;36px&#8221; header_3_font_size_phone=&#8221;7vw&#8221; header_3_font_size_last_edited=&#8221;on|phone&#8221; locked=&#8221;off&#8221; global_colors_info=&#8221;{}&#8221;]<\/p>\n<h3>&#8220;T\u00eb shohim Komunitetet t\u00eb jetojn\u00eb n\u00eb Diversitet, duke gjetur Identitetin e tyre n\u00eb Krishtin dhe duke jetuar n\u00eb nj\u00eb Kultur\u00eb Biblike.&#8221;<\/h3>\n<p>[\/et_pb_text][\/et_pb_column][\/et_pb_row][\/et_pb_section][et_pb_section fb_built=&#8221;1&#8243; _builder_version=&#8221;4.20.4&#8243; _module_preset=&#8221;default&#8221; background_color=&#8221;rgba(164,111,32,0.13)&#8221; custom_padding=&#8221;80px||80px||true|false&#8221; global_colors_info=&#8221;{}&#8221;][et_pb_row column_structure=&#8221;2_5,3_5&#8243; make_equal=&#8221;on&#8221; _builder_version=&#8221;4.20.4&#8243; _module_preset=&#8221;default&#8221; custom_margin=&#8221;||||false|false&#8221; custom_padding=&#8221;0px||0px||false|false&#8221; global_colors_info=&#8221;{}&#8221;][et_pb_column type=&#8221;2_5&#8243; module_class=&#8221;vertikal-zentrieren&#8221; _builder_version=&#8221;4.20.4&#8243; _module_preset=&#8221;default&#8221; global_colors_info=&#8221;{}&#8221;][et_pb_blurb title=&#8221;Misioni yn\u00eb&#8221; image=&#8221;https:\/\/kishamozaik.al\/wp-content\/uploads\/2023\/04\/kisha-mozaik-logo-600.png&#8221; alt=&#8221;Kisha Mozaik&#8221; icon_placement=&#8221;left&#8221; image_icon_width=&#8221;80px&#8221; _builder_version=&#8221;4.20.4&#8243; _module_preset=&#8221;default&#8221; header_font=&#8221;|700||on|||||&#8221; header_text_color=&#8221;#D3702C&#8221; header_font_size=&#8221;40px&#8221; image_icon_custom_margin=&#8221;|20px|||false|false&#8221; global_colors_info=&#8221;{}&#8221;][\/et_pb_blurb][\/et_pb_column][et_pb_column type=&#8221;3_5&#8243; _builder_version=&#8221;4.20.4&#8243; _module_preset=&#8221;default&#8221; global_colors_info=&#8221;{}&#8221;][et_pb_text _builder_version=&#8221;4.21.0&#8243; _module_preset=&#8221;default&#8221; header_3_font=&#8221;nothing-you-can-do-l||||||||&#8221; header_3_text_align=&#8221;center&#8221; header_3_text_color=&#8221;#D3702C&#8221; header_3_font_size=&#8221;36px&#8221; animation_style=&#8221;slide&#8221; animation_direction=&#8221;right&#8221; header_3_font_size_tablet=&#8221;36px&#8221; header_3_font_size_phone=&#8221;7vw&#8221; header_3_font_size_last_edited=&#8221;on|phone&#8221; locked=&#8221;off&#8221; global_colors_info=&#8221;{}&#8221;]<\/p>\n<h3>\u201cTa b\u00ebjm\u00eb shpengimin e Per\u00ebndis\u00eb, dhe shp\u00ebtimin e Tij t\u00eb njohur n\u00eb mes njer\u00ebzve, nep\u00ebrmjet shpalljes, drejt\u00ebsis\u00eb, m\u00ebshir\u00ebs dhe dashuris\u00eb\u201d<\/h3>\n<p>[\/et_pb_text][\/et_pb_column][\/et_pb_row][\/et_pb_section][et_pb_section fb_built=&#8221;1&#8243; _builder_version=&#8221;4.20.4&#8243; _module_preset=&#8221;default&#8221; background_color=&#8221;#FFFFFF&#8221; custom_padding=&#8221;80px||80px||true|false&#8221; global_colors_info=&#8221;{}&#8221;][et_pb_row column_structure=&#8221;2_5,3_5&#8243; make_equal=&#8221;on&#8221; _builder_version=&#8221;4.20.4&#8243; _module_preset=&#8221;default&#8221; custom_margin=&#8221;||||false|false&#8221; custom_padding=&#8221;0px||0px||false|false&#8221; global_colors_info=&#8221;{}&#8221;][et_pb_column type=&#8221;2_5&#8243; _builder_version=&#8221;4.20.4&#8243; _module_preset=&#8221;default&#8221; global_colors_info=&#8221;{}&#8221;][et_pb_blurb title=&#8221;Vlerat tona&#8221; image=&#8221;https:\/\/kishamozaik.al\/wp-content\/uploads\/2023\/04\/kisha-mozaik-logo.jpg&#8221; alt=&#8221;Kisha Mozaik Lushnje&#8221; icon_placement=&#8221;left&#8221; image_icon_width=&#8221;80px&#8221; _builder_version=&#8221;4.20.4&#8243; _module_preset=&#8221;default&#8221; header_font=&#8221;|700||on|||||&#8221; header_text_color=&#8221;#D3702C&#8221; header_font_size=&#8221;40px&#8221; image_icon_custom_margin=&#8221;-15px|20px|||false|false&#8221; global_colors_info=&#8221;{}&#8221;][\/et_pb_blurb][\/et_pb_column][et_pb_column type=&#8221;3_5&#8243; _builder_version=&#8221;4.20.4&#8243; _module_preset=&#8221;default&#8221; global_colors_info=&#8221;{}&#8221;][et_pb_accordion open_toggle_text_color=&#8221;#D3702C&#8221; closed_toggle_background_color=&#8221;#F3ECE2&#8243; icon_color=&#8221;#D3702C&#8221; use_icon_font_size=&#8221;on&#8221; icon_font_size=&#8221;25px&#8221; _builder_version=&#8221;4.24.3&#8243; _module_preset=&#8221;default&#8221; toggle_text_color=&#8221;#D3702C&#8221; toggle_font=&#8221;|700|||||||&#8221; toggle_font_size=&#8221;20px&#8221; border_radii=&#8221;on|7px|7px|7px|7px&#8221; border_width_all=&#8221;0px&#8221; global_colors_info=&#8221;{}&#8221;][et_pb_accordion_item title=&#8221;Budallall\u00ebqe&#8221; open=&#8221;on&#8221; _builder_version=&#8221;4.20.4&#8243; _module_preset=&#8221;default&#8221; custom_css_main_element=&#8221;display:none;&#8221; global_colors_info=&#8221;{}&#8221;][\/et_pb_accordion_item][et_pb_accordion_item title=&#8221;BIBLA &#8211; Ne jemi nj\u00eb kish\u00eb e bazuar n\u00eb Bib\u00ebl&#8221; _builder_version=&#8221;4.20.4&#8243; _module_preset=&#8221;default&#8221; global_colors_info=&#8221;{}&#8221; open=&#8221;off&#8221;]Ne e shpallim Bibl\u00ebn si Fjal\u00ebn e Per\u00ebndis\u00eb dhe autoritetin ton\u00eb suprem p\u00ebr udh\u00ebheqje dhe praktik\u00eb.[\/et_pb_accordion_item][et_pb_accordion_item title=&#8221;KRISHTI &#8211; Shembull&#8221; _builder_version=&#8221;4.20.4&#8243; _module_preset=&#8221;default&#8221; global_colors_info=&#8221;{}&#8221; open=&#8221;off&#8221;]Ne jemi n\u00eb nj\u00eb udh\u00ebtim besimi s\u00eb bashku. Ne varemi nga fuqia transformuese e Per\u00ebndis\u00eb.[\/et_pb_accordion_item][et_pb_accordion_item title=&#8221;MARR\u00cbDH\u00cbNIET&#8221; _builder_version=&#8221;4.20.4&#8243; _module_preset=&#8221;default&#8221; global_colors_info=&#8221;{}&#8221; open=&#8221;off&#8221;]Ne investojm\u00eb n\u00eb jet\u00ebn e nj\u00ebri-tjetrit. Ne ndajm\u00eb barr\u00ebt me nj\u00ebri-tjetrin dhe g\u00ebzohemi p\u00ebr fitoret e nj\u00ebri-tjetrit. Ne i konsiderojm\u00eb t\u00eb tjer\u00ebt si m\u00eb t\u00eb r\u00ebnd\u00ebsish\u00ebm se vetja jon\u00eb.[\/et_pb_accordion_item][et_pb_accordion_item title=&#8221;T\u00cb BESUARIT NJ\u00cbRI-TJETRIT&#8221; _builder_version=&#8221;4.20.4&#8243; _module_preset=&#8221;default&#8221; global_colors_info=&#8221;{}&#8221; open=&#8221;off&#8221;]Ne b\u00ebjm\u00eb gj\u00ebn\u00eb e duhur. Ne b\u00ebjm\u00eb at\u00eb q\u00eb themi, i themi nj\u00ebri-tjetrit t\u00eb v\u00ebrtet\u00ebn.[\/et_pb_accordion_item][et_pb_accordion_item title=&#8221;PUNA N\u00cb GRUP&#8221; _builder_version=&#8221;4.20.4&#8243; _module_preset=&#8221;default&#8221; global_colors_info=&#8221;{}&#8221; open=&#8221;off&#8221;]Ne ftojm\u00eb idet\u00eb dhe mendimet e nj\u00ebri-tjetrit. Ne ushqejm\u00eb aft\u00ebsit\u00eb dhe dhuntit\u00eb unike t\u00eb nj\u00ebri-tjetrit. Ne kemi autoritet q\u00eb korrespondon me nivelin e p\u00ebrgjegj\u00ebsive tona. Ne mblidhemi p\u00ebr q\u00ebllime t\u00eb p\u00ebrbashk\u00ebta.[\/et_pb_accordion_item][et_pb_accordion_item title=&#8221;DIVERSITETI&#8221; _builder_version=&#8221;4.24.3&#8243; _module_preset=&#8221;default&#8221; global_colors_info=&#8221;{}&#8221; open=&#8221;off&#8221;]<\/p>\n<p><span>Ne jemi nj\u00eb kish\u00eb e bashkuar.<\/span><\/p>\n<p>[\/et_pb_accordion_item][\/et_pb_accordion][\/et_pb_column][\/et_pb_row][\/et_pb_section][et_pb_section fb_built=&#8221;1&#8243; _builder_version=&#8221;4.20.4&#8243; _module_preset=&#8221;default&#8221; background_color=&#8221;rgba(164,111,32,0.13)&#8221; custom_padding=&#8221;80px||80px||true|false&#8221; global_colors_info=&#8221;{}&#8221;][et_pb_row column_structure=&#8221;2_5,3_5&#8243; make_equal=&#8221;on&#8221; _builder_version=&#8221;4.20.4&#8243; _module_preset=&#8221;default&#8221; custom_margin=&#8221;||||false|false&#8221; custom_padding=&#8221;0px||0px||false|false&#8221; global_colors_info=&#8221;{}&#8221;][et_pb_column type=&#8221;2_5&#8243; _builder_version=&#8221;4.20.4&#8243; _module_preset=&#8221;default&#8221; global_colors_info=&#8221;{}&#8221;][et_pb_blurb title=&#8221;M\u00ebsimi yn\u00eb&#8221; image=&#8221;https:\/\/kishamozaik.al\/wp-content\/uploads\/2023\/04\/kisha-mozaik-logo-600.png&#8221; alt=&#8221;Kisha Mozaik&#8221; icon_placement=&#8221;left&#8221; image_icon_width=&#8221;80px&#8221; _builder_version=&#8221;4.20.4&#8243; _module_preset=&#8221;default&#8221; header_font=&#8221;|700||on|||||&#8221; header_text_color=&#8221;#D3702C&#8221; header_font_size=&#8221;40px&#8221; image_icon_custom_margin=&#8221;|20px|||false|false&#8221; global_colors_info=&#8221;{}&#8221;][\/et_pb_blurb][\/et_pb_column][et_pb_column type=&#8221;3_5&#8243; _builder_version=&#8221;4.20.4&#8243; _module_preset=&#8221;default&#8221; global_colors_info=&#8221;{}&#8221;][et_pb_accordion open_toggle_text_color=&#8221;#D3702C&#8221; closed_toggle_background_color=&#8221;#FFFFFF&#8221; icon_color=&#8221;#D3702C&#8221; use_icon_font_size=&#8221;on&#8221; icon_font_size=&#8221;25px&#8221; _builder_version=&#8221;4.20.4&#8243; _module_preset=&#8221;default&#8221; toggle_text_color=&#8221;#D3702C&#8221; toggle_font=&#8221;|700|||||||&#8221; toggle_font_size=&#8221;20px&#8221; border_radii=&#8221;on|7px|7px|7px|7px&#8221; border_width_all=&#8221;0px&#8221; global_colors_info=&#8221;{}&#8221;][et_pb_accordion_item title=&#8221;Budallall\u00ebqe&#8221; open=&#8221;on&#8221; _builder_version=&#8221;4.20.4&#8243; _module_preset=&#8221;default&#8221; custom_css_main_element=&#8221;display:none;&#8221; global_colors_info=&#8221;{}&#8221;][\/et_pb_accordion_item][et_pb_accordion_item title=&#8221;BIBLA &#8221; _builder_version=&#8221;4.20.4&#8243; _module_preset=&#8221;default&#8221; global_colors_info=&#8221;{}&#8221; open=&#8221;off&#8221;]<\/p>\n<p><span>&#8220;Ne besojm\u00eb se Zoti ka folur n\u00eb Shkrimet, si n\u00eb Dhjat\u00ebn e Vjet\u00ebr ashtu edhe n\u00eb Dhjat\u00ebn e Re, n\u00ebp\u00ebrmjet fjal\u00ebve t\u00eb autor\u00ebve njer\u00ebzor\u00eb. Si Fjala e frym\u00ebzuar e Per\u00ebndis\u00eb, Bibla \u00ebsht\u00eb pa gabime n\u00eb shkrimet origjinale, n\u00eb zbules\u00ebn e plot\u00eb e vullnetit t\u00eb Tij p\u00ebr shp\u00ebtim dhe n\u00eb autoritetin p\u00ebrfundimtar me an\u00eb t\u00eb t\u00eb cilit \u00e7do fush\u00eb e njohurive dhe p\u00ebrpjekjeve njer\u00ebzore duhet t\u00eb gjykohet. Prandaj, duhet t\u00eb besohet n\u00eb gjith\u00e7ka q\u00eb m\u00ebson, t\u00eb bindemi n\u00eb gjith\u00e7ka q\u00eb k\u00ebrkon, dhe t\u00eb besojm\u00eb ne gjith\u00e7ka q\u00eb premton.<\/span><\/p>\n<p>[\/et_pb_accordion_item][et_pb_accordion_item title=&#8221;TRINITETI&#8221; _builder_version=&#8221;4.20.4&#8243; _module_preset=&#8221;default&#8221; global_colors_info=&#8221;{}&#8221; open=&#8221;off&#8221;]<\/p>\n<p><span>&#8220;Per\u00ebndia ka ekzistuar n\u00eb marr\u00ebdh\u00ebnie me Vetveten p\u00ebr gjith\u00eb p\u00ebrjet\u00ebsin\u00eb. Ai ekziston si nj\u00eb substanc\u00eb n\u00eb tre persona: Ati, Biri dhe Fryma e Shenjt\u00eb. Edhe pse \u00e7do an\u00ebtar i Trinis\u00eb kryen funksione t\u00eb ndryshme, ata secili kan\u00eb fuqi dhe autoritet t\u00eb barabart\u00eb.&#8221;<\/span><\/p>\n<p>[\/et_pb_accordion_item][et_pb_accordion_item title=&#8221;GJENDJA E NJERIUT&#8221; _builder_version=&#8221;4.20.4&#8243; _module_preset=&#8221;default&#8221; global_colors_info=&#8221;{}&#8221; open=&#8221;off&#8221;]<\/p>\n<p><span>&#8220;Ne besojm\u00eb se Per\u00ebndia e krijoi Adamin dhe Ev\u00ebn n\u00eb imazhin e tij, por ata m\u00ebkatuan kur u tunduan nga satani. Ne bashkim me Adamin, q\u00ebniet njer\u00ebzore jane m\u00ebkatar\u00eb nga natyra dhe nga zgjedhja, t\u00eb tjet\u00ebrsuar nga Per\u00ebndia dhe n\u00ebn zem\u00ebrimin e Tij. Vet\u00ebm nep\u00ebrmjet pu\u00ebs shp\u00ebtuese t\u00eb Per\u00ebndis\u00eb n\u00eb Jezus Krishtin mund t\u00eb shp\u00ebtohemi, t\u00eb pajtohemi dhe t\u00eb p\u00ebrt\u00ebrihemi.&#8221;<\/span><\/p>\n<p>[\/et_pb_accordion_item][et_pb_accordion_item title=&#8221;SHP\u00cbTIMI&#8221; _builder_version=&#8221;4.20.4&#8243; _module_preset=&#8221;default&#8221; global_colors_info=&#8221;{}&#8221; open=&#8221;off&#8221;]<\/p>\n<p><span>&#8220;Ne besojm\u00eb se njeriu shp\u00ebtohet p\u00ebrmes pendimit dhe besimit ne vepr\u00ebn p\u00ebrfundimtare t\u00eb Krishtit. Shfaj\u00ebsimi \u00ebsht\u00eb vet\u00ebm me ane t\u00eb Hirit.&#8221;<\/span><\/p>\n<p>[\/et_pb_accordion_item][et_pb_accordion_item title=&#8221;JEZUS KRISHTI&#8221; _builder_version=&#8221;4.20.4&#8243; _module_preset=&#8221;default&#8221; global_colors_info=&#8221;{}&#8221; open=&#8221;off&#8221;]<\/p>\n<p><span>&#8220;Ne besojm\u00eb se Jezus Krishti \u00ebsht\u00eb Zoti i mish\u00ebruar, plot\u00ebsisht Per\u00ebndi dhe plot\u00ebsisht njeri, nj\u00eb person n\u00eb dy natyra. Jezusi-Mesia i premtuar i Izraelit u ngjiz nep\u00ebrmjet Frym\u00ebs s\u00eb Shenjt\u00eb dhe i lindur nga Maria e virgj\u00ebr. Ai jetoi nj\u00eb jet\u00eb pa m\u00ebkat, u kryq\u00ebzua n\u00eb Ponc Pilatin, u ngrit trup\u00ebrisht nga t\u00eb vdekurit, u ngjit n\u00eb qiell dhe u ul n\u00eb t\u00eb djatht\u00eb t\u00eb Per\u00ebndis\u00eb At\u00eb, si kryeprifti dhe avokati yn\u00eb.&#8221;<\/span><\/p>\n<p>[\/et_pb_accordion_item][et_pb_accordion_item title=&#8221;VEPRA E KRISHTIT&#8221; _builder_version=&#8221;4.20.4&#8243; _module_preset=&#8221;default&#8221; global_colors_info=&#8221;{}&#8221; open=&#8221;off&#8221;]<\/p>\n<p><span>&#8220;Ne besojm\u00eb se Jezus Krishti, si p\u00ebrfaq\u00ebsuesi dhe z\u00ebvend\u00ebsuesi yn\u00eb, e derdhi gjakun e Tij ne kryq si sakrific\u00eb e p\u00ebrsosur dhe e mjaftueshme p\u00ebr m\u00ebkatet tona. Vdekja e Tij shlyese dhe ringjallja fitimtare p\u00ebrb\u00ebjne terrenin e vet\u00ebm p\u00ebr shp\u00ebtim.<\/span><\/p>\n<p>[\/et_pb_accordion_item][et_pb_accordion_item title=&#8221;FRYMA E SHENJT\u00cb&#8221; _builder_version=&#8221;4.20.4&#8243; _module_preset=&#8221;default&#8221; global_colors_info=&#8221;{}&#8221; open=&#8221;off&#8221;]<\/p>\n<p><span>&#8220;Ne besojm\u00eb se Fryma e shenjt\u00eb, n\u00eb gjith\u00e7ka q\u00eb Ai b\u00ebn, lavd\u00ebron Zotin Jezus Krisht. Ne besojm\u00eb n\u00eb personalitetin dhe hyjnin\u00eb e Frym\u00ebs s\u00eb Shenjt\u00eb. Ai gjithashtu banon, ndri\u00e7on, udh\u00ebzon, pajis dhe i fuqizon besimtar\u00ebt p\u00ebr jetes\u00ebn dhe sh\u00ebrbimin e Krishtit.<\/span><\/p>\n<p>[\/et_pb_accordion_item][et_pb_accordion_item title=&#8221;KISHA&#8221; _builder_version=&#8221;4.20.4&#8243; _module_preset=&#8221;default&#8221; global_colors_info=&#8221;{}&#8221; open=&#8221;off&#8221;]<\/p>\n<p><span>Ne besojm\u00eb q\u00eb kisha e v\u00ebrtet\u00eb p\u00ebrfshin t\u00eb gjith\u00eb ata q\u00eb jan\u00eb shp\u00ebtuar me an\u00eb t\u00eb Hirit t\u00eb Per\u00ebndis\u00eb n\u00ebp\u00ebrmjet besimit vet\u00ebm n\u00eb Krishtin. Ata jan\u00eb t\u00eb bashkuar nga Fryma e Shenjt\u00eb ne trupin e Krishtit, prej t\u00eb cilit Ai \u00ebsht\u00eb koka. Kisha e v\u00ebrtet\u00eb shfaqet ne kishat lokale, anetar\u00ebsia e t\u00eb cilave duhet t\u00eb p\u00ebrb\u00ebhet vet\u00ebm nga besimtar\u00ebt. Detyra e kish\u00ebs \u00ebsht\u00eb adhurimi i Per\u00ebndis\u00eb, p\u00ebrsosja e shenjtor\u00ebve dhe ungjillizimi i bot\u00ebs.<\/span><\/p>\n<p>[\/et_pb_accordion_item][et_pb_accordion_item title=&#8221;JETA E KRISHTER\u00cb&#8221; _builder_version=&#8221;4.20.4&#8243; _module_preset=&#8221;default&#8221; global_colors_info=&#8221;{}&#8221; open=&#8221;off&#8221;]<\/p>\n<p><span>Ne besojm\u00eb se hiri justifikues i Per\u00ebndis\u00eb nuk duhet t\u00eb ndahet nga fuqia dhe q\u00ebllimi i Tij shenjt\u00ebrues. Per\u00ebndia na urdh\u00ebron ta duam At\u00eb n\u00eb m\u00ebnyr\u00eb supreme dhe t\u00eb tjer\u00ebt ne m\u00ebnyr\u00eb sakrifikuese dhe ta jetojm\u00eb besimin ton\u00eb me an\u00eb t\u00eb kujdesit p\u00ebr nj\u00ebri-tjetrin, dhembshuris\u00eb ndaj t\u00eb varf\u00ebrve dhe drejt\u00ebsis\u00eb p\u00ebr t\u00eb shtypurit. Me Fjal\u00ebn e Per\u00ebndis\u00eb, fuqin\u00eb e Frym\u00ebs s\u00eb Shenjt\u00eb dhe lutjen e zjarrt\u00eb ne emrin e Krishtit, ne duhet ti luftojm\u00eb forcat frym\u00ebrore t\u00eb s\u00eb keqes. Ne bindje ndaj urdh\u00ebrimit t\u00eb Krishtit, ne duhet t\u00eb b\u00ebjm\u00eb dishepuj ne mesin e t\u00eb gjith\u00eb njer\u00ebzve, gjithmon\u00eb duke d\u00ebshmuar ungjillin ne fjal\u00eb dhe vepra.<\/span><\/p>\n<p>[\/et_pb_accordion_item][et_pb_accordion_item title=&#8221;KTHIMI I KRISHTIT&#8221; _builder_version=&#8221;4.20.4&#8243; _module_preset=&#8221;default&#8221; global_colors_info=&#8221;{}&#8221; open=&#8221;off&#8221;]<\/p>\n<p><span>Ne besojm\u00eb ne kthimin personal, trupor t\u00eb Zotit ton\u00eb Jezus Krisht p\u00ebr t\u00eb plot\u00ebsuar shp\u00ebtimin ton\u00eb dhe p\u00ebr t\u00eb vendosur mbret\u00ebrine e Tij te lavdishme. Ardhja e Krishtit, do t\u00eb ndodhe n\u00eb nj\u00eb koh\u00eb t\u00eb njohur vet\u00ebm nga Per\u00ebndia dhe si shpresa jone e bekuar ajo e motivon besimtarin t\u00eb jetoj\u00eb ne m\u00ebnyr\u00eb hyjnore, sh\u00ebrbim, flijim dhe mision energjik.<\/span><\/p>\n<p>[\/et_pb_accordion_item][et_pb_accordion_item title=&#8221;DOKTRINA E SATANIT&#8221; _builder_version=&#8221;4.20.4&#8243; _module_preset=&#8221;default&#8221; global_colors_info=&#8221;{}&#8221; open=&#8221;off&#8221;]<\/p>\n<p><span>Ne besojm\u00eb n\u00eb realitetin dhe personalitetin e djallit dhe gjykimin p\u00ebrfundimtar n\u00eb liqenin e zjarrit p\u00ebr djallin dhe \u00ebngj\u00ebjt e tij.<\/span><\/p>\n<p>[\/et_pb_accordion_item][\/et_pb_accordion][\/et_pb_column][\/et_pb_row][\/et_pb_section][et_pb_section fb_built=&#8221;1&#8243; _builder_version=&#8221;4.20.4&#8243; _module_preset=&#8221;default&#8221; background_color=&#8221;#1A1A1A&#8221; custom_margin=&#8221;||||false|false&#8221; custom_padding=&#8221;||||false|false&#8221; global_colors_info=&#8221;{}&#8221;][et_pb_row _builder_version=&#8221;4.20.4&#8243; _module_preset=&#8221;default&#8221; custom_margin=&#8221;||||false|false&#8221; global_colors_info=&#8221;{}&#8221;][et_pb_column type=&#8221;4_4&#8243; _builder_version=&#8221;4.20.4&#8243; _module_preset=&#8221;default&#8221; global_colors_info=&#8221;{}&#8221;][et_pb_social_media_follow use_icon_font_size=&#8221;on&#8221; icon_font_size=&#8221;40px&#8221; icon_font_size_tablet=&#8221;40px&#8221; icon_font_size_phone=&#8221;30px&#8221; icon_font_size_last_edited=&#8221;on|phone&#8221; _builder_version=&#8221;4.20.4&#8243; _module_preset=&#8221;default&#8221; text_orientation=&#8221;center&#8221; custom_margin=&#8221;||||false|false&#8221; custom_padding=&#8221;||||false|false&#8221; border_radii=&#8221;on|100px|100px|100px|100px&#8221; global_colors_info=&#8221;{}&#8221;][et_pb_social_media_follow_network social_network=&#8221;instagram&#8221; url=&#8221;https:\/\/www.instagram.com\/mozaiklushnje\/&#8221; _builder_version=&#8221;4.20.4&#8243; _module_preset=&#8221;default&#8221; background_color=&#8221;#ea2c59&#8243; border_radii=&#8221;on|100px|100px|100px|100px&#8221; global_colors_info=&#8221;{}&#8221; follow_button=&#8221;off&#8221; url_new_window=&#8221;on&#8221;]Instagram[\/et_pb_social_media_follow_network][et_pb_social_media_follow_network social_network=&#8221;facebook&#8221; url=&#8221;https:\/\/www.facebook.com\/mozaiklushnje&#8221; _builder_version=&#8221;4.20.4&#8243; _module_preset=&#8221;default&#8221; background_color=&#8221;#3b5998&#8243; custom_margin=&#8221;|40px||40px|false|true&#8221; custom_margin_tablet=&#8221;|40px||40px|false|true&#8221; custom_margin_phone=&#8221;|20px||20px|false|true&#8221; custom_margin_last_edited=&#8221;on|phone&#8221; global_colors_info=&#8221;{}&#8221; follow_button=&#8221;off&#8221; url_new_window=&#8221;on&#8221;]Facebook[\/et_pb_social_media_follow_network][et_pb_social_media_follow_network social_network=&#8221;google-plus&#8221; url=&#8221;mailto:mozaiklushnje@yahoo.com&#8221; _builder_version=&#8221;4.20.4&#8243; _module_preset=&#8221;default&#8221; background_color=&#8221;#dd4b39&#8243; global_colors_info=&#8221;{}&#8221; follow_button=&#8221;off&#8221; url_new_window=&#8221;on&#8221;]Google-Plus[\/et_pb_social_media_follow_network][\/et_pb_social_media_follow][\/et_pb_column][\/et_pb_row][\/et_pb_section]<\/p>\n","protected":false},"excerpt":{"rendered":"<p>Festojm\u00eb ndryshimet&#8221;T\u00eb shohim Komunitetet t\u00eb jetojn\u00eb n\u00eb Diversitet, duke gjetur Identitetin e tyre n\u00eb Krishtin dhe duke jetuar n\u00eb nj\u00eb Kultur\u00eb Biblike.&#8221;\u201cTa b\u00ebjm\u00eb shpengimin e Per\u00ebndis\u00eb, dhe shp\u00ebtimin e Tij t\u00eb njohur n\u00eb mes njer\u00ebzve, nep\u00ebrmjet shpalljes, drejt\u00ebsis\u00eb, m\u00ebshir\u00ebs dhe dashuris\u00eb\u201dNe e shpallim Bibl\u00ebn si Fjal\u00ebn e Per\u00ebndis\u00eb dhe autoritetin ton\u00eb suprem p\u00ebr udh\u00ebheqje dhe [&hellip;]<\/p>\n","protected":false},"author":1,"featured_media":0,"parent":0,"menu_order":0,"comment_status":"closed","ping_status":"closed","template":"","meta":{"_acf_changed":false,"_et_pb_use_builder":"on","_et_pb_old_content":"","_et_gb_content_width":"","footnotes":""},"class_list":["post-1572","page","type-page","status-publish","hentry"],"acf":[],"_links":{"self":[{"href":"https:\/\/kishamozaik.al\/sq\/wp-json\/wp\/v2\/pages\/1572","targetHints":{"allow":["GET"]}}],"collection":[{"href":"https:\/\/kishamozaik.al\/sq\/wp-json\/wp\/v2\/pages"}],"about":[{"href":"https:\/\/kishamozaik.al\/sq\/wp-json\/wp\/v2\/types\/page"}],"author":[{"embeddable":true,"href":"https:\/\/kishamozaik.al\/sq\/wp-json\/wp\/v2\/users\/1"}],"replies":[{"embeddable":true,"href":"https:\/\/kishamozaik.al\/sq\/wp-json\/wp\/v2\/comments?post=1572"}],"version-history":[{"count":14,"href":"https:\/\/kishamozaik.al\/sq\/wp-json\/wp\/v2\/pages\/1572\/revisions"}],"predecessor-version":[{"id":1989,"href":"https:\/\/kishamozaik.al\/sq\/wp-json\/wp\/v2\/pages\/1572\/revisions\/1989"}],"wp:attachment":[{"href":"https:\/\/kishamozaik.al\/sq\/wp-json\/wp\/v2\/media?parent=1572"}],"curies":[{"name":"wp","href":"https:\/\/api.w.org\/{rel}","templated":true}]}}