{"id":2650,"date":"2024-05-06T12:24:58","date_gmt":"2024-05-06T10:24:58","guid":{"rendered":"https:\/\/kishamozaik.al\/kisha-mozaiku-saver\/mbledhja-e-namazit-kisha-mosaik-saver\/"},"modified":"2025-03-15T14:58:28","modified_gmt":"2025-03-15T13:58:28","slug":"mbledhja-e-namazit-kisha-mosaik-saver","status":"publish","type":"page","link":"https:\/\/kishamozaik.al\/sq\/kisha-mozaiku-saver\/mbledhja-e-namazit-kisha-mosaik-saver\/","title":{"rendered":"Takimi i Lutjes Kisha Mozaik Sav\u00ebr"},"content":{"rendered":"<p>[et_pb_section fb_built=&#8221;1&#8243; admin_label=&#8221;section&#8221; _builder_version=&#8221;4.25.0&#8243; background_color=&#8221;rgba(26,26,26,0.28)&#8221; background_image=&#8221;https:\/\/kishamozaik.al\/wp-content\/uploads\/2023\/04\/1.jpg&#8221; background_blend=&#8221;multiply&#8221; custom_margin=&#8221;0px||-1px||false|false&#8221; custom_padding=&#8221;0px||0px||false|false&#8221; top_divider_color=&#8221;#ffffff&#8221; top_divider_height=&#8221;24px&#8221; top_divider_arrangement=&#8221;above_content&#8221; bottom_divider_style=&#8221;curve&#8221; bottom_divider_color=&#8221;#1A1A1A&#8221; bottom_divider_height=&#8221;36px&#8221; bottom_divider_flip=&#8221;vertical&#8221; bottom_divider_arrangement=&#8221;above_content&#8221; bottom_divider_height_tablet=&#8221;36px&#8221; bottom_divider_height_phone=&#8221;24px&#8221; bottom_divider_height_last_edited=&#8221;on|phone&#8221; hover_enabled=&#8221;0&#8243; global_colors_info=&#8221;{}&#8221; theme_builder_area=&#8221;post_content&#8221; alt=&#8221;Church Planting Sav\u00ebr&#8221; title_text=&#8221;Church Planting Sav\u00ebr&#8221; sticky_enabled=&#8221;0&#8243;][et_pb_row make_equal=&#8221;on&#8221; admin_label=&#8221;Rreshti&#8221; _builder_version=&#8221;4.21.0&#8243; background_enable_image=&#8221;off&#8221; background_position=&#8221;top_left&#8221; background_vertical_offset=&#8221;18%&#8221; background_repeat=&#8221;repeat&#8221; width=&#8221;100%&#8221; max_width=&#8221;2560px&#8221; height=&#8221;60vh&#8221; height_tablet=&#8221;35vh&#8221; height_phone=&#8221;35vh&#8221; height_last_edited=&#8221;on|phone&#8221; custom_margin=&#8221;0px||0px||false|false&#8221; custom_padding=&#8221;0px||||false|false&#8221; background_last_edited=&#8221;on|phone&#8221; background_position_phone=&#8221;center&#8221; custom_css_main_element=&#8221;display: flex;||flex-direction: column;||justify-content: center;&#8221; global_colors_info=&#8221;{}&#8221; theme_builder_area=&#8221;post_content&#8221;][et_pb_column type=&#8221;4_4&#8243; _builder_version=&#8221;4.21.0&#8243; custom_padding=&#8221;|||&#8221; global_colors_info=&#8221;{}&#8221; custom_padding__hover=&#8221;|||&#8221; theme_builder_area=&#8221;post_content&#8221;][et_pb_text _builder_version=&#8221;4.21.0&#8243; _module_preset=&#8221;default&#8221; header_font=&#8221;|700||on|||||&#8221; header_text_align=&#8221;center&#8221; header_text_color=&#8221;#FFFFFF&#8221; header_font_size=&#8221;6vw&#8221; custom_margin=&#8221;||||false|false&#8221; custom_margin_tablet=&#8221;||||false|false&#8221; custom_margin_phone=&#8221;||||false|false&#8221; custom_margin_last_edited=&#8221;off|desktop&#8221; custom_padding=&#8221;||||false|false&#8221; custom_padding_tablet=&#8221;||||false|false&#8221; custom_padding_phone=&#8221;||||false|false&#8221; custom_padding_last_edited=&#8221;on|phone&#8221; animation_style=&#8221;slide&#8221; animation_direction=&#8221;top&#8221; header_font_size_tablet=&#8221;6vw&#8221; header_font_size_phone=&#8221;14vw&#8221; header_font_size_last_edited=&#8221;on|phone&#8221; header_letter_spacing_tablet=&#8221;&#8221; header_letter_spacing_phone=&#8221;&#8221; header_letter_spacing_last_edited=&#8221;on|phone&#8221; header_text_shadow_style=&#8221;preset4&#8243; locked=&#8221;off&#8221; global_colors_info=&#8221;{}&#8221; theme_builder_area=&#8221;post_content&#8221;]<\/p>\n<h1>Takimi i Lutjes<\/h1>\n<p>[\/et_pb_text][\/et_pb_column][\/et_pb_row][\/et_pb_section][et_pb_section fb_built=&#8221;1&#8243; _builder_version=&#8221;4.20.4&#8243; _module_preset=&#8221;default&#8221; background_color=&#8221;#1A1A1A&#8221; custom_padding=&#8221;0px||20px||false|false&#8221; global_colors_info=&#8221;{}&#8221; theme_builder_area=&#8221;post_content&#8221;][et_pb_row _builder_version=&#8221;4.20.4&#8243; _module_preset=&#8221;default&#8221; width=&#8221;50%&#8221; width_tablet=&#8221;50%&#8221; width_phone=&#8221;85%&#8221; width_last_edited=&#8221;on|phone&#8221; global_colors_info=&#8221;{}&#8221; theme_builder_area=&#8221;post_content&#8221;][et_pb_column type=&#8221;4_4&#8243; _builder_version=&#8221;4.20.4&#8243; _module_preset=&#8221;default&#8221; global_colors_info=&#8221;{}&#8221; theme_builder_area=&#8221;post_content&#8221;][et_pb_text _builder_version=&#8221;4.25.0&#8243; _module_preset=&#8221;default&#8221; header_3_font=&#8221;|700||on|||||&#8221; header_3_text_align=&#8221;center&#8221; header_3_text_color=&#8221;#FFFFFF&#8221; header_3_font_size=&#8221;2vw&#8221; header_3_line_height=&#8221;1.3em&#8221; animation_style=&#8221;slide&#8221; animation_direction=&#8221;bottom&#8221; hover_enabled=&#8221;0&#8243; header_3_font_size_tablet=&#8221;3vw&#8221; header_3_font_size_phone=&#8221;5vw&#8221; header_3_font_size_last_edited=&#8221;on|phone&#8221; global_colors_info=&#8221;{}&#8221; theme_builder_area=&#8221;post_content&#8221; sticky_enabled=&#8221;0&#8243;]<\/p>\n<h3>E premte dhe e diel<br \/>\n\u00e7do dy jav\u00eb<\/h3>\n<p>[\/et_pb_text][\/et_pb_column][\/et_pb_row][\/et_pb_section][et_pb_section fb_built=&#8221;1&#8243; _builder_version=&#8221;4.20.4&#8243; _module_preset=&#8221;default&#8221; background_color=&#8221;#FFFFFF&#8221; custom_padding=&#8221;50px||50px||true|false&#8221; global_colors_info=&#8221;{}&#8221; theme_builder_area=&#8221;post_content&#8221;][et_pb_row _builder_version=&#8221;4.20.4&#8243; _module_preset=&#8221;default&#8221; width=&#8221;50%&#8221; width_tablet=&#8221;80%&#8221; width_phone=&#8221;85%&#8221; width_last_edited=&#8221;on|phone&#8221; global_colors_info=&#8221;{}&#8221; theme_builder_area=&#8221;post_content&#8221;][et_pb_column type=&#8221;4_4&#8243; _builder_version=&#8221;4.20.4&#8243; _module_preset=&#8221;default&#8221; global_colors_info=&#8221;{}&#8221; theme_builder_area=&#8221;post_content&#8221;][et_pb_text _builder_version=&#8221;4.25.0&#8243; _module_preset=&#8221;default&#8221; text_text_color=&#8221;#6D4933&#8243; text_orientation=&#8221;center&#8221; hover_enabled=&#8221;0&#8243; global_colors_info=&#8221;{}&#8221; theme_builder_area=&#8221;post_content&#8221; sticky_enabled=&#8221;0&#8243;]Bashkohuni me ne n\u00eb mbledhjet tona t\u00eb lutjes \u00e7do dy jav\u00eb, t\u00eb mbajtura \u00e7do t\u00eb premte tjet\u00ebr p\u00ebr t\u00eb gjith\u00eb me 20 pjes\u00ebmarr\u00ebs t\u00eb rregullt, dhe t\u00eb dielave posa\u00e7\u00ebrisht p\u00ebr burrat, duke t\u00ebrhequr 12 t\u00eb rregullt. <\/p>\n<p>K\u00ebto takime jan\u00eb nj\u00eb pjes\u00eb thelb\u00ebsore e jet\u00ebs son\u00eb komunitare, ku ne bashkohemi p\u00ebr t\u00eb ngritur z\u00ebrin ton\u00eb n\u00eb lutje dhe adhurim. Ne besojm\u00eb thell\u00ebsisht n\u00eb fuqin\u00eb transformuese t\u00eb lutjes dhe ju ftojm\u00eb ngroht\u00ebsisht t\u00eb bashkoheni me ne n\u00eb k\u00ebrkimin e udh\u00ebheqjes, ngush\u00ebllimit dhe bekimeve hyjnore. <\/p>\n<p>Pavar\u00ebsisht n\u00ebse jeni i ri n\u00eb lutje ose nj\u00eb luft\u00ebtar me p\u00ebrvoj\u00eb lutjeje, t\u00eb gjith\u00eb jan\u00eb t\u00eb mir\u00ebpritur. Presim me padurim t&#8217;ju shohim atje![\/et_pb_text][\/et_pb_column][\/et_pb_row][\/et_pb_section][et_pb_section fb_built=&#8221;1&#8243; _builder_version=&#8221;4.20.4&#8243; _module_preset=&#8221;default&#8221; background_color=&#8221;#1A1A1A&#8221; custom_margin=&#8221;||||false|false&#8221; custom_padding=&#8221;120px||||false|false&#8221; global_colors_info=&#8221;{}&#8221; theme_builder_area=&#8221;post_content&#8221;][et_pb_row _builder_version=&#8221;4.20.4&#8243; _module_preset=&#8221;default&#8221; width=&#8221;90%&#8221; max_width=&#8221;2560px&#8221; global_colors_info=&#8221;{}&#8221; theme_builder_area=&#8221;post_content&#8221;][et_pb_column type=&#8221;4_4&#8243; _builder_version=&#8221;4.20.4&#8243; _module_preset=&#8221;default&#8221; global_colors_info=&#8221;{}&#8221; theme_builder_area=&#8221;post_content&#8221;][wdc_image_carousel autoplay_speed=&#8221;4000ms&#8221; nav_pagi=&#8221;nav_pagi&#8221; is_auto_height=&#8221;on&#8221; is_center=&#8221;on&#8221; center_mode_type=&#8221;highlighted&#8221; arrow_color=&#8221;#F3ECE2&#8243; arrow_bg=&#8221;#D3702C&#8221; pagi_color=&#8221;#F3ECE2&#8243; pagi_color_active=&#8221;#F98C18&#8243; tab_bg=&#8221;gcid-e3211a67-ed9d-4713-83eb-466946dcd66b&#8221; tab_item_bg=&#8221;gcid-e3211a67-ed9d-4713-83eb-466946dcd66b&#8221; tab_active_bg=&#8221;gcid-0518e2ae-6166-4ef3-9751-6496273606d9&#8243; thumb_radius=&#8221;5px&#8221; use_lightbox=&#8221;on&#8221; nav_pagi_tablet=&#8221;nav_pagi&#8221; nav_pagi_phone=&#8221;nav&#8221; nav_pagi_last_edited=&#8221;on|phone&#8221; slide_count_tablet=&#8221;&#8221; slide_count_phone=&#8221;1&#8243; slide_count_last_edited=&#8221;on|phone&#8221; _builder_version=&#8221;4.25.0&#8243; _module_preset=&#8221;default&#8221; background_enable_color=&#8221;off&#8221; width=&#8221;90%&#8221; width_tablet=&#8221;100%&#8221; width_phone=&#8221;80%&#8221; width_last_edited=&#8221;on|phone&#8221; module_alignment=&#8221;center&#8221; custom_margin=&#8221;-5vw||||false|false&#8221; global_colors_info=&#8221;{%22gcid-e3211a67-ed9d-4713-83eb-466946dcd66b%22:%91%22tab_bg%22,%22tab_item_bg%22,%22tab_bg%22,%22tab_item_bg%22,%22pagi_color%22,%22tab_bg%22,%22tab_item_bg%22,%22tab_bg%22,%22tab_item_bg%22,%22pagi_color%22%93,%22gcid-0518e2ae-6166-4ef3-9751-6496273606d9%22:%91%22tab_active_bg%22,%22tab_active_bg%22,%22pagi_color_active%22,%22tab_active_bg%22,%22pagi_color_active%22%93}&#8221; theme_builder_area=&#8221;post_content&#8221;][wdc_image_carousel_child _builder_version=&#8221;4.25.0&#8243; _module_preset=&#8221;default&#8221; theme_builder_area=&#8221;post_content&#8221; alt=&#8221;Church Planting Sav\u00ebr&#8221; title_text=&#8221;Church Planting Sav\u00ebr&#8221; photo=&#8221;https:\/\/kishamozaik.al\/wp-content\/uploads\/2023\/04\/4.jpg&#8221; hover_enabled=&#8221;0&#8243; sticky_enabled=&#8221;0&#8243;][\/wdc_image_carousel_child][wdc_image_carousel_child _builder_version=&#8221;4.25.0&#8243; _module_preset=&#8221;default&#8221; theme_builder_area=&#8221;post_content&#8221; alt=&#8221;Prayer Meeting&#8221; title_text=&#8221;Prayer Meeting&#8221; photo=&#8221;https:\/\/kishamozaik.al\/wp-content\/uploads\/2023\/04\/prayermeeting_01.jpg&#8221; hover_enabled=&#8221;0&#8243; sticky_enabled=&#8221;0&#8243;][\/wdc_image_carousel_child][wdc_image_carousel_child _builder_version=&#8221;4.25.0&#8243; _module_preset=&#8221;default&#8221; theme_builder_area=&#8221;post_content&#8221; alt=&#8221;Prayer Meeting&#8221; title_text=&#8221;Prayer Meeting&#8221; photo=&#8221;https:\/\/kishamozaik.al\/wp-content\/uploads\/2023\/04\/prayermeeting_04.jpg&#8221; hover_enabled=&#8221;0&#8243; sticky_enabled=&#8221;0&#8243;][\/wdc_image_carousel_child][wdc_image_carousel_child _builder_version=&#8221;4.25.0&#8243; _module_preset=&#8221;default&#8221; theme_builder_area=&#8221;post_content&#8221; alt=&#8221;Church Planting Sav\u00ebr&#8221; title_text=&#8221;Church Planting Sav\u00ebr&#8221; photo=&#8221;https:\/\/kishamozaik.al\/wp-content\/uploads\/2023\/04\/1.jpg&#8221;][\/wdc_image_carousel_child][\/wdc_image_carousel][\/et_pb_column][\/et_pb_row][\/et_pb_section][et_pb_section fb_built=&#8221;1&#8243; _builder_version=&#8221;4.21.0&#8243; _module_preset=&#8221;default&#8221; background_color=&#8221;#1A1A1A&#8221; custom_margin=&#8221;||||false|false&#8221; custom_padding=&#8221;20px||||false|false&#8221; global_module=&#8221;767&#8243; saved_tabs=&#8221;all&#8221; global_colors_info=&#8221;{}&#8221; theme_builder_area=&#8221;post_content&#8221;][et_pb_row _builder_version=&#8221;4.21.0&#8243; _module_preset=&#8221;default&#8221; custom_margin=&#8221;50px||50px||false|false&#8221; custom_margin_tablet=&#8221;&#8221; custom_margin_phone=&#8221;50px||0px||false|false&#8221; custom_margin_last_edited=&#8221;on|phone&#8221; global_colors_info=&#8221;{}&#8221; theme_builder_area=&#8221;post_content&#8221;][et_pb_column type=&#8221;4_4&#8243; _builder_version=&#8221;4.20.4&#8243; _module_preset=&#8221;default&#8221; global_colors_info=&#8221;{}&#8221; theme_builder_area=&#8221;post_content&#8221;][et_pb_text _builder_version=&#8221;4.21.0&#8243; _module_preset=&#8221;default&#8221; header_3_font=&#8221;|||on|||||&#8221; header_3_text_align=&#8221;center&#8221; header_3_text_color=&#8221;#FFFFFF&#8221; header_3_line_height=&#8221;1.3em&#8221; global_colors_info=&#8221;{}&#8221; theme_builder_area=&#8221;post_content&#8221;]<\/p>\n<h3>Na ndiqni n\u00eb rrjetet sociale<br \/>Ose na kontaktoni<\/h3>\n<p>[\/et_pb_text][et_pb_social_media_follow use_icon_font_size=&#8221;on&#8221; icon_font_size=&#8221;40px&#8221; icon_font_size_tablet=&#8221;40px&#8221; icon_font_size_phone=&#8221;30px&#8221; icon_font_size_last_edited=&#8221;on|phone&#8221; _builder_version=&#8221;4.21.0&#8243; _module_preset=&#8221;default&#8221; text_orientation=&#8221;center&#8221; height=&#8221;50px&#8221; custom_margin=&#8221;||||false|false&#8221; custom_padding=&#8221;||||false|false&#8221; border_radii=&#8221;on|100px|100px|100px|100px&#8221; global_colors_info=&#8221;{}&#8221; icon_font_size__hover_enabled=&#8221;on|desktop&#8221; icon_font_size__hover=&#8221;45px&#8221; theme_builder_area=&#8221;post_content&#8221;][et_pb_social_media_follow_network social_network=&#8221;instagram&#8221; url=&#8221;https:\/\/www.instagram.com\/mozaiklushnje\/&#8221; _builder_version=&#8221;4.20.4&#8243; _module_preset=&#8221;default&#8221; background_color=&#8221;#ea2c59&#8243; border_radii=&#8221;on|100px|100px|100px|100px&#8221; global_colors_info=&#8221;{}&#8221; theme_builder_area=&#8221;post_content&#8221; follow_button=&#8221;off&#8221; url_new_window=&#8221;on&#8221;]instagram[\/et_pb_social_media_follow_network][et_pb_social_media_follow_network social_network=&#8221;facebook&#8221; url=&#8221;https:\/\/www.facebook.com\/mozaiklushnje&#8221; _builder_version=&#8221;4.20.4&#8243; _module_preset=&#8221;default&#8221; background_color=&#8221;#3b5998&#8243; custom_margin=&#8221;|40px||40px|false|true&#8221; custom_margin_tablet=&#8221;|40px||40px|false|true&#8221; custom_margin_phone=&#8221;|20px||20px|false|true&#8221; custom_margin_last_edited=&#8221;on|phone&#8221; global_colors_info=&#8221;{}&#8221; theme_builder_area=&#8221;post_content&#8221; follow_button=&#8221;off&#8221; url_new_window=&#8221;on&#8221;]facebook[\/et_pb_social_media_follow_network][et_pb_social_media_follow_network social_network=&#8221;google-plus&#8221; url=&#8221;mailto:mozaiklushnje@yahoo.com&#8221; _builder_version=&#8221;4.20.4&#8243; _module_preset=&#8221;default&#8221; background_color=&#8221;#dd4b39&#8243; global_colors_info=&#8221;{}&#8221; theme_builder_area=&#8221;post_content&#8221; follow_button=&#8221;off&#8221; url_new_window=&#8221;on&#8221;]google-plus[\/et_pb_social_media_follow_network][\/et_pb_social_media_follow][\/et_pb_column][\/et_pb_row][\/et_pb_section]<\/p>\n","protected":false},"excerpt":{"rendered":"<p>Takimi i LutjesE premte dhe e diel \u00e7do dy jav\u00ebBashkohuni me ne n\u00eb mbledhjet tona t\u00eb lutjes \u00e7do dy jav\u00eb, t\u00eb mbajtura \u00e7do t\u00eb premte tjet\u00ebr p\u00ebr t\u00eb gjith\u00eb me 20 pjes\u00ebmarr\u00ebs t\u00eb rregullt, dhe t\u00eb dielave posa\u00e7\u00ebrisht p\u00ebr burrat, duke t\u00ebrhequr 12 t\u00eb rregullt. K\u00ebto takime jan\u00eb nj\u00eb pjes\u00eb thelb\u00ebsore e jet\u00ebs son\u00eb komunitare, [&hellip;]<\/p>\n","protected":false},"author":1,"featured_media":0,"parent":2638,"menu_order":0,"comment_status":"closed","ping_status":"closed","template":"","meta":{"_acf_changed":false,"_et_pb_use_builder":"on","_et_pb_old_content":"","_et_gb_content_width":"","footnotes":""},"class_list":["post-2650","page","type-page","status-publish","hentry"],"acf":[],"_links":{"self":[{"href":"https:\/\/kishamozaik.al\/sq\/wp-json\/wp\/v2\/pages\/2650","targetHints":{"allow":["GET"]}}],"collection":[{"href":"https:\/\/kishamozaik.al\/sq\/wp-json\/wp\/v2\/pages"}],"about":[{"href":"https:\/\/kishamozaik.al\/sq\/wp-json\/wp\/v2\/types\/page"}],"author":[{"embeddable":true,"href":"https:\/\/kishamozaik.al\/sq\/wp-json\/wp\/v2\/users\/1"}],"replies":[{"embeddable":true,"href":"https:\/\/kishamozaik.al\/sq\/wp-json\/wp\/v2\/comments?post=2650"}],"version-history":[{"count":7,"href":"https:\/\/kishamozaik.al\/sq\/wp-json\/wp\/v2\/pages\/2650\/revisions"}],"predecessor-version":[{"id":3465,"href":"https:\/\/kishamozaik.al\/sq\/wp-json\/wp\/v2\/pages\/2650\/revisions\/3465"}],"up":[{"embeddable":true,"href":"https:\/\/kishamozaik.al\/sq\/wp-json\/wp\/v2\/pages\/2638"}],"wp:attachment":[{"href":"https:\/\/kishamozaik.al\/sq\/wp-json\/wp\/v2\/media?parent=2650"}],"curies":[{"name":"wp","href":"https:\/\/api.w.org\/{rel}","templated":true}]}}